{"id":14073,"date":"2020-11-26T16:38:12","date_gmt":"2020-11-26T16:38:12","guid":{"rendered":"https:\/\/awakentheworld.com\/it\/?page_id=14073"},"modified":"2021-01-23T15:00:50","modified_gmt":"2021-01-23T15:00:50","slug":"kontaktovat-nas","status":"publish","type":"page","link":"https:\/\/awakentheworld.com\/cz\/kontaktovat-nas\/","title":{"rendered":"Kontaktovat N\u00e1s"},"content":{"rendered":"\n<h2 class=\"wp-block-heading\">Pomozte n\u00e1s p\u0159ekl\u00e1dat<\/h2>\n\n\n\n<p>Je na\u0161\u00edm z\u00e1m\u011brem aby u\u010dinit t\u00e1 filmy, webov\u00e9 str\u00e1nky a dal\u0161\u00ed projekty v co nejv\u011bt\u0161\u00edm po\u010dtu jazyk\u016f. Pokud m\u00e1te p\u0159ekladatelsk\u00e9 dovednosti a hlubok\u00e9 pochopen\u00ed obsahu, byli bychom vd\u011b\u010dn\u00ed za va\u0161i pomoc!<\/p>\n\n\n\n<h4 class=\"wp-block-heading\"><strong>Kontaktujte n\u00e1s n\u00ed\u017ee a z\u00edskejte p\u0159\u00edstup k p\u0159ekladov\u00e9mu souboru<\/strong><\/h4>\n\n\n\n<div class=\"wp-block-columns is-layout-flex wp-container-core-columns-is-layout-9d6595d7 wp-block-columns-is-layout-flex\">\n<div class=\"wp-block-column is-layout-flow wp-block-column-is-layout-flow\" style=\"flex-basis:33.33%\">\n<h2 class=\"wp-block-heading\">P\u0159ipojit s n\u00e1s<\/h2>\n\n\n\n<p>Vezm\u011bte pros\u00edm na v\u011bdom\u00ed, \u017ee vzhledem k po\u010dtu e-mail\u016f kter\u00e9 dost\u00e1v\u00e1me nen\u00ed mo\u017en\u00e9 abychom osobn\u011b reagovali na v\u0161echny z nich. &nbsp;Pokud hled\u00e1te informace, pod\u00edvejte se na angli\u010dtin\u011b FAQ str\u00e1nka, D\u011bkuji v\u00e1m!<\/p>\n\n\n\n<p>The Samadhi Center<br>5616 Boulter Rd,<br>McArthurs Mills, ON K0L 1C0<\/p>\n\n\n\n<p class=\"wp-block-coblocks-highlight\"><mark class=\"wp-block-coblocks-highlight__content\">** N\u011bkter\u00e9 texty jsou p\u0159elo\u017eeny spole\u010dnost\u00ed Google, p\u0159isp\u011bjte pros\u00edm p\u0159\u00edpadn\u00fdmi opravami nebo n\u00e1vrhy.<\/mark><\/p>\n\n\n\n<p><\/p>\n<\/div>\n\n\n\n<div class=\"wp-block-column is-layout-flow wp-block-column-is-layout-flow\" style=\"flex-basis:66.66%\">\n<div class=\"is-style-yellow-border is-style-yellow-border wp-block-group is-style-yellow-border\"><div class=\"wp-block-group__inner-container is-layout-flow wp-block-group-is-layout-flow\"><div class=\"wp-block-jetpack-contact-form is-layout-flex wp-container-jetpack-contact-form-is-layout-faa3ad1c wp-block-jetpack-contact-form-is-layout-flex\"><a href=\"https:\/\/awakentheworld.com\/cz\/kontaktovat-nas\/\" target=\"_blank\" rel=\"noopener noreferrer\">Odeslat formul\u00e1\u0159.<\/a><\/div>\n\n\n<p><\/p>\n<\/div><\/div>\n\n\n\n<p><\/p>\n<\/div>\n<\/div>\n","protected":false},"excerpt":{"rendered":"<p>Pomozte n\u00e1s p\u0159ekl\u00e1dat Je na\u0161\u00edm z\u00e1m\u011brem aby u\u010dinit t\u00e1 filmy, webov\u00e9 str\u00e1nky a dal\u0161\u00ed projekty v co nejv\u011bt\u0161\u00edm po\u010dtu jazyk\u016f. Pokud m\u00e1te p\u0159ekladatelsk\u00e9 dovednosti a hlubok\u00e9 pochopen\u00ed obsahu, byli bychom vd\u011b\u010dn\u00ed za va\u0161i pomoc! Kontaktujte n\u00e1s n\u00ed\u017ee a z\u00edskejte p\u0159\u00edstup k p\u0159ekladov\u00e9mu souboru P\u0159ipojit s n\u00e1s Vezm\u011bte pros\u00edm na v\u011bdom\u00ed, \u017ee vzhledem k po\u010dtu e-mail\u016f [&hellip;]<\/p>\n","protected":false},"author":5,"featured_media":0,"parent":0,"menu_order":0,"comment_status":"closed","ping_status":"closed","template":"","meta":{"_acf_changed":false,"_kad_blocks_custom_css":"","_kad_blocks_head_custom_js":"","_kad_blocks_body_custom_js":"","_kad_blocks_footer_custom_js":"","footnotes":""},"class_list":["post-14073","page","type-page","status-publish","hentry"],"acf":[],"taxonomy_info":[],"featured_image_src_large":false,"author_info":{"display_name":"alitardo","author_link":"https:\/\/awakentheworld.com\/cz\/blog\/author\/alitardo\/"},"comment_info":0,"jetpack_sharing_enabled":true,"_links":{"self":[{"href":"https:\/\/awakentheworld.com\/cz\/wp-json\/wp\/v2\/pages\/14073","targetHints":{"allow":["GET"]}}],"collection":[{"href":"https:\/\/awakentheworld.com\/cz\/wp-json\/wp\/v2\/pages"}],"about":[{"href":"https:\/\/awakentheworld.com\/cz\/wp-json\/wp\/v2\/types\/page"}],"author":[{"embeddable":true,"href":"https:\/\/awakentheworld.com\/cz\/wp-json\/wp\/v2\/users\/5"}],"replies":[{"embeddable":true,"href":"https:\/\/awakentheworld.com\/cz\/wp-json\/wp\/v2\/comments?post=14073"}],"version-history":[{"count":15,"href":"https:\/\/awakentheworld.com\/cz\/wp-json\/wp\/v2\/pages\/14073\/revisions"}],"predecessor-version":[{"id":14348,"href":"https:\/\/awakentheworld.com\/cz\/wp-json\/wp\/v2\/pages\/14073\/revisions\/14348"}],"wp:attachment":[{"href":"https:\/\/awakentheworld.com\/cz\/wp-json\/wp\/v2\/media?parent=14073"}],"curies":[{"name":"wp","href":"https:\/\/api.w.org\/{rel}","templated":true}]}}