{"id":11095,"date":"2019-10-30T21:44:01","date_gmt":"2019-10-30T21:44:01","guid":{"rendered":"https:\/\/awakentheworld-reference.mystagingwebsite.com\/?page_id=11095"},"modified":"2021-10-18T17:11:37","modified_gmt":"2021-10-18T17:11:37","slug":"atw-faq","status":"publish","type":"page","link":"https:\/\/awakentheworld.com\/de\/atw-faq\/","title":{"rendered":"FAQ"},"content":{"rendered":"\n<div class=\"wp-block-coblocks-accordion faq-questions-section\">\n<div class=\"wp-block-coblocks-accordion-item\"><details><summary class=\"wp-block-coblocks-accordion-item__title\">F. Wo kann ich \u201eSamadhi\u201c und \u201eInnere Welten \u00c4u\u00dfere Welten\u201c als DVD , Blu-ray oder als Download kaufen?<\/summary><div class=\"wp-block-coblocks-accordion-item__content\">\n<p>A. Die Filme k\u00f6nnen hier gekauft oder heruntergeladen werden<\/p>\n\n\n\n<p><a href=\"https:\/\/awakentheworld.com\/de\/laden\/\">https:\/\/awakentheworld.com\/de\/laden\/<\/a><\/p>\n<\/div><\/details><\/div>\n\n\n\n<div class=\"wp-block-coblocks-accordion-item\"><details><summary class=\"wp-block-coblocks-accordion-item__title\">F. Ich bin daran interessiert, eure Arbeit zu unterst\u00fctzen. Wie kann ich das tun?<\/summary><div class=\"wp-block-coblocks-accordion-item__content\">\n<p>A. Jedes Filmprojekt von Awaken the World wird durch Spenden finanziert (meistens von Daniel selbst) und entsteht in vielen Tausend Arbeitsstunden, die von Daniel mit viel Herzblut investiert werden. Nur dadurch ist es m\u00f6glich, die Filme kostenlos und weltweit zu ver\u00f6ffentlichen, und wir sind zutiefst dankbar f\u00fcr jede Geldspende, die diese Initiative unterst\u00fctzt, unabh\u00e4ngig von der H\u00f6he des Beitrags. Wir haben eine <a href=\"https:\/\/www.patreon.com\/awakentheworld\">wunderbare Patreon-Community<\/a> f\u00fcr all diejenigen unter euch, die uns mit einer monatlichen Spende von nur 1 US-Dollar unterst\u00fctzen m\u00f6chten (was sich wirklich summiert!). Unsere Unterst\u00fctzer erhalten Einladungen zu unseren Online-Veranstaltungen sowie kostenlose Geschenke, wie z.B. Daniels Original-Musiktitel und Hintergrundbilder mit sakraler Geometrie als Zeichen der Wertsch\u00e4tzung f\u00fcr ihre regelm\u00e4\u00dfige Unterst\u00fctzung. <a href=\"https:\/\/www.paypal.com\/donate\/?token=ujcTxM7nWzHMPfpqdoaz1TCNC2cWBlcKEi7vyXvnTdWZsL5jNO0wOJC3NannWpO8zGk3am&amp;fromUL=true&amp;country.x=CA&amp;locale.x=en_US\">Wir k\u00f6nnen auch einmalige Spenden \u00fcber Paypal empfangen.<\/a><br><br>Bist du ein\/e vision\u00e4re\/r K\u00fcnstler\/in? Wir sind immer auf der Suche nach erstklassiger Kunst, 3D-Animation, Videos und Musik f\u00fcr kommende Filme. Wenn du deine Kunst Awaken the World zur Verf\u00fcgung stellen m\u00f6chtest, kontaktiere uns bitte unter <a href=\"mailto:contact@awakentheworld.com\">contact@awakentheworld.com<\/a>.<\/p>\n<\/div><\/details><\/div>\n\n\n\n<div class=\"wp-block-coblocks-accordion-item\"><details><summary class=\"wp-block-coblocks-accordion-item__title\">F. Ich m\u00f6chte mehr \u00fcber die Verwirklichung von Samadhi erfahren. Wie kann ich Meditation lernen oder meine bestehende Meditationspraxis vertiefen?<\/summary><div class=\"wp-block-coblocks-accordion-item__content\">\n<p>A: Wir haben eine einf\u00fchrende Meditationsreihe in 4 Teilen von je einer Stunde und eine weitere in 9 Teilen von je dreimal 10, 15 und 20 Minuten erstellt, gesprochen auf Englisch. Beide sind kostenlos. <a href=\"https:\/\/awakentheworld.com\/meditations\/\">Du kannst in der englischen Version unserer Website<\/a> darauf zugreifen. Am Ende derselben Seite kannst du auch die MP3-Versionen herunterladen.<\/p>\n<\/div><\/details><\/div>\n\n\n\n<div class=\"wp-block-coblocks-accordion-item\"><details><summary class=\"wp-block-coblocks-accordion-item__title\">F. Ich m\u00f6chte mich auf dem Weg des Erwachens mit anderen verbinden. Wie kann ich mich mit euch und denen verbinden, die sich auf einem \u00e4hnlichen Weg befinden?<\/summary><div class=\"wp-block-coblocks-accordion-item__content\">\n<p>A: Hier entsteht eine wunderbare Online-Community!<br>Wir haben regelm\u00e4\u00dfige, kostenlose, gef\u00fchrte Online-Meditationen (jeden zweiten Samstag um 8 Uhr Eastern Daylight Time (EDT), gefolgt von einer Frage- und Antwortrunde, in der man Fragen stellen und sich austauschen kann. Au\u00dferdem findet t\u00e4glich von 8 \u2013 9 Uhr (EDT) ein Treffen zu einer einst\u00fcndigen stillen Meditation statt.<\/p>\n\n\n\n<p>Die Treffen erfolgen \u00fcber Zoom, welches kostenlos heruntergeladen werden kann. <a href=\"https:\/\/awakentheworld.com\/atw-drop-in-meditations\/\">Details und bevorstehende Termine findest du hier.<\/a><\/p>\n<\/div><\/details><\/div>\n\n\n\n<div class=\"wp-block-coblocks-accordion-item\"><details><summary class=\"wp-block-coblocks-accordion-item__title\">F. Ich suche ein bestimmtes Musikst\u00fcck aus einem der Filme. Wo kann ich das finden?<\/summary><div class=\"wp-block-coblocks-accordion-item__content\">\n<p>A: Die Soundtracks von \u201eInnere Welten \u00c4u\u00dfere Welten\u201c und den Samadhi-Filmen sind in der Soundtrack-Kollektion \u201eInner Worlds Music\u201c enthalten. Die Links f\u00fcr verschiedene Optionen wie <a href=\"https:\/\/play.google.com\/music\/preview\/B7ven2bx2tapbewiz5o6ldk4zta?t=Inner_Worlds_Music_Music_from_the_Films_Inner_Worlds_Outer_Worlds_and_Samadhi_Parts_1_and_2_-_Variou&amp;u=0\">iTunes, Google Play<\/a> und <a href=\"https:\/\/open.spotify.com\/album\/3wYDgxbug0QJLcWV6kTBti\">Spotify<\/a> findest du im ATW-Shop. Leider hat es nicht jeder Titel in diese Kollektion geschafft. Wenn er nicht vorhanden ist, haben wir keine M\u00f6glichkeit, ihn f\u00fcr dich verf\u00fcgbar zu machen.<\/p>\n<\/div><\/details><\/div>\n<\/div>\n","protected":false},"excerpt":{"rendered":"","protected":false},"author":8,"featured_media":0,"parent":0,"menu_order":0,"comment_status":"closed","ping_status":"closed","template":"","meta":{"_acf_changed":false,"_kad_blocks_custom_css":"","_kad_blocks_head_custom_js":"","_kad_blocks_body_custom_js":"","_kad_blocks_footer_custom_js":"","footnotes":""},"class_list":["post-11095","page","type-page","status-publish","hentry"],"acf":[],"taxonomy_info":[],"featured_image_src_large":false,"author_info":{"display_name":"danielschmidt","author_link":"https:\/\/awakentheworld.com\/de\/author\/danielschmidt\/"},"comment_info":0,"jetpack_sharing_enabled":true,"_links":{"self":[{"href":"https:\/\/awakentheworld.com\/de\/wp-json\/wp\/v2\/pages\/11095","targetHints":{"allow":["GET"]}}],"collection":[{"href":"https:\/\/awakentheworld.com\/de\/wp-json\/wp\/v2\/pages"}],"about":[{"href":"https:\/\/awakentheworld.com\/de\/wp-json\/wp\/v2\/types\/page"}],"author":[{"embeddable":true,"href":"https:\/\/awakentheworld.com\/de\/wp-json\/wp\/v2\/users\/8"}],"replies":[{"embeddable":true,"href":"https:\/\/awakentheworld.com\/de\/wp-json\/wp\/v2\/comments?post=11095"}],"version-history":[{"count":20,"href":"https:\/\/awakentheworld.com\/de\/wp-json\/wp\/v2\/pages\/11095\/revisions"}],"predecessor-version":[{"id":15188,"href":"https:\/\/awakentheworld.com\/de\/wp-json\/wp\/v2\/pages\/11095\/revisions\/15188"}],"wp:attachment":[{"href":"https:\/\/awakentheworld.com\/de\/wp-json\/wp\/v2\/media?parent=11095"}],"curies":[{"name":"wp","href":"https:\/\/api.w.org\/{rel}","templated":true}]}}