{"id":12386,"date":"2020-01-27T23:29:47","date_gmt":"2020-01-27T23:29:47","guid":{"rendered":"https:\/\/awakentheworld-reference.mystagingwebsite.com\/?page_id=12386"},"modified":"2021-10-18T16:48:25","modified_gmt":"2021-10-18T16:48:25","slug":"wie-kann-man-mitmachen","status":"publish","type":"page","link":"https:\/\/awakentheworld.com\/de\/wie-kann-man-mitmachen\/","title":{"rendered":"Wie kann man mitmachen"},"content":{"rendered":"\n<div class=\"wp-block-columns is-style-vertical-center is-layout-flex wp-container-core-columns-is-layout-9d6595d7 wp-block-columns-is-layout-flex\" id=\"translations\">\n<div class=\"wp-block-column is-layout-flow wp-block-column-is-layout-flow\">\n<div class=\"wp-block-image\"><figure class=\"aligncenter size-large is-resized\"><img loading=\"lazy\" decoding=\"async\" src=\"https:\/\/awakentheworld.com\/wp-content\/uploads\/2020\/06\/online-meditation-icon.svg\" alt=\"\" class=\"wp-image-13513\" width=\"170\" height=\"109\"\/><\/figure><\/div>\n<\/div>\n\n\n\n<div class=\"wp-block-column is-layout-flow wp-block-column-is-layout-flow\">\n<h2 class=\"wp-block-heading\"><strong>Online-Drop-In-Meditationen<\/strong><\/h2>\n\n\n\n<p class=\"has-large-font-size\">Du verstehst Englisch? Wir laden dich ein, an unseren kostenlosen Live-Online-ZOOM-Meditationen teilzunehmen. <\/p>\n\n\n\n<p class=\"has-large-font-size\">Zu diesen einst\u00fcndigen gef\u00fchrten Meditationen sind alle willkommen. Am Ende findet jeweils eine offenen Frage- und Antwortrunde mit unserer Online-Community statt.<\/p>\n\n\n\n<div class=\"wp-block-buttons is-layout-flex wp-block-buttons-is-layout-flex\">\n<div class=\"wp-block-button\"><a class=\"wp-block-button__link\" href=\"https:\/\/awakentheworld.com\/atw-drop-in-meditations\/\">Siehe Zeitplan<\/a><\/div>\n<\/div>\n\n\n\n<p class=\"has-text-align-left\" style=\"font-size:12px\">(Du wirst zu Informationen und Zeitpl\u00e4nen in der englischen Version der Website weitergeleitet.)<\/p>\n\n\n\n<p class=\"has-regular-font-size\">Du kannst nicht an den Live-Treffen teilnehmen? Unsere kostenlose, vierteilige Meditationsreihe ist stets verf\u00fcgbar, um dich auf Kurs zu halten.<\/p>\n\n\n\n<p class=\"has-regular-font-size has-small-font-size\"><a href=\"https:\/\/awakentheworld.com\/meditation-series\/zoom-meditations\/\">Aufnahmen von gef\u00fchrten Meditationen<\/a><br>(Weiterleitung zum Bereich der gef\u00fchrten Meditationen in englischer Sprache.)<\/p>\n<\/div>\n<\/div>\n\n\n<p><!-- \/wp:post-content --><\/p>\n<p><!-- wp:columns {\"className\":\"is-style-vertical-center-flip\"} --><\/p>\n<div class=\"wp-block-columns is-style-vertical-center-flip\"><!-- wp:column -->\n<p>\u00a0<\/p>\n<div class=\"wp-block-column\">\n<h2>Hilf uns beim \u00dcbersetzen.<\/h2>\n<p><!-- \/wp:column --><\/p>\n<p><!-- wp:paragraph {\"fontSize\":\"large\"} --><\/p>\n<p class=\"has-large-font-size\">Wir sind bem\u00fcht, die Filme, die Website und all die anderen Projekte in m\u00f6glichst vielen Sprachen verf\u00fcgbar zu machen. Wenn du \u00fcber \u00dcbersetzungstalent und ein tiefergehendes Verst\u00e4ndnis hinsichtlich der Inhalte verf\u00fcgst, w\u00e4ren wir dir f\u00fcr deine Hilfe sehr dankbar!<\/p>\n<p><!-- \/wp:paragraph --><\/p>\n<p><!-- wp:paragraph {\"fontSize\":\"regular\"} --><\/p>\n<p><!-- \/wp:paragraph --><\/p>\n<p><!-- wp:buttons --><\/p>\n<div class=\"wp-block-buttons\"><!-- wp:button -->\n<p>\u00a0<\/p>\n<div class=\"wp-block-button\"><a class=\"wp-block-button__link\" href=\"https:\/\/awakentheworld.com\/de\/kontakt\/\">Wenn du uns helfen kannst, nimm bitte Kontakt auf.<br \/><\/a><\/div>\n<p><!-- \/wp:button --><\/p>\n<\/div>\n<p><!-- \/wp:buttons --><\/p>\n<\/div>\n<p><!-- \/wp:columns --><\/p>\n<p><!-- wp:column --><\/p>\n<div class=\"wp-block-column\"><!-- wp:image {\"align\":\"center\",\"id\":13514,\"sizeSlug\":\"large\"} -->\n<p>\u00a0<\/p>\n<div class=\"wp-block-image\">\n<figure class=\"aligncenter size-large\"><img loading=\"lazy\" decoding=\"async\" width=\"192\" height=\"167\" class=\"wp-image-13514\" src=\"https:\/\/awakentheworld.com\/es\/wp-content\/uploads\/2020\/06\/translation-head-icon.svg\" alt=\"\" \/><\/figure>\n<\/div>\n<p><!-- \/wp:image --><\/p>\n<\/div>\n<p><!-- \/wp:column --><\/p>\n<\/div>\n<p><!-- \/wp:columns --><\/p>\n<p><!-- wp:columns {\"className\":\"is-style-vertical-center\"} --><\/p>\n<div class=\"wp-block-columns is-style-vertical-center\"><!-- wp:column -->\n<p>\u00a0<\/p>\n<div class=\"wp-block-column\"><!-- wp:image {\"align\":\"center\",\"id\":13829,\"width\":195,\"height\":136,\"sizeSlug\":\"large\"} -->\n<p>\u00a0<\/p>\n<div class=\"wp-block-image\">\n<figure class=\"aligncenter size-large is-resized\"><img loading=\"lazy\" decoding=\"async\" class=\"wp-image-13829\" src=\"https:\/\/awakentheworld.com\/es\/wp-content\/uploads\/2020\/06\/meditation-plus-signs.svg\" alt=\"\" width=\"195\" height=\"136\" \/><\/figure>\n<\/div>\n<p><!-- \/wp:image --><\/p>\n<\/div>\n<p><!-- \/wp:column --><\/p>\n<p><!-- wp:column --><\/p>\n<div class=\"wp-block-column\"><!-- wp:heading -->\n<p>\u00a0<\/p>\n<h2>Dein Beitrag zu den Filmen<\/h2>\n<p><!-- \/wp:heading --><\/p>\n<p><!-- wp:paragraph {\"fontSize\":\"large\"} --><\/p>\n<p class=\"has-large-font-size\">Wir sind immer auf der Suche nach erstklassiger vision\u00e4rer Kunst, 3D-Animation, Videos und Musik f\u00fcr zuk\u00fcnftige Filmproduktionen.<\/p>\n<p><!-- \/wp:paragraph --><\/p>\n<p><!-- wp:paragraph {\"fontSize\":\"regular\"} --><\/p>\n<p class=\"has-regular-font-size\">Wenn du also der Meinung bist, dass deine Werke in einem unserer Filme enthalten sein sollten, kontaktiere uns bitte.<\/p>\n<p><!-- \/wp:paragraph --><\/p>\n<p><!-- wp:buttons --><\/p>\n<div class=\"wp-block-buttons\"><!-- wp:button -->\n<p>\u00a0<\/p>\n<div class=\"wp-block-button\"><a class=\"wp-block-button__link\" href=\"https:\/\/awakentheworld.com\/de\/kontakt\/\">Kontaktiere uns, wenn du beitragen m\u00f6chtest.<\/a><\/div>\n<p><!-- \/wp:button --><\/p>\n<\/div>\n<p><!-- \/wp:buttons --><\/p>\n<\/div>\n<p><!-- \/wp:column --><\/p>\n<\/div>\n<p><!-- \/wp:columns --><\/p>\n<p><!-- wp:columns {\"className\":\"is-style-vertical-center-flip\"} --><\/p>\n<div class=\"wp-block-columns is-style-vertical-center-flip\"><!-- wp:column -->\n<p>\u00a0<\/p>\n<div class=\"wp-block-column\"><!-- wp:heading -->\n<p>\u00a0<\/p>\n<h2>Finanzielle Spenden<\/h2>\n<p><!-- \/wp:heading --><\/p>\n<p><!-- wp:paragraph {\"fontSize\":\"large\"} --><\/p>\n<p class=\"has-large-font-size\">Wir freuen uns immer \u00fcber finanzielle Unterst\u00fctzung unserer Projekte. Bis 2020 wurden unsere Filme von \u00fcber 25 Millionen Menschen in 30 verschiedenen Sprachen angesehen. Stell dir vor, wozu wir heute in der Lage w\u00e4ren, wenn jede Person auch nur einen Dollar gegeben h\u00e4tte!<\/p>\n<p><!-- \/wp:paragraph --><\/p>\n<p><!-- wp:paragraph {\"fontSize\":\"regular\"} --><\/p>\n<p>Du kannst uns durch <a href=\"http:\/\/www.patreon.com\/awakentheworld\">monatliche Spenden auf Patreon unterst\u00fctzen<\/a> oder <a href=\"http:\/\/www.paypal.me\/samadhicenter\">hier eine einmalige Paypal-Spende t\u00e4tigen.<\/a><\/p>\n<br \/>\n<div class=\"wp-block-buttons\">\n<div class=\"wp-block-button\"><a class=\"wp-block-button__link\" href=\"https:\/\/awakentheworld.com\/de\/unterstutze-uns\/\">Spenden\/M\u00f6glichkeiten<\/a><\/div>\n<p><!-- \/wp:button --><\/p>\n<\/div>\n<p><!-- \/wp:buttons --><\/p>\n<\/div>\n<p><!-- \/wp:column --><\/p>\n<p><!-- wp:column --><\/p>\n<div class=\"wp-block-column\"><!-- wp:image {\"align\":\"center\",\"id\":13516,\"sizeSlug\":\"large\"} -->\n<p>\u00a0<\/p>\n<div class=\"wp-block-image\">\n<figure class=\"aligncenter size-large\"><img loading=\"lazy\" decoding=\"async\" width=\"153\" height=\"139\" class=\"wp-image-13516\" src=\"https:\/\/awakentheworld.com\/wp-content\/uploads\/2020\/06\/heart-in-hands-icon.svg\" alt=\"\" \/><\/figure>\n<\/div>\n<p><!-- \/wp:image --><\/p>\n<\/div>\n<p><!-- \/wp:column --><\/p>\n<\/div>\n<p><!-- \/wp:columns --><\/p>","protected":false},"excerpt":{"rendered":"<p>Online-Drop-In-Meditationen Du verstehst Englisch? Wir laden dich ein, an unseren kostenlosen Live-Online-ZOOM-Meditationen teilzunehmen. Zu diesen einst\u00fcndigen gef\u00fchrten Meditationen sind alle willkommen. Am Ende findet jeweils eine offenen Frage- und Antwortrunde mit unserer Online-Community statt. (Du wirst zu Informationen und Zeitpl\u00e4nen in der englischen Version der Website weitergeleitet.) Du kannst nicht an den Live-Treffen teilnehmen? Unsere [&hellip;]<\/p>\n","protected":false},"author":5,"featured_media":0,"parent":0,"menu_order":0,"comment_status":"closed","ping_status":"closed","template":"","meta":{"_acf_changed":false,"_kad_blocks_custom_css":"","_kad_blocks_head_custom_js":"","_kad_blocks_body_custom_js":"","_kad_blocks_footer_custom_js":"","footnotes":""},"class_list":["post-12386","page","type-page","status-publish","hentry"],"acf":[],"taxonomy_info":[],"featured_image_src_large":false,"author_info":{"display_name":"alitardo","author_link":"https:\/\/awakentheworld.com\/de\/author\/alitardo\/"},"comment_info":0,"jetpack_sharing_enabled":true,"_links":{"self":[{"href":"https:\/\/awakentheworld.com\/de\/wp-json\/wp\/v2\/pages\/12386","targetHints":{"allow":["GET"]}}],"collection":[{"href":"https:\/\/awakentheworld.com\/de\/wp-json\/wp\/v2\/pages"}],"about":[{"href":"https:\/\/awakentheworld.com\/de\/wp-json\/wp\/v2\/types\/page"}],"author":[{"embeddable":true,"href":"https:\/\/awakentheworld.com\/de\/wp-json\/wp\/v2\/users\/5"}],"replies":[{"embeddable":true,"href":"https:\/\/awakentheworld.com\/de\/wp-json\/wp\/v2\/comments?post=12386"}],"version-history":[{"count":54,"href":"https:\/\/awakentheworld.com\/de\/wp-json\/wp\/v2\/pages\/12386\/revisions"}],"predecessor-version":[{"id":15180,"href":"https:\/\/awakentheworld.com\/de\/wp-json\/wp\/v2\/pages\/12386\/revisions\/15180"}],"wp:attachment":[{"href":"https:\/\/awakentheworld.com\/de\/wp-json\/wp\/v2\/media?parent=12386"}],"curies":[{"name":"wp","href":"https:\/\/api.w.org\/{rel}","templated":true}]}}