{"id":13495,"date":"2020-06-11T03:04:30","date_gmt":"2020-06-11T03:04:30","guid":{"rendered":"https:\/\/awakentheworld.com\/?page_id=13495"},"modified":"2021-11-04T02:17:43","modified_gmt":"2021-11-04T02:17:43","slug":"films","status":"publish","type":"page","link":"https:\/\/awakentheworld.com\/de\/films\/","title":{"rendered":"Filme"},"content":{"rendered":"\n<p>Die Serie \u201aInnere Welten \u00c4u\u00dfere Welten\u2018 und die Samadhi-Filme sind mit Untertiteln in 30 Sprachen erh\u00e4ltlich und werden in 7 der meistverbreiteten Sprachen synchronisiert. W\u00e4hrend einige m\u00f6glicherweise noch nicht in einer bestimmten Sprache verf\u00fcgbar sind, f\u00fcgen wir der Videobibliothek fortlaufend neue \u00dcbersetzungen hinzu.   <strong><strong>Wir k\u00f6nnten all dies nicht ohne eine gro\u00dfe Community von Mitarbeitern leisten, die uns beim Korrekturlesen sowie beim Erstellen von Untertiteln behilflich ist<\/strong>,<\/strong> um sicherzustellen, dass die immerw\u00e4hrenden Lehren f\u00fcr alle Menschen frei verf\u00fcgbar sind.<\/p>\n","protected":false},"excerpt":{"rendered":"<p>Die Serie \u201aInnere Welten \u00c4u\u00dfere Welten\u2018 und die Samadhi-Filme sind mit Untertiteln in 30 Sprachen erh\u00e4ltlich und werden in 7 der meistverbreiteten Sprachen synchronisiert. W\u00e4hrend einige m\u00f6glicherweise noch nicht in einer bestimmten Sprache verf\u00fcgbar sind, f\u00fcgen wir der Videobibliothek fortlaufend neue \u00dcbersetzungen hinzu. Wir k\u00f6nnten all dies nicht ohne eine gro\u00dfe Community von Mitarbeitern leisten, [&hellip;]<\/p>\n","protected":false},"author":3,"featured_media":0,"parent":0,"menu_order":0,"comment_status":"closed","ping_status":"closed","template":"template-films.php","meta":{"_acf_changed":false,"_kad_blocks_custom_css":"","_kad_blocks_head_custom_js":"","_kad_blocks_body_custom_js":"","_kad_blocks_footer_custom_js":"","footnotes":""},"class_list":["post-13495","page","type-page","status-publish","hentry"],"acf":[],"taxonomy_info":[],"featured_image_src_large":false,"author_info":{"display_name":"","author_link":"https:\/\/awakentheworld.com\/de\/author\/"},"comment_info":0,"jetpack_sharing_enabled":true,"_links":{"self":[{"href":"https:\/\/awakentheworld.com\/de\/wp-json\/wp\/v2\/pages\/13495","targetHints":{"allow":["GET"]}}],"collection":[{"href":"https:\/\/awakentheworld.com\/de\/wp-json\/wp\/v2\/pages"}],"about":[{"href":"https:\/\/awakentheworld.com\/de\/wp-json\/wp\/v2\/types\/page"}],"author":[{"embeddable":true,"href":"https:\/\/awakentheworld.com\/de\/wp-json\/wp\/v2\/users\/3"}],"replies":[{"embeddable":true,"href":"https:\/\/awakentheworld.com\/de\/wp-json\/wp\/v2\/comments?post=13495"}],"version-history":[{"count":11,"href":"https:\/\/awakentheworld.com\/de\/wp-json\/wp\/v2\/pages\/13495\/revisions"}],"predecessor-version":[{"id":15210,"href":"https:\/\/awakentheworld.com\/de\/wp-json\/wp\/v2\/pages\/13495\/revisions\/15210"}],"wp:attachment":[{"href":"https:\/\/awakentheworld.com\/de\/wp-json\/wp\/v2\/media?parent=13495"}],"curies":[{"name":"wp","href":"https:\/\/api.w.org\/{rel}","templated":true}]}}