{"id":14787,"date":"2020-09-28T13:39:40","date_gmt":"2020-09-28T13:39:40","guid":{"rendered":"https:\/\/awakentheworld.com\/es\/?page_id=14787"},"modified":"2024-12-21T14:58:54","modified_gmt":"2024-12-21T14:58:54","slug":"gefuhrte-meditationsaufnahmen","status":"publish","type":"page","link":"https:\/\/awakentheworld.com\/de\/gefuhrte-meditationsaufnahmen\/","title":{"rendered":"Aufnahmen von gef\u00fchrten Meditationen"},"content":{"rendered":"\n<div class=\"wp-block-columns is-style-vertical-center is-layout-flex wp-container-core-columns-is-layout-9d6595d7 wp-block-columns-is-layout-flex\">\n<div class=\"wp-block-column is-layout-flow wp-block-column-is-layout-flow\">\n<figure class=\"wp-block-image size-large\"><img loading=\"lazy\" decoding=\"async\" width=\"1000\" height=\"562\" src=\"https:\/\/awakentheworld.com\/es\/wp-content\/uploads\/sites\/7\/2020\/01\/ATW-free-drop-in-meditations.jpg\" alt=\"Drop in meditations\" class=\"wp-image-12023\" \/><\/figure>\n\n\n\n<p class=\"has-text-align-center has-text-color has-small-font-size\" style=\"color:#a30d00\">** Die Aufnahmen sind auf Englisch, die Links f\u00fchren zu der entsprechenden Version der Website.<\/p>\n\n\n\n<p class=\"has-text-align-center has-small-font-size\"><a href=\"https:\/\/awakentheworld.com\/de\/kontakt\/\">Helfen Sie uns beim \u00dcbersetzen.<\/a><\/p>\n<\/div>\n\n\n\n<div class=\"wp-block-column is-vertically-aligned-center is-layout-flow wp-block-column-is-layout-flow\">\n<h2 class=\"wp-block-heading\"><strong>Verf\u00fcgbare Serien<\/strong><\/h2>\n\n\n\n<p>Wenn du Englisch verstehst und gerade mit dem \u00dcben beginnst oder deine Praxis vertiefen m\u00f6chtest, soll diese Reihe von gef\u00fchrten Meditationen den Fokus und den Gleichmut f\u00f6rdern, die zum \u00dcben auf dem Weg zu Samadhi erforderlich sind.<\/p>\n\n\n\n<p>Zugang zu einf\u00fchrenden 10-, 15- und 20-min\u00fctigen Meditationen sowie zu grundlegenden 1-st\u00fcndigen Samadhi-Center-Meditationen.<\/p>\n<\/div>\n<\/div>\n\n\n\n<div class=\"wp-block-columns is-layout-flex wp-container-core-columns-is-layout-9d6595d7 wp-block-columns-is-layout-flex\">\n<div class=\"wp-block-column is-vertically-aligned-center is-layout-flow wp-block-column-is-layout-flow\"><div class=\"wp-block-image is-style-rounded\">\n<figure class=\"aligncenter size-large is-resized\" id=\"is-style-rounded\"><a href=\"https:\/\/awakentheworld.com\/meditation-series\/samadhi-meditations\/\"><img loading=\"lazy\" decoding=\"async\" width=\"568\" height=\"568\" src=\"https:\/\/awakentheworld.com\/es\/wp-content\/uploads\/sites\/7\/2020\/09\/Square-Icon-Core-Meditations.jpg\" alt=\"\" class=\"wp-image-14849\" style=\"width:160px;height:160px\" \/><\/a><\/figure>\n<\/div>\n\n\n<p class=\"has-text-align-center\"><a href=\"https:\/\/awakentheworld.com\/meditation-series\/samadhi-meditations\/\">Samadhi-Kernmeditationen<\/a><\/p>\n<\/div>\n\n\n\n<div class=\"wp-block-column is-vertically-aligned-center is-layout-flow wp-block-column-is-layout-flow\"><div class=\"wp-block-image is-style-rounded\">\n<figure class=\"aligncenter size-large is-resized\"><a href=\"https:\/\/awakentheworld.com\/meditation-series\/the-pathless-path-introductory-meditations\/\"><img loading=\"lazy\" decoding=\"async\" width=\"568\" height=\"568\" src=\"https:\/\/awakentheworld.com\/es\/wp-content\/uploads\/sites\/7\/2020\/09\/Square-Icon-Introductory-Meditations.jpg\" alt=\"\" class=\"wp-image-14850\" style=\"width:160px;height:160px\" \/><\/a><\/figure>\n<\/div>\n\n\n<p class=\"has-text-align-center\"><a href=\"https:\/\/awakentheworld.com\/meditation-series\/the-pathless-path-introductory-meditations\/\">Einf\u00fchrende Meditationen<\/a><\/p>\n<\/div>\n\n\n\n<div class=\"wp-block-column is-vertically-aligned-center is-layout-flow wp-block-column-is-layout-flow\"><div class=\"wp-block-image is-style-rounded\">\n<figure class=\"aligncenter size-full is-resized\"><img loading=\"lazy\" decoding=\"async\" width=\"952\" height=\"952\" src=\"https:\/\/awakentheworld.com\/de\/wp-content\/uploads\/sites\/10\/2024\/12\/Dan-Circle.png\" alt=\"\" class=\"wp-image-18252\" style=\"width:160px;height:160px\" srcset=\"https:\/\/awakentheworld.com\/de\/wp-content\/uploads\/sites\/10\/2024\/12\/Dan-Circle.png 952w, https:\/\/awakentheworld.com\/de\/wp-content\/uploads\/sites\/10\/2024\/12\/Dan-Circle-300x300.png 300w, https:\/\/awakentheworld.com\/de\/wp-content\/uploads\/sites\/10\/2024\/12\/Dan-Circle-250x250.png 250w, https:\/\/awakentheworld.com\/de\/wp-content\/uploads\/sites\/10\/2024\/12\/Dan-Circle-768x768.png 768w, https:\/\/awakentheworld.com\/de\/wp-content\/uploads\/sites\/10\/2024\/12\/Dan-Circle-405x405.png 405w, https:\/\/awakentheworld.com\/de\/wp-content\/uploads\/sites\/10\/2024\/12\/Dan-Circle-100x100.png 100w\" sizes=\"auto, (max-width: 952px) 100vw, 952px\" \/><\/figure>\n<\/div>\n\n\n<p class=\"has-text-align-center\"><a href=\"https:\/\/awakentheworld.com\/self-inquiry-guided-meditations\/\">W\u00f6chentliche gef\u00fchrte Meditationen<\/a><\/p>\n<\/div>\n<\/div>\n\n\n\n<div class=\"wp-block-columns is-layout-flex wp-container-core-columns-is-layout-9d6595d7 wp-block-columns-is-layout-flex\">\n<div class=\"wp-block-column is-layout-flow wp-block-column-is-layout-flow\">\n<h2 class=\"wp-block-heading\">Lehre &amp; Ressourcen<\/h2>\n\n\n\n<p class=\"has-large-font-size\">Interessante Blog-Artikel und Lehren zur St\u00e4rkung deiner Praxis. <\/p>\n\n\n\n<div class=\"wp-block-buttons is-layout-flex wp-block-buttons-is-layout-flex\">\n<div class=\"wp-block-button\"><a class=\"wp-block-button__link wp-element-button\" href=\"https:\/\/awakentheworld.com\/blog\/\">Englisch<\/a><\/div>\n\n\n\n<div class=\"wp-block-button\"><a class=\"wp-block-button__link wp-element-button\" href=\"https:\/\/awakentheworld.com\/es\/blog\/\">Spanisch<\/a><\/div>\n<\/div>\n<\/div>\n\n\n\n<div class=\"wp-block-column is-layout-flow wp-block-column-is-layout-flow\"><div class=\"wp-block-image\">\n<figure class=\"aligncenter size-large\"><img loading=\"lazy\" decoding=\"async\" width=\"1000\" height=\"562\" src=\"https:\/\/awakentheworld.com\/es\/wp-content\/uploads\/sites\/7\/2020\/09\/Teachings.jpg\" alt=\"\" class=\"wp-image-14855\" \/><\/figure>\n<\/div><\/div>\n<\/div>\n\n\n\n<p><\/p>\n","protected":false},"excerpt":{"rendered":"<p>** Die Aufnahmen sind auf Englisch, die Links f\u00fchren zu der entsprechenden Version der Website. Helfen Sie uns beim \u00dcbersetzen. Verf\u00fcgbare Serien Wenn du Englisch verstehst und gerade mit dem \u00dcben beginnst oder deine Praxis vertiefen m\u00f6chtest, soll diese Reihe von gef\u00fchrten Meditationen den Fokus und den Gleichmut f\u00f6rdern, die zum \u00dcben auf dem Weg [&hellip;]<\/p>\n","protected":false},"author":5,"featured_media":14886,"parent":0,"menu_order":0,"comment_status":"closed","ping_status":"closed","template":"template-programs.php","meta":{"_acf_changed":false,"_kad_blocks_custom_css":"","_kad_blocks_head_custom_js":"","_kad_blocks_body_custom_js":"","_kad_blocks_footer_custom_js":"","footnotes":""},"class_list":["post-14787","page","type-page","status-publish","has-post-thumbnail","hentry"],"acf":[],"taxonomy_info":[],"featured_image_src_large":["https:\/\/awakentheworld.com\/de\/wp-content\/uploads\/sites\/10\/2020\/10\/Header-Guided-Meditations.jpg",640,168,false],"author_info":{"display_name":"alitardo","author_link":"https:\/\/awakentheworld.com\/de\/author\/alitardo\/"},"comment_info":0,"jetpack_sharing_enabled":true,"_links":{"self":[{"href":"https:\/\/awakentheworld.com\/de\/wp-json\/wp\/v2\/pages\/14787","targetHints":{"allow":["GET"]}}],"collection":[{"href":"https:\/\/awakentheworld.com\/de\/wp-json\/wp\/v2\/pages"}],"about":[{"href":"https:\/\/awakentheworld.com\/de\/wp-json\/wp\/v2\/types\/page"}],"author":[{"embeddable":true,"href":"https:\/\/awakentheworld.com\/de\/wp-json\/wp\/v2\/users\/5"}],"replies":[{"embeddable":true,"href":"https:\/\/awakentheworld.com\/de\/wp-json\/wp\/v2\/comments?post=14787"}],"version-history":[{"count":53,"href":"https:\/\/awakentheworld.com\/de\/wp-json\/wp\/v2\/pages\/14787\/revisions"}],"predecessor-version":[{"id":18623,"href":"https:\/\/awakentheworld.com\/de\/wp-json\/wp\/v2\/pages\/14787\/revisions\/18623"}],"wp:featuredmedia":[{"embeddable":true,"href":"https:\/\/awakentheworld.com\/de\/wp-json\/wp\/v2\/media\/14886"}],"wp:attachment":[{"href":"https:\/\/awakentheworld.com\/de\/wp-json\/wp\/v2\/media?parent=14787"}],"curies":[{"name":"wp","href":"https:\/\/api.w.org\/{rel}","templated":true}]}}