{"id":14809,"date":"2020-09-28T21:14:47","date_gmt":"2020-09-28T21:14:47","guid":{"rendered":"https:\/\/awakentheworld.com\/es\/?page_id=14809"},"modified":"2024-12-21T14:53:32","modified_gmt":"2024-12-21T14:53:32","slug":"drop-in-meditationen","status":"publish","type":"page","link":"https:\/\/awakentheworld.com\/de\/drop-in-meditationen\/","title":{"rendered":"Drop-In-Meditationen"},"content":{"rendered":"\n<p><\/p>\n\n\n\n<div class=\"wp-block-group alignfull has-dark-background-color has-background\"><div class=\"wp-block-group__inner-container is-layout-flow wp-block-group-is-layout-flow\">\n<div class=\"wp-block-columns is-layout-flex wp-container-core-columns-is-layout-9d6595d7 wp-block-columns-is-layout-flex\">\n<div class=\"wp-block-column is-layout-flow wp-block-column-is-layout-flow\">\n<figure class=\"wp-block-image size-large\"><img loading=\"lazy\" decoding=\"async\" width=\"1000\" height=\"562\" src=\"https:\/\/awakentheworld.com\/es\/wp-content\/uploads\/sites\/7\/2020\/06\/zoom-guided-meditations.jpg\" alt=\"meditations on zoom\" class=\"wp-image-13545\"\/><\/figure>\n\n\n\n<p class=\"has-dark-gold-color has-text-color\">T\u00e4glich eine einst\u00fcndige stille Meditation (au\u00dfer an den Tagen, an denen wir eine gef\u00fchrte Meditation anbieten)<\/p>\n\n\n\n<p class=\"has-gold-color has-text-color\"><strong>Einst\u00fcndige gef\u00fchrte Meditationen: <\/strong>Nonduale Praxis, gefolgt von einer Zeit des Austauschs (angeleitet von Dan)<\/p>\n\n\n\n<p class=\"has-dark-gold-color has-text-color\">Zeitplan und weitere Informationen in englischer Sprache auf unserer Website<\/p>\n\n\n\n<p class=\"has-light-light-gold-color has-text-color\">Wir verwenden&nbsp; Zoom f\u00fcr unsere Online-Meditationen, die&nbsp; Zugangskennung lautet: 613111 7777<\/p>\n\n\n\n<p><\/p>\n\n\n\n<p class=\"has-text-align-right has-light-light-gold-color has-text-color has-large-font-size\"><a rel=\"noreferrer noopener\" href=\"https:\/\/zoom.us\/j\/6131117777\" target=\"_blank\">Zugang zum Meditationsraum &gt;&gt;<\/a><\/p>\n<\/div>\n\n\n\n<div class=\"wp-block-column is-layout-flow wp-block-column-is-layout-flow\">\n<p class=\"has-light-light-gold-color has-text-color\">Alle sind willkommen, unserer Online-Community beizutreten. Zus\u00e4tzlich zu den gef\u00fchrten Meditationen bieten wir t\u00e4glich eine stille Meditation (ohne Anleitung) an. Wenn wir in der Stille \u00fcben, kann jede\/jeder mitmachen: Die Sprache ist kein Hindernis mehr.<\/p>\n\n\n\n<p class=\"has-light-light-gold-color has-text-color\">W\u00e4hrend unserer t\u00e4glichen einst\u00fcndigen stillen Meditation gibt es keine Anleitung, nur eine Glocke am Anfang und am Ende. Diese Treffen bieten Raum, um in Stille zu sitzen, eine von Awaken the World aufgezeichnete Meditation zu h\u00f6ren oder eine andere Aufnahme, die am besten zu deiner Praxis passt.<\/p>\n\n\n\n<p class=\"has-light-light-gold-color has-text-color\">Wir bitten darum, dich so ruhig wie m\u00f6glich zu verhalten und den Ton stumm zu schalten. Wir treffen uns jeden Tag zu einer stillen Sitzung, au\u00dfer an den Tagen, an denen wir unseren Freunden eine gef\u00fchrte Meditation anbieten (in englischer Sprache).<\/p>\n\n\n\n<p class=\"has-light-gold-color has-text-color\">Du brauchst dich nicht anzumelden \u2013 mache einfach mit!<\/p>\n\n\n\n<hr class=\"wp-block-separator has-text-color has-dark-gold-color has-css-opacity has-dark-gold-background-color has-background is-style-wide\"\/>\n\n\n\n<div class=\"wp-block-buttons is-horizontal is-content-justification-center is-layout-flex wp-container-core-buttons-is-layout-499968f5 wp-block-buttons-is-layout-flex\">\n<div class=\"wp-block-button is-style-button-blue\"><a class=\"wp-block-button__link wp-element-button\" href=\"https:\/\/awakentheworld.com\/atw-drop-in-meditations\/\">Zeitplan und weitere Informationen<\/a><\/div>\n\n\n\n<p class=\"has-text-align-center has-light-gold-color has-text-color\" style=\"font-size:12px\">(Sie werden zur englischen Version der Website weitergeleitet.)<\/p>\n<\/div>\n<\/div>\n<\/div>\n<\/div><\/div>\n\n\n\n<div class=\"wp-block-columns is-layout-flex wp-container-core-columns-is-layout-9d6595d7 wp-block-columns-is-layout-flex\">\n<div class=\"wp-block-column is-layout-flow wp-block-column-is-layout-flow\">\n<h2 class=\"wp-block-heading\" id=\"h-du-kannst-keine-live-anrufet-tigen\">Du kannst keine Live-Anrufe<br>t\u00e4tigen?<\/h2>\n\n\n\n<p>Greife auf eine umfangreiche Liste von Aufnahmen unserer w\u00f6chentlichen Zoom-Meditationen zu, einschlie\u00dflich gef\u00fchrter Meditationen aus der Sammlung, die unseren Anh\u00e4ngern auf Patreon gewidmet ist.<\/p>\n\n\n\n<div class=\"wp-block-buttons is-layout-flex wp-block-buttons-is-layout-flex\">\n<div class=\"wp-block-button is-style-button-blue\"><a class=\"wp-block-button__link wp-element-button\" href=\"https:\/\/awakentheworld.com\/self-inquiry-guided-meditations\/\">Archiv der w\u00f6chentlichen Sitzungen<\/a><\/div>\n<\/div>\n\n\n\n<p class=\"has-text-align-center\" style=\"font-size:12px\">(Sie werden zur englischen Version der Website weitergeleitet.)<\/p>\n<\/div>\n\n\n\n<div class=\"wp-block-column is-layout-flow wp-block-column-is-layout-flow\">\n<figure class=\"wp-block-image size-large\"><img loading=\"lazy\" decoding=\"async\" width=\"1000\" height=\"562\" src=\"https:\/\/awakentheworld.com\/es\/wp-content\/uploads\/sites\/7\/2020\/06\/weekly-zoom-drop-in-meditations.jpg\" alt=\"running zoom meditations\" class=\"wp-image-13544\"\/><\/figure>\n<\/div>\n<\/div>\n\n\n\n<p><\/p>\n","protected":false},"excerpt":{"rendered":"<p>T\u00e4glich eine einst\u00fcndige stille Meditation (au\u00dfer an den Tagen, an denen wir eine gef\u00fchrte Meditation anbieten) Einst\u00fcndige gef\u00fchrte Meditationen: Nonduale Praxis, gefolgt von einer Zeit des Austauschs (angeleitet von Dan) Zeitplan und weitere Informationen in englischer Sprache auf unserer Website Wir verwenden&nbsp; Zoom f\u00fcr unsere Online-Meditationen, die&nbsp; Zugangskennung lautet: 613111 7777 Zugang zum Meditationsraum &gt;&gt; [&hellip;]<\/p>\n","protected":false},"author":5,"featured_media":13543,"parent":0,"menu_order":0,"comment_status":"closed","ping_status":"closed","template":"template-dropin.php","meta":{"_acf_changed":false,"_kad_blocks_custom_css":"","_kad_blocks_head_custom_js":"","_kad_blocks_body_custom_js":"","_kad_blocks_footer_custom_js":"","footnotes":""},"class_list":["post-14809","page","type-page","status-publish","has-post-thumbnail","hentry"],"acf":[],"taxonomy_info":[],"featured_image_src_large":["https:\/\/awakentheworld.com\/de\/wp-content\/uploads\/sites\/10\/2020\/06\/meditation-sitting-pose.png",640,168,false],"author_info":{"display_name":"alitardo","author_link":"https:\/\/awakentheworld.com\/de\/author\/alitardo\/"},"comment_info":0,"jetpack_sharing_enabled":true,"_links":{"self":[{"href":"https:\/\/awakentheworld.com\/de\/wp-json\/wp\/v2\/pages\/14809","targetHints":{"allow":["GET"]}}],"collection":[{"href":"https:\/\/awakentheworld.com\/de\/wp-json\/wp\/v2\/pages"}],"about":[{"href":"https:\/\/awakentheworld.com\/de\/wp-json\/wp\/v2\/types\/page"}],"author":[{"embeddable":true,"href":"https:\/\/awakentheworld.com\/de\/wp-json\/wp\/v2\/users\/5"}],"replies":[{"embeddable":true,"href":"https:\/\/awakentheworld.com\/de\/wp-json\/wp\/v2\/comments?post=14809"}],"version-history":[{"count":67,"href":"https:\/\/awakentheworld.com\/de\/wp-json\/wp\/v2\/pages\/14809\/revisions"}],"predecessor-version":[{"id":18249,"href":"https:\/\/awakentheworld.com\/de\/wp-json\/wp\/v2\/pages\/14809\/revisions\/18249"}],"wp:featuredmedia":[{"embeddable":true,"href":"https:\/\/awakentheworld.com\/de\/wp-json\/wp\/v2\/media\/13543"}],"wp:attachment":[{"href":"https:\/\/awakentheworld.com\/de\/wp-json\/wp\/v2\/media?parent=14809"}],"curies":[{"name":"wp","href":"https:\/\/api.w.org\/{rel}","templated":true}]}}