{"id":3833,"date":"2019-02-13T22:43:01","date_gmt":"2019-02-13T22:43:01","guid":{"rendered":"https:\/\/awakentheworld-reference.mystagingwebsite.com\/?page_id=3833"},"modified":"2022-04-05T18:47:45","modified_gmt":"2022-04-05T18:47:45","slug":"unterstutze-uns","status":"publish","type":"page","link":"https:\/\/awakentheworld.com\/de\/unterstutze-uns\/","title":{"rendered":"Unterst\u00fctze Uns"},"content":{"rendered":"\n<h2 class=\"has-text-align-center support-subheader has-dark-color has-text-color wp-block-heading\" id=\"h-wir-sind-allen-unseren-unterstutzern-sehr-dankbar-denn-ohne-sie-wurde-es-die-atw-initiative-nicht-geben\"><span style=\"font-weight: 400\">Wir sind allen unseren Unterst\u00fctzern sehr dankbar, denn ohne sie w\u00fcrde es die ATW-Initiative nicht geben.<\/span><\/h2>\n\n\n\n<div class=\"wp-block-columns is-style-medium-width support-blurb is-layout-flex wp-container-core-columns-is-layout-9d6595d7 wp-block-columns-is-layout-flex\">\n<div class=\"wp-block-column is-layout-flow wp-block-column-is-layout-flow\">\n<div class=\"wp-block-group is-style-yellow-border\"><div class=\"wp-block-group__inner-container is-layout-flow wp-block-group-is-layout-flow\">\n<div class=\"wp-block-columns is-layout-flex wp-container-core-columns-is-layout-9d6595d7 wp-block-columns-is-layout-flex\">\n<div class=\"wp-block-column is-layout-flow wp-block-column-is-layout-flow\" style=\"flex-basis:33.33%\">\n<div class=\"wp-block-image\"><figure class=\"aligncenter size-large is-resized\"><img loading=\"lazy\" decoding=\"async\" src=\"https:\/\/awakentheworld.com\/wp-content\/uploads\/sites\/10\/2020\/06\/become-our-patron.png\" alt=\"become our patron ad\" class=\"wp-image-13531\" width=\"151\" height=\"168\" \/><\/figure><\/div>\n<\/div>\n\n\n\n<div class=\"wp-block-column is-layout-flow wp-block-column-is-layout-flow\" style=\"flex-basis:66.66%\">\n<h2 class=\"wp-block-heading\" id=\"h-sponsoren\">Sponsoren<\/h2>\n\n\n\n<p>Werde f\u00fcr einen Beitrag von nur einem US$-Dollar pro Monat Teil unserer faszinierenden Patreon-Community (und freue dich \u00fcber die Geschenke, mit denen wir uns bei den Patreon-Mitgliedern bedanken).<\/p>\n\n\n\n<div class=\"wp-block-buttons is-layout-flex wp-block-buttons-is-layout-flex\">\n<div class=\"wp-block-button\"><a class=\"wp-block-button__link\" href=\"https:\/\/www.patreon.com\/awakentheworld\">Weiter zu Patreon<\/a><\/div>\n<\/div>\n<\/div>\n<\/div>\n<\/div><\/div>\n<\/div>\n\n\n\n<div class=\"wp-block-column is-layout-flow wp-block-column-is-layout-flow\">\n<div class=\"wp-block-group is-style-yellow-border\"><div class=\"wp-block-group__inner-container is-layout-flow wp-block-group-is-layout-flow\">\n<div class=\"wp-block-columns is-layout-flex wp-container-core-columns-is-layout-9d6595d7 wp-block-columns-is-layout-flex\">\n<div class=\"wp-block-column is-layout-flow wp-block-column-is-layout-flow\" style=\"flex-basis:33.33%\">\n<div class=\"wp-block-image\"><figure class=\"aligncenter size-medium is-resized\"><img loading=\"lazy\" decoding=\"async\" src=\"https:\/\/awakentheworld.com\/wp-content\/uploads\/sites\/10\/2020\/06\/roller-icons-300x300.png\" alt=\"\" class=\"wp-image-13815\" width=\"150\" height=\"150\" \/><\/figure><\/div>\n<\/div>\n\n\n\n<div class=\"wp-block-column is-layout-flow wp-block-column-is-layout-flow\" style=\"flex-basis:66.66%\">\n<h2 class=\"wp-block-heading\" id=\"h-besuche-unseren-shop\">Besuche unseren Shop<\/h2>\n\n\n\n<p>Lade Videos in h\u00f6chster Qualit\u00e4t in Spielfilml\u00e4nge in den Formaten DVD \/ BlueRay herunter.<\/p>\n\n\n\n<div class=\"wp-block-buttons is-layout-flex wp-block-buttons-is-layout-flex\">\n<div class=\"wp-block-button\"><a class=\"wp-block-button__link\" href=\"https:\/\/awakentheworld.com\/de\/laden\/\">Besuche unseren Shop<\/a><\/div>\n<\/div>\n<\/div>\n<\/div>\n<\/div><\/div>\n\n\n\n<p><\/p>\n<\/div>\n<\/div>\n\n\n\n<div class=\"wp-block-columns is-style-medium-width support-blurb is-layout-flex wp-container-core-columns-is-layout-9d6595d7 wp-block-columns-is-layout-flex\">\n<div class=\"wp-block-column is-layout-flow wp-block-column-is-layout-flow\">\n<div class=\"wp-block-group is-style-yellow-border\"><div class=\"wp-block-group__inner-container is-layout-flow wp-block-group-is-layout-flow\">\n<div class=\"wp-block-columns is-layout-flex wp-container-core-columns-is-layout-9d6595d7 wp-block-columns-is-layout-flex\">\n<div class=\"wp-block-column is-layout-flow wp-block-column-is-layout-flow\" style=\"flex-basis:33.33%\">\n<div class=\"wp-block-image\"><figure class=\"aligncenter size-large is-resized\"><img loading=\"lazy\" decoding=\"async\" src=\"https:\/\/awakentheworld.com\/wp-content\/uploads\/sites\/10\/2020\/06\/crop-0-0-605-670-0-PayPal-donations.png\" alt=\"PayPal donation banner\" class=\"wp-image-14100\" width=\"151\" height=\"168\" \/><\/figure><\/div>\n\n\n\n<p><\/p>\n<\/div>\n\n\n\n<div class=\"wp-block-column is-layout-flow wp-block-column-is-layout-flow\" style=\"flex-basis:66.66%\">\n<h2 class=\"wp-block-heading\" id=\"h-paypal\">PayPal<\/h2>\n\n\n\n<p><strong>Besuchen Sie<\/strong> unsere PayPal-Seite, um einmalig oder wiederkehrend zu spenden. Dies kann mit jeder Kreditkarte, einem Paypal-Konto oder anderen Optionen erfolgen. Vielen Dank!<\/p>\n\n\n\n<div class=\"wp-block-buttons is-layout-flex wp-block-buttons-is-layout-flex\">\n<div class=\"wp-block-button\"><a class=\"wp-block-button__link\" href=\"https:\/\/www.paypal.com\/cgi-bin\/webscr?cmd=_s-xclick&amp;hosted_button_id=P8ZEAJRPHTH56&amp;source=url\">Spenden<\/a><\/div>\n<\/div>\n<\/div>\n<\/div>\n<\/div><\/div>\n<\/div>\n\n\n\n<div class=\"wp-block-column is-layout-flow wp-block-column-is-layout-flow\">\n<div class=\"wp-block-group is-style-yellow-border\"><div class=\"wp-block-group__inner-container is-layout-flow wp-block-group-is-layout-flow\">\n<div class=\"wp-block-columns is-layout-flex wp-container-core-columns-is-layout-9d6595d7 wp-block-columns-is-layout-flex\">\n<div class=\"wp-block-column is-layout-flow wp-block-column-is-layout-flow\" style=\"flex-basis:33.33%\">\n<div class=\"wp-block-image\"><figure class=\"aligncenter size-large is-resized\"><img loading=\"lazy\" decoding=\"async\" src=\"https:\/\/awakentheworld.com\/wp-content\/uploads\/sites\/10\/2020\/08\/QR-Code.png\" alt=\"QR code for donations\" class=\"wp-image-14099\" width=\"128\" height=\"128\" \/><\/figure><\/div>\n\n\n\n<p><\/p>\n<\/div>\n\n\n\n<div class=\"wp-block-column is-layout-flow wp-block-column-is-layout-flow\" style=\"flex-basis:66.66%\">\n<h2 class=\"wp-block-heading\" id=\"h-qr-code-fur-spenden\">QR-Code f\u00fcr Spenden.<\/h2>\n\n\n\n<p>Wir sind immer dankbar f\u00fcr finanzielle Unterst\u00fctzung, da wir f\u00fcr das Drehen unserer Filme zum Gro\u00dfteil auf Spenden angewiesen sind.<\/p>\n<\/div>\n<\/div>\n<\/div><\/div>\n<\/div>\n<\/div>\n\n\n\n<div class=\"wp-block-columns is-layout-flex wp-container-core-columns-is-layout-9d6595d7 wp-block-columns-is-layout-flex\">\n<div class=\"wp-block-column is-layout-flow wp-block-column-is-layout-flow\">\n<div class=\"wp-block-image\"><figure class=\"aligncenter size-large\"><img loading=\"lazy\" decoding=\"async\" width=\"104\" height=\"90\" src=\"https:\/\/awakentheworld.com\/wp-content\/uploads\/sites\/10\/2020\/06\/Group-4.svg\" alt=\"\" class=\"wp-image-13536\" \/><\/figure><\/div>\n\n\n\n<h2 class=\"has-text-align-center wp-block-heading\" id=\"h-youtube-ubersetzungen\"><em>Youtube<\/em>-\u00dcbersetzungen<\/h2>\n\n\n\n<p>Wenn du einen der Filme oder der <em>Lectures <\/em>in eine Sprache \u00fcbersetzen kannst, die noch nicht vorhanden ist, w\u00e4ren wir sehr dankbar f\u00fcr deinen Beitrag. <a href=\"https:\/\/awakentheworld.com\/de\/kontakt\/\">Nehmen Sie bitte Kontakt auf.<\/a><\/p>\n<\/div>\n\n\n\n<div class=\"wp-block-column is-layout-flow wp-block-column-is-layout-flow\">\n<div class=\"wp-block-image\"><figure class=\"aligncenter size-large\"><img loading=\"lazy\" decoding=\"async\" width=\"76\" height=\"90\" src=\"https:\/\/awakentheworld.com\/wp-content\/uploads\/sites\/10\/2020\/06\/1466259.svg\" alt=\"\" class=\"wp-image-13534\" \/><\/figure><\/div>\n\n\n\n<h2 class=\"has-text-align-center wp-block-heading\" id=\"h-kreative-beitrage\">Kreative Beitr\u00e4ge<\/h2>\n\n\n\n<p>Wir sind immer auf der Suche nach vision\u00e4rer Kunst, Animation, Video und Musik der Weltklasse f\u00fcr neue Projekte. Wenn du der ATW-Initiative die Nutzung deiner Kunst genehmigen willst, dann <a href=\"https:\/\/awakentheworld.com\/de\/kontakt\/\">kontaktiere uns<\/a> \u00fcber das nachfolgende Formular.<\/p>\n<\/div>\n\n\n\n<div class=\"wp-block-column is-layout-flow wp-block-column-is-layout-flow\">\n<div class=\"wp-block-image\"><figure class=\"aligncenter size-large\"><img loading=\"lazy\" decoding=\"async\" width=\"99\" height=\"90\" src=\"https:\/\/awakentheworld.com\/wp-content\/uploads\/sites\/10\/2020\/06\/1466264.svg\" alt=\"peace sign\" class=\"wp-image-13535\" \/><\/figure><\/div>\n\n\n\n<h2 class=\"has-text-align-center wp-block-heading\" id=\"h-werbung-in-sozialen-medien\">Werbung in sozialen Medien <\/h2>\n\n\n\n<p>Wir brauchen auch Leute, die verschiedene Sprachen sprechen und sich im Internet und in den sozialen Medien auskennen und uns helfen, die Filme zu bewerben. Wenn du helfen kannst, <a href=\"https:\/\/awakentheworld.com\/de\/kontakt\/\">kontaktiere uns<\/a> \u00fcber das nachfolgende Formular.<\/p>\n<\/div>\n<\/div>\n\n\n\n<p><\/p>\n","protected":false},"excerpt":{"rendered":"<p>Wir sind allen unseren Unterst\u00fctzern sehr dankbar, denn ohne sie w\u00fcrde es die ATW-Initiative nicht geben. Sponsoren Werde f\u00fcr einen Beitrag von nur einem US$-Dollar pro Monat Teil unserer faszinierenden Patreon-Community (und freue dich \u00fcber die Geschenke, mit denen wir uns bei den Patreon-Mitgliedern bedanken). Besuche unseren Shop Lade Videos in h\u00f6chster Qualit\u00e4t in Spielfilml\u00e4nge [&hellip;]<\/p>\n","protected":false},"author":5,"featured_media":0,"parent":0,"menu_order":0,"comment_status":"closed","ping_status":"closed","template":"","meta":{"_acf_changed":false,"_kad_blocks_custom_css":"","_kad_blocks_head_custom_js":"","_kad_blocks_body_custom_js":"","_kad_blocks_footer_custom_js":"","footnotes":""},"class_list":["post-3833","page","type-page","status-publish","hentry"],"acf":[],"taxonomy_info":[],"featured_image_src_large":false,"author_info":{"display_name":"alitardo","author_link":"https:\/\/awakentheworld.com\/de\/author\/alitardo\/"},"comment_info":0,"jetpack_sharing_enabled":true,"_links":{"self":[{"href":"https:\/\/awakentheworld.com\/de\/wp-json\/wp\/v2\/pages\/3833","targetHints":{"allow":["GET"]}}],"collection":[{"href":"https:\/\/awakentheworld.com\/de\/wp-json\/wp\/v2\/pages"}],"about":[{"href":"https:\/\/awakentheworld.com\/de\/wp-json\/wp\/v2\/types\/page"}],"author":[{"embeddable":true,"href":"https:\/\/awakentheworld.com\/de\/wp-json\/wp\/v2\/users\/5"}],"replies":[{"embeddable":true,"href":"https:\/\/awakentheworld.com\/de\/wp-json\/wp\/v2\/comments?post=3833"}],"version-history":[{"count":60,"href":"https:\/\/awakentheworld.com\/de\/wp-json\/wp\/v2\/pages\/3833\/revisions"}],"predecessor-version":[{"id":15311,"href":"https:\/\/awakentheworld.com\/de\/wp-json\/wp\/v2\/pages\/3833\/revisions\/15311"}],"wp:attachment":[{"href":"https:\/\/awakentheworld.com\/de\/wp-json\/wp\/v2\/media?parent=3833"}],"curies":[{"name":"wp","href":"https:\/\/api.w.org\/{rel}","templated":true}]}}