{"id":15333,"date":"2022-05-12T21:59:01","date_gmt":"2022-05-12T21:59:01","guid":{"rendered":"https:\/\/awakentheworld.com\/de\/?post_type=product&#038;p=15333"},"modified":"2022-05-16T23:54:25","modified_gmt":"2022-05-16T23:54:25","slug":"in-between-dreams-hd-audiovisuelle-reise-mp4-und-mp3s-zum-herunterladen","status":"publish","type":"product","link":"https:\/\/awakentheworld.com\/de\/product\/in-between-dreams-hd-audiovisuelle-reise-mp4-und-mp3s-zum-herunterladen\/","title":{"rendered":"In Between Dreams &#8211; HD Audiovisuelle Reise (MP4) und MP3s zum Download"},"content":{"rendered":"<p class=\"western\" lang=\"de-DE\">&#8220;In Between Dreams&#8221; wurde im neuesten Samadhi-Film (Teil 3 &#8211; Der weglose Weg) verwendet. Musik von Daniel Schmidt und Lilla Balint (Jungle Fairy).<\/p>\n<p class=\"western\" lang=\"de-DE\">Beim Kauf des MP4-Video mit dem Titel &#8220;In Between Dreams&#8221; (21:32 Minuten) in HD-Qualit\u00e4t zum Herunterladen erh\u00e4ltst du alle Titel des Albums. Die MP3-Musikst\u00fccke zum sofortigen Herunterladen sind:<\/p>\n<p class=\"western\" lang=\"de-DE\">1- Zwischen Tr\u00e4umen, sanft. mp3 (21:23)<\/p>\n<p class=\"western\" lang=\"de-DE\">2- Involution des Geistes in die Form.mp3 (25:46)<\/p>\n<p class=\"western\" lang=\"de-DE\">3- Merkabas Tanz.mp3 (41:57)<\/p>\n<p class=\"western\" lang=\"de-DE\">4- Ins Sein kommen.mp3 (14:26)<\/p>\n<p class=\"western\" lang=\"de-DE\">Album auf Youtube anh\u00f6ren.<\/p>\n<p class=\"western\" lang=\"de-DE\">Schau dir das Video hier an.<\/p>\n","protected":false},"excerpt":{"rendered":"<p class=\"western\" lang=\"de-DE\">Dieses Album wird dich auf eine tiefe, kosmische innere Reise mitnehmen.<\/p>\n<h6 class=\"western\" lang=\"de-DE\">(Diese Videos haben fast Blu-Ray-Qualit\u00e4t und sind f\u00fcr die Wiedergabe auf einem Computer oder einem Ger\u00e4t geeignet, das f\u00fcr gro\u00dfe Dateien ausgelegt ist. F\u00fcr Handys und Tablets sind sie viel zu gro\u00df und m\u00fcssen in iTunes oder einer anderen Software konvertiert und dann auf dein Ger\u00e4t \u00fcbertragen werden. )<\/h6>\n","protected":false},"featured_media":15324,"template":"","meta":{"_acf_changed":false,"_kad_blocks_custom_css":"","_kad_blocks_head_custom_js":"","_kad_blocks_body_custom_js":"","_kad_blocks_footer_custom_js":""},"product_brand":[],"product_cat":[90],"product_tag":[],"class_list":{"0":"post-15333","1":"product","2":"type-product","3":"status-publish","4":"has-post-thumbnail","6":"product_cat-audio-visuelle-reisen","8":"first","9":"instock","10":"downloadable","11":"virtual","12":"purchasable","13":"product-type-simple"},"acf":[],"taxonomy_info":{"product_cat":[{"value":90,"label":"Audio\/Visuelle Reisen"}]},"featured_image_src_large":["https:\/\/awakentheworld.com\/de\/wp-content\/uploads\/sites\/10\/2022\/05\/EN-ATW-Downloads-In-Between-Dreams.jpg",640,640,false],"author_info":[],"comment_info":"","jetpack_sharing_enabled":true,"_links":{"self":[{"href":"https:\/\/awakentheworld.com\/de\/wp-json\/wp\/v2\/product\/15333","targetHints":{"allow":["GET"]}}],"collection":[{"href":"https:\/\/awakentheworld.com\/de\/wp-json\/wp\/v2\/product"}],"about":[{"href":"https:\/\/awakentheworld.com\/de\/wp-json\/wp\/v2\/types\/product"}],"wp:featuredmedia":[{"embeddable":true,"href":"https:\/\/awakentheworld.com\/de\/wp-json\/wp\/v2\/media\/15324"}],"wp:attachment":[{"href":"https:\/\/awakentheworld.com\/de\/wp-json\/wp\/v2\/media?parent=15333"}],"wp:term":[{"taxonomy":"product_brand","embeddable":true,"href":"https:\/\/awakentheworld.com\/de\/wp-json\/wp\/v2\/product_brand?post=15333"},{"taxonomy":"product_cat","embeddable":true,"href":"https:\/\/awakentheworld.com\/de\/wp-json\/wp\/v2\/product_cat?post=15333"},{"taxonomy":"product_tag","embeddable":true,"href":"https:\/\/awakentheworld.com\/de\/wp-json\/wp\/v2\/product_tag?post=15333"}],"curies":[{"name":"wp","href":"https:\/\/api.w.org\/{rel}","templated":true}]}}