{"id":15336,"date":"2022-05-13T14:25:59","date_gmt":"2022-05-13T14:25:59","guid":{"rendered":"https:\/\/awakentheworld.com\/de\/?post_type=product&#038;p=15336"},"modified":"2022-05-17T00:07:06","modified_gmt":"2022-05-17T00:07:06","slug":"begegnungen-mit-den-seraphim","status":"publish","type":"product","link":"https:\/\/awakentheworld.com\/de\/product\/begegnungen-mit-den-seraphim\/","title":{"rendered":"Begegnung mit den Seraphim &#8211; Audiovisuelle Reise in HD und MP3-Audio zum Herunterladen"},"content":{"rendered":"<h3>Audiovisuelle HD-Reise und MP3-Audio zum Herunterladen<\/h3>\n<p class=\"western\" lang=\"de-DE\">Dieser Film unterscheidet sich aus mehreren Gr\u00fcnden von allen bisher erschienenen Filmen. Er stellt etwas sehr Wichtiges dar, \u00fcber das in einigen spirituellen Traditionen nur selten gesprochen wird (das Thema ist fast tabu). Er basiert auf Einsichten, die sich aufgrund einer &#8220;Gipfelmeditationserfahrung&#8221; ergaben, als Dan Wesen begegnete, die sich selbst als &#8220;die Seraphim&#8221; bezeichneten. Die Seraphim gelten als &#8220;Engel&#8221;, es sind jedoch nicht die in der Bibel in Menschengestalt mit Fl\u00fcgeln dargestellten Wesen, sondern ein Feld bewusster Energie, das den einzigartigen Zweck hat, unserer Seele zu helfen, ihre evolution\u00e4re Reise zu vollenden. Das Ego kann auf zwei Arten in diese Gipfelerlebnisse eingreifen: Manchmal werden solche Ph\u00e4nomene aufgrund von Vorurteilen oder Voreingenommenheit des begrenzten Ego-Selbst abgetan oder sie werden zu sehr betont und werden zu Fallen f\u00fcr das Ego, das um sie herum eine Identit\u00e4t schafft. Der Film erforscht die Beziehung zwischen den Dimensionen des Seins und des Werdens, wobei die Selbststruktur w\u00e4chst und sich entwickelt und in scheinbarem Widerspruch dazu die Verwirklichung von Samadhi auf immer subtileren Ebenen der Entwicklungsspirale geschieht.<\/p>\n<p class=\"western\" lang=\"de-DE\">Die ersten 20 Minuten sind Erz\u00e4hlung, gefolgt von einer audiovisuellen Erfahrung namens &#8220;Metatrons Vision&#8221;. Man k\u00f6nnte es eine audio-visuelle Schwingungs\u00fcbertragung oder &#8220;Transverberation&#8221; nennen. Wir stellen diese audiovisuelle Reise hier f\u00fcr diejenigen, die den gesprochenen Teil \u00fcberspringen wollen, als eigenst\u00e4ndige Version zur Verf\u00fcgung. Der Sound wurde von Daniel Schmidt und David Donnelly (The Fractalverse) kreiert. &#8220;The Fractalverse&#8221; ist eine fortlaufende musikalische Zusammenarbeit zwischen David und Dan sowie ein generelles Experiment mit dem menschlichen Bewusstsein.<\/p>\n<p class=\"western\" lang=\"de-DE\"><b>Wie umgehen mit der audiovisuellen Komponente des Films <\/b><\/p>\n<p class=\"western\" lang=\"de-DE\">&#8220;Metatrons Vision&#8221; sollte mit Kopfh\u00f6rern geh\u00f6rt werden, weil die Stereoeffekte eine Energiespirale erzeugen, die mit Lautsprechern schwieriger wahrzunehmen ist. W\u00e4hle eine Zeit und einen Ort, an dem du nicht unterbrochen wirst. Es gibt nichts, was du f\u00fcr das Erlebnis selbst &#8220;tun&#8221; sollst. Probiere aus, ob du stillsitzen und die gesamte Reise machen kannst ohne einen Gedanken. Bleibe pr\u00e4sent und aufmerksam w\u00e4hrend der gesamten Erfahrung.<\/p>\n","protected":false},"excerpt":{"rendered":"<p class=\"western\" lang=\"de-DE\">Ein Film, der eine &#8220;Gipfelmeditationserfahrung&#8221; und die Beziehung zwischen den Dimensionen des Seins und des Werdens erforscht, wobei die Selbststruktur w\u00e4chst und sich entwickelt und in scheinbarem Widerspruch dazu die Verwirklichung von Samadhi auf immer subtileren Ebenen der Entwicklungsspirale geschieht.<\/p>\n<p><strong>Das Paket enth\u00e4lt:<\/strong><br \/>\nVollst\u00e4ndiger Film im h.264 (MP4) Format<br \/>\nMetatrons Vision im h.264 (MP4)-Format<br \/>\nMetatrons Vision &#8211; MP3-Audio<\/p>\n<h6 class=\"western\" lang=\"de-DE\">( Diese Videos haben fast Blu-ray-Qualit\u00e4t und sind f\u00fcr die Wiedergabe auf einem Computer oder einem Ger\u00e4t geeignet, das f\u00fcr gro\u00dfe Dateien ausgelegt ist. F\u00fcr Handys und Tablets sind sie viel zu gro\u00df und m\u00fcssen in iTunes oder einer anderen Software konvertiert und dann auf dein Ger\u00e4t \u00fcbertragen werden. )<\/h6>\n","protected":false},"featured_media":15323,"template":"","meta":{"_acf_changed":false,"_kad_blocks_custom_css":"","_kad_blocks_head_custom_js":"","_kad_blocks_body_custom_js":"","_kad_blocks_footer_custom_js":""},"product_brand":[],"product_cat":[90],"product_tag":[],"class_list":{"0":"post-15336","1":"product","2":"type-product","3":"status-publish","4":"has-post-thumbnail","6":"product_cat-audio-visuelle-reisen","8":"first","9":"instock","10":"downloadable","11":"virtual","12":"purchasable","13":"product-type-simple"},"acf":[],"taxonomy_info":{"product_cat":[{"value":90,"label":"Audio\/Visuelle Reisen"}]},"featured_image_src_large":["https:\/\/awakentheworld.com\/de\/wp-content\/uploads\/sites\/10\/2022\/05\/EN-ATW-Downloads-Encounter-with-Seraphim.jpg",640,640,false],"author_info":[],"comment_info":"","jetpack_sharing_enabled":true,"_links":{"self":[{"href":"https:\/\/awakentheworld.com\/de\/wp-json\/wp\/v2\/product\/15336","targetHints":{"allow":["GET"]}}],"collection":[{"href":"https:\/\/awakentheworld.com\/de\/wp-json\/wp\/v2\/product"}],"about":[{"href":"https:\/\/awakentheworld.com\/de\/wp-json\/wp\/v2\/types\/product"}],"wp:featuredmedia":[{"embeddable":true,"href":"https:\/\/awakentheworld.com\/de\/wp-json\/wp\/v2\/media\/15323"}],"wp:attachment":[{"href":"https:\/\/awakentheworld.com\/de\/wp-json\/wp\/v2\/media?parent=15336"}],"wp:term":[{"taxonomy":"product_brand","embeddable":true,"href":"https:\/\/awakentheworld.com\/de\/wp-json\/wp\/v2\/product_brand?post=15336"},{"taxonomy":"product_cat","embeddable":true,"href":"https:\/\/awakentheworld.com\/de\/wp-json\/wp\/v2\/product_cat?post=15336"},{"taxonomy":"product_tag","embeddable":true,"href":"https:\/\/awakentheworld.com\/de\/wp-json\/wp\/v2\/product_tag?post=15336"}],"curies":[{"name":"wp","href":"https:\/\/api.w.org\/{rel}","templated":true}]}}