{"id":15339,"date":"2022-05-13T15:00:22","date_gmt":"2022-05-13T15:00:22","guid":{"rendered":"https:\/\/awakentheworld.com\/de\/?post_type=product&#038;p=15339"},"modified":"2022-05-17T00:03:56","modified_gmt":"2022-05-17T00:03:56","slug":"gefuhrte-meditationen-des-centro-samadhi-descarga-de-audio-gratis","status":"publish","type":"product","link":"https:\/\/awakentheworld.com\/de\/product\/gefuhrte-meditationen-des-centro-samadhi-descarga-de-audio-gratis\/","title":{"rendered":"Gef\u00fchrte Meditationen des Samadhi-Centers (in engl. Sprache) &#8211; GRATIS Audio Download"},"content":{"rendered":"","protected":false},"excerpt":{"rendered":"<p>&nbsp;<\/p>\n<p class=\"western\" lang=\"de-DE\">Kostenlose MP3-Audiodateien der gef\u00fchrten Meditationen f\u00fcr Anf\u00e4nger &#8216;The Pathless Path&#8217;.<\/p>\n<p>**** <strong>Bitte beachte:<\/strong> <a href=\"https:\/\/dl.dropbox.com\/s\/3dqpzeynftg7bvk\/The-Pathless-Path-Introductory-Meditations-MP3s.zip?dl=1\" target=\"_blank\" rel=\"noopener\">Lade die Dateien von hier herunter<\/a>. Du musst nicht den Bestellvorgang durchlaufen.<\/p>\n<p class=\"western\" lang=\"de-DE\">Die Dateien werden sofort heruntergeladen. Bitte schau in deinem Download-Ordner nach.<\/p>\n<p>&nbsp;<\/p>\n","protected":false},"featured_media":15321,"template":"","meta":{"_acf_changed":false,"_kad_blocks_custom_css":"","_kad_blocks_head_custom_js":"","_kad_blocks_body_custom_js":"","_kad_blocks_footer_custom_js":""},"product_brand":[],"product_cat":[89],"product_tag":[],"class_list":{"0":"post-15339","1":"product","2":"type-product","3":"status-publish","4":"has-post-thumbnail","6":"product_cat-awaken-the-world-gefuhrte-meditationen","8":"first","9":"instock","10":"downloadable","11":"virtual","12":"purchasable","13":"product-type-simple"},"acf":[],"taxonomy_info":{"product_cat":[{"value":89,"label":"Gef\u00fchrte Meditationen"}]},"featured_image_src_large":["https:\/\/awakentheworld.com\/de\/wp-content\/uploads\/sites\/10\/2022\/05\/EN-ATW-Audio-Downloads-Core-Gudied-Meditations.jpg",640,640,false],"author_info":[],"comment_info":"","jetpack_sharing_enabled":true,"_links":{"self":[{"href":"https:\/\/awakentheworld.com\/de\/wp-json\/wp\/v2\/product\/15339","targetHints":{"allow":["GET"]}}],"collection":[{"href":"https:\/\/awakentheworld.com\/de\/wp-json\/wp\/v2\/product"}],"about":[{"href":"https:\/\/awakentheworld.com\/de\/wp-json\/wp\/v2\/types\/product"}],"wp:featuredmedia":[{"embeddable":true,"href":"https:\/\/awakentheworld.com\/de\/wp-json\/wp\/v2\/media\/15321"}],"wp:attachment":[{"href":"https:\/\/awakentheworld.com\/de\/wp-json\/wp\/v2\/media?parent=15339"}],"wp:term":[{"taxonomy":"product_brand","embeddable":true,"href":"https:\/\/awakentheworld.com\/de\/wp-json\/wp\/v2\/product_brand?post=15339"},{"taxonomy":"product_cat","embeddable":true,"href":"https:\/\/awakentheworld.com\/de\/wp-json\/wp\/v2\/product_cat?post=15339"},{"taxonomy":"product_tag","embeddable":true,"href":"https:\/\/awakentheworld.com\/de\/wp-json\/wp\/v2\/product_tag?post=15339"}],"curies":[{"name":"wp","href":"https:\/\/api.w.org\/{rel}","templated":true}]}}