{"id":3006,"date":"2019-01-13T14:14:55","date_gmt":"2019-01-13T14:14:55","guid":{"rendered":"https:\/\/awakentheworld-reference.mystagingwebsite.com\/?post_type=product&#038;p=3006"},"modified":"2022-05-01T16:15:01","modified_gmt":"2022-05-01T16:15:01","slug":"vollstandige-serie-inner-worlds-outer-worlds","status":"publish","type":"product","link":"https:\/\/awakentheworld.com\/de\/product\/vollstandige-serie-inner-worlds-outer-worlds\/","title":{"rendered":"Innere Welten \u00c4u\u00dfere Welten"},"content":{"rendered":"<h4>Teil 1 \u2013 Akasha<\/h4>\r\n<p>Akasha ist das Unmanifestierte, das \u201eNichts\u201c oder die Leere, die das Vakuum des Raumes f\u00fcllt.<\/p>\r\n<p>&nbsp;<\/p>\r\n<div class=\"wp-block-image\">\r\n<figure class=\"alignleft size-medium\"><img loading=\"lazy\" decoding=\"async\" class=\"wp-image-3139\" src=\"https:\/\/awakentheworld.com\/wp-content\/uploads\/sites\/10\/2019\/01\/akasha-dvd_sm.png\" alt=\"\" width=\"200\" height=\"200\" \/><\/figure>\r\n<\/div>\r\n\r\n<div class=\"wp-block-image\">\r\n<figure class=\"alignleft size-medium\"><img loading=\"lazy\" decoding=\"async\" class=\"wp-image-3174\" src=\"https:\/\/awakentheworld.com\/wp-content\/uploads\/sites\/10\/2019\/01\/spiral-dvd_sm.png\" alt=\"\" width=\"200\" height=\"200\" \/><\/figure>\r\n<\/div>\r\n\r\n<div class=\"wp-block-image\">\r\n<figure class=\"alignleft size-medium\"><img loading=\"lazy\" decoding=\"async\" class=\"wp-image-3167\" src=\"https:\/\/awakentheworld.com\/wp-content\/uploads\/sites\/10\/2019\/01\/serpent-dvd_sm.png\" alt=\"\" width=\"200\" height=\"200\" \/><\/figure>\r\n<\/div>\r\n\r\n<div class=\"wp-block-image\">\r\n<figure class=\"alignleft size-medium\"><img loading=\"lazy\" decoding=\"async\" class=\"wp-image-3146\" src=\"https:\/\/awakentheworld.com\/wp-content\/uploads\/sites\/10\/2019\/01\/beyond-thinking-dvd_sm.png\" alt=\"\" width=\"200\" height=\"200\" \/><\/figure>\r\n<\/div>\r\n<h4>Teil 2 \u2013 \u201eDie Spirale\u201c<\/h4>\r\n<p>Der pythagorianische Philosoph Platon deutete r\u00e4tselhaft an, dass es einen goldenen Schl\u00fcssel gebe, der alle Geheimnisse des Universums vereinen w\u00fcrde.<\/p>\r\n<p><strong>Teil 3 \u2013 Die Schlange und der Lotus<\/strong><\/p>\r\n<p>Die Urspirale ist die manifestierte Welt, w\u00e4hrend Akasha die nicht manifestierte oder die Leere selbst ist. Die ganze Realit\u00e4t ist ein Zusammenspiel dieser beiden Dinge; Yang und Yin oder Bewusstsein und Materie. Die Spirale wurde oft durch die Schlange, die Abw\u00e4rtsstr\u00f6mung, dargestellt, w\u00e4hrend der Vogel oder die bl\u00fchende Lotusblume die Aufw\u00e4rtsstr\u00f6mung oder Transzendenz dargestellt hat.<\/p>\r\n<h4>Teil 4 \u2013 \u201eJenseits des Denkens\u201c<\/h4>\r\n<p>Leben, Freiheit und das Streben nach Gl\u00fcck Wir leben unser Leben und streben \u201eda drau\u00dfen\u201c nach Gl\u00fcck , als handelte es sich dabei um eine Ware. Wir sind Sklaven unserer eigenen W\u00fcnsche und Begierden geworden.<\/p>","protected":false},"excerpt":{"rendered":"<p>Die Filmreihe wird in deutscher Sprache im Format h.264 (MP4) erz\u00e4hlt. Dauer: 02 hr : 01 min : 42 seg <u><a href=\"https:\/\/www.dropbox.com\/s\/l578opfto2ymgdi\/InnerWorldsOuterWorldsSubtitles-SRT%20Files.zip?dl=0\" target=\"_blank\" rel=\"noopener noreferrer\">Laden Sie Untertitel in 23 Sprachen herunter<\/a><\/u>.<\/p>\n","protected":false},"featured_media":15054,"template":"","meta":{"_acf_changed":false,"_kad_blocks_custom_css":"","_kad_blocks_head_custom_js":"","_kad_blocks_body_custom_js":"","_kad_blocks_footer_custom_js":""},"product_brand":[],"product_cat":[36],"product_tag":[],"class_list":{"0":"post-3006","1":"product","2":"type-product","3":"status-publish","4":"has-post-thumbnail","6":"product_cat-awaken-the-world-filme-und-documentaries","8":"first","9":"instock","10":"featured","11":"downloadable","12":"virtual","13":"purchasable","14":"product-type-simple"},"acf":[],"taxonomy_info":{"product_cat":[{"value":36,"label":"Filme"}]},"featured_image_src_large":["https:\/\/awakentheworld.com\/de\/wp-content\/uploads\/sites\/10\/2019\/01\/DE-H264-Inner-Worlds-Outer-Worlds.jpg",640,640,false],"author_info":[],"comment_info":"","jetpack_sharing_enabled":true,"_links":{"self":[{"href":"https:\/\/awakentheworld.com\/de\/wp-json\/wp\/v2\/product\/3006","targetHints":{"allow":["GET"]}}],"collection":[{"href":"https:\/\/awakentheworld.com\/de\/wp-json\/wp\/v2\/product"}],"about":[{"href":"https:\/\/awakentheworld.com\/de\/wp-json\/wp\/v2\/types\/product"}],"wp:featuredmedia":[{"embeddable":true,"href":"https:\/\/awakentheworld.com\/de\/wp-json\/wp\/v2\/media\/15054"}],"wp:attachment":[{"href":"https:\/\/awakentheworld.com\/de\/wp-json\/wp\/v2\/media?parent=3006"}],"wp:term":[{"taxonomy":"product_brand","embeddable":true,"href":"https:\/\/awakentheworld.com\/de\/wp-json\/wp\/v2\/product_brand?post=3006"},{"taxonomy":"product_cat","embeddable":true,"href":"https:\/\/awakentheworld.com\/de\/wp-json\/wp\/v2\/product_cat?post=3006"},{"taxonomy":"product_tag","embeddable":true,"href":"https:\/\/awakentheworld.com\/de\/wp-json\/wp\/v2\/product_tag?post=3006"}],"curies":[{"name":"wp","href":"https:\/\/api.w.org\/{rel}","templated":true}]}}