{"id":11095,"date":"2019-10-30T21:44:01","date_gmt":"2019-10-30T21:44:01","guid":{"rendered":"https:\/\/awakentheworld-reference.mystagingwebsite.com\/?page_id=11095"},"modified":"2021-05-25T23:14:04","modified_gmt":"2021-05-25T23:14:04","slug":"atw-faq","status":"publish","type":"page","link":"https:\/\/awakentheworld.com\/es\/atw-faq\/","title":{"rendered":"FAQ"},"content":{"rendered":"\n<div class=\"wp-block-coblocks-accordion faq-questions-section\">\n<div class=\"wp-block-coblocks-accordion-item\"><details><summary class=\"wp-block-coblocks-accordion-item__title\">P. \u00bfD\u00f3nde puedo comprar el DVD \/ Blu-ray de Samadhi \/ Inner Worlds Outer Worlds o descargas de alta calidad H.264?<\/summary><div class=\"wp-block-coblocks-accordion-item__content\">\n<p>R. Las pel\u00edculas se pueden comprar o descargar en<\/p>\n\n\n\n<p><a href=\"https:\/\/awakentheworld.com\/es\/atw-store\/\">https:\/\/awakentheworld.com\/es\/atw-store\/<\/a><\/p>\n<\/div><\/details><\/div>\n\n\n\n<div class=\"wp-block-coblocks-accordion-item\"><details><summary class=\"wp-block-coblocks-accordion-item__title\">P. Estoy interesado en apoyar su trabajo, \u00bfc\u00f3mo puedo hacerlo?<\/summary><div class=\"wp-block-coblocks-accordion-item__content\">\n<p>R. Cada proyecto cinematogr\u00e1fico de Awaken the World est\u00e1 financiado en su totalidad por donaci\u00f3nes y personalmente por Daniel. Las miles de horas dedicadas a cada proyecto son aportados por Daniel y Tanya como ofrendas de coraz\u00f3n, sin remuneraci\u00f3n. Esto nos permite propagar las pel\u00edculas al mundo entero de forma gratuita, y estamos profundamente agradecidos por cada donaci\u00f3n monetaria que respalde esta iniciativa, independientemente del tama\u00f1o. Tenemos una maravillosa <a href=\"https:\/\/www.patreon.com\/awakentheworld\">comunidad de donantes en Patreon<\/a> para aquellos que deseen apoyarnos con una donaci\u00f3n mensual tan peque\u00f1a como $ 1 (\u00a1el cual realmente suma!). Nuestros patrocinadores reciben invitaciones a nuestros eventos online, as\u00ed como obsequios como muestra de agradecimiento por el apoyo continuo. Por ejemplo, pistas musicales originales de Daniel, las \u00faltimas meditaciones guiadas grabadas, ilustraciones y fondos de pantalla de geometr\u00eda sagrada. Tambi\u00e9n podemos recibir <a href=\"https:\/\/www.paypal.com\/donate\/?token=ujcTxM7nWzHMPfpqdoaz1TCNC2cWBlcKEi7vyXvnTdWZsL5jNO0wOJC3NannWpO8zGk3am&amp;fromUL=true&amp;country.x=CA&amp;locale.x=en_US\">donaciones \u00fanicas a trav\u00e9s de Paypal.<\/a><\/p>\n\n\n\n<p><\/p>\n\n\n\n<p> <a rel=\"noreferrer noopener\" href=\"https:\/\/www.patreon.com\/awakentheworld\" target=\"_blank\">wonderful Patreon Community<\/a> for those who wish to support us with a monthly donation as small as $1 (which really adds up!)&nbsp; Our Patrons receive invitations to our on-line events as well as free gifts such as Daniel&#8217;s original music tracks and sacred geometry wallpapers, as a show of appreciation for their ongoing support.&nbsp; We can also receive <a rel=\"noreferrer noopener\" href=\"https:\/\/www.paypal.com\/donate\/?token=ujcTxM7nWzHMPfpqdoaz1TCNC2cWBlcKEi7vyXvnTdWZsL5jNO0wOJC3NannWpO8zGk3am&amp;fromUL=true&amp;country.x=CA&amp;locale.x=en_US\" target=\"_blank\">one-time donations via Paypal<\/a>.<\/p>\n\n\n\n<p>\u00bfEres un artista visionario? Siempre buscamos arte, animaci\u00f3n, videos y m\u00fasica de primer nivel para las pr\u00f3ximas pel\u00edculas. Si deseas contribuir con tu arte para un uso totalmente acreditado por Awaken the World, cont\u00e1ctenos en <a href=\"mailto:contact@awakentheworld.com\">contact@awakentheworld.com<\/a>.<\/p>\n<\/div><\/details><\/div>\n\n\n\n<div class=\"wp-block-coblocks-accordion-item\"><details><summary class=\"wp-block-coblocks-accordion-item__title\">P. Quiero aprender m\u00e1s sobre c\u00f3mo realizar el Samadhi. \u00bfC\u00f3mo puedo aprender a meditar o profundizar mi pr\u00e1ctica de meditaci\u00f3n?<\/summary><div class=\"wp-block-coblocks-accordion-item__content\">\n<p>R: Hemos creado series de meditaci\u00f3n guiada de una hora en 4 partes y otra serie introductoria de 10, 15 y 20 minutos. Ambas son gratuitas aunque est\u00e1n s\u00f3lo narradas en ingl\u00e9s en este momento. Puedes acceder a ellas en la <a href=\"https:\/\/awakentheworld.com\/meditations\/\" target=\"_blank\" rel=\"noreferrer noopener\">versi\u00f3n en ingles de nuestro sitio<\/a>. Al pie de la misma p\u00e1gina puedes descargar las versiones en MP3.<\/p>\n<\/div><\/details><\/div>\n\n\n\n<div class=\"wp-block-coblocks-accordion-item\"><details><summary class=\"wp-block-coblocks-accordion-item__title\">P. Me gustar\u00eda conectarme con otros en el camino al despertar espiritual. \u00bfC\u00f3mo puedo conectarme con uds. y con aquellos que est\u00e1n en un rumbo similar?<\/summary><div class=\"wp-block-coblocks-accordion-item__content\">\n<p><\/p>\n\n\n\n<p>R: Organizamos meditaciones online gratuitas (cada otro S\u00e1bado a las 8:00 de la ma\u00f1ana, hora del Este (USA), as\u00ed como Mi\u00e9rcoles y Jueves a las 8:00 de la noche. Las sesiones de meditaci\u00f3n online duran de 30 minutos a una hora, seguidas de un per\u00edodo de preguntas y respuestas durante las cuales puedes conectarte, hacer preguntas y compartir.<\/p>\n\n\n\n<p><strong>\u00a1Se est\u00e1 desarrollando una maravillosa comunidad virtual!<\/strong><br> La reuni\u00f3n se lleva a cabo a trav\u00e9s de conferencias Zoom, que se pueden descargar gratis. Los detalles y las pr\u00f3ximas fechas se pueden encontrar aqu\u00ed: <a href=\"https:\/\/awakentheworld-reference.mystagingwebsite.com\/es\/atw-drop-in-meditations\/\">https:\/\/awakentheworld-reference.mystagingwebsite.com\/es\/atw-drop-in-meditations\/<\/a><\/p>\n<\/div><\/details><\/div>\n\n\n\n<div class=\"wp-block-coblocks-accordion-item\"><details><summary class=\"wp-block-coblocks-accordion-item__title\">P. Estoy buscando una pieza musical en particular de una de las pel\u00edculas. \u00bfC\u00f3mo puedo encontrarlo?<\/summary><div class=\"wp-block-coblocks-accordion-item__content\">\n<p>R: Las bandas sonoras de Inner Worlds Outer Worlds y Samadhi Films se han combinado en la compilaci\u00f3n de bandas sonoras de &#8220;Inner Worlds Music&#8221;. Los enlaces para varias opciones como <a rel=\"noreferrer noopener\" href=\"https:\/\/music.apple.com\/ca\/album\/inner-worlds-music-music-from-films-inner-worlds-outer\/1410561631\" target=\"_blank\">iTunes<\/a>, <a rel=\"noreferrer noopener\" href=\"https:\/\/play.google.com\/music\/preview\/B7ven2bx2tapbewiz5o6ldk4zta?t=Inner_Worlds_Music_Music_from_the_Films_Inner_Worlds_Outer_Worlds_and_Samadhi_Parts_1_and_2_-_Variou&amp;u=0\" target=\"_blank\">Google Play<\/a> y <a rel=\"noreferrer noopener\" href=\"https:\/\/open.spotify.com\/album\/3wYDgxbug0QJLcWV6kTBti\" target=\"_blank\">Spotify<\/a> se pueden encontrar en la tienda ATW. Desafortunadamente, no todas las pistas de las pel\u00edculas llegaron a esta compilaci\u00f3n, por lo que si no est\u00e1 all\u00ed, no tenemos forma de que est\u00e9 disponible.<\/p>\n<\/div><\/details><\/div>\n<\/div>\n","protected":false},"excerpt":{"rendered":"","protected":false},"author":8,"featured_media":0,"parent":0,"menu_order":0,"comment_status":"closed","ping_status":"closed","template":"","meta":{"_acf_changed":false,"_kad_blocks_custom_css":"","_kad_blocks_head_custom_js":"","_kad_blocks_body_custom_js":"","_kad_blocks_footer_custom_js":"","footnotes":""},"class_list":["post-11095","page","type-page","status-publish","hentry"],"acf":[],"taxonomy_info":[],"featured_image_src_large":false,"author_info":{"display_name":"danielschmidt","author_link":"https:\/\/awakentheworld.com\/es\/author\/danielschmidt\/"},"comment_info":0,"jetpack_sharing_enabled":true,"_links":{"self":[{"href":"https:\/\/awakentheworld.com\/es\/wp-json\/wp\/v2\/pages\/11095","targetHints":{"allow":["GET"]}}],"collection":[{"href":"https:\/\/awakentheworld.com\/es\/wp-json\/wp\/v2\/pages"}],"about":[{"href":"https:\/\/awakentheworld.com\/es\/wp-json\/wp\/v2\/types\/page"}],"author":[{"embeddable":true,"href":"https:\/\/awakentheworld.com\/es\/wp-json\/wp\/v2\/users\/8"}],"replies":[{"embeddable":true,"href":"https:\/\/awakentheworld.com\/es\/wp-json\/wp\/v2\/comments?post=11095"}],"version-history":[{"count":12,"href":"https:\/\/awakentheworld.com\/es\/wp-json\/wp\/v2\/pages\/11095\/revisions"}],"predecessor-version":[{"id":15041,"href":"https:\/\/awakentheworld.com\/es\/wp-json\/wp\/v2\/pages\/11095\/revisions\/15041"}],"wp:attachment":[{"href":"https:\/\/awakentheworld.com\/es\/wp-json\/wp\/v2\/media?parent=11095"}],"curies":[{"name":"wp","href":"https:\/\/api.w.org\/{rel}","templated":true}]}}