{"id":12386,"date":"2020-01-27T23:29:47","date_gmt":"2020-01-27T23:29:47","guid":{"rendered":"https:\/\/awakentheworld-reference.mystagingwebsite.com\/?page_id=12386"},"modified":"2021-05-25T23:13:20","modified_gmt":"2021-05-25T23:13:20","slug":"how-to-get-involved","status":"publish","type":"page","link":"https:\/\/awakentheworld.com\/es\/how-to-get-involved\/","title":{"rendered":"Contribuye"},"content":{"rendered":"\n<div class=\"wp-block-columns is-style-vertical-center is-layout-flex wp-container-core-columns-is-layout-9d6595d7 wp-block-columns-is-layout-flex\">\n<div class=\"wp-block-column is-layout-flow wp-block-column-is-layout-flow\">\n<div class=\"wp-block-image\"><figure class=\"aligncenter size-large is-resized\"><img loading=\"lazy\" decoding=\"async\" src=\"https:\/\/awakentheworld.com\/wp-content\/uploads\/2020\/06\/online-meditation-icon.svg\" alt=\"\" class=\"wp-image-13513\" width=\"170\" height=\"109\"\/><\/figure><\/div>\n<\/div>\n\n\n\n<div class=\"wp-block-column is-layout-flow wp-block-column-is-layout-flow\">\n<h2 class=\"wp-block-heading\"><strong>Meditaci\u00f3n Online<\/strong><\/h2>\n\n\n\n<p class=\"has-large-font-size\"><strong>Si entiendes Ingl\u00e9s<\/strong>, te invitamos a sumarte a nuestras meditaciones ZOOM gratuitas y en vivo. Todos son bienvenidos a esta comunidad de ayuda participando de nuestras meditaciones guiadas de una hora, seguidas de un per\u00edodo de preguntas y respuestas.<\/p>\n\n\n\n<div class=\"wp-block-buttons is-layout-flex wp-block-buttons-is-layout-flex\">\n<div class=\"wp-block-button\"><a class=\"wp-block-button__link\" href=\"https:\/\/awakentheworld.com\/atw-drop-in-meditations\/\">Ver horario<\/a><\/div>\n<\/div>\n\n\n\n<p class=\"has-text-align-left\" style=\"font-size:12px\">(Ser\u00e1s redirigido a informaci\u00f3n y horarios en la versi\u00f3n del sitio en Ingl\u00e9s) <\/p>\n\n\n\n<p class=\"has-regular-font-size\">\u00bfNo puedes asistir a las llamadas en vivo? Nuestras series de meditaci\u00f3nes gratuitas est\u00e1n siempre disponible para ayudar a mantenerte encaminado en tu pr\u00e1ctica. <a href=\"https:\/\/awakentheworld.com\/meditation-series\/zoom-meditations\/\">Grabaciones de meditaci\u00f3n guiada<\/a><br>\n<span class=\"has-text-align-left\" style=\"font-size:12px\">(Redirecci\u00f3n al \u00e1rea de meditaciones guiadas en Ingl\u00e9s.) <\/span><\/p>\n<\/div>\n<\/div>\n\n\n<p><!-- \/wp:post-content --><\/p>\n<p><!-- wp:columns {\"className\":\"is-style-vertical-center-flip\"} --><\/p>\n<div class=\"wp-block-columns is-style-vertical-center-flip\"><!-- wp:column -->\n<p>\u00a0<\/p>\n<div class=\"wp-block-column\"><!-- wp:heading -->\n<p>\u00a0<\/p>\n<h2><strong>Ay\u00fadanos a traducir.<\/strong><\/h2>\n<p><!-- \/wp:heading --><\/p>\n<p><!-- wp:paragraph {\"fontSize\":\"large\"} --><\/p>\n<p class=\"has-large-font-size\">Nuestra intenci\u00f3n es lograr que las pel\u00edculas, el sitio web y otros proyectos est\u00e9n disponibles en tantos idiomas como sea posible. Si tienes habilidades de traducci\u00f3n y una comprensi\u00f3n profunda del contenido, \u00a1Agradecer\u00edamos tu ayuda!<\/p>\n<p><!-- \/wp:paragraph --><\/p>\n<p><!-- wp:paragraph {\"fontSize\":\"regular\"} --><\/p>\n<p><!-- \/wp:paragraph --><\/p>\n<p><!-- wp:buttons --><\/p>\n<div class=\"wp-block-buttons\"><!-- wp:button -->\n<p>\u00a0<\/p>\n<div class=\"wp-block-button\"><a class=\"wp-block-button__link\" href=\"https:\/\/awakentheworld.com\/es\/contact\/\">Cont\u00e1ctanos para traducciones<\/a><\/div>\n<p><!-- \/wp:button --><\/p>\n<\/div>\n<p><!-- \/wp:buttons --><\/p>\n<\/div>\n<p><!-- \/wp:column --><\/p>\n<p><!-- wp:column --><\/p>\n<div class=\"wp-block-column\"><!-- wp:image {\"align\":\"center\",\"id\":13514,\"sizeSlug\":\"large\"} -->\n<p>\u00a0<\/p>\n<div class=\"wp-block-image\">\n<figure class=\"aligncenter size-large\"><img loading=\"lazy\" decoding=\"async\" width=\"192\" height=\"167\" class=\"wp-image-13514\" src=\"https:\/\/awakentheworld.com\/es\/wp-content\/uploads\/2020\/06\/translation-head-icon.svg\" alt=\"\" \/><\/figure>\n<\/div>\n<p><!-- \/wp:image --><\/p>\n<\/div>\n<p><!-- \/wp:column --><\/p>\n<\/div>\n<p><!-- \/wp:columns --><\/p>\n<p><!-- wp:columns {\"className\":\"is-style-vertical-center\"} --><\/p>\n<div class=\"wp-block-columns is-style-vertical-center\"><!-- wp:column -->\n<p>\u00a0<\/p>\n<div class=\"wp-block-column\"><!-- wp:image {\"align\":\"center\",\"id\":13829,\"width\":195,\"height\":136,\"sizeSlug\":\"large\"} -->\n<p>\u00a0<\/p>\n<div class=\"wp-block-image\">\n<figure class=\"aligncenter size-large is-resized\"><img loading=\"lazy\" decoding=\"async\" class=\"wp-image-13829\" src=\"https:\/\/awakentheworld.com\/es\/wp-content\/uploads\/2020\/06\/meditation-plus-signs.svg\" alt=\"\" width=\"195\" height=\"136\" \/><\/figure>\n<\/div>\n<p><!-- \/wp:image --><\/p>\n<\/div>\n<p><!-- \/wp:column --><\/p>\n<p><!-- wp:column --><\/p>\n<div class=\"wp-block-column\"><!-- wp:heading -->\n<p>\u00a0<\/p>\n<h2><strong>Contribuye a las pel\u00edculas.<\/strong><\/h2>\n<p><!-- \/wp:heading --><\/p>\n<p><!-- wp:paragraph {\"fontSize\":\"large\"} --><\/p>\n<p class=\"has-large-font-size\">Continuamente buscamos arte visionario de clase mundial, animaci\u00f3n 3D, video y m\u00fasica para las pr\u00f3ximas pel\u00edculas.<\/p>\n<p><!-- \/wp:paragraph --><\/p>\n<p><!-- wp:paragraph {\"fontSize\":\"regular\"} --><\/p>\n<p class=\"has-regular-font-size\">Si crees que tu arte est\u00e1 destinado a aparecer en una de nuestras pel\u00edculas, <u><a href=\"https:\/\/awakentheworld.com\/es\/contact\/\">por favor cont\u00e1ctanos.<\/a><\/u><\/p>\n<p><!-- \/wp:paragraph --><\/p>\n<p><!-- wp:buttons --><\/p>\n<div class=\"wp-block-buttons\"><!-- wp:button -->\n<p>\u00a0<\/p>\n<div class=\"wp-block-button\"><a class=\"wp-block-button__link\" href=\"https:\/\/awakentheworld.com\/es\/contact\/\">Cont\u00e1ctanos para contribuciones<\/a><\/div>\n<p><!-- \/wp:button --><\/p>\n<\/div>\n<p><!-- \/wp:buttons --><\/p>\n<\/div>\n<p><!-- \/wp:column --><\/p>\n<\/div>\n<p><!-- \/wp:columns --><\/p>\n<p><!-- wp:columns {\"className\":\"is-style-vertical-center-flip\"} --><\/p>\n<div class=\"wp-block-columns is-style-vertical-center-flip\"><!-- wp:column -->\n<p>\u00a0<\/p>\n<div class=\"wp-block-column\"><!-- wp:heading -->\n<p>\u00a0<\/p>\n<h2><strong>Contribuci\u00f3n financiera<\/strong><\/h2>\n<p><!-- \/wp:heading --><\/p>\n<p><!-- wp:paragraph {\"fontSize\":\"large\"} --><\/p>\n<p class=\"has-large-font-size\">Siempre agradecemos cualquier aporte de apoyo financiero para nuestros proyectos. A partir de 2020, nuestras pel\u00edculas han sido vistas por m\u00e1s de 25 millones de personas en 30 idiomas. \u00a1Imag\u00ednate lo que podr\u00edamos lograr si cada persona hubiera donado solo $ 1.00!<\/p>\n<p><!-- \/wp:paragraph --><\/p>\n<p><!-- wp:paragraph {\"fontSize\":\"regular\"} --><\/p>\n<p class=\"has-regular-font-size\"><u><a href=\"http:\/\/www.patreon.com\/awakentheworld\" target=\"_blank\" rel=\"noopener noreferrer\">Puedes apoyarnos a trav\u00e9s de donaciones mensuales en Patreon<\/a><\/u> or <u><a href=\"http:\/\/www.paypal.me\/samadhicenter\" target=\"_blank\" rel=\"noopener noreferrer\"> donar por \u00fanica vez a trav\u00e9s de Paypal aqu\u00ed.<\/a><\/u><\/p>\n<p><!-- \/wp:paragraph --><\/p>\n<p><!-- wp:buttons --><\/p>\n<div class=\"wp-block-buttons\"><!-- wp:button -->\n<p>\u00a0<\/p>\n<div class=\"wp-block-button\"><a class=\"wp-block-button__link\" href=\"https:\/\/awakentheworld.com\/es\/support-us\/\">Opciones para donaci\u00f3nes<\/a><\/div>\n<p><!-- \/wp:button --><\/p>\n<\/div>\n<p><!-- \/wp:buttons --><\/p>\n<\/div>\n<p><!-- \/wp:column --><\/p>\n<p><!-- wp:column --><\/p>\n<div class=\"wp-block-column\"><!-- wp:image {\"align\":\"center\",\"id\":13516,\"sizeSlug\":\"large\"} -->\n<p>\u00a0<\/p>\n<div class=\"wp-block-image\">\n<figure><\/figure>\n<figure class=\"aligncenter size-large\"><img loading=\"lazy\" decoding=\"async\" width=\"153\" height=\"139\" class=\"wp-image-13516\" src=\"https:\/\/awakentheworld.com\/wp-content\/uploads\/2020\/06\/heart-in-hands-icon.svg\" alt=\"\" \/><\/figure>\n<\/div>\n<p><!-- \/wp:image --><\/p>\n<\/div>\n<p><!-- \/wp:column --><\/p>\n<\/div>\n<p><!-- \/wp:columns --><\/p>","protected":false},"excerpt":{"rendered":"<p>Meditaci\u00f3n Online Si entiendes Ingl\u00e9s, te invitamos a sumarte a nuestras meditaciones ZOOM gratuitas y en vivo. Todos son bienvenidos a esta comunidad de ayuda participando de nuestras meditaciones guiadas de una hora, seguidas de un per\u00edodo de preguntas y respuestas. (Ser\u00e1s redirigido a informaci\u00f3n y horarios en la versi\u00f3n del sitio en Ingl\u00e9s) \u00bfNo [&hellip;]<\/p>\n","protected":false},"author":5,"featured_media":0,"parent":0,"menu_order":0,"comment_status":"closed","ping_status":"closed","template":"","meta":{"_acf_changed":false,"_kad_blocks_custom_css":"","_kad_blocks_head_custom_js":"","_kad_blocks_body_custom_js":"","_kad_blocks_footer_custom_js":"","footnotes":""},"class_list":["post-12386","page","type-page","status-publish","hentry"],"acf":[],"taxonomy_info":[],"featured_image_src_large":false,"author_info":{"display_name":"alitardo","author_link":"https:\/\/awakentheworld.com\/es\/author\/alitardo\/"},"comment_info":0,"jetpack_sharing_enabled":true,"_links":{"self":[{"href":"https:\/\/awakentheworld.com\/es\/wp-json\/wp\/v2\/pages\/12386","targetHints":{"allow":["GET"]}}],"collection":[{"href":"https:\/\/awakentheworld.com\/es\/wp-json\/wp\/v2\/pages"}],"about":[{"href":"https:\/\/awakentheworld.com\/es\/wp-json\/wp\/v2\/types\/page"}],"author":[{"embeddable":true,"href":"https:\/\/awakentheworld.com\/es\/wp-json\/wp\/v2\/users\/5"}],"replies":[{"embeddable":true,"href":"https:\/\/awakentheworld.com\/es\/wp-json\/wp\/v2\/comments?post=12386"}],"version-history":[{"count":47,"href":"https:\/\/awakentheworld.com\/es\/wp-json\/wp\/v2\/pages\/12386\/revisions"}],"predecessor-version":[{"id":15040,"href":"https:\/\/awakentheworld.com\/es\/wp-json\/wp\/v2\/pages\/12386\/revisions\/15040"}],"wp:attachment":[{"href":"https:\/\/awakentheworld.com\/es\/wp-json\/wp\/v2\/media?parent=12386"}],"curies":[{"name":"wp","href":"https:\/\/api.w.org\/{rel}","templated":true}]}}