{"id":14809,"date":"2020-09-28T21:14:47","date_gmt":"2020-09-28T21:14:47","guid":{"rendered":"https:\/\/awakentheworld.com\/es\/?page_id=14809"},"modified":"2025-07-04T01:46:11","modified_gmt":"2025-07-04T01:46:11","slug":"zoom-meditations","status":"publish","type":"page","link":"https:\/\/awakentheworld.com\/es\/zoom-meditations\/","title":{"rendered":"Meditaciones en vivo"},"content":{"rendered":"\n<div class=\"wp-block-group alignfull has-dark-background-color has-background\"><div class=\"wp-block-group__inner-container is-layout-flow wp-block-group-is-layout-flow\"><style>.kb-row-layout-id14809_0ac1d4-d9 > .kt-row-column-wrap{align-content:start;}:where(.kb-row-layout-id14809_0ac1d4-d9 > .kt-row-column-wrap) > .wp-block-kadence-column{justify-content:start;}.kb-row-layout-id14809_0ac1d4-d9 > .kt-row-column-wrap{column-gap:var(--global-kb-gap-md, 2rem);row-gap:var(--global-kb-gap-md, 2rem);padding-top:var(--global-kb-spacing-sm, 1.5rem);padding-bottom:var(--global-kb-spacing-sm, 1.5rem);grid-template-columns:minmax(0, 1fr);}.kb-row-layout-id14809_0ac1d4-d9 > .kt-row-layout-overlay{opacity:0.30;}@media all and (max-width: 1024px){.kb-row-layout-id14809_0ac1d4-d9 > .kt-row-column-wrap{grid-template-columns:minmax(0, 1fr);}}@media all and (max-width: 767px){.kb-row-layout-id14809_0ac1d4-d9 > .kt-row-column-wrap{grid-template-columns:minmax(0, 1fr);}}<\/style><div class=\"kb-row-layout-wrap kb-row-layout-id14809_0ac1d4-d9 alignwide wp-block-kadence-rowlayout\"><div class=\"kt-row-column-wrap kt-has-1-columns kt-row-layout-equal kt-tab-layout-inherit kt-mobile-layout-row kt-row-valign-top\">\n<style>.kadence-column14809_90312a-79 > .kt-inside-inner-col{padding-top:var(--global-kb-spacing-md, 2rem);padding-right:var(--global-kb-spacing-sm, 1.5rem);padding-bottom:var(--global-kb-spacing-sm, 1.5rem);padding-left:var(--global-kb-spacing-sm, 1.5rem);}.kadence-column14809_90312a-79 > .kt-inside-inner-col{border-top:6px solid rgba(92,106,196,0.49);border-right:6px solid rgba(92,106,196,0.49);border-bottom:6px solid rgba(92,106,196,0.49);border-left:6px solid rgba(92,106,196,0.49);}.kadence-column14809_90312a-79 > .kt-inside-inner-col,.kadence-column14809_90312a-79 > .kt-inside-inner-col:before{border-top-left-radius:5px;border-top-right-radius:5px;border-bottom-right-radius:5px;border-bottom-left-radius:4px;}.kadence-column14809_90312a-79 > .kt-inside-inner-col{column-gap:var(--global-kb-gap-sm, 1rem);}.kadence-column14809_90312a-79 > .kt-inside-inner-col{flex-direction:column;}.kadence-column14809_90312a-79 > .kt-inside-inner-col > .aligncenter{width:100%;}.kadence-column14809_90312a-79 > .kt-inside-inner-col{background-color:#e1efff;}.kadence-column14809_90312a-79 > .kt-inside-inner-col:before{opacity:0.3;}.kadence-column14809_90312a-79{text-align:center;}.kadence-column14809_90312a-79{position:relative;}@media all and (max-width: 1024px){.kadence-column14809_90312a-79 > .kt-inside-inner-col{border-top:6px solid rgba(92,106,196,0.49);border-right:6px solid rgba(92,106,196,0.49);border-bottom:6px solid rgba(92,106,196,0.49);border-left:6px solid rgba(92,106,196,0.49);flex-direction:column;justify-content:center;}}@media all and (max-width: 767px){.kadence-column14809_90312a-79 > .kt-inside-inner-col{border-top:6px solid rgba(92,106,196,0.49);border-right:6px solid rgba(92,106,196,0.49);border-bottom:6px solid rgba(92,106,196,0.49);border-left:6px solid rgba(92,106,196,0.49);flex-direction:column;justify-content:center;}}<\/style>\n<div class=\"wp-block-kadence-column kadence-column14809_90312a-79\"><div class=\"kt-inside-inner-col\">\n<div class=\"wp-block-columns is-layout-flex wp-container-core-columns-is-layout-9d6595d7 wp-block-columns-is-layout-flex\">\n<div class=\"wp-block-column is-layout-flow wp-block-column-is-layout-flow\">\n<figure class=\"wp-block-image size-large\"><img loading=\"lazy\" decoding=\"async\" width=\"1000\" height=\"562\" src=\"https:\/\/awakentheworld.com\/es\/wp-content\/uploads\/sites\/7\/2020\/06\/zoom-guided-meditations.jpg\" alt=\"meditations on zoom\" class=\"wp-image-13545\"\/><\/figure>\n\n\n\n<p class=\"has-text-align-left\">Meditaciones silenciosas diarias, excepto los d\u00edas en los que ofrecemos una sesi\u00f3n guiada<\/p>\n\n\n\n<p class=\"has-text-align-left\"><strong>Meditaciones guiadas mensuales:<\/strong><br>Una hora de pr\u00e1ctica no dual, seguida de un per\u00edodo de comunicaci\u00f3n.  (Guiadas por Dan)<\/p>\n\n\n\n<p><\/p>\n<\/div>\n\n\n\n<div class=\"wp-block-column is-layout-flow wp-block-column-is-layout-flow\">\n<p class=\"has-text-align-left\">Todos son bienvenidos a unirse a nuestra comunidad virtual, donde ofrecemos meditaciones silenciosas diarias en vivo, todos los d\u00edas. <br>Al practicar en silencio, todo el mundo puede hacerlo: el idioma ya no es una barrera.<\/p>\n\n\n\n<p class=\"has-text-align-left\">Durante la hora de nuestra diaria meditaci\u00f3n silenciosa, no interviene ning\u00fan gu\u00eda, s\u00f3lo se marca el comienzo y el final de la pr\u00e1ctica con una campana. Estas reuniones ofrecen un espacio para sentarse en silencio, o si prefieres, escuchar alguna meditaci\u00f3n grabada, o cualquier audio que mejor se adapte a tu pr\u00e1ctica.<\/p>\n\n\n\n<p class=\"has-text-align-left\"><strong>No es necesario confirmar tu asistencia, <\/strong><br><strong>\u00a1Simplemente s\u00famate, <\/strong>solo pedimos quedarse lo m\u00e1s quieto posible y mantener el audio en silencio.<\/p>\n\n\n\n<div class=\"wp-block-buttons is-horizontal is-content-justification-center is-layout-flex wp-container-core-buttons-is-layout-499968f5 wp-block-buttons-is-layout-flex\">\n<div class=\"wp-block-button is-style-button-blue\"><a class=\"wp-block-button__link wp-element-button\" href=\"https:\/\/awakentheworld.com\/online-resources\/\">Horarios y m\u00e1s informaci\u00f3n<\/a><\/div>\n<\/div>\n\n\n\n<p class=\"has-text-align-center\" style=\"font-size:11px\">(Ser\u00e1s redirigido a la versi\u00f3n del sitio en Ingl\u00e9s)<\/p>\n<\/div>\n<\/div>\n\n\n\n<p class=\"has-text-align-center has-light-light-gold-color has-text-color has-large-font-size\"><a href=\"https:\/\/zoom.us\/j\/6131117777\" target=\"_blank\" rel=\"noreferrer noopener\">Acceso a la sala de meditaci\u00f3n<\/a><\/p>\n<\/div><\/div>\n\n<\/div><\/div><\/div><\/div>\n\n\n\n<div class=\"wp-block-columns is-layout-flex wp-container-core-columns-is-layout-9d6595d7 wp-block-columns-is-layout-flex\">\n<div class=\"wp-block-column is-layout-flow wp-block-column-is-layout-flow\">\n<h3 class=\"wp-block-heading\" id=\"h-no-puedes-atender-las-sesiones-en-vivo\">No puedes atender las sesiones en vivo? <\/h3>\n\n\n\n<p>Accede a una amplia lista de grabaciones de meditaciones de autoindagaci\u00f3n guiadas por Dan<\/p>\n\n\n\n<div class=\"wp-block-buttons is-layout-flex wp-block-buttons-is-layout-flex\">\n<div class=\"wp-block-button is-style-button-blue\"><a class=\"wp-block-button__link wp-element-button\" href=\"https:\/\/awakentheworld.com\/self-inquiry-guided-meditations\/\" target=\"_blank\" rel=\"noreferrer noopener\">Archivo de sesiones semanales<\/a><\/div>\n<\/div>\n\n\n\n<p style=\"font-size:11px\">(Meditaciones guiadas en Ingl\u00e9s)<\/p>\n<\/div>\n\n\n\n<div class=\"wp-block-column is-layout-flow wp-block-column-is-layout-flow\">\n<figure class=\"wp-block-image size-full\"><img loading=\"lazy\" decoding=\"async\" width=\"1000\" height=\"562\" src=\"https:\/\/awakentheworld.com\/es\/wp-content\/uploads\/sites\/7\/2020\/01\/weekly-zoom-drop-in-meditations.jpg\" alt=\"weekly zoom drop in meditations\" class=\"wp-image-12016\"\/><figcaption class=\"wp-element-caption\">drop in online meditations<\/figcaption><\/figure>\n<\/div>\n<\/div>\n\n\n\n<p><\/p>\n","protected":false},"excerpt":{"rendered":"<p>Meditaciones silenciosas diarias, excepto los d\u00edas en los que ofrecemos una sesi\u00f3n guiada Meditaciones guiadas mensuales:Una hora de pr\u00e1ctica no dual, seguida de un per\u00edodo de comunicaci\u00f3n. (Guiadas por Dan) Todos son bienvenidos a unirse a nuestra comunidad virtual, donde ofrecemos meditaciones silenciosas diarias en vivo, todos los d\u00edas. Al practicar en silencio, todo el [&hellip;]<\/p>\n","protected":false},"author":5,"featured_media":13543,"parent":0,"menu_order":0,"comment_status":"closed","ping_status":"closed","template":"template-dropin.php","meta":{"_acf_changed":false,"_kad_blocks_custom_css":"","_kad_blocks_head_custom_js":"","_kad_blocks_body_custom_js":"","_kad_blocks_footer_custom_js":"","footnotes":""},"class_list":["post-14809","page","type-page","status-publish","has-post-thumbnail","hentry"],"acf":[],"taxonomy_info":[],"featured_image_src_large":["https:\/\/awakentheworld.com\/es\/wp-content\/uploads\/sites\/7\/2020\/06\/meditation-sitting-pose.png",640,168,false],"author_info":{"display_name":"alitardo","author_link":"https:\/\/awakentheworld.com\/es\/author\/alitardo\/"},"comment_info":0,"jetpack_sharing_enabled":true,"_links":{"self":[{"href":"https:\/\/awakentheworld.com\/es\/wp-json\/wp\/v2\/pages\/14809","targetHints":{"allow":["GET"]}}],"collection":[{"href":"https:\/\/awakentheworld.com\/es\/wp-json\/wp\/v2\/pages"}],"about":[{"href":"https:\/\/awakentheworld.com\/es\/wp-json\/wp\/v2\/types\/page"}],"author":[{"embeddable":true,"href":"https:\/\/awakentheworld.com\/es\/wp-json\/wp\/v2\/users\/5"}],"replies":[{"embeddable":true,"href":"https:\/\/awakentheworld.com\/es\/wp-json\/wp\/v2\/comments?post=14809"}],"version-history":[{"count":80,"href":"https:\/\/awakentheworld.com\/es\/wp-json\/wp\/v2\/pages\/14809\/revisions"}],"predecessor-version":[{"id":19108,"href":"https:\/\/awakentheworld.com\/es\/wp-json\/wp\/v2\/pages\/14809\/revisions\/19108"}],"wp:featuredmedia":[{"embeddable":true,"href":"https:\/\/awakentheworld.com\/es\/wp-json\/wp\/v2\/media\/13543"}],"wp:attachment":[{"href":"https:\/\/awakentheworld.com\/es\/wp-json\/wp\/v2\/media?parent=14809"}],"curies":[{"name":"wp","href":"https:\/\/api.w.org\/{rel}","templated":true}]}}