{"id":5269,"date":"2019-03-24T19:20:11","date_gmt":"2019-03-24T19:20:11","guid":{"rendered":"https:\/\/awakentheworld-reference.mystagingwebsite.com\/?page_id=5269"},"modified":"2025-03-10T09:35:10","modified_gmt":"2025-03-10T09:35:10","slug":"iniciativa-despertar-el-mundo","status":"publish","type":"page","link":"https:\/\/awakentheworld.com\/es\/","title":{"rendered":"ATW &#8211; Iniciativa Despertar el Mundo"},"content":{"rendered":"\n<div class=\"wp-block-cover alignfull is-light home-hero-block is-style-small-1030 has-white-color has-text-color has-link-color wp-elements-b4d3f68114454ce43b6cfeb42f70caf7\"><span aria-hidden=\"true\" class=\"wp-block-cover__background has-background-dim-0 has-background-dim\" style=\"background-color:#779a9c\"><\/span><video class=\"wp-block-cover__video-background intrinsic-ignore\" autoplay muted loop playsinline src=\"https:\/\/awakentheworld.com\/wp-content\/uploads\/2025\/03\/ATW-EYE-World-Nebula.mp4\" data-object-fit=\"cover\"><\/video><div class=\"wp-block-cover__inner-container is-layout-flow wp-block-cover-is-layout-flow\">\n<h1 class=\"wp-block-heading alignfull has-text-align-center\" id=\"awaken-the-world-initiative\" style=\"font-size:68px\">Iniciativa Despertar el Mundo<\/h1>\n\n\n\n<div style=\"height:430px\" aria-hidden=\"true\" class=\"wp-block-spacer is-style-small-1030\"><\/div>\n\n\n\n<div class=\"wp-block-buttons is-horizontal is-content-justification-center is-layout-flex wp-container-core-buttons-is-layout-499968f5 wp-block-buttons-is-layout-flex\">\n<div class=\"wp-block-button\"><a class=\"wp-block-button__link wp-element-button\" href=\"https:\/\/awakentheworld.com\/es\/videos-en-espanol\/\">Grilla Completa de Videos<\/a><\/div>\n<\/div>\n<\/div><\/div>\n\n\n\n<h2 class=\"wp-block-heading alignfull has-text-align-center\">Pel\u00edculas y medios de comunicaci\u00f3n para el despertar de la conciencia humana.<\/h2>\n\n\n\n<div class=\"wp-block-group\"><div class=\"wp-block-group__inner-container is-layout-constrained wp-block-group-is-layout-constrained\">\n<div class=\"wp-block-group featured-film-hero has-custom-padding\"><div class=\"wp-block-group__inner-container is-layout-flow wp-block-group-is-layout-flow\">\n<div style=\"height:36px\" aria-hidden=\"true\" class=\"wp-block-spacer mb-0 mt-0\"><\/div>\n\n\n\n<div class=\"wp-block-columns is-style-vertical-center-flip has-white-background-color has-background is-layout-flex wp-container-core-columns-is-layout-9d6595d7 wp-block-columns-is-layout-flex\">\n<div class=\"wp-block-column is-vertically-aligned-bottom is-layout-flow wp-block-column-is-layout-flow\" style=\"flex-basis:55%\">\n<p class=\"has-text-color has-larger-font-size\" style=\"color:#df1b1b\">Serie <strong>Awakening Mind <\/strong><\/p>\n\n\n\n<figure class=\"wp-block-image size-full is-style-default\"><a href=\"https:\/\/awakentheworld.com\/es\/film\/awakening-mind-films-parte-2-la-mente-revelada\/\"><img loading=\"lazy\" decoding=\"async\" width=\"640\" height=\"358\" src=\"https:\/\/awakentheworld.com\/es\/wp-content\/uploads\/sites\/7\/2024\/11\/Awakening-Mind-Part-2.jpg\" alt=\"\" class=\"wp-image-16262\" srcset=\"https:\/\/awakentheworld.com\/es\/wp-content\/uploads\/sites\/7\/2024\/11\/Awakening-Mind-Part-2.jpg 640w, https:\/\/awakentheworld.com\/es\/wp-content\/uploads\/sites\/7\/2024\/11\/Awakening-Mind-Part-2-300x168.jpg 300w, https:\/\/awakentheworld.com\/es\/wp-content\/uploads\/sites\/7\/2024\/11\/Awakening-Mind-Part-2-405x227.jpg 405w\" sizes=\"auto, (max-width: 640px) 100vw, 640px\" \/><\/a><\/figure>\n<\/div>\n\n\n\n<div class=\"wp-block-column is-vertically-aligned-bottom is-layout-flow wp-block-column-is-layout-flow\" style=\"flex-basis:33.33%\">\n<p><a href=\"https:\/\/awakentheworld.com\/es\/film\/awakening-mind-films-parte-2-la-mente-revelada\/\"><strong>Parte 2, \u00abLa Mente Revelada\u00bb<\/strong><\/a><\/p>\n\n\n\n<p class=\"has-dark-color has-text-color has-regular-font-size\"><br>Esta pel\u00edcula expresa el \u00abgran olvido\u00bb que se produce cuando entramos en la experiencia humana, oscureciendo la verdad de qui\u00e9nes somos realmente.<\/p>\n\n\n\n<p class=\"alt has-regular-font-size\"><strong><a href=\"https:\/\/awakentheworld.com\/es\/film\/documental-el-despertar-de-la-mente\/\"><strong>Detalles acerca de la serie<\/strong><\/a><\/strong><\/p>\n<\/div>\n<\/div>\n\n\n\n<div class=\"wp-block-columns are-vertically-aligned-top is-style-vertical-center-flip has-white-background-color has-background is-layout-flex wp-container-core-columns-is-layout-9d6595d7 wp-block-columns-is-layout-flex\">\n<div class=\"wp-block-column is-vertically-aligned-top is-layout-flow wp-block-column-is-layout-flow\" style=\"flex-basis:55%\">\n<figure class=\"wp-block-image size-full is-style-default\"><a href=\"https:\/\/awakentheworld.com\/es\/film\/trailer-samadhi-parte-4-sadhana\/\"><img loading=\"lazy\" decoding=\"async\" width=\"1899\" height=\"1077\" src=\"https:\/\/awakentheworld.com\/es\/wp-content\/uploads\/sites\/7\/2024\/11\/Samadhi-4-Sadhana-2.jpg\" alt=\"\" class=\"wp-image-16268\" srcset=\"https:\/\/awakentheworld.com\/es\/wp-content\/uploads\/sites\/7\/2024\/11\/Samadhi-4-Sadhana-2.jpg 1899w, https:\/\/awakentheworld.com\/es\/wp-content\/uploads\/sites\/7\/2024\/11\/Samadhi-4-Sadhana-2-300x170.jpg 300w, https:\/\/awakentheworld.com\/es\/wp-content\/uploads\/sites\/7\/2024\/11\/Samadhi-4-Sadhana-2-1024x581.jpg 1024w, https:\/\/awakentheworld.com\/es\/wp-content\/uploads\/sites\/7\/2024\/11\/Samadhi-4-Sadhana-2-768x436.jpg 768w, https:\/\/awakentheworld.com\/es\/wp-content\/uploads\/sites\/7\/2024\/11\/Samadhi-4-Sadhana-2-1536x871.jpg 1536w, https:\/\/awakentheworld.com\/es\/wp-content\/uploads\/sites\/7\/2024\/11\/Samadhi-4-Sadhana-2-405x230.jpg 405w\" sizes=\"auto, (max-width: 1899px) 100vw, 1899px\" \/><\/a><\/figure>\n<\/div>\n\n\n\n<div class=\"wp-block-column is-vertically-aligned-top is-layout-flow wp-block-column-is-layout-flow\" style=\"flex-basis:33.33%\">\n<p class=\"has-text-color has-large-font-size\" style=\"color:#cd0808\"><strong>Pr\u00f3ximo lanzamiento<\/strong><\/p>\n\n\n\n<p><strong><a href=\"https:\/\/awakentheworld.com\/es\/film\/trailer-samadhi-parte-4-sadhana\/\">Samadhi Parte 4 \u00abSadhana\u00bb<\/a><\/strong><\/p>\n\n\n\n<p>Sadhana, una antigua palabra s\u00e1nscrita, se\u00f1ala las pr\u00e1cticas que conducen al Verdadero Despertar. Pero aqu\u00ed est\u00e1 la Paradoja: No hay nada que hacer, excepto tomar conciencia de lo que tu mente condicionada ya est\u00e1 haciendo.<\/p>\n<\/div>\n<\/div>\n\n\n\n<div style=\"height:34px\" aria-hidden=\"true\" class=\"wp-block-spacer mb-0 mt-0\"><\/div>\n\n\n\n<div class=\"wp-block-columns is-style-vertical-center-flip is-layout-flex wp-container-core-columns-is-layout-9d6595d7 wp-block-columns-is-layout-flex\">\n<div class=\"wp-block-column is-layout-flow wp-block-column-is-layout-flow\" style=\"flex-basis:66.66%\">\n<h4 class=\"wp-block-heading alt has-purple-color has-text-color has-regular-font-size\" id=\"samadhi-3-the-pathless-path\"><a href=\"https:\/\/awakentheworld.com\/es\/film\/conciencia-sin-eleccion-el-secreto-de-los-secretos\/\"><strong>Conciencia sin Elecci\u00f3n &#8211; El secreto de los secretos<\/strong><\/a><\/h4>\n\n\n\n<p class=\"has-regular-font-size\">Lo que vamos a describir se ha denominado &#8220;El Secreto de los Secretos&#8221;, la sabidur\u00eda esot\u00e9rica que conduce al Samadhi. El samadhi es la meta de toda espiritualidad, su uni\u00f3n con la fuente. La verdad sobre qui\u00e9n o qu\u00e9 eres. Esta verdad que trasciende la mente limitada, no puede alcanzarse por medio de la mente limitada. El estado de quietud no puede alcanzarse mediante el movimiento.<br><a href=\"https:\/\/awakentheworld.com\/es\/film\/conciencia-sin-eleccion-el-secreto-de-los-secretos\/\">Ver pelicula<\/a>.<\/p>\n\n\n\n<p class=\"has-dark-color has-text-color\" style=\"font-size:25px\"><\/p>\n<\/div>\n\n\n\n<div class=\"wp-block-column is-vertically-aligned-bottom is-layout-flow wp-block-column-is-layout-flow\" style=\"flex-basis:33.33%\">\n<figure class=\"wp-block-image size-large\"><a href=\"https:\/\/awakentheworld.com\/film\/choiceless-awareness-the-secret-of-secrets\/\"><img decoding=\"async\" src=\"https:\/\/awakentheworld.com\/wp-content\/uploads\/2023\/01\/Choiceless-Awareness-SQ-1024x1024.jpg\" alt=\"\" class=\"wp-image-37272\"\/><\/a><\/figure>\n<\/div>\n<\/div>\n\n\n\n<div style=\"height:34px\" aria-hidden=\"true\" class=\"wp-block-spacer mb-0 mt-0\"><\/div>\n<\/div><\/div>\n<\/div><\/div>\n\n\n\n<h2 class=\"wp-block-heading\" id=\"h-nuestro-proposito\">Nuestro prop\u00f3sito<\/h2>\n\n\n\n<p class=\"has-text-align-left blue has-large-font-size\"><span style=\"font-weight: 400\">La Iniciativa Awaken the World (Despertar el mundo) fue creada con el prop\u00f3sito de servir humildemente al despertar de la humanidad a su verdadera naturaleza. Todas nuestras pel\u00edculas y meditaciones guiadas est\u00e1n disponibles sin costo y se traducen a la mayor cantidad de idiomas posibles, a fin de garantizar que las ense\u00f1anzas perennes est\u00e9n disponibles gratuitamente para todos.<\/span><\/p>\n\n\n\n<div class=\"wp-block-columns home-feature-tiles is-layout-flex wp-container-core-columns-is-layout-9d6595d7 wp-block-columns-is-layout-flex\">\n<div class=\"wp-block-column blue is-layout-flow wp-block-column-is-layout-flow\">\n<div class=\"wp-block-group\"><div class=\"wp-block-group__inner-container is-layout-flow wp-block-group-is-layout-flow\"><div class=\"wp-block-image\">\n<figure class=\"aligncenter size-large\"><img loading=\"lazy\" decoding=\"async\" width=\"79\" height=\"68\" src=\"https:\/\/awakentheworld.com\/wp-content\/uploads\/sites\/7\/2020\/06\/meditating-video.svg\" alt=\"meditating video icon\" class=\"wp-image-13812\"\/><\/figure>\n<\/div>\n\n\n<h3 class=\"wp-block-heading has-text-align-center\" id=\"h-peliculas-amp-videos\">Pel\u00edculas &amp; v\u00eddeos<\/h3>\n\n\n\n<p class=\"has-text-align-center has-large-font-size\">Documentales narrados y subtitulados en Espa\u00f1ol<\/p>\n\n\n\n<div class=\"wp-block-buttons is-horizontal is-content-justification-center is-layout-flex wp-container-core-buttons-is-layout-499968f5 wp-block-buttons-is-layout-flex\">\n<div class=\"wp-block-button\"><a class=\"wp-block-button__link has-white-color has-blue-background-color has-text-color has-background wp-element-button\" href=\"https:\/\/awakentheworld.com\/es\/videos-en-espanol\/\">Grilla Completa<\/a><\/div>\n<\/div>\n<\/div><\/div>\n<\/div>\n\n\n\n<div class=\"wp-block-column yellow is-layout-flow wp-block-column-is-layout-flow\">\n<div class=\"wp-block-group\"><div class=\"wp-block-group__inner-container is-layout-flow wp-block-group-is-layout-flow\"><div class=\"wp-block-image\">\n<figure class=\"aligncenter size-large\"><img loading=\"lazy\" decoding=\"async\" width=\"79\" height=\"68\" src=\"https:\/\/awakentheworld.com\/wp-content\/uploads\/sites\/7\/2020\/06\/meditating-buddha.svg\" alt=\"meditating buddha\" class=\"wp-image-13811\"\/><\/figure>\n<\/div>\n\n\n<h3 class=\"wp-block-heading has-text-align-center\" id=\"h-meditaciones-guiadas\">Meditaciones<br>Guiadas<\/h3>\n\n\n\n<p class=\"has-text-align-center has-large-font-size\">Lista de meditaciones de autoindagaci\u00f3n guiadas por Dan. (en Ingl\u00e9s)<\/p>\n\n\n\n<div class=\"wp-block-buttons is-horizontal is-content-justification-center is-layout-flex wp-container-core-buttons-is-layout-499968f5 wp-block-buttons-is-layout-flex\">\n<div class=\"wp-block-button\"><a class=\"wp-block-button__link wp-element-button\" href=\"https:\/\/awakentheworld.com\/self-inquiry-guided-meditations\/\" target=\"_blank\" rel=\"noreferrer noopener\">Ver Lista<\/a><\/div>\n<\/div>\n<\/div><\/div>\n<\/div>\n\n\n\n<div class=\"wp-block-column pink is-layout-flow wp-block-column-is-layout-flow\">\n<div class=\"wp-block-group\"><div class=\"wp-block-group__inner-container is-layout-flow wp-block-group-is-layout-flow\"><div class=\"wp-block-image\">\n<figure class=\"aligncenter size-large\"><img loading=\"lazy\" decoding=\"async\" width=\"79\" height=\"68\" src=\"https:\/\/awakentheworld.com\/wp-content\/uploads\/sites\/7\/2020\/06\/meditating-people-icon.svg\" alt=\"\" class=\"wp-image-13810\"\/><\/figure>\n<\/div>\n\n\n<h3 class=\"wp-block-heading has-text-align-center\" id=\"h-meditaciones-en-zoom\">Meditaciones en Zoom <\/h3>\n\n\n\n<p class=\"has-text-align-center has-large-font-size\">Pr\u00e1cticas diarias en silencio y sesiones guiadas semanales Ingl\u00e9s <\/p>\n\n\n\n<div class=\"wp-block-buttons is-horizontal is-content-justification-center is-layout-flex wp-container-core-buttons-is-layout-499968f5 wp-block-buttons-is-layout-flex\">\n<div class=\"wp-block-button\"><a class=\"wp-block-button__link wp-element-button\" href=\"https:\/\/awakentheworld.com\/es\/zoom-meditations\/\">S\u00famate<\/a><\/div>\n<\/div>\n<\/div><\/div>\n<\/div>\n<\/div>\n\n\n\n<div class=\"wp-block-cover alignfull is-light featured-film\"><span aria-hidden=\"true\" class=\"wp-block-cover__background has-background-dim-0 has-background-dim\"><\/span><img loading=\"lazy\" decoding=\"async\" width=\"3220\" height=\"1030\" class=\"wp-block-cover__image-background wp-image-14066\" alt=\"\" src=\"https:\/\/awakentheworld.com\/wp-content\/uploads\/sites\/7\/2020\/07\/header-bg-big-e1595919765930.png\" data-object-fit=\"cover\"\/><div class=\"wp-block-cover__inner-container is-layout-flow wp-block-cover-is-layout-flow\">\n<div style=\"height:26px\" aria-hidden=\"true\" class=\"wp-block-spacer\"><\/div>\n\n\n\n<div class=\"wp-block-columns is-style-vertical-center-flip is-layout-flex wp-container-core-columns-is-layout-9d6595d7 wp-block-columns-is-layout-flex\">\n<div class=\"wp-block-column is-layout-flow wp-block-column-is-layout-flow\">\n<div style=\"height:7px\" aria-hidden=\"true\" class=\"wp-block-spacer\"><\/div>\n\n\n\n<p class=\"has-larger-font-size\"><strong>Invitaci\u00f3n a la quietud<\/strong><\/p>\n\n\n\n<p class=\"has-dark-color has-text-color has-large-font-size\">S\u00famate a la comunidad de awakentheworld.com todos los d\u00edas para una meditaci\u00f3n silenciosa matutina en zoom. <\/p>\n\n\n\n<p><a href=\"https:\/\/awakentheworld.com\/es\/zoom-meditations\/\">Mas informaci\u00f3n<\/a><\/p>\n\n\n\n<div class=\"wp-block-buttons is-layout-flex wp-block-buttons-is-layout-flex\">\n<div class=\"wp-block-button\"><a class=\"wp-block-button__link has-blue-background-color has-background wp-element-button\" href=\"https:\/\/awakentheworld.com\/es\/film\/la-meditacion-no-es-el-camino-hacia-la-liberacion-es-la-liberacion\/\">Ver Video<\/a><\/div>\n<\/div>\n<\/div>\n\n\n\n<div class=\"wp-block-column is-layout-flow wp-block-column-is-layout-flow\">\n<div style=\"height:7px\" aria-hidden=\"true\" class=\"wp-block-spacer\"><\/div>\n\n\n\n<figure class=\"wp-block-image size-full align size-medium\"><a href=\"https:\/\/awakentheworld.com\/es\/film\/la-meditacion-no-es-el-camino-hacia-la-liberacion-es-la-liberacion\/\"><img loading=\"lazy\" decoding=\"async\" width=\"1717\" height=\"966\" src=\"https:\/\/awakentheworld.com\/es\/wp-content\/uploads\/sites\/7\/2024\/12\/Meditation-IS-liberation.jpg\" alt=\"\" class=\"wp-image-18732\" srcset=\"https:\/\/awakentheworld.com\/es\/wp-content\/uploads\/sites\/7\/2024\/12\/Meditation-IS-liberation.jpg 1717w, https:\/\/awakentheworld.com\/es\/wp-content\/uploads\/sites\/7\/2024\/12\/Meditation-IS-liberation-300x169.jpg 300w, https:\/\/awakentheworld.com\/es\/wp-content\/uploads\/sites\/7\/2024\/12\/Meditation-IS-liberation-1024x576.jpg 1024w, https:\/\/awakentheworld.com\/es\/wp-content\/uploads\/sites\/7\/2024\/12\/Meditation-IS-liberation-768x432.jpg 768w, https:\/\/awakentheworld.com\/es\/wp-content\/uploads\/sites\/7\/2024\/12\/Meditation-IS-liberation-1536x864.jpg 1536w, https:\/\/awakentheworld.com\/es\/wp-content\/uploads\/sites\/7\/2024\/12\/Meditation-IS-liberation-405x228.jpg 405w\" sizes=\"auto, (max-width: 1717px) 100vw, 1717px\" \/><\/a><\/figure>\n<\/div>\n<\/div>\n<\/div><\/div>\n\n\n\n<div class=\"wp-block-columns alignwide store-blurb is-layout-flex wp-container-core-columns-is-layout-9d6595d7 wp-block-columns-is-layout-flex\">\n<div class=\"wp-block-column is-vertically-aligned-center is-layout-flow wp-block-column-is-layout-flow\" style=\"flex-basis:33.33%\"><div class=\"wp-block-image is-style-rounded\">\n<figure class=\"aligncenter size-large is-resized\"><a href=\"https:\/\/awakentheworld.com\/es\/tienda\/\"><img loading=\"lazy\" decoding=\"async\" width=\"304\" height=\"304\" src=\"https:\/\/awakentheworld.com\/wp-content\/uploads\/sites\/7\/2020\/07\/BTabs-Store.jpg\" alt=\"\" class=\"wp-image-14029\" style=\"width:152px;height:152px\" srcset=\"https:\/\/awakentheworld.com\/es\/wp-content\/uploads\/sites\/7\/2020\/07\/BTabs-Store.jpg 304w, https:\/\/awakentheworld.com\/es\/wp-content\/uploads\/sites\/7\/2020\/07\/BTabs-Store-300x300.jpg 300w\" sizes=\"auto, (max-width: 304px) 100vw, 304px\" \/><\/a><\/figure>\n<\/div>\n\n\n<h3 class=\"wp-block-heading has-text-align-center\" id=\"h-tienda\"><a href=\"https:\/\/awakentheworld.com\/es\/tienda\/\">Tienda<\/a><\/h3>\n\n\n\n<p class=\"has-text-align-center has-regular-font-size\">Descargas y DVDs<\/p>\n<\/div>\n\n\n\n<div class=\"wp-block-column is-layout-flow wp-block-column-is-layout-flow\"><div class=\"wp-block-image is-style-rounded\">\n<figure class=\"aligncenter size-large is-resized\"><a href=\"https:\/\/awakentheworld.com\/es\/blog\/\"><img loading=\"lazy\" decoding=\"async\" width=\"304\" height=\"304\" src=\"https:\/\/awakentheworld.com\/wp-content\/uploads\/sites\/7\/2020\/07\/BTabs-Teaching.jpg\" alt=\"\" class=\"wp-image-14030\" style=\"width:152px;height:152px\" srcset=\"https:\/\/awakentheworld.com\/es\/wp-content\/uploads\/sites\/7\/2020\/07\/BTabs-Teaching.jpg 304w, https:\/\/awakentheworld.com\/es\/wp-content\/uploads\/sites\/7\/2020\/07\/BTabs-Teaching-300x300.jpg 300w\" sizes=\"auto, (max-width: 304px) 100vw, 304px\" \/><\/a><\/figure>\n<\/div>\n\n\n<h3 class=\"wp-block-heading has-text-align-center\" id=\"h-ensenanzas\"><a href=\"https:\/\/awakentheworld.com\/es\/blog\/\">Ense\u00f1anzas<\/a><\/h3>\n\n\n\n<p class=\"has-text-align-center has-regular-font-size\">Recursos de Comunicaci\u00f3n<\/p>\n<\/div>\n\n\n\n<div class=\"wp-block-column is-layout-flow wp-block-column-is-layout-flow\"><div class=\"wp-block-image is-style-rounded\">\n<figure class=\"aligncenter size-large is-resized\"><a href=\"https:\/\/awakentheworld.com\/es\/programas-y-retiros\/\"><img loading=\"lazy\" decoding=\"async\" width=\"304\" height=\"304\" src=\"https:\/\/awakentheworld.com\/wp-content\/uploads\/sites\/7\/2020\/07\/BTabs-Samadhi-Retreats.jpg\" alt=\"\" class=\"wp-image-14031\" style=\"width:152px;height:152px\" srcset=\"https:\/\/awakentheworld.com\/es\/wp-content\/uploads\/sites\/7\/2020\/07\/BTabs-Samadhi-Retreats.jpg 304w, https:\/\/awakentheworld.com\/es\/wp-content\/uploads\/sites\/7\/2020\/07\/BTabs-Samadhi-Retreats-300x300.jpg 300w\" sizes=\"auto, (max-width: 304px) 100vw, 304px\" \/><\/a><\/figure>\n<\/div>\n\n\n<h3 class=\"wp-block-heading has-text-align-center\" id=\"h-centro-samadhi\"><a href=\"https:\/\/awakentheworld.com\/es\/programas-y-retiros\/\">Centro Samadhi<\/a><\/h3>\n\n\n\n<p class=\"has-text-align-center has-regular-font-size\">Programas y Retiros<\/p>\n<\/div>\n<\/div>\n","protected":false},"excerpt":{"rendered":"<p>Pel\u00edculas y medios de comunicaci\u00f3n para el despertar de la conciencia humana. Serie Awakening Mind Parte 2, \u00abLa Mente Revelada\u00bb Esta pel\u00edcula expresa el \u00abgran olvido\u00bb que se produce cuando entramos en la experiencia humana, oscureciendo la verdad de qui\u00e9nes somos realmente. Detalles acerca de la serie Pr\u00f3ximo lanzamiento Samadhi Parte 4 \u00abSadhana\u00bb Sadhana, una [&hellip;]<\/p>\n","protected":false},"author":5,"featured_media":0,"parent":0,"menu_order":0,"comment_status":"closed","ping_status":"closed","template":"template-regularhome.php","meta":{"_acf_changed":false,"_kad_blocks_custom_css":"","_kad_blocks_head_custom_js":"","_kad_blocks_body_custom_js":"","_kad_blocks_footer_custom_js":"","footnotes":""},"class_list":["post-5269","page","type-page","status-publish","hentry"],"acf":[],"taxonomy_info":[],"featured_image_src_large":false,"author_info":{"display_name":"alitardo","author_link":"https:\/\/awakentheworld.com\/es\/author\/alitardo\/"},"comment_info":0,"jetpack_sharing_enabled":true,"_links":{"self":[{"href":"https:\/\/awakentheworld.com\/es\/wp-json\/wp\/v2\/pages\/5269","targetHints":{"allow":["GET"]}}],"collection":[{"href":"https:\/\/awakentheworld.com\/es\/wp-json\/wp\/v2\/pages"}],"about":[{"href":"https:\/\/awakentheworld.com\/es\/wp-json\/wp\/v2\/types\/page"}],"author":[{"embeddable":true,"href":"https:\/\/awakentheworld.com\/es\/wp-json\/wp\/v2\/users\/5"}],"replies":[{"embeddable":true,"href":"https:\/\/awakentheworld.com\/es\/wp-json\/wp\/v2\/comments?post=5269"}],"version-history":[{"count":199,"href":"https:\/\/awakentheworld.com\/es\/wp-json\/wp\/v2\/pages\/5269\/revisions"}],"predecessor-version":[{"id":19041,"href":"https:\/\/awakentheworld.com\/es\/wp-json\/wp\/v2\/pages\/5269\/revisions\/19041"}],"wp:attachment":[{"href":"https:\/\/awakentheworld.com\/es\/wp-json\/wp\/v2\/media?parent=5269"}],"curies":[{"name":"wp","href":"https:\/\/api.w.org\/{rel}","templated":true}]}}