{"id":15192,"date":"2022-04-25T18:11:20","date_gmt":"2022-04-25T18:11:20","guid":{"rendered":"https:\/\/awakentheworld.com\/es\/?post_type=product&#038;p=15192"},"modified":"2022-04-25T19:49:17","modified_gmt":"2022-04-25T19:49:17","slug":"camisetas-de-manga-corta-de-awaken-the-world","status":"publish","type":"product","link":"https:\/\/awakentheworld.com\/es\/product\/camisetas-de-manga-corta-de-awaken-the-world\/","title":{"rendered":"Camisetas de manga corta de Awaken the World"},"content":{"rendered":"<p>*** Por favor, ten en cuenta que las tallas de mujer est\u00e1n dise\u00f1adas para que queden peque\u00f1as, pero tienen algo de elasticidad. Es posible que quieras subir una talla. Tanya (130lbs) lleva una talla mediana de mujer en la foto (su talla habitual), pero prefiere llevar una grande para que le quede m\u00e1s holgada.<\/p>\n","protected":false},"excerpt":{"rendered":"<p>Estas ediciones limitadas presentan el hermoso fractal &#8220;flor de la vida&#8221; de Dan, con &#8220;AwakentheWorld.com&#8221; debajo, estas camisetas est\u00e1n hechas en Canad\u00e1 con tejidos de algod\u00f3n org\u00e1nico y bamb\u00fa.<\/p>\n","protected":false},"featured_media":15203,"template":"","meta":{"_acf_changed":false,"_kad_blocks_custom_css":"","_kad_blocks_head_custom_js":"","_kad_blocks_body_custom_js":"","_kad_blocks_footer_custom_js":""},"product_brand":[],"product_cat":[85],"product_tag":[],"class_list":{"0":"post-15192","1":"product","2":"type-product","3":"status-publish","4":"has-post-thumbnail","6":"product_cat-ropa-y-articulos-de-awakentheworld","7":"product_shipping_class-atw-deliverable-products","9":"first","10":"instock","11":"shipping-taxable","12":"purchasable","13":"product-type-variable"},"acf":[],"taxonomy_info":{"product_cat":[{"value":85,"label":"Ropa y art\u00edculos de Awakentheworld"}]},"featured_image_src_large":["https:\/\/awakentheworld.com\/es\/wp-content\/uploads\/sites\/7\/2022\/04\/EN-ATW-Products-Short-Sleeve-Shirt.jpg",640,640,false],"author_info":[],"comment_info":"","jetpack_sharing_enabled":true,"_links":{"self":[{"href":"https:\/\/awakentheworld.com\/es\/wp-json\/wp\/v2\/product\/15192","targetHints":{"allow":["GET"]}}],"collection":[{"href":"https:\/\/awakentheworld.com\/es\/wp-json\/wp\/v2\/product"}],"about":[{"href":"https:\/\/awakentheworld.com\/es\/wp-json\/wp\/v2\/types\/product"}],"wp:featuredmedia":[{"embeddable":true,"href":"https:\/\/awakentheworld.com\/es\/wp-json\/wp\/v2\/media\/15203"}],"wp:attachment":[{"href":"https:\/\/awakentheworld.com\/es\/wp-json\/wp\/v2\/media?parent=15192"}],"wp:term":[{"taxonomy":"product_brand","embeddable":true,"href":"https:\/\/awakentheworld.com\/es\/wp-json\/wp\/v2\/product_brand?post=15192"},{"taxonomy":"product_cat","embeddable":true,"href":"https:\/\/awakentheworld.com\/es\/wp-json\/wp\/v2\/product_cat?post=15192"},{"taxonomy":"product_tag","embeddable":true,"href":"https:\/\/awakentheworld.com\/es\/wp-json\/wp\/v2\/product_tag?post=15192"}],"curies":[{"name":"wp","href":"https:\/\/api.w.org\/{rel}","templated":true}]}}