{"id":15216,"date":"2022-04-25T20:19:37","date_gmt":"2022-04-25T20:19:37","guid":{"rendered":"https:\/\/awakentheworld.com\/es\/?post_type=product&#038;p=15216"},"modified":"2024-12-12T11:09:20","modified_gmt":"2024-12-12T11:09:20","slug":"samadhi-part-3-the-pathless-path-video-hd-para-descargar","status":"publish","type":"product","link":"https:\/\/awakentheworld.com\/es\/product\/samadhi-part-3-the-pathless-path-video-hd-para-descargar\/","title":{"rendered":"Samadhi Part 3 \u201cThe Pathless Path\u201d &#8211; V\u00eddeo HD para descargar"},"content":{"rendered":"<p><strong>Samadhi Parte 3 &#8220;El camino sin senderos&#8221;<\/strong><\/p>\n<p><img loading=\"lazy\" decoding=\"async\" class=\"wp-image-32521 size-medium alignleft\" src=\"https:\/\/awakentheworld.com\/wp-content\/uploads\/2021\/12\/Samadhi3-300x169.png\" alt=\"\" width=\"300\" height=\"169\" \/><\/p>\n<p>Samadhi es la liberaci\u00f3n de la identificaci\u00f3n con el yo limitado; la liberaci\u00f3n de nuestro condicionamiento; la liberaci\u00f3n del sufrimiento.<\/p>\n<p>La Sadhana o pr\u00e1ctica espiritual que conduce al Samadhi tiene dos aspectos fundamentales: el primer aspecto es la purificaci\u00f3n de la estructura del yo a trav\u00e9s de pr\u00e1cticas que desplazan la energ\u00eda fuera de los patrones condicionados y del pensamiento patol\u00f3gico.<\/p>\n<p>Cuando la energ\u00eda est\u00e1 libre, facilita una mayor interconexi\u00f3n, amor y expansi\u00f3n hacia niveles superiores del yo o del alma. Lo que consideras &#8220;otro&#8221; se integra en ti. La estructura del yo se convierte en un nodo en niveles mentales cada vez m\u00e1s elevados.<\/p>\n","protected":false},"excerpt":{"rendered":"<p>Full movie in h.264 (MP4) format. ( These videos are close to blu-ray quality and are suitable for playback on a computer or device designed for dealing with large files. They are much too large for phones and tablets and will need to be converted in iTunes or other software and then transferred to your device. )<\/p>\n","protected":false},"featured_media":15245,"template":"","meta":{"_acf_changed":false,"_kad_blocks_custom_css":"","_kad_blocks_head_custom_js":"","_kad_blocks_body_custom_js":"","_kad_blocks_footer_custom_js":""},"product_brand":[],"product_cat":[36],"product_tag":[],"class_list":{"0":"post-15216","1":"product","2":"type-product","3":"status-publish","4":"has-post-thumbnail","6":"product_cat-peliculas-documentales-premiados-awaken-the-world","8":"first","9":"instock","10":"downloadable","11":"shipping-taxable","12":"purchasable","13":"product-type-simple"},"acf":[],"taxonomy_info":{"product_cat":[{"value":36,"label":"Peliculas"}]},"featured_image_src_large":["https:\/\/awakentheworld.com\/es\/wp-content\/uploads\/sites\/7\/2022\/04\/sp-samadhi-part-3-el-camino-sin-sendero.jpg",640,640,false],"author_info":[],"comment_info":"","jetpack_sharing_enabled":true,"_links":{"self":[{"href":"https:\/\/awakentheworld.com\/es\/wp-json\/wp\/v2\/product\/15216","targetHints":{"allow":["GET"]}}],"collection":[{"href":"https:\/\/awakentheworld.com\/es\/wp-json\/wp\/v2\/product"}],"about":[{"href":"https:\/\/awakentheworld.com\/es\/wp-json\/wp\/v2\/types\/product"}],"wp:featuredmedia":[{"embeddable":true,"href":"https:\/\/awakentheworld.com\/es\/wp-json\/wp\/v2\/media\/15245"}],"wp:attachment":[{"href":"https:\/\/awakentheworld.com\/es\/wp-json\/wp\/v2\/media?parent=15216"}],"wp:term":[{"taxonomy":"product_brand","embeddable":true,"href":"https:\/\/awakentheworld.com\/es\/wp-json\/wp\/v2\/product_brand?post=15216"},{"taxonomy":"product_cat","embeddable":true,"href":"https:\/\/awakentheworld.com\/es\/wp-json\/wp\/v2\/product_cat?post=15216"},{"taxonomy":"product_tag","embeddable":true,"href":"https:\/\/awakentheworld.com\/es\/wp-json\/wp\/v2\/product_tag?post=15216"}],"curies":[{"name":"wp","href":"https:\/\/api.w.org\/{rel}","templated":true}]}}