{"id":15220,"date":"2022-04-26T16:06:11","date_gmt":"2022-04-26T16:06:11","guid":{"rendered":"https:\/\/awakentheworld.com\/es\/?post_type=product&#038;p=15220"},"modified":"2022-04-26T16:06:47","modified_gmt":"2022-04-26T16:06:47","slug":"encuentros-con-los-serafines-viaje-audiovisual-hd-y-audio-mp3-para-descargar","status":"publish","type":"product","link":"https:\/\/awakentheworld.com\/es\/product\/encuentros-con-los-serafines-viaje-audiovisual-hd-y-audio-mp3-para-descargar\/","title":{"rendered":"Encuentros con los Serafines &#8211; Viaje Audiovisual HD y audio MP3 para descargar"},"content":{"rendered":"<p>Esta pel\u00edcula es diferente a todas las que se han estrenado hasta ahora por varias razones. Representa algo muy importante de lo que rara vez se habla en algunas tradiciones espirituales (el tema es casi tab\u00fa). Se basa en las percepciones que se produjeron durante una &#8220;experiencia de meditaci\u00f3n m\u00e1xima&#8221;, cuando Dan se encontr\u00f3 con seres que se identificaron como &#8220;los Serafines&#8221;. Los Serafines se consideran &#8220;\u00e1ngeles&#8221;, pero no se parecen en nada a los humanos con alas que aparecen en la Biblia, sino a un campo de energ\u00eda consciente que tiene el singular prop\u00f3sito de ayudar a nuestra alma a completar su viaje evolutivo. El ego puede involucrarse en estas experiencias cumbre de dos maneras principales. A veces, estos fen\u00f3menos pueden descartarse o negarse debido a las ideas preconcebidas o a los prejuicios del limitado yo egoico, o, por el contrario, se les puede dar demasiada importancia y convertirse en trampas para el ego, ya que \u00e9ste crea una identidad en torno a ellos. La pel\u00edcula explora la relaci\u00f3n entre las dimensiones del ser y del devenir a medida que la estructura del yo crece y evoluciona, y las aparentes paradojas de realizar el Samadhi en niveles cada vez m\u00e1s sutiles de la espiral de desarrollo.<\/p>\n<p>Los primeros 20 minutos son narrados, seguidos de una experiencia audiovisual llamada &#8220;Visi\u00f3n de Metatr\u00f3n&#8221;. Se podr\u00eda llamar una transmisi\u00f3n vibratoria audiovisual, o &#8220;transverberaci\u00f3n&#8221;. Hemos puesto a disposici\u00f3n este viaje audiovisual por s\u00ed solo aqu\u00ed para aquellos que quieran saltarse la parte hablada. El sonido ha sido creado por Daniel Schmidt y David Donnelly (The Fractalverse). &#8220;El Fractalverso es una colaboraci\u00f3n musical en curso entre David y Dan, as\u00ed como un experimento general sobre la conciencia humana.<br \/>\nC\u00f3mo participar en el componente audiovisual de la pel\u00edcula, &#8220;La visi\u00f3n de Metatr\u00f3n&#8221;,\u00a0 est\u00e1 dise\u00f1ada para ser escuchada con auriculares porque los efectos est\u00e9reo crean una espiral de energ\u00eda que es m\u00e1s dif\u00edcil de percibir con altavoces. Elija un momento y un lugar en el que no vaya a ser interrumpido. No hay nada que tengas que &#8220;hacer&#8221; para la experiencia en s\u00ed. Comprueba si eres capaz de quedarte quieto y recorrer todo el trayecto sin generar un pensamiento, permaneciendo presente y atento a toda la experiencia.<\/p>\n","protected":false},"excerpt":{"rendered":"<p>Una pel\u00edcula que explora una &#8220;experiencia de meditaci\u00f3n completa&#8221; y la relaci\u00f3n entre las dimensiones del ser y el devenir, a medida que la estructura del yo crece y evoluciona, y las aparentes paradojas de realizar el Samadhi en niveles cada vez m\u00e1s sutiles de la espiral de desarrollo.<\/p>\n<p><strong>El paquete incluye:<\/strong><br \/>\nPel\u00edcula completa en formato h.264 (MP4)<br \/>\nVisi\u00f3n de Metatr\u00f3n en formato h.264 (MP4)<br \/>\nVisi\u00f3n de Metatr\u00f3n &#8211; Audio MP3<\/p>\n<p>( Estos v\u00eddeos tienen una calidad cercana al blu-ray y son adecuados para su reproducci\u00f3n en un ordenador o dispositivo dise\u00f1ado para tratar con archivos grandes. Son demasiado grandes para los tel\u00e9fonos y las tabletas y tendr\u00e1n que ser convertidos en iTunes u otro software y luego transferidos a su dispositivo. )<\/p>\n","protected":false},"featured_media":15209,"template":"","meta":{"_acf_changed":false,"_kad_blocks_custom_css":"","_kad_blocks_head_custom_js":"","_kad_blocks_body_custom_js":"","_kad_blocks_footer_custom_js":""},"product_brand":[],"product_cat":[86],"product_tag":[],"class_list":{"0":"post-15220","1":"product","2":"type-product","3":"status-publish","4":"has-post-thumbnail","6":"product_cat-viajes-audiovisuales","8":"first","9":"instock","10":"downloadable","11":"shipping-taxable","12":"purchasable","13":"product-type-simple"},"acf":[],"taxonomy_info":{"product_cat":[{"value":86,"label":"Viajes audiovisuales"}]},"featured_image_src_large":["https:\/\/awakentheworld.com\/es\/wp-content\/uploads\/sites\/7\/2022\/04\/EN-ATW-Downloads-Encounter-with-Seraphim.jpg",640,640,false],"author_info":[],"comment_info":"","jetpack_sharing_enabled":true,"_links":{"self":[{"href":"https:\/\/awakentheworld.com\/es\/wp-json\/wp\/v2\/product\/15220","targetHints":{"allow":["GET"]}}],"collection":[{"href":"https:\/\/awakentheworld.com\/es\/wp-json\/wp\/v2\/product"}],"about":[{"href":"https:\/\/awakentheworld.com\/es\/wp-json\/wp\/v2\/types\/product"}],"wp:featuredmedia":[{"embeddable":true,"href":"https:\/\/awakentheworld.com\/es\/wp-json\/wp\/v2\/media\/15209"}],"wp:attachment":[{"href":"https:\/\/awakentheworld.com\/es\/wp-json\/wp\/v2\/media?parent=15220"}],"wp:term":[{"taxonomy":"product_brand","embeddable":true,"href":"https:\/\/awakentheworld.com\/es\/wp-json\/wp\/v2\/product_brand?post=15220"},{"taxonomy":"product_cat","embeddable":true,"href":"https:\/\/awakentheworld.com\/es\/wp-json\/wp\/v2\/product_cat?post=15220"},{"taxonomy":"product_tag","embeddable":true,"href":"https:\/\/awakentheworld.com\/es\/wp-json\/wp\/v2\/product_tag?post=15220"}],"curies":[{"name":"wp","href":"https:\/\/api.w.org\/{rel}","templated":true}]}}