{"id":2994,"date":"2019-01-12T23:17:39","date_gmt":"2019-01-12T23:17:39","guid":{"rendered":"https:\/\/awakentheworld-reference.mystagingwebsite.com\/?post_type=product&#038;p=2994"},"modified":"2025-12-22T15:50:25","modified_gmt":"2025-12-22T15:50:25","slug":"samadhi-parte-1","status":"publish","type":"product","link":"https:\/\/awakentheworld.com\/es\/product\/samadhi-parte-1\/","title":{"rendered":"Samadhi Parte 1 \u201cMaya- La ilusi\u00f3n del Ser\u201d &#8211; Espa\u00f1ol"},"content":{"rendered":"&nbsp;\r\n\r\n\r\n<h4>Parte 1 &#8211; &#8220;Maya, la Ilusi\u00f3n del Ser&#8221;<\/h4>\r\nSamadhi es una antigua palabra s\u00e1nscrita, para la cual no existe un equivalente moderno. Hay un desaf\u00edo fundamental con hacer una pel\u00edcula sobre Samadhi ya que\u00a0se\u00f1ala algo que no se puede transmitir en el nivel de la mente.<!-- \/wp:post-content -->","protected":false},"excerpt":{"rendered":"<p>Pel\u00edcula completa <strong>narrada en Espa\u00f1ol<\/strong>, formato h.264 (MP4). <u><a href=\"https:\/\/www.dropbox.com\/s\/p7jowqz27v2xq54\/Samadhi-Part1-Maya-ClosedCaptionSRTs.zip?dl=0\" target=\"_blank\" rel=\"noopener noreferrer\">Descarga de subt\u00edtulos en 23 idiomas<\/a><\/u>.<\/p>\n","protected":false},"featured_media":14941,"template":"","meta":{"_acf_changed":false,"_kad_blocks_custom_css":"","_kad_blocks_head_custom_js":"","_kad_blocks_body_custom_js":"","_kad_blocks_footer_custom_js":""},"product_brand":[],"product_cat":[36],"product_tag":[],"class_list":{"0":"post-2994","1":"product","2":"type-product","3":"status-publish","4":"has-post-thumbnail","6":"product_cat-peliculas-documentales-premiados-awaken-the-world","8":"first","9":"instock","10":"featured","11":"downloadable","12":"virtual","13":"purchasable","14":"product-type-simple"},"acf":[],"taxonomy_info":{"product_cat":[{"value":36,"label":"Peliculas"}]},"featured_image_src_large":["https:\/\/awakentheworld.com\/es\/wp-content\/uploads\/sites\/7\/2019\/01\/SP-H264-Samadhi-1-La-ilusion-del-ser-1.jpg",640,640,false],"author_info":[],"comment_info":"","jetpack_sharing_enabled":true,"_links":{"self":[{"href":"https:\/\/awakentheworld.com\/es\/wp-json\/wp\/v2\/product\/2994","targetHints":{"allow":["GET"]}}],"collection":[{"href":"https:\/\/awakentheworld.com\/es\/wp-json\/wp\/v2\/product"}],"about":[{"href":"https:\/\/awakentheworld.com\/es\/wp-json\/wp\/v2\/types\/product"}],"wp:featuredmedia":[{"embeddable":true,"href":"https:\/\/awakentheworld.com\/es\/wp-json\/wp\/v2\/media\/14941"}],"wp:attachment":[{"href":"https:\/\/awakentheworld.com\/es\/wp-json\/wp\/v2\/media?parent=2994"}],"wp:term":[{"taxonomy":"product_brand","embeddable":true,"href":"https:\/\/awakentheworld.com\/es\/wp-json\/wp\/v2\/product_brand?post=2994"},{"taxonomy":"product_cat","embeddable":true,"href":"https:\/\/awakentheworld.com\/es\/wp-json\/wp\/v2\/product_cat?post=2994"},{"taxonomy":"product_tag","embeddable":true,"href":"https:\/\/awakentheworld.com\/es\/wp-json\/wp\/v2\/product_tag?post=2994"}],"curies":[{"name":"wp","href":"https:\/\/api.w.org\/{rel}","templated":true}]}}