{"id":2995,"date":"2019-01-12T23:53:18","date_gmt":"2019-01-12T23:53:18","guid":{"rendered":"https:\/\/awakentheworld-reference.mystagingwebsite.com\/?post_type=product&#038;p=2995"},"modified":"2025-12-22T15:54:24","modified_gmt":"2025-12-22T15:54:24","slug":"samadhi-parte-2-no-es-lo-que-piensas","status":"publish","type":"product","link":"https:\/\/awakentheworld.com\/es\/product\/samadhi-parte-2-no-es-lo-que-piensas\/","title":{"rendered":"Samadhi Parte 2 \u201cNo es lo que piensas\u201d"},"content":{"rendered":"<div class=\"wp-block-image\">\r\n<figure class=\"alignleft size-medium\"><img loading=\"lazy\" decoding=\"async\" width=\"600\" height=\"336\" class=\"wp-image-3183\" src=\"https:\/\/awakentheworld.com\/wp-content\/uploads\/sites\/7\/2019\/01\/Samadhi-2-download.jpg\" alt=\"\" \/><\/figure>\r\n<\/div>\r\n<h4>Samadhi parte 2 &#8211; (No es lo que piensas)<\/h4>\r\n<p>Los maestros espirituales m\u00e1s grandes del mundo, desde la antig\u00fcedad hasta los tiempos modernos, han compartido la visi\u00f3n de que la verdad m\u00e1s profunda de nuestro ser no es propiedad de una religi\u00f3n o tradici\u00f3n espiritual en particular, sino que se puede encontrar en el coraz\u00f3n de cada persona.<\/p>","protected":false},"excerpt":{"rendered":"<p>Pel\u00edcula completa <strong>narrada en Espa\u00f1ol <\/strong>en formato h.264 (MP4). Subt\u00edtulos en espera \u2026.<\/p>\n","protected":false},"featured_media":14938,"template":"","meta":{"_acf_changed":false,"_kad_blocks_custom_css":"","_kad_blocks_head_custom_js":"","_kad_blocks_body_custom_js":"","_kad_blocks_footer_custom_js":""},"product_brand":[],"product_cat":[36],"product_tag":[],"class_list":{"0":"post-2995","1":"product","2":"type-product","3":"status-publish","4":"has-post-thumbnail","6":"product_cat-peliculas-documentales-premiados-awaken-the-world","8":"first","9":"instock","10":"featured","11":"downloadable","12":"virtual","13":"purchasable","14":"product-type-simple"},"acf":[],"taxonomy_info":{"product_cat":[{"value":36,"label":"Peliculas"}]},"featured_image_src_large":["https:\/\/awakentheworld.com\/es\/wp-content\/uploads\/sites\/7\/2019\/01\/SP-H264-Downloads-Samadhi-2-No-es-lo-que-parece-1.jpg",640,640,false],"author_info":[],"comment_info":"","jetpack_sharing_enabled":true,"_links":{"self":[{"href":"https:\/\/awakentheworld.com\/es\/wp-json\/wp\/v2\/product\/2995","targetHints":{"allow":["GET"]}}],"collection":[{"href":"https:\/\/awakentheworld.com\/es\/wp-json\/wp\/v2\/product"}],"about":[{"href":"https:\/\/awakentheworld.com\/es\/wp-json\/wp\/v2\/types\/product"}],"wp:featuredmedia":[{"embeddable":true,"href":"https:\/\/awakentheworld.com\/es\/wp-json\/wp\/v2\/media\/14938"}],"wp:attachment":[{"href":"https:\/\/awakentheworld.com\/es\/wp-json\/wp\/v2\/media?parent=2995"}],"wp:term":[{"taxonomy":"product_brand","embeddable":true,"href":"https:\/\/awakentheworld.com\/es\/wp-json\/wp\/v2\/product_brand?post=2995"},{"taxonomy":"product_cat","embeddable":true,"href":"https:\/\/awakentheworld.com\/es\/wp-json\/wp\/v2\/product_cat?post=2995"},{"taxonomy":"product_tag","embeddable":true,"href":"https:\/\/awakentheworld.com\/es\/wp-json\/wp\/v2\/product_tag?post=2995"}],"curies":[{"name":"wp","href":"https:\/\/api.w.org\/{rel}","templated":true}]}}