{"id":3006,"date":"2019-01-13T14:14:55","date_gmt":"2019-01-13T14:14:55","guid":{"rendered":"https:\/\/awakentheworld-reference.mystagingwebsite.com\/?post_type=product&#038;p=3006"},"modified":"2022-05-01T16:15:01","modified_gmt":"2022-05-01T16:15:01","slug":"serie-completa-mundos-internos-mundos-externos","status":"publish","type":"product","link":"https:\/\/awakentheworld.com\/es\/product\/serie-completa-mundos-internos-mundos-externos\/","title":{"rendered":"Serie completa &#8216;Mundos Internos, Mundos Externos&#8217;"},"content":{"rendered":"<h4>Parte 1 \u2013 &#8220;Akasha&#8221;<\/h4>\r\n<p>Akasha es lo no manifestado, la &#8220;nada&#8221; o el vac\u00edo que llena el vac\u00edo del espacio.<\/p>\r\n<p>&nbsp;<\/p>\r\n<div class=\"wp-block-image\">\r\n<figure class=\"alignleft size-medium\"><img loading=\"lazy\" decoding=\"async\" class=\"wp-image-3139\" src=\"https:\/\/awakentheworld.com\/wp-content\/uploads\/sites\/7\/2019\/01\/akasha-dvd_sm.png\" alt=\"\" width=\"200\" height=\"200\" \/><\/figure>\r\n<\/div>\r\n\r\n<div class=\"wp-block-image\">\r\n<figure class=\"alignleft size-medium\"><img loading=\"lazy\" decoding=\"async\" class=\"wp-image-3174\" src=\"https:\/\/awakentheworld.com\/wp-content\/uploads\/sites\/7\/2019\/01\/spiral-dvd_sm.png\" alt=\"\" width=\"200\" height=\"200\" \/><\/figure>\r\n<\/div>\r\n\r\n<div class=\"wp-block-image\">\r\n<figure class=\"alignleft size-medium\"><img loading=\"lazy\" decoding=\"async\" class=\"wp-image-3167\" src=\"https:\/\/awakentheworld.com\/wp-content\/uploads\/sites\/7\/2019\/01\/serpent-dvd_sm.png\" alt=\"\" width=\"200\" height=\"200\" \/><\/figure>\r\n<\/div>\r\n\r\n<div class=\"wp-block-image\">\r\n<figure class=\"alignleft size-medium\"><img loading=\"lazy\" decoding=\"async\" class=\"wp-image-3146\" src=\"https:\/\/awakentheworld.com\/wp-content\/uploads\/sites\/7\/2019\/01\/beyond-thinking-dvd_sm.png\" alt=\"\" width=\"200\" height=\"200\" \/><\/figure>\r\n<\/div>\r\n<h4>Parte 2 \u2013 \u201cLa Espiral\u201d<\/h4>\r\n<p>El fil\u00f3sofo pitag\u00f3rico Plat\u00f3n insinu\u00f3 enigm\u00e1ticamente que existe una llave de oro que une todos los misterios del universo.<\/p>\r\n<h4>Parte 3 \u2013 &#8220;La Serpiente y el Lotus&#8221;<\/h4>\r\n<p>La espiral primordial es el mundo manifestado, mientras que el Akasha es lo no manifestado o el vac\u00edo mismo. Toda la realidad es una interacci\u00f3n entre estas dos cosas; Yin y Yang, o conciencia y materia. La espiral a menudo ha sido representada por la serpiente, la corriente descendente, mientras que el p\u00e1jaro o la flor de loto ha representado la corriente ascendente o la trascendencia.<\/p>\r\n<h4>Part 4 \u2013 \u201cMas all\u00e1 del pensamiento\u201d<\/h4>\r\n<p>Vida, libertad y b\u00fasqueda de la felicidad. Vivimos nuestra vida buscando la felicidad &#8220;en el exterior&#8221; como si fuera una mercanc\u00eda. Nos hemos convertido en esclavos de nuestros propios deseos y anhelos.<\/p>","protected":false},"excerpt":{"rendered":"<p><strong>Descarga Digital<\/strong>: Serie completa <strong>narrada en Espa\u00f1ol <\/strong>en formato h.264 (MP4). <strong>Duraci\u00f3n:<\/strong> 02 hr : 01 min : 42 seg. <strong>Subt\u00edtulos:<\/strong> <u><a href=\"https:\/\/www.dropbox.com\/s\/l578opfto2ymgdi\/InnerWorldsOuterWorldsSubtitles-SRT%20Files.zip?dl=0\" target=\"_blank\" rel=\"noopener noreferrer\">Descarga de subt\u00edtulos en 23 idiomas<\/a><\/u>.<\/p>\n","protected":false},"featured_media":14957,"template":"","meta":{"_acf_changed":false,"_kad_blocks_custom_css":"","_kad_blocks_head_custom_js":"","_kad_blocks_body_custom_js":"","_kad_blocks_footer_custom_js":""},"product_brand":[],"product_cat":[36],"product_tag":[],"class_list":{"0":"post-3006","1":"product","2":"type-product","3":"status-publish","4":"has-post-thumbnail","6":"product_cat-peliculas-documentales-premiados-awaken-the-world","8":"first","9":"instock","10":"featured","11":"downloadable","12":"virtual","13":"purchasable","14":"product-type-simple"},"acf":[],"taxonomy_info":{"product_cat":[{"value":36,"label":"Peliculas"}]},"featured_image_src_large":["https:\/\/awakentheworld.com\/es\/wp-content\/uploads\/sites\/7\/2019\/01\/SP-H264-Mundos-internos-mundos-externos-1.jpg",640,640,false],"author_info":[],"comment_info":"","jetpack_sharing_enabled":true,"_links":{"self":[{"href":"https:\/\/awakentheworld.com\/es\/wp-json\/wp\/v2\/product\/3006","targetHints":{"allow":["GET"]}}],"collection":[{"href":"https:\/\/awakentheworld.com\/es\/wp-json\/wp\/v2\/product"}],"about":[{"href":"https:\/\/awakentheworld.com\/es\/wp-json\/wp\/v2\/types\/product"}],"wp:featuredmedia":[{"embeddable":true,"href":"https:\/\/awakentheworld.com\/es\/wp-json\/wp\/v2\/media\/14957"}],"wp:attachment":[{"href":"https:\/\/awakentheworld.com\/es\/wp-json\/wp\/v2\/media?parent=3006"}],"wp:term":[{"taxonomy":"product_brand","embeddable":true,"href":"https:\/\/awakentheworld.com\/es\/wp-json\/wp\/v2\/product_brand?post=3006"},{"taxonomy":"product_cat","embeddable":true,"href":"https:\/\/awakentheworld.com\/es\/wp-json\/wp\/v2\/product_cat?post=3006"},{"taxonomy":"product_tag","embeddable":true,"href":"https:\/\/awakentheworld.com\/es\/wp-json\/wp\/v2\/product_tag?post=3006"}],"curies":[{"name":"wp","href":"https:\/\/api.w.org\/{rel}","templated":true}]}}