{"id":10351,"date":"2019-09-30T21:42:19","date_gmt":"2019-09-30T21:42:19","guid":{"rendered":"https:\/\/awakentheworld-reference.mystagingwebsite.com\/?page_id=10351"},"modified":"2021-08-13T22:41:23","modified_gmt":"2021-08-13T22:41:23","slug":"live-meditaatioharjoittelu","status":"publish","type":"page","link":"https:\/\/awakentheworld.com\/fi\/live-meditaatioharjoittelu\/","title":{"rendered":"Live-meditaatioharjoittelu"},"content":{"rendered":"\n<div class=\"wp-block-group alignfull has-dark-background-color has-background\"><div class=\"wp-block-group__inner-container is-layout-flow wp-block-group-is-layout-flow\">\n<div class=\"wp-block-columns is-layout-flex wp-container-core-columns-is-layout-9d6595d7 wp-block-columns-is-layout-flex\">\n<div class=\"wp-block-column is-layout-flow wp-block-column-is-layout-flow\">\n<figure class=\"wp-block-image size-large\"><img loading=\"lazy\" decoding=\"async\" width=\"1000\" height=\"562\" data-attachment-id=\"13545\" data-permalink=\"https:\/\/awakentheworld.com\/fi\/live-meditaatioharjoittelu\/zoom-guided-meditations\/\" data-orig-file=\"https:\/\/awakentheworld.com\/fi\/wp-content\/uploads\/sites\/46\/2020\/06\/zoom-guided-meditations.jpg\" data-orig-size=\"1000,562\" data-comments-opened=\"1\" data-image-meta=\"{&quot;aperture&quot;:&quot;0&quot;,&quot;credit&quot;:&quot;&quot;,&quot;camera&quot;:&quot;&quot;,&quot;caption&quot;:&quot;&quot;,&quot;created_timestamp&quot;:&quot;0&quot;,&quot;copyright&quot;:&quot;&quot;,&quot;focal_length&quot;:&quot;0&quot;,&quot;iso&quot;:&quot;0&quot;,&quot;shutter_speed&quot;:&quot;0&quot;,&quot;title&quot;:&quot;&quot;,&quot;orientation&quot;:&quot;0&quot;}\" data-image-title=\"zoom-guided-meditations\" data-image-description=\"\" data-image-caption=\"\" data-large-file=\"https:\/\/awakentheworld.com\/fi\/wp-content\/uploads\/sites\/46\/2020\/06\/zoom-guided-meditations.jpg\" src=\"https:\/\/awakentheworld.com\/es\/wp-content\/uploads\/sites\/7\/2020\/06\/zoom-guided-meditations.jpg\" alt=\"meditations on zoom\" class=\"wp-image-13545\"\/><\/figure>\n\n\n\n<p class=\"has-dark-gold-color has-text-color\">Kaksi hiljaista meditaatiota joka p\u00e4iv\u00e4 paitsi p\u00e4iv\u00e4t, jolloin tarjoamme ohjatun istunnon<\/p>\n\n\n\n<p class=\"has-dark-gold-color has-text-color\"><strong>Tunnin ohjattu meditaatio:<\/strong><br>Muu kuin kaksinkertainen harjoittelu, jota seuraa sitoutumisjakso (Dan tai Tanya johtaa)<\/p>\n\n\n\n<p class=\"has-text-align-left has-dark-gold-color has-text-color\"><strong>30 minuutin ohjatut meditaatiot:<\/strong><br>Tietoisuustekniikat, joissa keskityt\u00e4\u00e4n rauhan ja tyyneyden kasvattamiseen, jota seuraa yhteyden muodostumisjakso. (Tanya johtaa)<\/p>\n\n\n\n<p class=\"has-text-align-center has-dark-gold-color has-text-color\"><strong>K\u00e4<\/strong>yt\u00e4mme tavallista Zoom -kokousta ID: 613 111 7777 ja 613 111 3333 Tanyan istuntoihin.<\/p>\n\n\n\n<p class=\"has-dark-gold-color has-text-color\"><a href=\"https:\/\/awakentheworld.com\/atw-drop-in-meditations\/\">Aikataulut ja lis\u00e4tietoja sivustollamme englanniksi<\/a><\/p>\n\n\n\n<div style=\"height:26px\" aria-hidden=\"true\" class=\"wp-block-spacer\"><\/div>\n\n\n\n<hr class=\"wp-block-separator has-text-color has-background has-dark-gold-background-color has-dark-gold-color is-style-wide\"\/>\n\n\n\n<p class=\"has-text-align-right has-light-light-gold-color has-text-color has-regular-font-size\"><strong>P\u00e4\u00e4sy meditaatiohuoneeseen<\/strong><br><a href=\"https:\/\/zoom.us\/j\/6131117777\" target=\"_blank\" rel=\"noreferrer noopener\">Hiljaiset ja lauantaimeditaatiot<\/a> &gt;&gt;<br><a href=\"https:\/\/zoom.us\/j\/6131113333\" target=\"_blank\" rel=\"noreferrer noopener\">Tiistai, keskiviikko ja sunnuntai<\/a> &gt;&gt;<\/p>\n<\/div>\n\n\n\n<div class=\"wp-block-column is-layout-flow wp-block-column-is-layout-flow\">\n<h4 class=\"has-text-align-left has-light-gold-color has-text-color wp-block-heading\">Tarjoaminen ilmaiseksi<\/h4>\n\n\n\n<p class=\"has-light-gold-color has-text-color\">Kaikki ovat aina tervetulleita liittym\u00e4\u00e4n verkkoyhteis\u00f6\u00f6mme. Ohjattujen meditaatioiden lis\u00e4ksi tarjoamme p\u00e4ivitt\u00e4in aloittelijan hiljaisia \u200b\u200b(ohjaamattomia) meditaatioita. Koska harjoitamme hiljaisuudessa, kaikki voivat osallistua &#8211; kieli ei ole en\u00e4\u00e4 este.<\/p>\n\n\n\n<p class=\"has-light-gold-color has-text-color\">P\u00e4ivitt\u00e4isiss\u00e4 yhden tunnin hiljaisissa meditaatioissamme ei anneta opastusta, alussa ja lopussa on vain kello. Kokoukset tarjoavat tilan istua hiljaisuudessa, kuunnella Her\u00e4tetyn maailman tallennettuja meditaatioita tai mit\u00e4 tahansa levytyst\u00e4, joka parhaiten sopii k\u00e4yt\u00e4nt\u00f6ihisi.<\/p>\n\n\n\n<p class=\"has-light-gold-color has-text-color\">Pyyd\u00e4mme sinua olemaan mahdollisimman hiljainen ja pit\u00e4m\u00e4\u00e4n \u00e4\u00e4ni mykistettyn\u00e4. L\u00e4hes joka p\u00e4iv\u00e4 tapaamme kaksi istuntoa hiljaisuudessa, lukuun ottamatta p\u00e4iv\u00e4m\u00e4\u00e4ri\u00e4, jolloin tarjoamme viikoittaisia \u200b\u200bohjattuja meditaatioita, jotka on omistettu yst\u00e4villemme, jotka ymm\u00e4rt\u00e4v\u00e4t englannin johtamista.<\/p>\n\n\n\n<p class=\"has-light-gold-color has-text-color\">Sinun ei tarvitse vahvistaa osallistumistasi, vain liittyk\u00e4\u00e4 meihin!<\/p>\n\n\n\n<div style=\"height:38px\" aria-hidden=\"true\" class=\"wp-block-spacer\"><\/div>\n\n\n\n<p class=\"has-text-align-center has-dark-gold-color has-text-color\"><strong>Seuraava meditaatioistunto alkaa<\/strong><\/p>\n\n\n\n<div class=\"eb-countdown-wrapper\" style=\"margin-top:0px;margin-right:0px;margin-bottom:0px;margin-left:0px;padding-top:0px;padding-right:0px;padding-bottom:0px;padding-left:0px\"><div class=\"eb-countdown-container\"><ul class=\"eb-countdown-items\" style=\"justify-content:center\"><div class=\"eb-countdown-get-date\" style=\"display:none\" data-date=\"\" data-nextevent=\"true\"><\/div><li class=\"eb-countdown-item\" style=\"height:120px;width:120px;margin:0px 10px;padding:0px 0px 0px 0px;border:0px solid #000000;box-shadow:0px 0px 0px 0px #000000;border-radius:5% 5% 5% 5%;background-color:#7967ff;display:none\"><div class=\"eb-countdown-days\" style=\"margin-top:0px;margin-right:0px;margin-bottom:0px;margin-left:0px;text-align:center\"><span class=\"eb-countdown-digits eb-countdown-digits-days\" style=\"font-size:48px;font-weight:400;color:#ffffff;display:block\">0<\/span><span class=\"eb-countdown-label\" style=\"font-size:14px;text-transform:none;font-style:normal;text-decoration:initial;line-height:100%;padding-left:0px;color:#ffffff;display:block\"><\/span><\/div><\/li><li class=\"eb-countdown-item\" style=\"height:120px;width:120px;margin:0px 10px;padding:0px 0px 0px 0px;border:0px solid #000000;box-shadow:0px 0px 0px 0px #000000;border-radius:5% 5% 5% 5%;background-color:#7967ff;display:block\"><div class=\"eb-countdown-hours\" style=\"margin-top:0px;margin-right:0px;margin-bottom:0px;margin-left:0px;text-align:center\"><span class=\"eb-countdown-digits eb-countdown-digits-hours\" style=\"font-size:48px;font-weight:400;color:#ffffff;display:block\">0<\/span><span class=\"eb-countdown-label\" style=\"font-size:14px;text-transform:none;font-style:normal;text-decoration:initial;line-height:100%;padding-left:0px;color:#ffffff;display:block\">Tunnit<\/span><\/div><\/li><li class=\"eb-countdown-item\" style=\"height:120px;width:120px;margin:0px 10px;padding:0px 0px 0px 0px;border:0px solid #000000;box-shadow:0px 0px 0px 0px #000000;border-radius:5% 5% 5% 5%;background-color:#7967ff;display:block\"><div class=\"eb-countdown-minutes\" style=\"margin-top:0px;margin-right:0px;margin-bottom:0px;margin-left:0px;text-align:center\"><span class=\"eb-countdown-digits eb-countdown-digits-minutes\" style=\"font-size:48px;font-weight:400;color:#ffffff;display:block\">0<\/span><span class=\"eb-countdown-label\" style=\"font-size:14px;text-transform:none;font-style:normal;text-decoration:initial;line-height:100%;padding-left:0px;color:#ffffff;display:block\">Minuutit<\/span><\/div><\/li><li class=\"eb-countdown-item\" style=\"height:120px;width:120px;margin:0px 10px;padding:0px 0px 0px 0px;border:0px solid #000000;box-shadow:0px 0px 0px 0px #000000;border-radius:5% 5% 5% 5%;background-color:#7967ff;display:block\"><div class=\"eb-countdown-seconds\" style=\"margin-top:0px;margin-right:0px;margin-bottom:0px;margin-left:0px;text-align:center\"><span class=\"eb-countdown-digits eb-countdown-digits-seconds\" style=\"font-size:48px;font-weight:400;color:#ffffff;display:block\">0<\/span><span class=\"eb-countdown-label\" style=\"font-size:14px;text-transform:none;font-style:normal;text-decoration:initial;line-height:100%;padding-left:0px;color:#ffffff;display:block\">Sekuntia<\/span><\/div><\/li><\/ul><\/div><\/div>\n<\/div>\n<\/div>\n\n\n\n<div class=\"wp-block-buttons alignwide is-content-justification-center is-layout-flex wp-block-buttons-is-layout-flex\">\n<div class=\"wp-block-button\"><a class=\"wp-block-button__link\" href=\"https:\/\/awakentheworld.com\/guided-meditation-schedule\/\">Meditaatiokalenteri vuodelle 2021<\/a><\/div>\n<\/div>\n\n\n\n<div class=\"wp-block-group drop-in-reminders\"><div class=\"wp-block-group__inner-container is-layout-flow wp-block-group-is-layout-flow\">\n<h4 class=\"has-text-align-center has-beige-color has-text-color wp-block-heading\"><strong>Rekister\u00f6idy Meditaatio-muistutuksiin<\/strong><\/h4>\n\n\n<p>[mc4wp_form id=&#8221;13987&#8243;]<\/p>\n\n\n\n<p><\/p>\n<\/div><\/div>\n<\/div><\/div>\n\n\n\n<p><\/p>\n\n\n\n<p class=\"has-text-align-center has-light-light-grey-background-color has-background has-small-font-size\">Zoom on ilmainen, helppok\u00e4ytt\u00f6inen videoneuvotteluj\u00e4rjestelm\u00e4, jota voidaan k\u00e4ytt\u00e4\u00e4 kaikilla laitteilla. <a rel=\"noreferrer noopener\" href=\"https:\/\/zoom.us\/\" target=\"_blank\">https:\/\/zoom.us\/<\/a><br>Lataa ja testaa se ennen kokouksen alkua osoitteessa: <a rel=\"noreferrer noopener\" href=\"https:\/\/zoom.us\/j\/6131117777\" target=\"_blank\">https:\/\/zoom.us\/j\/6131117777<\/a><\/p>\n","protected":false},"excerpt":{"rendered":"<p>Kaksi hiljaista meditaatiota joka p\u00e4iv\u00e4 paitsi p\u00e4iv\u00e4t, jolloin tarjoamme ohjatun istunnon Tunnin ohjattu meditaatio:Muu kuin kaksinkertainen harjoittelu, jota seuraa sitoutumisjakso (Dan tai Tanya johtaa) 30 minuutin ohjatut meditaatiot:Tietoisuustekniikat, joissa keskityt\u00e4\u00e4n rauhan ja tyyneyden kasvattamiseen, jota seuraa yhteyden muodostumisjakso. (Tanya johtaa) K\u00e4yt\u00e4mme tavallista Zoom -kokousta ID: 613 111 7777 ja 613 111 3333 Tanyan istuntoihin. Aikataulut [&hellip;]<\/p>\n","protected":false},"author":5,"featured_media":13543,"parent":0,"menu_order":0,"comment_status":"closed","ping_status":"closed","template":"template-dropin.php","meta":{"_acf_changed":false,"_kad_blocks_custom_css":"","_kad_blocks_head_custom_js":"","_kad_blocks_body_custom_js":"","_kad_blocks_footer_custom_js":"","footnotes":""},"class_list":["post-10351","page","type-page","status-publish","has-post-thumbnail","hentry"],"acf":[],"taxonomy_info":[],"featured_image_src_large":["https:\/\/awakentheworld.com\/fi\/wp-content\/uploads\/sites\/46\/2020\/06\/meditation-sitting-pose.png",640,168,false],"author_info":{"display_name":"alitardo","author_link":"https:\/\/awakentheworld.com\/fi\/blog\/author\/alitardo\/"},"comment_info":0,"jetpack_sharing_enabled":true,"_links":{"self":[{"href":"https:\/\/awakentheworld.com\/fi\/wp-json\/wp\/v2\/pages\/10351","targetHints":{"allow":["GET"]}}],"collection":[{"href":"https:\/\/awakentheworld.com\/fi\/wp-json\/wp\/v2\/pages"}],"about":[{"href":"https:\/\/awakentheworld.com\/fi\/wp-json\/wp\/v2\/types\/page"}],"author":[{"embeddable":true,"href":"https:\/\/awakentheworld.com\/fi\/wp-json\/wp\/v2\/users\/5"}],"replies":[{"embeddable":true,"href":"https:\/\/awakentheworld.com\/fi\/wp-json\/wp\/v2\/comments?post=10351"}],"version-history":[{"count":41,"href":"https:\/\/awakentheworld.com\/fi\/wp-json\/wp\/v2\/pages\/10351\/revisions"}],"predecessor-version":[{"id":14535,"href":"https:\/\/awakentheworld.com\/fi\/wp-json\/wp\/v2\/pages\/10351\/revisions\/14535"}],"wp:featuredmedia":[{"embeddable":true,"href":"https:\/\/awakentheworld.com\/fi\/wp-json\/wp\/v2\/media\/13543"}],"wp:attachment":[{"href":"https:\/\/awakentheworld.com\/fi\/wp-json\/wp\/v2\/media?parent=10351"}],"curies":[{"name":"wp","href":"https:\/\/api.w.org\/{rel}","templated":true}]}}