{"id":5269,"date":"2019-03-24T19:20:11","date_gmt":"2019-03-24T19:20:11","guid":{"rendered":"https:\/\/awakentheworld-reference.mystagingwebsite.com\/?page_id=5269"},"modified":"2025-03-10T10:14:47","modified_gmt":"2025-03-10T10:14:47","slug":"atw-awaken-the-world-initiative","status":"publish","type":"page","link":"https:\/\/awakentheworld.com\/fi\/","title":{"rendered":"Her\u00e4t\u00e4 maailma -aloite"},"content":{"rendered":"\n<div class=\"wp-block-cover alignfull is-light home-hero-block is-style-small-1030 has-white-color has-text-color has-link-color wp-elements-ec54609c5e65e0bdfa65d95f25b30009\"><span aria-hidden=\"true\" class=\"wp-block-cover__background has-background-dim-0 has-background-dim\" style=\"background-color:#779a9c\"><\/span><video class=\"wp-block-cover__video-background intrinsic-ignore\" autoplay muted loop playsinline src=\"https:\/\/awakentheworld.com\/wp-content\/uploads\/2025\/03\/ATW-EYE-World-Nebula.mp4\" data-object-fit=\"cover\"><\/video><div class=\"wp-block-cover__inner-container is-layout-flow wp-block-cover-is-layout-flow\">\n<h1 class=\"wp-block-heading alignfull has-text-align-center\" id=\"awaken-the-world-initiative\" style=\"font-size:68px\">Her\u00e4t\u00e4 maailma -aloite<\/h1>\n\n\n\n<div style=\"height:430px\" aria-hidden=\"true\" class=\"wp-block-spacer is-style-small-1030\"><\/div>\n\n\n\n<div class=\"wp-block-buttons is-horizontal is-content-justification-center is-layout-flex wp-container-core-buttons-is-layout-499968f5 wp-block-buttons-is-layout-flex\">\n<div class=\"wp-block-button\"><a class=\"wp-block-button__link wp-element-button\" href=\"https:\/\/awakentheworld.com\/fi\/tekstitetyt-elokuvat\/\"><br>KATSO DOKUMENTTIELOKUVAMME<\/a><\/div>\n<\/div>\n<\/div><\/div>\n\n\n\n<h2 class=\"wp-block-heading alignfull has-text-align-center has-large-font-size\">Elokuvia ja mediaa ihmisen tietoisuuden her\u00e4tt\u00e4miseksi.<\/h2>\n\n\n\n<div class=\"wp-block-group featured-film-hero has-no-padding\"><div class=\"wp-block-group__inner-container is-layout-flow wp-block-group-is-layout-flow\">\n<div class=\"wp-block-columns is-layout-flex wp-container-core-columns-is-layout-9d6595d7 wp-block-columns-is-layout-flex\">\n<div class=\"wp-block-column is-layout-flow wp-block-column-is-layout-flow\" style=\"flex-basis:66.66%\">\n<h2 class=\"wp-block-heading h4 has-brown-color has-text-color\" id=\"h-meditaatioharjoittelu\">Meditaatioharjoittelu<\/h2>\n\n\n\n<h2 class=\"wp-block-heading alt has-purple-color has-text-color\" id=\"h-meditoi-kanssamme\"><a href=\"https:\/\/awakentheworld.com\/meditations\/\"><\/a><a href=\"https:\/\/awakentheworld.com\/meditations\/\"><\/a><a href=\"https:\/\/awakentheworld.com\/sq\/praktikat-e-meditimit-te-drejtperdrejte\/\">Meditoi kanssamme<\/a><\/h2>\n\n\n\n<p class=\"has-dark-color has-text-color\"> Meditoimme lukemattomista syist\u00e4 ja lukemattomilla tavoilla. Meditaatio voi tehd\u00e4 meist\u00e4 terveempi\u00e4 ja onnellisempia, ja se voi my\u00f6s auttaa meit\u00e4 oivaltamaan todellisen luontomme rajallisen min\u00e4mme ulkopuolella. <\/p>\n\n\n\n<p class=\"has-small-font-size\">** sinut ohjataan verkkosivuston englanninkieliseen versioon.<\/p>\n<\/div>\n\n\n\n<div class=\"wp-block-column is-layout-flow wp-block-column-is-layout-flow\" style=\"flex-basis:33.33%\"><div class=\"wp-block-image is-style-rounded\">\n<figure class=\"aligncenter size-large is-resized\"><a href=\"https:\/\/awakentheworld.com\/film\/invitation-to-stillness\/\"><img loading=\"lazy\" decoding=\"async\" width=\"568\" height=\"568\" data-attachment-id=\"14380\" data-permalink=\"https:\/\/awakentheworld.com\/fi\/atw-awaken-the-world-initiative\/invitation-to-stillness-circle\/\" data-orig-file=\"https:\/\/awakentheworld.com\/fi\/wp-content\/uploads\/sites\/46\/2021\/05\/invitation-to-stillness-circle.jpg\" data-orig-size=\"568,568\" data-comments-opened=\"1\" data-image-meta=\"{&quot;aperture&quot;:&quot;0&quot;,&quot;credit&quot;:&quot;&quot;,&quot;camera&quot;:&quot;&quot;,&quot;caption&quot;:&quot;&quot;,&quot;created_timestamp&quot;:&quot;0&quot;,&quot;copyright&quot;:&quot;&quot;,&quot;focal_length&quot;:&quot;0&quot;,&quot;iso&quot;:&quot;0&quot;,&quot;shutter_speed&quot;:&quot;0&quot;,&quot;title&quot;:&quot;&quot;,&quot;orientation&quot;:&quot;0&quot;}\" data-image-title=\"invitation-to-stillness-circle\" data-image-description=\"\" data-image-caption=\"\" data-medium-file=\"https:\/\/awakentheworld.com\/fi\/wp-content\/uploads\/sites\/46\/2021\/05\/invitation-to-stillness-circle.jpg\" data-large-file=\"https:\/\/awakentheworld.com\/fi\/wp-content\/uploads\/sites\/46\/2021\/05\/invitation-to-stillness-circle.jpg\" src=\"https:\/\/awakentheworld.com\/it\/wp-content\/uploads\/sites\/4\/2021\/05\/invitation-to-stillness-circle.jpg\" alt=\"\" class=\"wp-image-14380\" style=\"width:196px;height:196px\" srcset=\"https:\/\/awakentheworld.com\/fi\/wp-content\/uploads\/sites\/46\/2021\/05\/invitation-to-stillness-circle.jpg 568w, https:\/\/awakentheworld.com\/fi\/wp-content\/uploads\/sites\/46\/2021\/05\/invitation-to-stillness-circle-300x300.jpg 300w\" sizes=\"auto, (max-width: 568px) 100vw, 568px\" \/><\/a><\/figure>\n<\/div><\/div>\n<\/div>\n\n\n<style>.kb-row-layout-id5269_d0eba4-4e > .kt-row-column-wrap{align-content:start;}:where(.kb-row-layout-id5269_d0eba4-4e > .kt-row-column-wrap) > .wp-block-kadence-column{justify-content:start;}.kb-row-layout-id5269_d0eba4-4e > .kt-row-column-wrap{column-gap:var(--global-kb-gap-md, 2rem);row-gap:var(--global-kb-gap-md, 2rem);padding-top:15px;padding-bottom:25px;grid-template-columns:minmax(0, 1fr);}.kb-row-layout-id5269_d0eba4-4e > .kt-row-layout-overlay{opacity:0.30;}@media all and (max-width: 1024px){.kb-row-layout-id5269_d0eba4-4e > .kt-row-column-wrap{grid-template-columns:minmax(0, 1fr);}}@media all and (max-width: 767px){.kb-row-layout-id5269_d0eba4-4e > .kt-row-column-wrap{grid-template-columns:minmax(0, 1fr);}}<\/style><div class=\"kb-row-layout-wrap kb-row-layout-id5269_d0eba4-4e alignnone wp-block-kadence-rowlayout\"><div class=\"kt-row-column-wrap kt-has-1-columns kt-row-layout-equal kt-tab-layout-inherit kt-mobile-layout-row kt-row-valign-top\">\n<style>.kadence-column5269_4a2155-46 > .kt-inside-inner-col,.kadence-column5269_4a2155-46 > .kt-inside-inner-col:before{border-top-left-radius:0px;border-top-right-radius:0px;border-bottom-right-radius:0px;border-bottom-left-radius:0px;}.kadence-column5269_4a2155-46 > .kt-inside-inner-col{column-gap:var(--global-kb-gap-sm, 1rem);}.kadence-column5269_4a2155-46 > .kt-inside-inner-col{flex-direction:column;}.kadence-column5269_4a2155-46 > .kt-inside-inner-col > .aligncenter{width:100%;}.kadence-column5269_4a2155-46 > .kt-inside-inner-col{background-image:url('https:\/\/awakentheworld.com\/it\/wp-content\/uploads\/sites\/4\/2020\/06\/blue-pattern-bg.png');background-size:cover;background-position:center center;background-attachment:scroll;background-repeat:no-repeat;}.kadence-column5269_4a2155-46 > .kt-inside-inner-col:before{opacity:0.3;}.kadence-column5269_4a2155-46{position:relative;}@media all and (max-width: 1024px){.kadence-column5269_4a2155-46 > .kt-inside-inner-col{flex-direction:column;justify-content:center;}}@media all and (max-width: 767px){.kadence-column5269_4a2155-46 > .kt-inside-inner-col{flex-direction:column;justify-content:center;}}<\/style>\n<div class=\"wp-block-kadence-column kadence-column5269_4a2155-46 inner-column-1\"><div class=\"kt-inside-inner-col\"><style>.kb-row-layout-id5269_b4b001-69 > .kt-row-column-wrap{align-content:start;}:where(.kb-row-layout-id5269_b4b001-69 > .kt-row-column-wrap) > .wp-block-kadence-column{justify-content:start;}.kb-row-layout-id5269_b4b001-69 > .kt-row-column-wrap{column-gap:var(--global-kb-gap-md, 2rem);row-gap:var(--global-kb-gap-md, 2rem);padding-top:25px;padding-right:5px;padding-bottom:25px;padding-left:5px;}.kb-row-layout-id5269_b4b001-69 > .kt-row-column-wrap > div:not(.added-for-specificity){grid-column:initial;}.kb-row-layout-id5269_b4b001-69 > .kt-row-column-wrap{grid-template-columns:repeat(3, minmax(0, 1fr));}.kb-row-layout-id5269_b4b001-69 > .kt-row-layout-overlay{opacity:0.30;}@media all and (max-width: 1024px){.kb-row-layout-id5269_b4b001-69 > .kt-row-column-wrap > div:not(.added-for-specificity){grid-column:initial;}}@media all and (max-width: 1024px){.kb-row-layout-id5269_b4b001-69 > .kt-row-column-wrap{grid-template-columns:repeat(3, minmax(0, 1fr));}}@media all and (max-width: 767px){.kb-row-layout-id5269_b4b001-69 > .kt-row-column-wrap > div:not(.added-for-specificity){grid-column:initial;}.kb-row-layout-id5269_b4b001-69 > .kt-row-column-wrap{grid-template-columns:minmax(0, 1fr);}}<\/style><div class=\"kb-row-layout-wrap kb-row-layout-id5269_b4b001-69 alignnone wp-block-kadence-rowlayout\"><div class=\"kt-row-column-wrap kt-has-3-columns kt-row-layout-equal kt-tab-layout-inherit kt-mobile-layout-row kt-row-valign-top\">\n<style>.kadence-column5269_92b9e9-a1 > .kt-inside-inner-col,.kadence-column5269_92b9e9-a1 > .kt-inside-inner-col:before{border-top-left-radius:0px;border-top-right-radius:0px;border-bottom-right-radius:0px;border-bottom-left-radius:0px;}.kadence-column5269_92b9e9-a1 > .kt-inside-inner-col{column-gap:var(--global-kb-gap-sm, 1rem);}.kadence-column5269_92b9e9-a1 > .kt-inside-inner-col{flex-direction:column;}.kadence-column5269_92b9e9-a1 > .kt-inside-inner-col > .aligncenter{width:100%;}.kadence-column5269_92b9e9-a1 > .kt-inside-inner-col:before{opacity:0.3;}.kadence-column5269_92b9e9-a1{position:relative;}@media all and (max-width: 1024px){.kadence-column5269_92b9e9-a1 > .kt-inside-inner-col{flex-direction:column;justify-content:center;}}@media all and (max-width: 767px){.kadence-column5269_92b9e9-a1 > .kt-inside-inner-col{flex-direction:column;justify-content:center;}}<\/style>\n<div class=\"wp-block-kadence-column kadence-column5269_92b9e9-a1 inner-column-1\"><div class=\"kt-inside-inner-col\"><div class=\"wp-block-image is-style-default\">\n<figure class=\"aligncenter size-large is-resized\"><img loading=\"lazy\" decoding=\"async\" width=\"79\" height=\"68\" data-attachment-id=\"13810\" data-permalink=\"https:\/\/awakentheworld.com\/fi\/atw-awaken-the-world-initiative\/meditating-people-icon\/\" data-orig-file=\"https:\/\/awakentheworld.com\/fi\/wp-content\/uploads\/sites\/46\/2020\/06\/meditating-people-icon.svg\" data-orig-size=\"79,68\" data-comments-opened=\"1\" data-image-meta=\"[]\" data-image-title=\"meditating-people-icon\" data-image-description=\"\" data-image-caption=\"\" data-medium-file=\"https:\/\/awakentheworld.com\/fi\/wp-content\/uploads\/sites\/46\/2020\/06\/meditating-people-icon.svg\" data-large-file=\"https:\/\/awakentheworld.com\/fi\/wp-content\/uploads\/sites\/46\/2020\/06\/meditating-people-icon.svg\" src=\"https:\/\/awakentheworld.com\/it\/wp-content\/uploads\/sites\/4\/2020\/06\/meditating-people-icon.svg\" alt=\"\" class=\"wp-image-13810\" style=\"height:75px\"\/><\/figure>\n<\/div>\n\n\n<p class=\"has-text-align-center has-purple-color has-text-color has-small-font-size\"><a rel=\"noreferrer noopener\" href=\"https:\/\/awakentheworld.com\/atw-drop-in-meditations\/\" target=\"_blank\">Hiljaiset ja ohjatut meditaatiot<br><\/a>(Ilmaisia, p\u00e4ivitt\u00e4isi\u00e4 live-meditaatioita verkossa.)<\/p>\n<\/div><\/div>\n\n\n<style>.kadence-column5269_243aec-42 > .kt-inside-inner-col,.kadence-column5269_243aec-42 > .kt-inside-inner-col:before{border-top-left-radius:0px;border-top-right-radius:0px;border-bottom-right-radius:0px;border-bottom-left-radius:0px;}.kadence-column5269_243aec-42 > .kt-inside-inner-col{column-gap:var(--global-kb-gap-sm, 1rem);}.kadence-column5269_243aec-42 > .kt-inside-inner-col{flex-direction:column;}.kadence-column5269_243aec-42 > .kt-inside-inner-col > .aligncenter{width:100%;}.kadence-column5269_243aec-42 > .kt-inside-inner-col:before{opacity:0.3;}.kadence-column5269_243aec-42{position:relative;}@media all and (max-width: 1024px){.kadence-column5269_243aec-42 > .kt-inside-inner-col{flex-direction:column;justify-content:center;}}@media all and (max-width: 767px){.kadence-column5269_243aec-42 > .kt-inside-inner-col{flex-direction:column;justify-content:center;}}<\/style>\n<div class=\"wp-block-kadence-column kadence-column5269_243aec-42 inner-column-2\"><div class=\"kt-inside-inner-col\"><div class=\"wp-block-image is-style-default\">\n<figure class=\"aligncenter size-large is-resized\"><img loading=\"lazy\" decoding=\"async\" width=\"170\" height=\"109\" data-attachment-id=\"13515\" data-permalink=\"https:\/\/awakentheworld.com\/fi\/?attachment_id=13515\" data-orig-file=\"https:\/\/awakentheworld.com\/fi\/wp-content\/uploads\/sites\/46\/2020\/06\/online-meditation-icon-1.svg\" data-orig-size=\"170,109\" data-comments-opened=\"1\" data-image-meta=\"[]\" data-image-title=\"online-meditation-icon-1\" data-image-description=\"\" data-image-caption=\"\" data-medium-file=\"https:\/\/awakentheworld.com\/fi\/wp-content\/uploads\/sites\/46\/2020\/06\/online-meditation-icon-1.svg\" data-large-file=\"https:\/\/awakentheworld.com\/fi\/wp-content\/uploads\/sites\/46\/2020\/06\/online-meditation-icon-1.svg\" src=\"https:\/\/awakentheworld.com\/it\/wp-content\/uploads\/sites\/4\/2020\/06\/online-meditation-icon-1.svg\" alt=\"\" class=\"wp-image-13515\" style=\"width:120px\"\/><\/figure>\n<\/div>\n\n\n<p class=\"has-text-align-center has-purple-color has-text-color has-small-font-size\"><a href=\"https:\/\/awakentheworld.com\/meditations\/\">Ohjattuja meditaatiotallenteita<\/a><br>(Englanniksi nauhoitetut istunnot)<\/p>\n<\/div><\/div>\n\n\n<style>.kadence-column5269_b3d87c-35 > .kt-inside-inner-col,.kadence-column5269_b3d87c-35 > .kt-inside-inner-col:before{border-top-left-radius:0px;border-top-right-radius:0px;border-bottom-right-radius:0px;border-bottom-left-radius:0px;}.kadence-column5269_b3d87c-35 > .kt-inside-inner-col{column-gap:var(--global-kb-gap-sm, 1rem);}.kadence-column5269_b3d87c-35 > .kt-inside-inner-col{flex-direction:column;}.kadence-column5269_b3d87c-35 > .kt-inside-inner-col > .aligncenter{width:100%;}.kadence-column5269_b3d87c-35 > .kt-inside-inner-col:before{opacity:0.3;}.kadence-column5269_b3d87c-35{position:relative;}@media all and (max-width: 1024px){.kadence-column5269_b3d87c-35 > .kt-inside-inner-col{flex-direction:column;justify-content:center;}}@media all and (max-width: 767px){.kadence-column5269_b3d87c-35 > .kt-inside-inner-col{flex-direction:column;justify-content:center;}}<\/style>\n<div class=\"wp-block-kadence-column kadence-column5269_b3d87c-35 inner-column-3\"><div class=\"kt-inside-inner-col\"><div class=\"wp-block-image is-style-default\">\n<figure class=\"aligncenter size-large is-resized\"><img loading=\"lazy\" decoding=\"async\" width=\"99\" height=\"90\" data-attachment-id=\"13535\" data-permalink=\"https:\/\/awakentheworld.com\/fi\/?attachment_id=13535\" data-orig-file=\"https:\/\/awakentheworld.com\/fi\/wp-content\/uploads\/sites\/46\/2020\/06\/1466264.svg\" data-orig-size=\"99,90\" data-comments-opened=\"1\" data-image-meta=\"[]\" data-image-title=\"1466264\" data-image-description=\"\" data-image-caption=\"\" data-medium-file=\"https:\/\/awakentheworld.com\/fi\/wp-content\/uploads\/sites\/46\/2020\/06\/1466264.svg\" data-large-file=\"https:\/\/awakentheworld.com\/fi\/wp-content\/uploads\/sites\/46\/2020\/06\/1466264.svg\" src=\"https:\/\/awakentheworld.com\/it\/wp-content\/uploads\/sites\/4\/2020\/06\/1466264.svg\" alt=\"peace sign\" class=\"wp-image-13535\" style=\"width:84px\"\/><\/figure>\n<\/div>\n\n\n<p class=\"has-text-align-center has-purple-color has-text-color has-small-font-size\"><a href=\"https:\/\/awakentheworld.com\/news-programs-and-retreats\/\">Meditaatioretriitit Kanadassa<\/a><br>(Luennoidaan englanniksi)<\/p>\n<\/div><\/div>\n\n<\/div><\/div>\n\n\n<p><\/p>\n<\/div><\/div>\n\n<\/div><\/div>\n\n\n<div class=\"wp-block-columns is-style-vertical-center-flip is-layout-flex wp-container-core-columns-is-layout-9d6595d7 wp-block-columns-is-layout-flex\">\n<div class=\"wp-block-column is-layout-flow wp-block-column-is-layout-flow\" style=\"flex-basis:33.33%\"><div class=\"wp-block-image is-style-rounded\">\n<figure class=\"aligncenter size-full\"><a href=\"https:\/\/awakentheworld.com\/film\/samadhi-film-part-3-the-pathless-path\/\" target=\"_blank\" rel=\"noreferrer noopener\"><img decoding=\"async\" src=\"https:\/\/awakentheworld.com\/nl\/wp-content\/uploads\/sites\/17\/2022\/07\/Square-Samadhi-3.jpg\" alt=\"\" class=\"wp-image-14594\"\/><\/a><\/figure>\n<\/div><\/div>\n\n\n\n<div class=\"wp-block-column is-layout-flow wp-block-column-is-layout-flow\" style=\"flex-basis:66.66%\">\n<h2 class=\"wp-block-heading h4 has-brown-color has-text-color\" id=\"h-uusi-julkaisu\">UUSI JULKAISU<\/h2>\n\n\n\n<h2 class=\"wp-block-heading alt has-purple-color has-text-color\" id=\"h-samadhi-3-poluton-polku\"><a href=\"https:\/\/awakentheworld.com\/film\/samadhi-film-part-3-the-pathless-path\/\" target=\"_blank\" rel=\"noreferrer noopener\">Samadhi 3 (Poluton polku)<\/a><\/h2>\n\n\n\n<p>Olemme kiitollisia voidessamme esitell\u00e4 uuden elokuvamme, Samadhi Part 3, &#8220;The Pathless Path&#8221;.  Ihmiskunnan t\u00e4ll\u00e4 hetkell\u00e4 l\u00e4pik\u00e4ym\u00e4 murros tarjoaa mahdollisuuden syv\u00e4lliseen sis\u00e4iseen transformaatioon ja her\u00e4\u00e4miseen todelliseen luontoomme.<\/p>\n\n\n\n<p class=\"wp-block-coblocks-highlight\"><mark class=\"wp-block-coblocks-highlight__content\">** Etsimme vapaaehtoisia k\u00e4\u00e4nt\u00e4m\u00e4\u00e4n elokuvan tekstityksen. Ota yhteytt\u00e4, jos olet kiinnostunut.<\/mark><\/p>\n<\/div>\n<\/div>\n<\/div><\/div>\n\n\n\n<h2 class=\"wp-block-heading\" id=\"h-kiitos-vierailustasi-verkkosivustomme-suomenkielisessa-versiossa\">Kiitos vierailustasi verkkosivustomme suomenkielisess\u00e4 versiossa.<\/h2>\n\n\n\n<p class=\"has-text-align-left blue has-large-font-size\"><span style=\"font-weight: 400\">Kaikki t\u00e4ll\u00e4 verkkosivustolla olevat elokuvien tekstitykset ja transkriptiot ovat hankkeeseemme osallistuneiden k\u00e4\u00e4nt\u00e4jien luomia ja tarkistamia. Kaikki muut tekstit (my\u00f6s t\u00e4m\u00e4) on kuitenkin k\u00e4\u00e4nnetty automaattisesti. Koska emme pysty todistamaan automaattisen k\u00e4\u00e4nn\u00f6sty\u00f6kalun tulosten tarkkuutta, olisimme hyvin kiitollisia, jos voisit osoittaa meille korjausehdotuksia <a href=\"https:\/\/awakentheworld.com\/fi\/ota-yhteytta\/\">l\u00e4hett\u00e4m\u00e4ll\u00e4 meille viestin t\u00e4\u00e4ll\u00e4<\/a>.<\/span><\/p>\n\n\n\n<h2 class=\"wp-block-heading\" id=\"h-meidan-tarkoituksemme\">Meid\u00e4n tarkoituksemme<\/h2>\n\n\n\n<p class=\"has-text-align-left blue has-large-font-size\"><span style=\"font-weight: 400\">Awaken the World Initiative luotiin palvelemaan n\u00f6yr\u00e4sti ihmiskunnan her\u00e4\u00e4mist\u00e4 todelliseen luontoonsa. Kaikki elokuvamme ja ohjatut meditaatiomme ovat saatavilla ilmaiseksi ja <a href=\"https:\/\/awakentheworld.com\/fi\/muut-kielet\/\">ne k\u00e4\u00e4nnet\u00e4\u00e4n mahdollisimman monelle kielelle<\/a>, jotta monivuotiset opetukset olisivat vapaasti kaikkien saatavilla.<\/span><\/p>\n\n\n\n<h2 class=\"wp-block-heading\" id=\"h-osallistu\">Osallistu<\/h2>\n\n\n\n<p class=\"has-large-font-size\">Olemme syv\u00e4sti kiitollisia kaikille tukijoillemme, joita ilman ATW-aloitetta ei olisi olemassa.<br><br><strong>On useita tapoja osallistua.<\/strong><\/p>\n\n\n\n<div class=\"wp-block-coblocks-features coblocks-features-1027144715634\"><div class=\"wp-block-coblocks-features__inner has-columns has-3-columns has-responsive-columns has-center-content has-medium-gutter\">\n\n<div class=\"wp-block-coblocks-feature coblocks-feature-1027144715938\"><div class=\"wp-block-coblocks-feature__inner has-no-padding\">\n<div class=\"wp-block-image\">\n<figure class=\"aligncenter size-large is-resized\"><img loading=\"lazy\" decoding=\"async\" data-attachment-id=\"13829\" data-permalink=\"https:\/\/awakentheworld.com\/fi\/?attachment_id=13829\" data-orig-file=\"https:\/\/awakentheworld.com\/fi\/wp-content\/uploads\/sites\/46\/2020\/06\/meditation-plus-signs.svg\" data-orig-size=\"195,136\" data-comments-opened=\"1\" data-image-meta=\"[]\" data-image-title=\"meditation-plus-signs\" data-image-description=\"\" data-image-caption=\"\" data-medium-file=\"https:\/\/awakentheworld.com\/fi\/wp-content\/uploads\/sites\/46\/2020\/06\/meditation-plus-signs.svg\" data-large-file=\"https:\/\/awakentheworld.com\/fi\/wp-content\/uploads\/sites\/46\/2020\/06\/meditation-plus-signs.svg\" src=\"https:\/\/awakentheworld.com\/it\/wp-content\/uploads\/sites\/4\/2020\/06\/meditation-plus-signs.svg\" alt=\"\" class=\"wp-image-13829\" width=\"146\" height=\"102\"\/><\/figure>\n<\/div>\n\n<h4 class=\"has-text-align-center wp-block-heading\" id=\"h-luova-panos\"><strong>Luova panos<\/strong><\/h4>\n\n\n<p class=\"has-text-align-left has-small-font-size\">Etsimme aina maailmanluokan vision\u00e4\u00e4rist\u00e4 taidetta, animaatiota, videota ja musiikkia tuleviin projekteihin. Jos haluat lahjoittaa taideteoksesi k\u00e4yt\u00f6n ATW Initiative -aloitteelle. <a href=\"https:\/\/awakentheworld.com\/fi\/ota-yhteytta\/\">L\u00e4het\u00e4 meille viesti t\u00e4\u00e4ll\u00e4<\/a>.<\/p>\n\n<\/div><\/div>\n\n\n<div class=\"wp-block-coblocks-feature coblocks-feature-1027144715949\"><div class=\"wp-block-coblocks-feature__inner has-no-padding\">\n<div class=\"wp-block-image\">\n<figure class=\"aligncenter size-large is-resized\"><img loading=\"lazy\" decoding=\"async\" data-attachment-id=\"13516\" data-permalink=\"https:\/\/awakentheworld.com\/fi\/?attachment_id=13516\" data-orig-file=\"https:\/\/awakentheworld.com\/fi\/wp-content\/uploads\/sites\/46\/2020\/06\/heart-in-hands-icon.svg\" data-orig-size=\"153,139\" data-comments-opened=\"1\" data-image-meta=\"[]\" data-image-title=\"heart-in-hands-icon\" data-image-description=\"\" data-image-caption=\"\" data-medium-file=\"https:\/\/awakentheworld.com\/fi\/wp-content\/uploads\/sites\/46\/2020\/06\/heart-in-hands-icon.svg\" data-large-file=\"https:\/\/awakentheworld.com\/fi\/wp-content\/uploads\/sites\/46\/2020\/06\/heart-in-hands-icon.svg\" src=\"https:\/\/awakentheworld.com\/it\/wp-content\/uploads\/sites\/4\/2020\/06\/heart-in-hands-icon.svg\" alt=\"\" class=\"wp-image-13516\" width=\"115\" height=\"104\"\/><\/figure>\n<\/div>\n\n<h4 class=\"has-text-align-center wp-block-heading\" id=\"h-rahoitusosuudet\"><strong>Rahoitusosuudet<\/strong><\/h4>\n\n\n<p class=\"has-text-align-left has-small-font-size\"><a href=\"https:\/\/awakentheworld.com\/fi\/film\/tietoja-awaken-the-world-aloitteesta\/\">Danin ja Tanjan viesti (englanniksi)<\/a><\/p>\n\n\n<p class=\"has-text-align-left has-small-font-size\"> <a href=\"https:\/\/awakentheworld.com\/atw-store\/\">K\u00e4y kaupassamme<\/a> ja lataa korkealaatuisia videoita tai osta t\u00e4yspitki\u00e4 DVD \/ BlueRay-versioita.<\/p>\n\n\n<p class=\"has-text-align-left has-small-font-size\"><a href=\"https:\/\/www.patreon.com\/awakentheworld\">Rekister\u00f6idy Patreoniin<\/a> tai l\u00e4het\u00e4 lahjoitus <a href=\"https:\/\/www.paypal.com\/donate\/?cmd=_s-xclick&amp;hosted_button_id=P8ZEAJRPHTH56&amp;source=url\">kerran PayPalin kautta<\/a>.<\/p>\n\n<\/div><\/div>\n\n\n<div class=\"wp-block-coblocks-feature coblocks-feature-102715194802\"><div class=\"wp-block-coblocks-feature__inner has-no-padding\">\n<div class=\"wp-block-image\">\n<figure class=\"aligncenter size-large is-resized\"><img loading=\"lazy\" decoding=\"async\" src=\"https:\/\/awakentheworld.com\/ko\/wp-content\/uploads\/sites\/23\/2020\/06\/translation-head-icon.svg\" alt=\"\" width=\"129\" height=\"125\"\/><\/figure>\n<\/div>\n\n<h4 class=\"has-text-align-center wp-block-heading\" id=\"h-auta-meita-kaantamaan\"><strong>Auta meit\u00e4 k\u00e4\u00e4nt\u00e4m\u00e4\u00e4n.<\/strong><\/h4>\n\n\n<p class=\"has-text-align-left has-small-font-size\">Tarkoituksenamme on tehd\u00e4 elokuvat, verkkosivusto ja muut projektit saataville mahdollisimman monella kielell\u00e4.<\/p>\n\n\n<p class=\"has-text-align-left has-small-font-size\">Jos sinulla on k\u00e4\u00e4nn\u00f6staitoja ja syv\u00e4llinen ymm\u00e4rrys sis\u00e4ll\u00f6st\u00e4, arvostaisimme apuasi!<\/p>\n\n<\/div><\/div>\n\n<\/div><\/div>\n\n\n\n<h2 class=\"wp-block-heading has-text-align-center\" id=\"h-kiitos\">Kiitos!<\/h2>\n\n\n\n<p class=\"has-text-align-center\">Arvostamme vilpitt\u00f6m\u00e4sti tukeasi ja muista, ett\u00e4 vaikka panoksestasi on apua, sitoutumisesi tutkimukseen on viel\u00e4kin arvokkaampaa.<\/p>\n","protected":false},"excerpt":{"rendered":"<p>Elokuvia ja mediaa ihmisen tietoisuuden her\u00e4tt\u00e4miseksi. Meditaatioharjoittelu Meditoi kanssamme Meditoimme lukemattomista syist\u00e4 ja lukemattomilla tavoilla. Meditaatio voi tehd\u00e4 meist\u00e4 terveempi\u00e4 ja onnellisempia, ja se voi my\u00f6s auttaa meit\u00e4 oivaltamaan todellisen luontomme rajallisen min\u00e4mme ulkopuolella. ** sinut ohjataan verkkosivuston englanninkieliseen versioon. Hiljaiset ja ohjatut meditaatiot(Ilmaisia, p\u00e4ivitt\u00e4isi\u00e4 live-meditaatioita verkossa.) Ohjattuja meditaatiotallenteita(Englanniksi nauhoitetut istunnot) Meditaatioretriitit Kanadassa(Luennoidaan englanniksi) UUSI [&hellip;]<\/p>\n","protected":false},"author":5,"featured_media":0,"parent":0,"menu_order":0,"comment_status":"closed","ping_status":"closed","template":"template-regularhome.php","meta":{"_acf_changed":false,"_kad_blocks_custom_css":"","_kad_blocks_head_custom_js":"","_kad_blocks_body_custom_js":"","_kad_blocks_footer_custom_js":"","footnotes":""},"class_list":["post-5269","page","type-page","status-publish","hentry"],"acf":[],"taxonomy_info":[],"featured_image_src_large":false,"author_info":{"display_name":"alitardo","author_link":"https:\/\/awakentheworld.com\/fi\/blog\/author\/alitardo\/"},"comment_info":0,"jetpack_sharing_enabled":true,"_links":{"self":[{"href":"https:\/\/awakentheworld.com\/fi\/wp-json\/wp\/v2\/pages\/5269","targetHints":{"allow":["GET"]}}],"collection":[{"href":"https:\/\/awakentheworld.com\/fi\/wp-json\/wp\/v2\/pages"}],"about":[{"href":"https:\/\/awakentheworld.com\/fi\/wp-json\/wp\/v2\/types\/page"}],"author":[{"embeddable":true,"href":"https:\/\/awakentheworld.com\/fi\/wp-json\/wp\/v2\/users\/5"}],"replies":[{"embeddable":true,"href":"https:\/\/awakentheworld.com\/fi\/wp-json\/wp\/v2\/comments?post=5269"}],"version-history":[{"count":102,"href":"https:\/\/awakentheworld.com\/fi\/wp-json\/wp\/v2\/pages\/5269\/revisions"}],"predecessor-version":[{"id":15325,"href":"https:\/\/awakentheworld.com\/fi\/wp-json\/wp\/v2\/pages\/5269\/revisions\/15325"}],"wp:attachment":[{"href":"https:\/\/awakentheworld.com\/fi\/wp-json\/wp\/v2\/media?parent=5269"}],"curies":[{"name":"wp","href":"https:\/\/api.w.org\/{rel}","templated":true}]}}