{"id":12386,"date":"2020-01-27T23:29:47","date_gmt":"2020-01-27T23:29:47","guid":{"rendered":"https:\/\/awakentheworld-reference.mystagingwebsite.com\/?page_id=12386"},"modified":"2020-10-29T22:49:13","modified_gmt":"2020-10-29T22:49:13","slug":"comment-participer","status":"publish","type":"page","link":"https:\/\/awakentheworld.com\/fr\/comment-participer\/","title":{"rendered":"Participez"},"content":{"rendered":"\n<div class=\"wp-block-columns is-style-vertical-center is-layout-flex wp-container-core-columns-is-layout-9d6595d7 wp-block-columns-is-layout-flex\">\n<div class=\"wp-block-column is-layout-flow wp-block-column-is-layout-flow\">\n<div class=\"wp-block-image\"><figure class=\"aligncenter size-large is-resized\"><img loading=\"lazy\" decoding=\"async\" src=\"https:\/\/awakentheworld.com\/wp-content\/uploads\/sites\/9\/2020\/06\/online-meditation-icon.svg\" alt=\"\" class=\"wp-image-13513\" width=\"170\" height=\"109\" \/><\/figure><\/div>\n<\/div>\n\n\n\n<div class=\"wp-block-column is-layout-flow wp-block-column-is-layout-flow\">\n<h2 class=\"wp-block-heading\"><strong>M\u00e9ditation en ligne<\/strong><\/h2>\n\n\n\n<p class=\"has-large-font-size\">Participez \u00e0 nos m\u00e9ditations sur ZOOM gratuites en ligne et en direct. Vous \u00eates tous bienvenus dans cette communaut\u00e9 de soutien en ligne pour nos m\u00e9ditations guid\u00e9es d\u2019une heure, suivies d\u2019une p\u00e9riode de questions\/r\u00e9ponses.<\/p>\n\n\n\n<p class=\"has-regular-font-size\">Vous ne pouvez pas communiquer en direct&nbsp;? Notre s\u00e9rie de m\u00e9ditations gratuites en 4 parties est toujours disponible pour vous aider \u00e0 garder le cap sur votre pratique. <a href=\"https:\/\/awakentheworld.com\/meditation\/\">Enregistrements de m\u00e9ditations guid\u00e9es.<\/a><\/p>\n\n\n\n<p>Nous avons quelques ressources qui ne sont disponibles qu\u2019en anglais pour le moment.<\/p>\n\n\n\n<div class=\"wp-block-buttons is-layout-flex wp-block-buttons-is-layout-flex\">\n<div class=\"wp-block-button\"><a class=\"wp-block-button__link\" href=\"https:\/\/awakentheworld.com\/atw-drop-in-meditations\/\">Voir Le Calendrier<\/a><\/div>\n\n\n\n<div class=\"wp-block-button\"><a class=\"wp-block-button__link\" href=\"#colophon\">S\u2019inscrire Au Rappel Hebdomadaire<\/a><\/div>\n<\/div>\n<\/div>\n<\/div>\n\n\n\n<div class=\"wp-block-columns is-style-vertical-center-flip is-layout-flex wp-container-core-columns-is-layout-9d6595d7 wp-block-columns-is-layout-flex\">\n<div class=\"wp-block-column is-layout-flow wp-block-column-is-layout-flow\">\n<h2 class=\"wp-block-heading\"><strong>Help us Aidez-nous \u00e0 traduire.<\/strong> <\/h2>\n\n\n\n<p class=\"has-large-font-size\">Notre intention est de rendre les films, le site web et les autres projets disponibles dans le plus grand nombre de langues possible. Si vous avez des comp\u00e9tences en traduction et une compr\u00e9hension approfondie du contenu, nous vous serions reconnaissants de nous aider&nbsp;!!<\/p>\n\n\n\n<div class=\"wp-block-buttons is-layout-flex wp-block-buttons-is-layout-flex\">\n<div class=\"wp-block-button\"><a class=\"wp-block-button__link\" href=\"https:\/\/awakentheworld.com\/fr\/nous-contacter\/\">Contactez-nous Pour Traduire<\/a><\/div>\n<\/div>\n<\/div>\n\n\n\n<div class=\"wp-block-column is-layout-flow wp-block-column-is-layout-flow\">\n<div class=\"wp-block-image\"><figure class=\"aligncenter size-large\"><img loading=\"lazy\" decoding=\"async\" width=\"192\" height=\"167\" src=\"https:\/\/awakentheworld.com\/wp-content\/uploads\/sites\/9\/2020\/06\/translation-head-icon.svg\" alt=\"\" class=\"wp-image-13514\" \/><\/figure><\/div>\n<\/div>\n<\/div>\n\n\n\n<div class=\"wp-block-columns is-style-vertical-center is-layout-flex wp-container-core-columns-is-layout-9d6595d7 wp-block-columns-is-layout-flex\">\n<div class=\"wp-block-column is-layout-flow wp-block-column-is-layout-flow\">\n<div class=\"wp-block-image\"><figure class=\"aligncenter size-large is-resized\"><img loading=\"lazy\" decoding=\"async\" src=\"https:\/\/awakentheworld.com\/wp-content\/uploads\/sites\/9\/2020\/06\/meditation-plus-signs.svg\" alt=\"\" class=\"wp-image-13829\" width=\"195\" height=\"136\" \/><\/figure><\/div>\n<\/div>\n\n\n\n<div class=\"wp-block-column is-layout-flow wp-block-column-is-layout-flow\">\n<h2 class=\"wp-block-heading\"><strong>Participez aux films.<\/strong> <\/h2>\n\n\n\n<p class=\"has-large-font-size\">Nous sommes toujours \u00e0 la recherche d\u2019art visionnaire, d\u2019animation 3D, de vid\u00e9os et de musique de classe mondiale pour les films \u00e0 venir.<\/p>\n\n\n\n<p class=\"has-regular-font-size\">Si vous pensez que votre art est apte \u00e0 figurer dans l\u2019un de nos films, <u><a href=\"https:\/\/awakentheworld.com\/fr\/nous-contacter\/\">veuillez nous contacter.<\/a><\/u><\/p>\n\n\n\n<div class=\"wp-block-buttons is-layout-flex wp-block-buttons-is-layout-flex\">\n<div class=\"wp-block-button\"><a class=\"wp-block-button__link\" href=\"https:\/\/awakentheworld.com\/fr\/nous-contacter\/\">Contactez-nous Pour Participer<\/a><\/div>\n<\/div>\n<\/div>\n<\/div>\n\n\n\n<div class=\"wp-block-columns is-style-vertical-center-flip is-layout-flex wp-container-core-columns-is-layout-9d6595d7 wp-block-columns-is-layout-flex\">\n<div class=\"wp-block-column is-layout-flow wp-block-column-is-layout-flow\">\n<h2 class=\"wp-block-heading\"><strong>Contribution financi\u00e8re<\/strong> <\/h2>\n\n\n\n<p class=\"has-large-font-size\">Nous appr\u00e9cions toujours tout soutien financier pour nos projets. En 2020, nos films ont \u00e9t\u00e9 vus par plus de 25 millions de personnes dans 30 langues. Imaginez ce que nous pourrions faire si chaque personne n\u2019avait donn\u00e9 que 1&nbsp;$&nbsp;!<\/p>\n\n\n\n<p class=\"has-regular-font-size\"><u><a rel=\"noopener noreferrer\" href=\"http:\/\/www.patreon.com\/awakentheworld\" target=\"_blank\"> Vous pouvez nous soutenir par des dons mensuels sur Patreon <\/a><\/u> or <u><a rel=\"noopener noreferrer\" href=\"http:\/\/www.paypal.me\/samadhicenter\" target=\"_blank\"> faire un don unique par PayPal ici.<\/a><\/u><\/p>\n\n\n\n<div class=\"wp-block-buttons is-layout-flex wp-block-buttons-is-layout-flex\">\n<div class=\"wp-block-button\"><a class=\"wp-block-button__link\" href=\"https:\/\/awakentheworld.com\/fr\/nous-soutenir\/\">Options De Dons<\/a><\/div>\n<\/div>\n<\/div>\n\n\n\n<div class=\"wp-block-column is-layout-flow wp-block-column-is-layout-flow\">\n<div class=\"wp-block-image\"><figure class=\"aligncenter size-large\"><img loading=\"lazy\" decoding=\"async\" width=\"153\" height=\"139\" src=\"https:\/\/awakentheworld.com\/wp-content\/uploads\/sites\/9\/2020\/06\/heart-in-hands-icon.svg\" alt=\"\" class=\"wp-image-13516\" \/><\/figure><\/div>\n<\/div>\n<\/div>\n","protected":false},"excerpt":{"rendered":"<p>M\u00e9ditation en ligne Participez \u00e0 nos m\u00e9ditations sur ZOOM gratuites en ligne et en direct. Vous \u00eates tous bienvenus dans cette communaut\u00e9 de soutien en ligne pour nos m\u00e9ditations guid\u00e9es d\u2019une heure, suivies d\u2019une p\u00e9riode de questions\/r\u00e9ponses. Vous ne pouvez pas communiquer en direct&nbsp;? Notre s\u00e9rie de m\u00e9ditations gratuites en 4 parties est toujours disponible [&hellip;]<\/p>\n","protected":false},"author":5,"featured_media":0,"parent":0,"menu_order":0,"comment_status":"closed","ping_status":"closed","template":"","meta":{"_acf_changed":false,"_kad_blocks_custom_css":"","_kad_blocks_head_custom_js":"","_kad_blocks_body_custom_js":"","_kad_blocks_footer_custom_js":"","footnotes":""},"class_list":["post-12386","page","type-page","status-publish","hentry"],"acf":[],"taxonomy_info":[],"featured_image_src_large":false,"author_info":{"display_name":"alitardo","author_link":"https:\/\/awakentheworld.com\/fr\/author\/alitardo\/"},"comment_info":0,"jetpack_sharing_enabled":true,"_links":{"self":[{"href":"https:\/\/awakentheworld.com\/fr\/wp-json\/wp\/v2\/pages\/12386","targetHints":{"allow":["GET"]}}],"collection":[{"href":"https:\/\/awakentheworld.com\/fr\/wp-json\/wp\/v2\/pages"}],"about":[{"href":"https:\/\/awakentheworld.com\/fr\/wp-json\/wp\/v2\/types\/page"}],"author":[{"embeddable":true,"href":"https:\/\/awakentheworld.com\/fr\/wp-json\/wp\/v2\/users\/5"}],"replies":[{"embeddable":true,"href":"https:\/\/awakentheworld.com\/fr\/wp-json\/wp\/v2\/comments?post=12386"}],"version-history":[{"count":32,"href":"https:\/\/awakentheworld.com\/fr\/wp-json\/wp\/v2\/pages\/12386\/revisions"}],"predecessor-version":[{"id":14954,"href":"https:\/\/awakentheworld.com\/fr\/wp-json\/wp\/v2\/pages\/12386\/revisions\/14954"}],"wp:attachment":[{"href":"https:\/\/awakentheworld.com\/fr\/wp-json\/wp\/v2\/media?parent=12386"}],"curies":[{"name":"wp","href":"https:\/\/api.w.org\/{rel}","templated":true}]}}