{"id":14783,"date":"2020-09-28T23:15:18","date_gmt":"2020-09-28T23:15:18","guid":{"rendered":"https:\/\/awakentheworld.com\/fr\/?page_id=14783"},"modified":"2021-04-07T17:11:32","modified_gmt":"2021-04-07T17:11:32","slug":"meditations-guidees","status":"publish","type":"page","link":"https:\/\/awakentheworld.com\/fr\/meditations-guidees\/","title":{"rendered":"M\u00e9ditations Guid\u00e9es"},"content":{"rendered":"\n<div class=\"wp-block-columns is-style-vertical-center is-layout-flex wp-container-core-columns-is-layout-9d6595d7 wp-block-columns-is-layout-flex\">\n<div class=\"wp-block-column is-layout-flow wp-block-column-is-layout-flow\">\n<figure class=\"wp-block-image size-large\"><img loading=\"lazy\" decoding=\"async\" width=\"1000\" height=\"562\" src=\"https:\/\/awakentheworld.com\/es\/wp-content\/uploads\/sites\/7\/2020\/01\/ATW-free-drop-in-meditations.jpg\" alt=\"Drop in meditations\" class=\"wp-image-12023\" \/><figcaption>[G] ** Ces enregistrements sont narr\u00e9s en anglais, les liens redirigent vers la version correspondante du site.<\/figcaption><\/figure>\n<\/div>\n\n\n\n<div class=\"wp-block-column is-vertically-aligned-center is-layout-flow wp-block-column-is-layout-flow\">\n<h2 class=\"wp-block-heading\"><strong>S\u00e9rie disponible<\/strong><\/h2>\n\n\n\n<p class=\"has-large-font-size\">Que vous d\u00e9butiez dans la m\u00e9ditation ou que vous souhaitiez approfondir votre pratique de la m\u00e9ditation, cette s\u00e9rie de m\u00e9ditations guid\u00e9es est con\u00e7ue pour cultiver la concentration et l&#8217;\u00e9quanimit\u00e9 n\u00e9cessaires \u00e0 la r\u00e9alisation du Samadhi.<\/p>\n\n\n\n<p class=\"has-large-font-size\">Vous pouvez \u00e9galement acc\u00e9der \u00e0 des m\u00e9ditations d&#8217;introduction de 10, 15 et 20 minutes, racont\u00e9es en anglais.<\/p>\n<\/div>\n<\/div>\n\n\n\n<div class=\"wp-block-columns is-layout-flex wp-container-core-columns-is-layout-9d6595d7 wp-block-columns-is-layout-flex\">\n<div class=\"wp-block-column is-vertically-aligned-center is-layout-flow wp-block-column-is-layout-flow\">\n<div id=\"is-style-rounded\" class=\"wp-block-image is-style-rounded\"><figure class=\"aligncenter size-large is-resized\"><a href=\"https:\/\/awakentheworld.com\/fr\/meditation-series\/samadhi-meditations\/\"><img loading=\"lazy\" decoding=\"async\" src=\"https:\/\/awakentheworld.com\/es\/wp-content\/uploads\/sites\/7\/2020\/09\/Square-Icon-Core-Meditations.jpg\" alt=\"\" class=\"wp-image-14849\" width=\"160\" height=\"160\" \/><\/a><\/figure><\/div>\n\n\n\n<p class=\"has-text-align-center\"><a href=\"https:\/\/awakentheworld.com\/fr\/meditation-series\/samadhi-meditations\/\">M\u00e9ditations de base Samadhi en fran\u00e7ais<\/a><\/p>\n<\/div>\n\n\n\n<div class=\"wp-block-column is-vertically-aligned-center is-layout-flow wp-block-column-is-layout-flow\">\n<div class=\"wp-block-image is-style-rounded\"><figure class=\"aligncenter size-large is-resized\"><a href=\"https:\/\/awakentheworld.com\/fr\/meditation-series\/the-pathless-path-introductory-meditations\/\"><img loading=\"lazy\" decoding=\"async\" src=\"https:\/\/awakentheworld.com\/es\/wp-content\/uploads\/sites\/7\/2020\/09\/Square-Icon-Introductory-Meditations.jpg\" alt=\"\" class=\"wp-image-14850\" width=\"160\" height=\"160\" \/><\/a><\/figure><\/div>\n\n\n\n<p class=\"has-text-align-center\"><a href=\"https:\/\/awakentheworld.com\/fr\/meditation-series\/the-pathless-path-introductory-meditations\/\">M\u00e9ditations introductives<\/a><\/p>\n<\/div>\n\n\n\n<div class=\"wp-block-column is-vertically-aligned-center is-layout-flow wp-block-column-is-layout-flow\">\n<div class=\"wp-block-image is-style-rounded\"><figure class=\"aligncenter size-large is-resized\"><a href=\"https:\/\/awakentheworld.com\/meditation-series\/zoom-meditations\/\"><img loading=\"lazy\" decoding=\"async\" src=\"https:\/\/awakentheworld.com\/es\/wp-content\/uploads\/sites\/7\/2020\/09\/Square-Icon-Zoom-Meditations.jpg\" alt=\"\" class=\"wp-image-14852\" width=\"160\" height=\"160\" \/><\/a><\/figure><\/div>\n\n\n\n<p class=\"has-text-align-center\"><a href=\"https:\/\/awakentheworld.com\/meditation-series\/zoom-meditations\/\">M\u00e9ditations guid\u00e9es hebdomadaires<\/a><br>(** <a href=\"https:\/\/awakentheworld.com\/meditation-series\/zoom-meditations\/\">Site en anglais<\/a>)<\/p>\n<\/div>\n<\/div>\n\n\n\n<div class=\"wp-block-columns is-layout-flex wp-container-core-columns-is-layout-9d6595d7 wp-block-columns-is-layout-flex\">\n<div class=\"wp-block-column is-layout-flow wp-block-column-is-layout-flow\">\n<h2 class=\"wp-block-heading\">Articles et enseignements<\/h2>\n\n\n\n<p class=\"has-large-font-size\">Articles et enseignements relatifs au chemin de l\u2019\u00e9veil.<\/p>\n\n\n\n<div class=\"wp-block-buttons is-layout-flex wp-block-buttons-is-layout-flex\">\n<div class=\"wp-block-button\"><a class=\"wp-block-button__link\" href=\"https:\/\/awakentheworld.com\/blog\/\">Anglais<\/a><\/div>\n\n\n\n<div class=\"wp-block-button\"><a class=\"wp-block-button__link\" href=\"https:\/\/awakentheworld.com\/es\/blog\/\">Espagnol<\/a><\/div>\n<\/div>\n<\/div>\n\n\n\n<div class=\"wp-block-column is-layout-flow wp-block-column-is-layout-flow\">\n<div class=\"wp-block-image\"><figure class=\"aligncenter size-large\"><img decoding=\"async\" src=\"https:\/\/awakentheworld.com\/es\/wp-content\/uploads\/sites\/7\/2020\/09\/Teachings.jpg\" alt=\"\" class=\"wp-image-14855\" \/><\/figure><\/div>\n<\/div>\n<\/div>\n","protected":false},"excerpt":{"rendered":"<p>S\u00e9rie disponible Que vous d\u00e9butiez dans la m\u00e9ditation ou que vous souhaitiez approfondir votre pratique de la m\u00e9ditation, cette s\u00e9rie de m\u00e9ditations guid\u00e9es est con\u00e7ue pour cultiver la concentration et l&#8217;\u00e9quanimit\u00e9 n\u00e9cessaires \u00e0 la r\u00e9alisation du Samadhi. Vous pouvez \u00e9galement acc\u00e9der \u00e0 des m\u00e9ditations d&#8217;introduction de 10, 15 et 20 minutes, racont\u00e9es en anglais. M\u00e9ditations [&hellip;]<\/p>\n","protected":false},"author":5,"featured_media":14804,"parent":0,"menu_order":0,"comment_status":"closed","ping_status":"closed","template":"template-programs.php","meta":{"_acf_changed":false,"_kad_blocks_custom_css":"","_kad_blocks_head_custom_js":"","_kad_blocks_body_custom_js":"","_kad_blocks_footer_custom_js":"","footnotes":""},"class_list":["post-14783","page","type-page","status-publish","has-post-thumbnail","hentry"],"acf":[],"taxonomy_info":[],"featured_image_src_large":["https:\/\/awakentheworld.com\/fr\/wp-content\/uploads\/sites\/9\/2020\/10\/Header-Guided-Meditations.jpg",640,168,false],"author_info":{"display_name":"alitardo","author_link":"https:\/\/awakentheworld.com\/fr\/author\/alitardo\/"},"comment_info":0,"jetpack_sharing_enabled":true,"_links":{"self":[{"href":"https:\/\/awakentheworld.com\/fr\/wp-json\/wp\/v2\/pages\/14783","targetHints":{"allow":["GET"]}}],"collection":[{"href":"https:\/\/awakentheworld.com\/fr\/wp-json\/wp\/v2\/pages"}],"about":[{"href":"https:\/\/awakentheworld.com\/fr\/wp-json\/wp\/v2\/types\/page"}],"author":[{"embeddable":true,"href":"https:\/\/awakentheworld.com\/fr\/wp-json\/wp\/v2\/users\/5"}],"replies":[{"embeddable":true,"href":"https:\/\/awakentheworld.com\/fr\/wp-json\/wp\/v2\/comments?post=14783"}],"version-history":[{"count":9,"href":"https:\/\/awakentheworld.com\/fr\/wp-json\/wp\/v2\/pages\/14783\/revisions"}],"predecessor-version":[{"id":18397,"href":"https:\/\/awakentheworld.com\/fr\/wp-json\/wp\/v2\/pages\/14783\/revisions\/18397"}],"wp:featuredmedia":[{"embeddable":true,"href":"https:\/\/awakentheworld.com\/fr\/wp-json\/wp\/v2\/media\/14804"}],"wp:attachment":[{"href":"https:\/\/awakentheworld.com\/fr\/wp-json\/wp\/v2\/media?parent=14783"}],"curies":[{"name":"wp","href":"https:\/\/api.w.org\/{rel}","templated":true}]}}