{"id":962,"date":"2017-04-10T06:38:53","date_gmt":"2017-04-10T06:38:53","guid":{"rendered":"http:\/\/ally.divilover.com\/about-us\/"},"modified":"2024-10-10T10:57:21","modified_gmt":"2024-10-10T10:57:21","slug":"about-us","status":"publish","type":"page","link":"https:\/\/awakentheworld.com\/fr\/about-us\/","title":{"rendered":"\u00c0 propos de nous"},"content":{"rendered":"\n<p class=\"has-text-align-left\">Daniel J. Schmidt a fond\u00e9 l&#8217;initiative \u00e0 but non lucratif Awaken the World [\u00c9veiller le monde] en 2012. Daniel cr\u00e9e des films, dirige le centre de m\u00e9ditation Samadhi au Canada et s&#8217;implique dans d&#8217;autres projets qui soutiennent l&#8217;initiative ATW. Il est convaincu qu&#8217;en partageant nos propres voyages int\u00e9rieurs, il est possible d&#8217;inspirer et de soutenir les autres sur leur chemin.<\/p>\n\n\n\n<div class=\"wp-block-columns alignwide is-layout-flex wp-container-core-columns-is-layout-9d6595d7 wp-block-columns-is-layout-flex\">\n<div class=\"wp-block-column is-layout-flow wp-block-column-is-layout-flow\" style=\"flex-basis:25%\">\n<div class=\"wp-block-image is-style-rounded\"><figure class=\"aligncenter size-large\"><img loading=\"lazy\" decoding=\"async\" width=\"190\" height=\"190\" src=\"https:\/\/awakentheworld.com\/wp-content\/uploads\/2020\/06\/Daniel-Schmidt.jpg\" alt=\"\" class=\"wp-image-13521\" \/><\/figure><\/div>\n\n\n\n<h2 class=\"has-text-align-center has-dark-color has-text-color wp-block-heading\" id=\"h-daniel-schmidt\">Daniel Schmidt<\/h2>\n\n\n\n<p><\/p>\n<\/div>\n\n\n\n<div class=\"wp-block-column is-layout-flow wp-block-column-is-layout-flow\" style=\"flex-basis:73.2%\">\n<p>Le Centre Samadhi a \u00e9t\u00e9 fond\u00e9 par Daniel Schmidt comme un reflet ext\u00e9rieur de son monde int\u00e9rieur. &#8220;Sa propre conduite int\u00e9rieure l\u2019a amen\u00e9 \u00e0 cr\u00e9er le Centre et un espace pour que les m\u00e9ditants puissent se r\u00e9unir et s\u2019\u00e9veiller \u00e0 leur vraie nature.&#8221;<\/p>\n\n\n\n<p>Daniel pratique la m\u00e9ditation et l\u2019introspection depuis plus de 20 ans. Il enseigne la m\u00e9ditation depuis 10 ans et s\u2019inspire de nombreuses traditions diff\u00e9rentes dans ses enseignements. Daniel est le cr\u00e9ateur du film prim\u00e9 Inner Worlds, Outer Worlds ainsi que de la s\u00e9rie Samadhi en cours actuellement. Il a \u00e9galement publi\u00e9 une s\u00e9rie de m\u00e9ditations guid\u00e9es et d\u2019enseignements comme guide pratique pour r\u00e9aliser le Samadhi. Son approche combine l\u2019introspection et les formes traditionnelles de m\u00e9ditation, afin que les participants aient la possibilit\u00e9 de r\u00e9aliser leur nature transcendentale tout en se purifiant des sch\u00e9mas conditionn\u00e9s.<\/p>\n\n\n\n<p>Le chemin sans chemin consiste \u00e0 r\u00e9aliser un processus de d\u00e9veloppement toujours plus profond au sein de notre structure propre, et \u00e0 r\u00e9aliser en m\u00eame temps la vacuit\u00e9 de cette structure. Le Samadhi est le moment o\u00f9 le monde en constante \u00e9volution fusionne ou s\u2019unit avec l\u2019immuable. Consultez certains de ses articles sur les m\u00e9ditations et l\u2019\u00e9veil sur le site AwakenTheWorld.com.<\/p>\n<\/div>\n<\/div>\n\n\n\n<div class=\"wp-block-columns alignwide is-style-vertical-center is-layout-flex wp-container-core-columns-is-layout-9d6595d7 wp-block-columns-is-layout-flex\">\n<div class=\"wp-block-column is-layout-flow wp-block-column-is-layout-flow\" style=\"flex-basis:25%\">\n<div class=\"wp-block-image is-style-rounded\"><figure class=\"aligncenter size-full is-resized\"><img loading=\"lazy\" decoding=\"async\" src=\"https:\/\/awakentheworld.com\/wp-content\/uploads\/2021\/09\/John.jpg\" alt=\"\" class=\"wp-image-30911\" width=\"190\" height=\"190\" \/><\/figure><\/div>\n\n\n\n<h2 class=\"has-text-align-center has-dark-color has-text-color wp-block-heading\" id=\"h-john-cross\">John Cross<\/h2>\n\n\n\n<p><\/p>\n<\/div>\n\n\n\n<div class=\"wp-block-column is-layout-flow wp-block-column-is-layout-flow\" style=\"flex-basis:73.2%\">\n<p>John pratique la m\u00e9ditation depuis son adolescence et a approfondi son exploration spirituelle gr\u00e2ce \u00e0 une utilisation consciente des plantes m\u00e9dicinales enth\u00e9og\u00e8nes. Il a connu une profonde gu\u00e9rison et poursuit cette d\u00e9marche \u00e0 mesure que des couches de plus en plus profondes de sa vraie nature lui sont r\u00e9v\u00e9l\u00e9es. La maladie mentale et la douleur chronique l\u2019ont amen\u00e9 \u00e0 plonger profond\u00e9ment en lui-m\u00eame pour d\u00e9couvrir la source de vie.<\/p>\n\n\n\n<p>Apr\u00e8s avoir travaill\u00e9 durant plusieurs ann\u00e9es avec la respiration, dans ses m\u00e9ditations et en l\u2019utilisant comme outil d\u2019autor\u00e9gulation, John a connu une transformation dans le cadre d\u2019un cours sur le travail de la respiration (Elemental Awakening Breathwork). Cela l\u2019a inspir\u00e9 \u00e0 suivre la formation d\u2019animateur-formateur pour enseigner cette m\u00e9thode et il offre depuis aux personnes et groupes int\u00e9ress\u00e9s de vivre cette exp\u00e9rience. Depuis 2019, John travail en \u00e9troite collaboration avec Michael Cassidy, initiateur et promoteur du Bwiti Iboga, et l\u2019aide lors des c\u00e9r\u00e9monies d\u2019Iboga traditionnelles, notamment au niveau de l\u2019encadrement et du travail d\u2019int\u00e9gration. Gr\u00e2ce \u00e0 son travail avec l\u2019iboga, la respiration et la m\u00e9ditation, il ne cesse de rena\u00eetre et de se renouveler dans sa vie et il ne cesse de s\u2019\u00e9merveiller en constatant les m\u00eames r\u00e9sultats chez les innombrables personnes qui travaillent comme lui avec ces outils d\u2019\u00e9veil.<\/p>\n<\/div>\n<\/div>\n\n\n\n<div class=\"wp-block-columns alignwide is-layout-flex wp-container-core-columns-is-layout-9d6595d7 wp-block-columns-is-layout-flex\">\n<div class=\"wp-block-column is-layout-flow wp-block-column-is-layout-flow\" style=\"flex-basis:25%\">\n<div class=\"wp-block-image is-style-rounded\"><figure class=\"aligncenter size-full is-resized\"><img loading=\"lazy\" decoding=\"async\" src=\"https:\/\/awakentheworld.com\/wp-content\/uploads\/2021\/09\/Lilla-Balint.jpg\" alt=\"\" class=\"wp-image-30902\" width=\"190\" height=\"190\" \/><\/figure><\/div>\n\n\n\n<h2 class=\"has-text-align-center has-dark-color has-text-color wp-block-heading\" id=\"h-lilla-balint\">Lilla Balint<\/h2>\n\n\n\n<p><\/p>\n<\/div>\n\n\n\n<div class=\"wp-block-column is-layout-flow wp-block-column-is-layout-flow\" style=\"flex-basis:73.2%\">\n<p>Lilla Balint a \u00e9t\u00e9 form\u00e9e et initi\u00e9e dans la tradition Missoko Bwiti du Gabon par Moughenda Mikala, chamane de 10e g\u00e9n\u00e9ration, afin de faire d\u00e9couvrir l\u2019iboga aux personnes int\u00e9ress\u00e9es.<\/p>\n\n\n\n<p>\u00ab J\u2019ai particip\u00e9 \u00e0 ma premi\u00e8re c\u00e9r\u00e9monie d\u2019Iboga le 6 ao\u00fbt 2019, organis\u00e9e par ma tr\u00e8s ch\u00e8re amie et cons\u0153ur initiatrice Adele Emelson. Ce fut une d\u00e9cision qui a chang\u00e9 enti\u00e8rement le cours de ma vie. Je consid\u00e8re cette journ\u00e9e comme celle de ma renaissance, celle m\u2019ouvrant \u00e0 de nouveaux horizons sans vraiment savoir ce que l\u2019avenir me r\u00e9servait. J\u2019\u00e9tais absolument certaine, le jour suivant la c\u00e9r\u00e9monie, de vouloir faire exactement ce qu\u2019Adele faisait, c\u2019est-\u00e0-dire animer des c\u00e9r\u00e9monies pour aider les gens \u00e0 r\u00e9aliser ce qu\u2019ils sont vraiment, leur lien avec le monde spirituel, qui \u00e9tait devenu pour moi plus r\u00e9el que je n\u2019aurais jamais pu l\u2019imaginer. Ma compr\u00e9hension de notre existence et de la r\u00e9alit\u00e9 s\u2019\u00e9tait approfondie au cours de cette nuit et ma vie n\u2019a plus jamais \u00e9t\u00e9 la m\u00eame depuis. Un an plus tard, j\u2019\u00e9tais au Gabon, en Afrique, avec Adele, pr\u00eate \u00e0 recevoir ma formation d\u2019initiatrice prodigu\u00e9e par Moughenda, chamane de la 10e g\u00e9n\u00e9ration, qui est d\u00e9sormais mon enseignant, mentor et ami. L\u2019enseignement de Moughenda m\u2019a aid\u00e9e \u00e0 me transformer et \u00e0 devenir la personne que je suis aujourd\u2019hui. J\u2019ai \u00e9galement \u00e9t\u00e9 initi\u00e9e dans la tradition Bwiti dans le cadre d\u2019une c\u00e9r\u00e9monie d\u2019initiation int\u00e9grale et je suis ainsi devenue membre de la famille. J\u2019ai pu vivre une exp\u00e9rience profonde de l\u2019esprit de l\u2019Iboga durant mon s\u00e9jour dans le village de Moughenda. J\u2019ai un grand respect et une profonde affection pour cet Esprit de M\u00e9decine et j\u2019ai d\u00e9velopp\u00e9 un lien tr\u00e8s \u00e9troit avec lui, lien qui ne peut \u00eatre r\u00e9ellement compris que par une personne qui prend la d\u00e9cision de s\u2019abandonner \u00e0 cette M\u00e9decine et de lui faire enti\u00e8rement confiance. Iboga, ainsi que Moughenda, m\u2019ont appris \u00e0 vivre simplement, dans l\u2019instant pr\u00e9sent, et \u00e0 appr\u00e9cier tout ce qui m\u2019est donn\u00e9 gratuitement par le Cr\u00e9ateur, cette source de bienveillance. Ma d\u00e9marche n\u00e9cessite un apprentissage continu qui me permet de me d\u00e9velopper et d\u2019\u00e9voluer chaque jour vers la meilleure version de moi-m\u00eame, de me mettre au service de l\u2019humanit\u00e9 et de r\u00e9aliser le destin de mon \u00e2me dans cette vie. \u00bb<\/p>\n<\/div>\n<\/div>\n\n\n\n<div class=\"wp-block-columns alignwide is-style-vertical-center is-layout-flex wp-container-core-columns-is-layout-9d6595d7 wp-block-columns-is-layout-flex\">\n<div class=\"wp-block-column is-layout-flow wp-block-column-is-layout-flow\" style=\"flex-basis:25%\">\n<div class=\"wp-block-image is-style-rounded\"><figure class=\"aligncenter size-full is-resized\"><img loading=\"lazy\" decoding=\"async\" src=\"https:\/\/awakentheworld.com\/wp-content\/uploads\/2021\/09\/GregMcClenaghan.jpg\" alt=\"\" class=\"wp-image-30904\" width=\"190\" height=\"190\" \/><\/figure><\/div>\n\n\n\n<h2 class=\"has-text-align-center has-dark-color has-text-color wp-block-heading\" id=\"h-greg-james\"> Greg James <\/h2>\n\n\n\n<p><\/p>\n<\/div>\n\n\n\n<div class=\"wp-block-column is-layout-flow wp-block-column-is-layout-flow\" style=\"flex-basis:73.2%\">\n<p>Greg a \u00e9t\u00e9 form\u00e9 et initi\u00e9 \u00e0 la tradition Missoko Bwiti du Gabon afin d\u2019initier d\u2019autres personnes \u00e0 l\u2019Iboga. Il a \u00e9galement re\u00e7u depuis mars 2020 d\u2019autres formations et des conseils de la part de Michael \u00ab Dancing Eagle \u00bb Cassidy.<\/p>\n\n\n\n<p>N\u00e9 en Ontario, au Canada, les voyages de Greg l\u2019ont amen\u00e9 des jungles du P\u00e9rou jusqu\u2019\u00e0 celles de l\u2019Afrique de l\u2019Ouest pour y apprendre des outils de gu\u00e9rison, de formation et d\u2019exploration de soi. Sa d\u00e9marche de gu\u00e9rison avait d\u00e9but\u00e9 vingt ans plus t\u00f4t durant une p\u00e9riode tourment\u00e9e de sa vie. La qu\u00eate de r\u00e9ponses a \u00e9t\u00e9 l\u2019\u00e9tincelle qui l\u2019a amen\u00e9 \u00e0 d\u00e9couvrir un monde de traditions diverses et de ressources de gu\u00e9rison, notamment la m\u00e9ditation, le yoga, la gu\u00e9rison par le son, le reiki et les plantes m\u00e9dicinales. La m\u00e9ditation et l\u2019utilisation d\u2019enth\u00e9ogenes ont jou\u00e9 un r\u00f4le crucial dans la transformation v\u00e9cue par Greg. Lorsqu\u2019une personne peut s\u2019abandonner, avoir un esprit tranquille et \u00eatre l\u2019observateur de son exp\u00e9rience, les plantes m\u00e9dicinales peuvent contribuer \u00e0 cr\u00e9er de nouvelles perceptions et de la clart\u00e9 chez elle. Tous les enth\u00e9og\u00e8nes ont contribu\u00e9 \u00e0 lui permettre une profonde gu\u00e9rison, mais l\u2019Iboga a \u00e9t\u00e9 celui qui a eu l\u2019effet transformateur le plus important dans sa d\u00e9marche. L&#8217;Iboga lui a offert des r\u00e9ponses concernant sa vie et lui a r\u00e9v\u00e9l\u00e9 ses pens\u00e9es d\u2019auto-sabotage, ses sch\u00e9mas de comportement ainsi que ce qui se cache sous les diff\u00e9rents masques que nous portons. Sa pers\u00e9v\u00e9rance \u00e0 explorer son \u00eatre en profondeur avec l\u2019Iboga lui a permis de r\u00e9aliser de merveilleux \u00e9clairs de conscience. Greg consacre d\u00e9sormais sa vie \u00e0 aider les autres \u00e0 r\u00e9aliser leurs transformations int\u00e9rieures tout en poursuivant sa d\u00e9marche d\u2019exploration de Lui-m\u00eame. L\u2019apprentissage se poursuit jusqu\u2019\u00e0 notre dernier souffle. Sa nouvelle vocation consiste \u00e0 initier les gens \u00e0 l\u2019Iboga en priv\u00e9 ou dans le cadre de retraites et \u00e0 trouver l\u2019\u00e9quilibre dans sa vie personnelle.<br>Toutes ces exp\u00e9riences ont amen\u00e9 Greg \u00e0 un nouveau niveau de compr\u00e9hension qu\u2019il souhaite partager avec d\u2019autres personnes.<\/p>\n<\/div>\n<\/div>\n\n\n\n<div class=\"wp-block-columns alignwide is-style-vertical-center is-layout-flex wp-container-core-columns-is-layout-9d6595d7 wp-block-columns-is-layout-flex\">\n<div class=\"wp-block-column is-layout-flow wp-block-column-is-layout-flow\" style=\"flex-basis:25%\">\n<div class=\"wp-block-image is-style-rounded\"><figure class=\"aligncenter size-full is-resized\"><img loading=\"lazy\" decoding=\"async\" src=\"https:\/\/awakentheworld.com\/wp-content\/uploads\/2021\/09\/Magda.jpg\" alt=\"\" class=\"wp-image-31392\" width=\"190\" height=\"190\" \/><\/figure><\/div>\n\n\n\n<h2 class=\"has-text-align-center has-dark-color has-text-color wp-block-heading\" id=\"h-magda\">Magda<\/h2>\n\n\n\n<p><\/p>\n<\/div>\n\n\n\n<div class=\"wp-block-column is-layout-flow wp-block-column-is-layout-flow\" style=\"flex-basis:73.2%\">\n<p><\/p>\n\n\n\n<p>Magda poss\u00e8de le don unique de faciliter le travail avec la \u00ab mol\u00e9cule de Dieu \u00bb. Elle met \u00e0 profit son intuition et son exp\u00e9rience pour aider les participants aux retraites IAM \u00e0 r\u00e9aliser leur vraie nature et \u00e0 lib\u00e9rer les \u00e9nergies bloqu\u00e9es dans leurs anciens sch\u00e9mas de conditionnement. Femme M\u00e9decine form\u00e9e dans les traditions Inca et Laika, elle a r\u00e9ussi \u00e0 se reconnecter \u00e0 elle-m\u00eame gr\u00e2ce aux inspirations et le\u00e7ons de la vie, mais surtout gr\u00e2ce \u00e0 la recherche du Soi et \u00e0 son enracinement dans la pr\u00e9sence consciente depuis ces 20 derni\u00e8res ann\u00e9es.<\/p>\n\n\n\n<p><\/p>\n<\/div>\n<\/div>\n\n\n\n<div class=\"wp-block-columns alignwide is-style-vertical-center is-layout-flex wp-container-core-columns-is-layout-9d6595d7 wp-block-columns-is-layout-flex\">\n<div class=\"wp-block-column is-layout-flow wp-block-column-is-layout-flow\" style=\"flex-basis:25%\">\n<div class=\"wp-block-image is-style-rounded\"><figure class=\"aligncenter size-large is-resized\"><img loading=\"lazy\" decoding=\"async\" src=\"https:\/\/awakentheworld.com\/wp-content\/uploads\/2020\/09\/alex-awaken-the-word-sm.jpg\" alt=\"\" class=\"wp-image-14600\" width=\"190\" height=\"190\" \/><\/figure><\/div>\n\n\n\n<h2 class=\"has-text-align-center has-dark-color has-text-color wp-block-heading\" id=\"h-alex-litardo\">Alex Litardo<\/h2>\n\n\n\n<p><\/p>\n<\/div>\n\n\n\n<div class=\"wp-block-column is-layout-flow wp-block-column-is-layout-flow\" style=\"flex-basis:73.2%\">\n<p>\u00c0 l\u2019\u00e2ge de 15 ans, le livre Siddhartha, de Herman Hesse, a marqu\u00e9 le d\u00e9but de la qu\u00eate spirituelle d\u2019Alex. Durant ces ann\u00e9es, les enseignements de Jung, Krishnamurti, Huxley ainsi que des exp\u00e9rimentations enth\u00e9og\u00e9niques et chimiques ont bri\u00e8vement r\u00e9v\u00e9l\u00e9 de puissants moments de communion avec le tout, qui ont marqu\u00e9 sa vie \u00e0 jamais. Immigr\u00e9 aux \u00c9tats-Unis \u00e0 l\u2019\u00e2ge de 20 ans, les \u00e9tudes, le travail, les obligations familiales et une carri\u00e8re dans l\u2019imagerie num\u00e9rique ont malheureusement voil\u00e9 son chemin spirituel pendant des ann\u00e9es. Vers le d\u00e9but du si\u00e8cle, prenant la d\u00e9cision volontaire de se simplifier la vie et de rendre ses activit\u00e9s professionnelles ind\u00e9pendantes, Alex a recentr\u00e9 son int\u00e9r\u00eat sur l\u2019exploration de la nature de l\u2019\u00eatre et de la r\u00e9alit\u00e9. Une r\u00e9v\u00e9lation sur la coh\u00e9rence entre la physique quantique, la nature elle-m\u00eame et les enseignements spirituels a favoris\u00e9 une r\u00e9surgence de sa qu\u00eate int\u00e9rieure, en acqu\u00e9rant une compr\u00e9hension et une vision profondes gr\u00e2ce aux pr\u00e9sentations coh\u00e9rentes, interdisciplinaires et puissantes des travaux de Dan et Tanya. Aujourd\u2019hui, Alex est profond\u00e9ment reconnaissant de faire partie de l\u2019initiative ATW, en aidant Tanya et Dan \u00e0 g\u00e9rer le d\u00e9veloppement des ressources en ligne, des communications et des projets de traduction.<\/p>\n<\/div>\n<\/div>\n\n\n\n<h3 class=\"has-brown-color has-text-color wp-block-heading\" id=\"h-interviews\">Interviews<\/h3>\n\n\n\n<div class=\"wp-block-columns alignwide is-layout-flex wp-container-core-columns-is-layout-9d6595d7 wp-block-columns-is-layout-flex\">\n<div class=\"wp-block-column is-layout-flow wp-block-column-is-layout-flow\">\n<figure class=\"wp-block-embed is-type-video is-provider-youtube wp-block-embed-youtube wp-embed-aspect-16-9 wp-has-aspect-ratio\"><div class=\"wp-block-embed__wrapper\">\n<span class=\"embed-youtube\" style=\"text-align:center; display: block;\"><iframe loading=\"lazy\" class=\"youtube-player\" width=\"640\" height=\"360\" src=\"https:\/\/www.youtube.com\/embed\/NxAINV06U6w?version=3&#038;rel=1&#038;showsearch=0&#038;showinfo=1&#038;iv_load_policy=1&#038;fs=1&#038;hl=fr-FR&#038;autohide=2&#038;wmode=transparent\" allowfullscreen=\"true\" style=\"border:0;\" sandbox=\"allow-scripts allow-same-origin allow-popups allow-presentation allow-popups-to-escape-sandbox\"><\/iframe><\/span>\n<\/div><\/figure>\n\n\n\n<figure class=\"wp-block-image size-large the-love-code-image\"><a href=\"https:\/\/lovecode.podbean.com\/e\/love-code-a-practical-guide-for-realizing-samadhi-with-daniel-schmidt\/\" target=\"_blank\" rel=\"noopener noreferrer\"><img loading=\"lazy\" decoding=\"async\" width=\"600\" height=\"338\" src=\"https:\/\/awakentheworld.com\/wp-content\/uploads\/2020\/09\/The-Love-Code-Interview.jpg\" alt=\"\" class=\"wp-image-14716\" \/><\/a><\/figure>\n\n\n\n<p><\/p>\n<\/div>\n\n\n\n<div class=\"wp-block-column is-layout-flow wp-block-column-is-layout-flow\">\n<figure class=\"wp-block-embed is-type-video is-provider-youtube wp-block-embed-youtube wp-embed-aspect-16-9 wp-has-aspect-ratio\"><div class=\"wp-block-embed__wrapper\">\n<span class=\"embed-youtube\" style=\"text-align:center; display: block;\"><iframe loading=\"lazy\" class=\"youtube-player\" width=\"640\" height=\"360\" src=\"https:\/\/www.youtube.com\/embed\/ZQ2xa903MMY?version=3&#038;rel=1&#038;showsearch=0&#038;showinfo=1&#038;iv_load_policy=1&#038;fs=1&#038;hl=fr-FR&#038;autohide=2&#038;wmode=transparent\" allowfullscreen=\"true\" style=\"border:0;\" sandbox=\"allow-scripts allow-same-origin allow-popups allow-presentation allow-popups-to-escape-sandbox\"><\/iframe><\/span>\n<\/div><\/figure>\n<\/div>\n\n\n\n<div class=\"wp-block-column the-love-code-container is-layout-flow wp-block-column-is-layout-flow\">\n<figure class=\"wp-block-image size-large\"><a href=\"https:\/\/hollytse.com\/episode-16\/?fbclid=IwAR26Wcul5F1vXwMchlVGi7Aufs4JyCLsPRKWwh23OBuE9r-SV1G96qkhJWk\" target=\"_blank\" rel=\"noopener noreferrer\"><img decoding=\"async\" src=\"https:\/\/awakentheworld.com\/wp-content\/uploads\/2020\/10\/About-us-Holly-Tse.jpg\" alt=\"\" class=\"wp-image-14789\" \/><\/a><\/figure>\n<\/div>\n<\/div>\n\n\n\n<p><\/p>\n","protected":false},"excerpt":{"rendered":"<p>Daniel J. Schmidt a fond\u00e9 l&#8217;initiative \u00e0 but non lucratif Awaken the World [\u00c9veiller le monde] en 2012. Daniel cr\u00e9e des films, dirige le centre de m\u00e9ditation Samadhi au Canada et s&#8217;implique dans d&#8217;autres projets qui soutiennent l&#8217;initiative ATW. Il est convaincu qu&#8217;en partageant nos propres voyages int\u00e9rieurs, il est possible d&#8217;inspirer et de soutenir [&hellip;]<\/p>\n","protected":false},"author":5,"featured_media":13524,"parent":0,"menu_order":2,"comment_status":"closed","ping_status":"closed","template":"","meta":{"_acf_changed":false,"_kad_blocks_custom_css":"","_kad_blocks_head_custom_js":"","_kad_blocks_body_custom_js":"","_kad_blocks_footer_custom_js":"","footnotes":""},"class_list":["post-962","page","type-page","status-publish","has-post-thumbnail","hentry"],"acf":[],"taxonomy_info":[],"featured_image_src_large":["https:\/\/awakentheworld.com\/fr\/wp-content\/uploads\/sites\/9\/2020\/06\/house-hero.png",640,168,false],"author_info":{"display_name":"alitardo","author_link":"https:\/\/awakentheworld.com\/fr\/author\/alitardo\/"},"comment_info":0,"jetpack_sharing_enabled":true,"_links":{"self":[{"href":"https:\/\/awakentheworld.com\/fr\/wp-json\/wp\/v2\/pages\/962","targetHints":{"allow":["GET"]}}],"collection":[{"href":"https:\/\/awakentheworld.com\/fr\/wp-json\/wp\/v2\/pages"}],"about":[{"href":"https:\/\/awakentheworld.com\/fr\/wp-json\/wp\/v2\/types\/page"}],"author":[{"embeddable":true,"href":"https:\/\/awakentheworld.com\/fr\/wp-json\/wp\/v2\/users\/5"}],"replies":[{"embeddable":true,"href":"https:\/\/awakentheworld.com\/fr\/wp-json\/wp\/v2\/comments?post=962"}],"version-history":[{"count":43,"href":"https:\/\/awakentheworld.com\/fr\/wp-json\/wp\/v2\/pages\/962\/revisions"}],"predecessor-version":[{"id":15072,"href":"https:\/\/awakentheworld.com\/fr\/wp-json\/wp\/v2\/pages\/962\/revisions\/15072"}],"wp:featuredmedia":[{"embeddable":true,"href":"https:\/\/awakentheworld.com\/fr\/wp-json\/wp\/v2\/media\/13524"}],"wp:attachment":[{"href":"https:\/\/awakentheworld.com\/fr\/wp-json\/wp\/v2\/media?parent=962"}],"curies":[{"name":"wp","href":"https:\/\/api.w.org\/{rel}","templated":true}]}}