{"id":15129,"date":"2022-05-12T21:17:06","date_gmt":"2022-05-12T21:17:06","guid":{"rendered":"https:\/\/awakentheworld.com\/fr\/?post_type=product&#038;p=15129"},"modified":"2024-10-10T10:58:06","modified_gmt":"2024-10-10T10:58:06","slug":"in-between-dreams-voyage-audiovisuel","status":"publish","type":"product","link":"https:\/\/awakentheworld.com\/fr\/product\/in-between-dreams-voyage-audiovisuel\/","title":{"rendered":"In Between Dreams &#8211; Voyage audiovisuel HD (MP4) et MP3&#8217;s \u00e0 t\u00e9l\u00e9charger"},"content":{"rendered":"<p>&#8220;In Between Dreams&#8221; a \u00e9t\u00e9 utilis\u00e9 dans le dernier film Samadhi (Partie 3 : le chemin sans chemin). Musique de Daniel Schmidt et Lilla Balint (Jungle Fairy).<br \/>\nTon achat comprend une vid\u00e9o MP4 de qualit\u00e9 HD du titre &#8220;In Between Dreams&#8221; (21:32 minutes) \u00e0 t\u00e9l\u00e9charger, ainsi que les autres titres de l&#8217;album. Les pistes musicales MP3 \u00e0 t\u00e9l\u00e9charger imm\u00e9diatement sont les suivantes :<br \/>\n1- In between Dreams-Gentle.mp3 (21:23)<br \/>\n2- Involution de l&#8217;esprit dans la forme.mp3 (25:46)<br \/>\n3- La danse de Merkaba.mp3 (41:57)<br \/>\n4- Venir \u00e0 l&#8217;existence.mp3 (14:26)<br \/>\n\u00c9coute l&#8217;album sur <a href=\"https:\/\/www.youtube.com\/watch?v=B6grz3VYM5c&amp;list=OLAK5uy_lu4lPGgViBN8aw-jny129PPIZylNvDjng\" target=\"_blank\" rel=\"noopener\">Youtube<\/a>.<br \/>\n<a href=\"https:\/\/www.youtube.com\/watch?v=0GaDmZQ4D7I\" target=\"_blank\" rel=\"noopener\">Regarde la vid\u00e9o ici<\/a>.<\/p>\n","protected":false},"excerpt":{"rendered":"<p>Cet album t&#8217;emm\u00e8nera dans un voyage int\u00e9rieur profond et cosmique.<\/p>\n<h6>(Ces vid\u00e9os sont proches de la qualit\u00e9 blu-ray et sont adapt\u00e9es \u00e0 une lecture sur un ordinateur ou un appareil con\u00e7u pour traiter des fichiers volumineux. Elles sont beaucoup trop grandes pour les t\u00e9l\u00e9phones et les tablettes et devront \u00eatre converties dans iTunes ou un autre logiciel, puis transf\u00e9r\u00e9es sur ton appareil. )<\/h6>\n","protected":false},"featured_media":15130,"template":"","meta":{"_acf_changed":false,"_kad_blocks_custom_css":"","_kad_blocks_head_custom_js":"","_kad_blocks_body_custom_js":"","_kad_blocks_footer_custom_js":""},"product_brand":[],"product_cat":[100],"product_tag":[],"class_list":{"0":"post-15129","1":"product","2":"type-product","3":"status-publish","4":"has-post-thumbnail","6":"product_cat-voyages-audiovisuels","8":"first","9":"instock","10":"downloadable","11":"virtual","12":"purchasable","13":"product-type-simple"},"acf":[],"taxonomy_info":{"product_cat":[{"value":100,"label":"Voyages audiovisuels"}]},"featured_image_src_large":["https:\/\/awakentheworld.com\/fr\/wp-content\/uploads\/sites\/9\/2022\/05\/EN-ATW-Downloads-In-Between-Dreams.jpg",640,640,false],"author_info":[],"comment_info":"","jetpack_sharing_enabled":true,"_links":{"self":[{"href":"https:\/\/awakentheworld.com\/fr\/wp-json\/wp\/v2\/product\/15129","targetHints":{"allow":["GET"]}}],"collection":[{"href":"https:\/\/awakentheworld.com\/fr\/wp-json\/wp\/v2\/product"}],"about":[{"href":"https:\/\/awakentheworld.com\/fr\/wp-json\/wp\/v2\/types\/product"}],"wp:featuredmedia":[{"embeddable":true,"href":"https:\/\/awakentheworld.com\/fr\/wp-json\/wp\/v2\/media\/15130"}],"wp:attachment":[{"href":"https:\/\/awakentheworld.com\/fr\/wp-json\/wp\/v2\/media?parent=15129"}],"wp:term":[{"taxonomy":"product_brand","embeddable":true,"href":"https:\/\/awakentheworld.com\/fr\/wp-json\/wp\/v2\/product_brand?post=15129"},{"taxonomy":"product_cat","embeddable":true,"href":"https:\/\/awakentheworld.com\/fr\/wp-json\/wp\/v2\/product_cat?post=15129"},{"taxonomy":"product_tag","embeddable":true,"href":"https:\/\/awakentheworld.com\/fr\/wp-json\/wp\/v2\/product_tag?post=15129"}],"curies":[{"name":"wp","href":"https:\/\/api.w.org\/{rel}","templated":true}]}}