{"id":15133,"date":"2022-05-12T21:30:03","date_gmt":"2022-05-12T21:30:03","guid":{"rendered":"https:\/\/awakentheworld.com\/fr\/?post_type=product&#038;p=15133"},"modified":"2024-10-10T10:58:07","modified_gmt":"2024-10-10T10:58:07","slug":"rencontres-avec-les-seraphins-voyage-audiovisuel","status":"publish","type":"product","link":"https:\/\/awakentheworld.com\/fr\/product\/rencontres-avec-les-seraphins-voyage-audiovisuel\/","title":{"rendered":"Rencontres avec les S\u00e9raphins &#8211; Voyage audiovisuel HD et audio MP3 \u00e0 t\u00e9l\u00e9charger"},"content":{"rendered":"<h3 id=\"h-un-message-pour-l-avenir-de-l-humanit-y-compris-le-voyage-transverb-ral\" class=\"serif\">Un message pour l\u2019avenir de l\u2019humanit\u00e9 (y compris le voyage transverb\u00e9ral)<\/h3>\n<p>Ce film est diff\u00e9rent de tous ceux qui ont \u00e9t\u00e9 diffus\u00e9s jusqu\u2019\u00e0 pr\u00e9sent pour plusieurs raisons. Il repr\u00e9sente quelque chose de tr\u00e8s important dont on parle rarement dans certaines traditions spirituelles (le sujet est presque tabou). Il est bas\u00e9 sur les connaissances acquises lors d\u2019une \u201cexp\u00e9rience de m\u00e9ditation de pointe\u201d au cours de laquelle Dan a rencontr\u00e9 des \u00eatres qui se sont identifi\u00e9s comme \u00e9tant \u201cles S\u00e9raphins\u201d.<\/p>\n<p>Les S\u00e9raphins sont consid\u00e9r\u00e9s comme des \u201canges\u201d, mais ils n\u2019ont rien \u00e0 voir avec les humains avec des ailes d\u00e9crits dans la Bible, mais sont un champ d\u2019\u00e9nergie consciente qui a pour but unique d\u2019aider notre \u00e2me \u00e0 achever son voyage \u00e9volutif. L\u2019ego peut s\u2019impliquer dans ces exp\u00e9riences de pointe de deux mani\u00e8res principales. Ces ph\u00e9nom\u00e8nes peuvent parfois \u00eatre rejet\u00e9s ou ni\u00e9s en raison d\u2019id\u00e9es pr\u00e9con\u00e7ues ou de pr\u00e9jug\u00e9s au sein de l\u2019ego limit\u00e9, ou \u00e0 l\u2019inverse, ils peuvent \u00eatre trop mis en avant et devenir des pi\u00e8ges pour l\u2019ego qui cr\u00e9e une identit\u00e9 autour d\u2019eux. Le film explore la relation entre les dimensions de l\u2019\u00eatre et du devenir \u00e0 mesure que la structure du moi grandit et \u00e9volue, et les paradoxes apparents de la r\u00e9alisation du Samadhi \u00e0 des niveaux de plus en plus subtils de la spirale du d\u00e9veloppement.<\/p>\n<p>Les 20 premi\u00e8res minutes sont narr\u00e9es, suivies d\u2019une exp\u00e9rience audio-visuelle appel\u00e9e \u201c<strong>Metatron\u2019s Vision<\/strong>\u201c. On pourrait l\u2019appeler une transmission vibratoire audio-visuelle, ou \u201ctransverb\u00e9ration\u201d. Nous avons rendu ce\u00a0<a href=\"https:\/\/www.youtube.com\/watch?v=uNS2t7VvMMo&amp;t=0s\">voyage audio-visuel disponible seul ici<\/a>\u00a0pour ceux qui veulent sauter la partie parl\u00e9e. Le son a \u00e9t\u00e9 cr\u00e9\u00e9 par Daniel Schmidt et David Donnelly (les Fractalverse). \u201cThe Fractalverse\u201d est une collaboration musicale permanente entre David et Dan, ainsi qu\u2019une exp\u00e9rience g\u00e9n\u00e9rale sur la conscience humaine.<\/p>\n","protected":false},"excerpt":{"rendered":"<h2 id=\"h-un-message-pour-l-avenir-de-l-humanit-y-compris-le-voyage-transverb-ral\" class=\"serif\"><\/h2>\n<p>Un film qui explore une &#8220;exp\u00e9rience de m\u00e9ditation de pointe&#8221; et la relation entre les dimensions de l&#8217;\u00eatre et du devenir \u00e0 mesure que la structure du soi grandit et \u00e9volue, et les paradoxes apparents de la r\u00e9alisation du Samadhi \u00e0 des niveaux de plus en plus subtils de la spirale du d\u00e9veloppement.<\/p>\n<p>Le paquet comprend :<br \/>\nFilm complet au format h.264 (MP4)<br \/>\nLa Vision de Metatron au format h.264 (MP4)<br \/>\nLa Vision de Metatron &#8211; Audio MP3<\/p>\n<p>( Ces vid\u00e9os sont proches de la qualit\u00e9 blu-ray et sont adapt\u00e9es \u00e0 une lecture sur un ordinateur ou un appareil con\u00e7u pour traiter des fichiers volumineux. Elles sont beaucoup trop volumineuses pour les t\u00e9l\u00e9phones et les tablettes et devront \u00eatre converties dans iTunes ou un autre logiciel, puis transf\u00e9r\u00e9es sur ton appareil. )<\/p>\n","protected":false},"featured_media":15131,"template":"","meta":{"_acf_changed":false,"_kad_blocks_custom_css":"","_kad_blocks_head_custom_js":"","_kad_blocks_body_custom_js":"","_kad_blocks_footer_custom_js":""},"product_brand":[],"product_cat":[100],"product_tag":[],"class_list":{"0":"post-15133","1":"product","2":"type-product","3":"status-publish","4":"has-post-thumbnail","6":"product_cat-voyages-audiovisuels","8":"first","9":"instock","10":"downloadable","11":"virtual","12":"purchasable","13":"product-type-simple"},"acf":[],"taxonomy_info":{"product_cat":[{"value":100,"label":"Voyages audiovisuels"}]},"featured_image_src_large":["https:\/\/awakentheworld.com\/fr\/wp-content\/uploads\/sites\/9\/2022\/05\/EN-ATW-Downloads-Metatrons-Vision.jpg",640,640,false],"author_info":[],"comment_info":"","jetpack_sharing_enabled":true,"_links":{"self":[{"href":"https:\/\/awakentheworld.com\/fr\/wp-json\/wp\/v2\/product\/15133","targetHints":{"allow":["GET"]}}],"collection":[{"href":"https:\/\/awakentheworld.com\/fr\/wp-json\/wp\/v2\/product"}],"about":[{"href":"https:\/\/awakentheworld.com\/fr\/wp-json\/wp\/v2\/types\/product"}],"wp:featuredmedia":[{"embeddable":true,"href":"https:\/\/awakentheworld.com\/fr\/wp-json\/wp\/v2\/media\/15131"}],"wp:attachment":[{"href":"https:\/\/awakentheworld.com\/fr\/wp-json\/wp\/v2\/media?parent=15133"}],"wp:term":[{"taxonomy":"product_brand","embeddable":true,"href":"https:\/\/awakentheworld.com\/fr\/wp-json\/wp\/v2\/product_brand?post=15133"},{"taxonomy":"product_cat","embeddable":true,"href":"https:\/\/awakentheworld.com\/fr\/wp-json\/wp\/v2\/product_cat?post=15133"},{"taxonomy":"product_tag","embeddable":true,"href":"https:\/\/awakentheworld.com\/fr\/wp-json\/wp\/v2\/product_tag?post=15133"}],"curies":[{"name":"wp","href":"https:\/\/api.w.org\/{rel}","templated":true}]}}