{"id":12386,"date":"2020-01-27T23:29:47","date_gmt":"2020-01-27T23:29:47","guid":{"rendered":"https:\/\/awakentheworld-reference.mystagingwebsite.com\/?page_id=12386"},"modified":"2020-10-31T19:57:20","modified_gmt":"2020-10-31T19:57:20","slug":"kaise-shaamil-hon","status":"publish","type":"page","link":"https:\/\/awakentheworld.com\/hi\/kaise-shaamil-hon\/","title":{"rendered":"\u0915\u0948\u0938\u0947 \u0936\u093e\u092e\u093f\u0932 \u0939\u094b\u0902"},"content":{"rendered":"\n<div class=\"wp-block-columns is-style-vertical-center is-layout-flex wp-container-core-columns-is-layout-9d6595d7 wp-block-columns-is-layout-flex\">\n<div class=\"wp-block-column is-layout-flow wp-block-column-is-layout-flow\">\n<div class=\"wp-block-image\"><figure class=\"aligncenter size-large is-resized\"><img loading=\"lazy\" decoding=\"async\" src=\"https:\/\/awakentheworld.com\/wp-content\/uploads\/2020\/06\/online-meditation-icon.svg\" alt=\"\" class=\"wp-image-13513\" width=\"170\" height=\"109\" \/><\/figure><\/div>\n<\/div>\n\n\n\n<div class=\"wp-block-column is-layout-flow wp-block-column-is-layout-flow\">\n<h2 class=\"wp-block-heading\"><strong>\u0928\u093f\u0930\u094d\u0926\u0947\u0936\u093f\u0924 \u0927\u094d\u092f\u093e\u0928 \u0930\u093f\u0915\u0949\u0930\u094d\u0921\u093f\u0902\u0917<\/strong><\/h2>\n\n\n\n<p class=\"has-large-font-size\">\u0939\u092e\u093e\u0930\u0947 \u092e\u0941\u092b\u093c\u094d\u0924, \u0932\u093e\u0907\u0935, \u0911\u0928\u0932\u093e\u0907\u0928 ZOOM \u092e\u0947\u0921\u093f\u091f\u0947\u0936\u0928 \u0938\u0947 \u091c\u0941\u0921\u093c\u0947\u0902\u0964 \u0907\u0938 \u0938\u0939\u093e\u092f\u0915 \u0911\u0928\u0932\u093e\u0907\u0928 \u0938\u092e\u0941\u0926\u093e\u092f \u0915\u0947 \u0939\u092e\u093e\u0930\u0947 \u0918\u0902\u091f\u0947 \u092d\u0930 \u0915\u0947 \u0928\u093f\u0930\u094d\u0926\u0947\u0936\u093f\u0924 \u0927\u094d\u092f\u093e\u0928, \u0914\u0930 \u092c\u093e\u0926 \u0915\u0947 \u092a\u094d\u0930\u0936\u094d\u0928\u094b\u0924\u094d\u0924\u0930 \u0938\u0924\u094d\u0930 \u092e\u0947\u0902 \u0938\u092d\u0940 \u0932\u094b\u0917\u094b\u0902 \u0915\u093e \u0938\u094d\u0935\u093e\u0917\u0924 \u0939\u0948\u0964<\/p>\n\n\n\n<div class=\"wp-block-buttons is-layout-flex wp-block-buttons-is-layout-flex\">\n<div class=\"wp-block-button\"><a class=\"wp-block-button__link\" href=\"https:\/\/awakentheworld.com\/hi\/onalain-drop-in-dhyaan\/\">\u0938\u092e\u092f-\u0938\u0942\u091a\u0940 \u0907\u0924\u094d\u092f\u093e\u0926\u093f<\/a><\/div>\n<\/div>\n\n\n\n<p class=\"has-text-align-left has-text-color\" style=\"font-size:12px;color:#a30d00\">\u092f\u0939 \u0938\u093e\u092e\u0917\u094d\u0930\u0940 \u0907\u0938 \u0938\u092e\u092f \u0915\u0947\u0935\u0932 \u0905\u0902\u0917\u094d\u0930\u0947\u091c\u0940 \u092e\u0947\u0902 \u0909\u092a\u0932\u092c\u094d\u0927 \u0939\u0948<\/p>\n\n\n\n<p class=\"has-regular-font-size\">\u0915\u094d\u092f\u093e \u0932\u093e\u0907\u0935 \u0915\u0949\u0932 \u0928\u0939\u0940\u0902 \u0915\u0930 \u092a\u093e \u0930\u0939\u0947 \u0939\u0948\u0902? \u0939\u092e\u093e\u0930\u0940 \u092e\u0941\u092b\u093c\u094d\u0924, 4 \u092d\u093e\u0917\u094b\u0902 \u0915\u0940 \u0927\u094d\u092f\u093e\u0928 \u0936\u0943\u0902\u0916\u0932\u093e \u0939\u092e\u0947\u0936\u093e \u0905\u092d\u094d\u092f\u093e\u0938 \u0915\u0947 \u0938\u093e\u0925 \u0906\u092a\u0915\u094b \u091f\u094d\u0930\u0948\u0915 \u092a\u0930 \u0930\u0916\u0928\u0947 \u092e\u0947\u0902 \u092e\u0926\u0926 \u0915\u0930\u0928\u0947 \u0915\u0947 \u0932\u093f\u090f \u0909\u092a\u0932\u092c\u094d\u0927 \u0939\u0948\u0964 \u0928\u093f\u0930\u094d\u0926\u0947\u0936\u093f\u0924 \u0927\u094d\u092f\u093e\u0928 \u0930\u093f\u0915\u0949\u0930\u094d\u0921\u093f\u0902\u0917. <br> <span class=\"has-text-align-left\" style=\"font-size:12px\">(Redirecci\u00f3n al \u00e1rea de meditaciones guiadas en Ingl\u00e9s.) <\/span><\/p>\n<\/div>\n<\/div>\n\n\n<p><!-- \/wp:post-content --><\/p>\n<p><!-- wp:columns {\"className\":\"is-style-vertical-center-flip\"} --><\/p>\n<div class=\"wp-block-columns is-style-vertical-center-flip\"><!-- wp:column -->\n<p>\u00a0<\/p>\n<div class=\"wp-block-column\"><!-- wp:heading -->\n<p>\u00a0<\/p>\n<h2>\u0905\u0928\u0941\u0935\u093e\u0926 \u0915\u0930\u0928\u0947 \u092e\u0947\u0902 \u0939\u092e\u093e\u0930\u0940 \u092e\u0926\u0926 \u0915\u0930\u0947\u0902\u0964<\/h2>\n<p><!-- \/wp:heading --><\/p>\n<p><!-- wp:paragraph {\"fontSize\":\"large\"} --><\/p>\n<p class=\"has-large-font-size\">\u0939\u092e\u093e\u0930\u093e \u0907\u0930\u093e\u0926\u093e \u092b\u093c\u093f\u0932\u094d\u092e, \u0935\u0947\u092c\u0938\u093e\u0907\u091f \u0914\u0930 \u0905\u0928\u094d\u092f \u092a\u0930\u093f\u092f\u094b\u091c\u0928\u093e\u0913\u0902 \u0915\u094b \u0905\u0927\u093f\u0915 \u0938\u0947 \u0905\u0927\u093f\u0915 \u092d\u093e\u0937\u093e\u0913\u0902 \u092e\u0947\u0902 \u0909\u092a\u0932\u092c\u094d\u0927 \u0915\u0930\u093e\u0928\u093e \u0939\u0948\u0964 \u092f\u0926\u093f \u0906\u092a\u0915\u0947 \u092a\u093e\u0938 \u0905\u0928\u0941\u0935\u093e\u0926 \u0915\u094c\u0936\u0932 \u0914\u0930 \u0935\u093f\u0937\u092f \u0915\u0940 \u0917\u0939\u0930\u0940 \u0938\u092e\u091d \u0939\u0948, \u0924\u094b \u0939\u092e \u0906\u092a\u0915\u0940 \u092e\u0926\u0926 \u0915\u0947 \u0932\u093f\u090f \u0906\u092d\u093e\u0930\u0940 \u0939\u094b\u0902\u0917\u0947!<\/p>\n<div class=\"wp-block-buttons\">\n<div class=\"wp-block-button\"><a class=\"wp-block-button__link\" href=\"https:\/\/awakentheworld.com\/hi\/hamaare-baare-mein\/\">\u0905\u0928\u0941\u0935\u093e\u0926 \u0915\u0947 \u0932\u093f\u090f \u0939\u092e\u0938\u0947 \u0938\u0902\u092a\u0930\u094d\u0915 \u0915\u0930\u0947\u0902<\/a><\/div>\n<p><!-- \/wp:paragraph --><\/p>\n<\/div>\n<p><!-- \/wp:column --><\/p>\n<\/div>\n<p><!-- \/wp:columns --><\/p>\n<p><!-- wp:column --><\/p>\n<div class=\"wp-block-column\"><!-- wp:image {\"align\":\"center\",\"id\":13514,\"sizeSlug\":\"large\"} -->\n<p>\u00a0<\/p>\n<div class=\"wp-block-image\">\n<figure class=\"aligncenter size-large\"><img loading=\"lazy\" decoding=\"async\" width=\"192\" height=\"167\" class=\"wp-image-13514\" src=\"https:\/\/awakentheworld.com\/es\/wp-content\/uploads\/2020\/06\/translation-head-icon.svg\" alt=\"\" \/><\/figure>\n<\/div>\n<p><!-- \/wp:image --><\/p>\n<\/div>\n<p><!-- \/wp:column --><\/p>\n<\/div>\n<p><!-- \/wp:columns --><\/p>\n<p><!-- wp:columns {\"className\":\"is-style-vertical-center\"} --><\/p>\n<div class=\"wp-block-columns is-style-vertical-center\"><!-- wp:column -->\n<p>\u00a0<\/p>\n<div class=\"wp-block-column\"><!-- wp:image {\"align\":\"center\",\"id\":13829,\"width\":195,\"height\":136,\"sizeSlug\":\"large\"} -->\n<p>\u00a0<\/p>\n<div class=\"wp-block-image\">\n<figure class=\"aligncenter size-large is-resized\"><img loading=\"lazy\" decoding=\"async\" class=\"wp-image-13829\" src=\"https:\/\/awakentheworld.com\/es\/wp-content\/uploads\/2020\/06\/meditation-plus-signs.svg\" alt=\"\" width=\"195\" height=\"136\" \/><\/figure>\n<\/div>\n<p><!-- \/wp:image --><\/p>\n<\/div>\n<p><!-- \/wp:column --><\/p>\n<p><!-- wp:column --><\/p>\n<div class=\"wp-block-column\"><!-- wp:heading -->\n<p>\u00a0<\/p>\n<h2>\u092b\u093c\u093f\u0932\u094d\u092e\u094b\u0902 \u092e\u0947\u0902 \u092f\u094b\u0917\u0926\u093e\u0928 \u0926\u0947\u0902\u0964<\/h2>\n<p><!-- \/wp:heading --><\/p>\n<p><!-- wp:paragraph {\"fontSize\":\"large\"} --><\/p>\n<p class=\"has-large-font-size\">\u0939\u092e \u0939\u092e\u0947\u0936\u093e \u0906\u0917\u093e\u092e\u0940 \u092b\u093c\u093f\u0932\u094d\u092e\u094b\u0902 \u0915\u0947 \u0932\u093f\u090f \u0935\u093f\u0936\u094d\u0935 \u0938\u094d\u0924\u0930\u0940\u092f \u0935\u093f\u091c\u093c\u0928\u0930\u0940 \u0906\u0930\u094d\u091f\u094d\u0938, 3D \u00a0\u090f\u0928\u0940\u092e\u0947\u0936\u0928, \u0935\u0940\u0921\u093f\u092f\u094b \u0914\u0930 \u0938\u0902\u0917\u0940\u0924 \u0915\u0940 \u0924\u0932\u093e\u0936 \u092e\u0947\u0902 \u0930\u0939\u0924\u0947 \u0939\u0948\u0902\u0964<\/p>\n<p class=\"has-large-font-size\">\u0905\u0917\u0930 \u0906\u092a\u0915\u094b \u0932\u0917\u0924\u093e \u0939\u0948 \u0915\u093f \u0906\u092a\u0915\u0940 \u0915\u0932\u093e \u0939\u092e\u093e\u0930\u0940 \u0915\u093f\u0938\u0940 \u092b\u093c\u093f\u0932\u094d\u092e \u0915\u0947 \u0932\u093f\u090f \u092c\u0928\u0940 \u0939\u0948, <a href=\"https:\/\/awakentheworld.com\/hi\/hamaare-baare-mein\/\">\u0924\u094b \u0915\u0943\u092a\u092f\u093e \u0939\u092e\u0938\u0947<\/a> pel\u00edculas.<\/p>\n<p><!-- \/wp:paragraph --><\/p>\n<p><!-- wp:paragraph {\"fontSize\":\"regular\"} --><\/p>\n<p><!-- \/wp:paragraph --><\/p>\n<p><!-- wp:buttons --><\/p>\n<div class=\"wp-block-buttons\"><!-- wp:button -->\n<p>\u00a0<\/p>\n<div class=\"wp-block-button\"><a class=\"wp-block-button__link\" href=\"https:\/\/awakentheworld.com\/hi\/hamaare-baare-mein\/\">\u092f\u094b\u0917\u0926\u093e\u0928 \u0915\u0930\u0928\u0947 \u0915\u0947 \u0932\u093f\u090f \u0938\u0902\u092a\u0930\u094d\u0915 \u0915\u0930\u0947\u0902<\/a><\/div>\n<p><!-- \/wp:button --><\/p>\n<\/div>\n<p><!-- \/wp:buttons --><\/p>\n<\/div>\n<p><!-- \/wp:column --><\/p>\n<p>\u00a0<\/p>\n<\/div>\n<p><!-- \/wp:columns --><\/p>\n<p><!-- wp:columns {\"className\":\"is-style-vertical-center-flip\"} --><\/p>\n<div class=\"wp-block-columns is-style-vertical-center-flip\"><!-- wp:column -->\n<p>\u00a0<\/p>\n<div class=\"wp-block-column\"><!-- wp:heading -->\n<p>\u00a0<\/p>\n<h2>\u0935\u093f\u0924\u094d\u0924\u0940\u092f \u092f\u094b\u0917\u0926\u093e\u0928<\/h2>\n<p><!-- \/wp:heading --><\/p>\n<p><!-- wp:paragraph {\"fontSize\":\"large\"} --><\/p>\n<p class=\"has-large-font-size\">\u0939\u092e \u0939\u092e\u0947\u0936\u093e \u0905\u092a\u0928\u0940 \u092a\u0930\u093f\u092f\u094b\u091c\u0928\u093e\u0913\u0902 \u0915\u0947 \u0932\u093f\u090f \u0915\u093f\u0938\u0940 \u092d\u0940 \u092a\u094d\u0930\u0915\u093e\u0930 \u0915\u0947 \u0935\u093f\u0924\u094d\u0924\u0940\u092f \u0938\u0939\u093e\u092f\u0924\u093e \u0909\u092a\u0939\u093e\u0930 \u0915\u0940 \u0938\u0930\u093e\u0939\u0928\u093e \u0915\u0930\u0924\u0947 \u0939\u0948\u0902\u0964 \u092f\u0925\u093e 2020 \u0939\u092e\u093e\u0930\u0940 \u092b\u093c\u093f\u0932\u094d\u092e\u094b\u0902 \u0915\u094b 30 \u092d\u093e\u0937\u093e\u0913\u0902 \u092e\u0947\u0902 25 \u092e\u093f\u0932\u093f\u092f\u0928 \u0938\u0947 \u0905\u0927\u093f\u0915 \u0932\u094b\u0917\u094b\u0902 \u0928\u0947 \u0926\u0947\u0916\u093e \u0939\u0948\u0964 \u0915\u0932\u094d\u092a\u0928\u093e \u0915\u0930\u0947\u0902 \u0915\u093f \u092f\u0926\u093f \u092a\u094d\u0930\u0924\u094d\u092f\u0947\u0915 \u0935\u094d\u092f\u0915\u094d\u0924\u093f \u0928\u0947 \u0915\u0947\u0935\u0932 $ 1.00 \u0926\u093f\u092f\u093e \u0939\u094b\u0924\u093e \u0924\u094b \u0939\u092e \u0915\u093f\u0924\u0928\u093e \u0914\u0930 \u0915\u0930 \u0938\u0915\u0924\u0947 \u0939\u0948\u0902!<\/p>\n<p class=\"has-regular-font-size\"><a href=\"http:\/\/www.patreon.com\/awakentheworld\">\u0906\u092a \u092a\u0947\u091f\u094d\u0930\u093f\u092f\u0949\u0928 \u092a\u0930 \u092e\u093e\u0938\u093f\u0915 \u091a\u0902\u0926\u0947 \u0915\u0947 \u091c\u093c\u0930\u093f\u090f \u0939\u092e\u093e\u0930\u093e \u0938\u092e\u0930\u094d\u0925\u0928 \u0915\u0930 \u0938\u0915\u0924\u0947<\/a> \u0939\u0948\u0902 <a href=\"http:\/\/www.paypal.me\/samadhicenter\">\u092f\u093e \u092f\u0939\u093e\u0901 \u090f\u0915\u092e\u0941\u0936\u094d\u0924 Paypal \u0905\u0902\u0936\u0926\u093e\u0928 \u0926\u0947 \u0938\u0915\u0924\u0947 \u0939\u0948\u0902\u0964<\/a><\/p>\n<p><!-- \/wp:paragraph --><\/p>\n<p><!-- wp:buttons --><\/p>\n<div class=\"wp-block-buttons\"><!-- wp:button -->\n<p>\u00a0<\/p>\n<div class=\"wp-block-button\"><a class=\"wp-block-button__link\" href=\"https:\/\/awakentheworld.com\/hi\/hamen-sahayog-den\/\">\u0905\u0928\u094d\u092f \u0935\u093f\u0915\u0932\u094d\u092a<\/a><\/div>\n<p><!-- \/wp:button --><\/p>\n<\/div>\n<p><!-- \/wp:buttons --><\/p>\n<\/div>\n<p><!-- \/wp:column --><\/p>\n<p><!-- wp:column --><\/p>\n<div class=\"wp-block-column\"><!-- wp:image {\"align\":\"center\",\"id\":13516,\"sizeSlug\":\"large\"} -->\n<p>\u00a0<\/p>\n<div class=\"wp-block-image\">\n<figure class=\"aligncenter size-large\"><img loading=\"lazy\" decoding=\"async\" width=\"153\" height=\"139\" class=\"wp-image-13516\" src=\"https:\/\/awakentheworld.com\/wp-content\/uploads\/2020\/06\/heart-in-hands-icon.svg\" alt=\"\" \/><\/figure>\n<\/div>\n<p><!-- \/wp:image --><\/p>\n<\/div>\n<p><!-- \/wp:column --><\/p>\n<\/div>\n<p><!-- \/wp:columns --><\/p>","protected":false},"excerpt":{"rendered":"<p>\u0928\u093f\u0930\u094d\u0926\u0947\u0936\u093f\u0924 \u0927\u094d\u092f\u093e\u0928 \u0930\u093f\u0915\u0949\u0930\u094d\u0921\u093f\u0902\u0917 \u0939\u092e\u093e\u0930\u0947 \u092e\u0941\u092b\u093c\u094d\u0924, \u0932\u093e\u0907\u0935, \u0911\u0928\u0932\u093e\u0907\u0928 ZOOM \u092e\u0947\u0921\u093f\u091f\u0947\u0936\u0928 \u0938\u0947 \u091c\u0941\u0921\u093c\u0947\u0902\u0964 \u0907\u0938 \u0938\u0939\u093e\u092f\u0915 \u0911\u0928\u0932\u093e\u0907\u0928 \u0938\u092e\u0941\u0926\u093e\u092f \u0915\u0947 \u0939\u092e\u093e\u0930\u0947 \u0918\u0902\u091f\u0947 \u092d\u0930 \u0915\u0947 \u0928\u093f\u0930\u094d\u0926\u0947\u0936\u093f\u0924 \u0927\u094d\u092f\u093e\u0928, \u0914\u0930 \u092c\u093e\u0926 \u0915\u0947 \u092a\u094d\u0930\u0936\u094d\u0928\u094b\u0924\u094d\u0924\u0930 \u0938\u0924\u094d\u0930 \u092e\u0947\u0902 \u0938\u092d\u0940 \u0932\u094b\u0917\u094b\u0902 \u0915\u093e \u0938\u094d\u0935\u093e\u0917\u0924 \u0939\u0948\u0964 \u092f\u0939 \u0938\u093e\u092e\u0917\u094d\u0930\u0940 \u0907\u0938 \u0938\u092e\u092f \u0915\u0947\u0935\u0932 \u0905\u0902\u0917\u094d\u0930\u0947\u091c\u0940 \u092e\u0947\u0902 \u0909\u092a\u0932\u092c\u094d\u0927 \u0939\u0948 \u0915\u094d\u092f\u093e \u0932\u093e\u0907\u0935 \u0915\u0949\u0932 \u0928\u0939\u0940\u0902 \u0915\u0930 \u092a\u093e \u0930\u0939\u0947 \u0939\u0948\u0902? \u0939\u092e\u093e\u0930\u0940 \u092e\u0941\u092b\u093c\u094d\u0924, 4 \u092d\u093e\u0917\u094b\u0902 \u0915\u0940 [&hellip;]<\/p>\n","protected":false},"author":5,"featured_media":0,"parent":0,"menu_order":0,"comment_status":"closed","ping_status":"closed","template":"","meta":{"_acf_changed":false,"_kad_blocks_custom_css":"","_kad_blocks_head_custom_js":"","_kad_blocks_body_custom_js":"","_kad_blocks_footer_custom_js":"","footnotes":""},"class_list":["post-12386","page","type-page","status-publish","hentry"],"acf":[],"taxonomy_info":[],"featured_image_src_large":false,"author_info":{"display_name":"alitardo","author_link":"https:\/\/awakentheworld.com\/hi\/author\/alitardo\/"},"comment_info":0,"jetpack_sharing_enabled":true,"_links":{"self":[{"href":"https:\/\/awakentheworld.com\/hi\/wp-json\/wp\/v2\/pages\/12386","targetHints":{"allow":["GET"]}}],"collection":[{"href":"https:\/\/awakentheworld.com\/hi\/wp-json\/wp\/v2\/pages"}],"about":[{"href":"https:\/\/awakentheworld.com\/hi\/wp-json\/wp\/v2\/types\/page"}],"author":[{"embeddable":true,"href":"https:\/\/awakentheworld.com\/hi\/wp-json\/wp\/v2\/users\/5"}],"replies":[{"embeddable":true,"href":"https:\/\/awakentheworld.com\/hi\/wp-json\/wp\/v2\/comments?post=12386"}],"version-history":[{"count":51,"href":"https:\/\/awakentheworld.com\/hi\/wp-json\/wp\/v2\/pages\/12386\/revisions"}],"predecessor-version":[{"id":14980,"href":"https:\/\/awakentheworld.com\/hi\/wp-json\/wp\/v2\/pages\/12386\/revisions\/14980"}],"wp:attachment":[{"href":"https:\/\/awakentheworld.com\/hi\/wp-json\/wp\/v2\/media?parent=12386"}],"curies":[{"name":"wp","href":"https:\/\/api.w.org\/{rel}","templated":true}]}}