{"id":13495,"date":"2020-06-11T03:04:30","date_gmt":"2020-06-11T03:04:30","guid":{"rendered":"https:\/\/awakentheworld.com\/?page_id=13495"},"modified":"2021-02-01T18:26:20","modified_gmt":"2021-02-01T18:26:20","slug":"films","status":"publish","type":"page","link":"https:\/\/awakentheworld.com\/hr\/films\/","title":{"rendered":"Titlovani filmovi"},"content":{"rendered":"\n<p class=\"has-regular-font-size\">Trebalo nam je 5 godina da zavr\u0161imo svoj prvi nagra\u0111ivani dokumentarni filmski serijal \u201eUnutarnji svjetovi, vanjski svjetovi\u201c, a od njegove premijere 2012. pogledalo ga je vi\u0161e od 30 milijuna ljudi na vi\u0161e od 30 jezika. Na\u0161 najnoviji filmski serijal \u201eSamadhi\u201c tako\u0111er u\u017eiva veliku popularnost, a nekoliko drugih projekata je u pripremi.<\/p>\n\n\n\n<p class=\"has-text-align-center has-small-font-size\"><strong>Za <strong>hrvatske<\/strong> titlove <\/strong>kliknite na naredbu CC koja se nalazi u donjem desnom kutu YouTubea.  ** Google je preveo neke tekstove, <a href=\"https:\/\/awakentheworld.com\/hr\/kontaktirajte-s-nama\/\">dodajte bilo kakve ispravke ili prijedloge.<\/a><\/p>\n","protected":false},"excerpt":{"rendered":"<p>Trebalo nam je 5 godina da zavr\u0161imo svoj prvi nagra\u0111ivani dokumentarni filmski serijal \u201eUnutarnji svjetovi, vanjski svjetovi\u201c, a od njegove premijere 2012. pogledalo ga je vi\u0161e od 30 milijuna ljudi na vi\u0161e od 30 jezika. Na\u0161 najnoviji filmski serijal \u201eSamadhi\u201c tako\u0111er u\u017eiva veliku popularnost, a nekoliko drugih projekata je u pripremi. Za hrvatske titlove kliknite [&hellip;]<\/p>\n","protected":false},"author":3,"featured_media":14039,"parent":0,"menu_order":0,"comment_status":"closed","ping_status":"closed","template":"template-films.php","meta":{"_acf_changed":false,"_kad_blocks_custom_css":"","_kad_blocks_head_custom_js":"","_kad_blocks_body_custom_js":"","_kad_blocks_footer_custom_js":"","footnotes":""},"class_list":["post-13495","page","type-page","status-publish","has-post-thumbnail","hentry"],"acf":[],"taxonomy_info":[],"featured_image_src_large":["https:\/\/awakentheworld.com\/hr\/wp-content\/uploads\/sites\/22\/2020\/08\/Header-Inner-Worlds-Outer-Worlds.jpg",640,141,false],"author_info":{"display_name":"","author_link":"https:\/\/awakentheworld.com\/hr\/blog\/author\/"},"comment_info":0,"jetpack_sharing_enabled":true,"_links":{"self":[{"href":"https:\/\/awakentheworld.com\/hr\/wp-json\/wp\/v2\/pages\/13495","targetHints":{"allow":["GET"]}}],"collection":[{"href":"https:\/\/awakentheworld.com\/hr\/wp-json\/wp\/v2\/pages"}],"about":[{"href":"https:\/\/awakentheworld.com\/hr\/wp-json\/wp\/v2\/types\/page"}],"author":[{"embeddable":true,"href":"https:\/\/awakentheworld.com\/hr\/wp-json\/wp\/v2\/users\/3"}],"replies":[{"embeddable":true,"href":"https:\/\/awakentheworld.com\/hr\/wp-json\/wp\/v2\/comments?post=13495"}],"version-history":[{"count":28,"href":"https:\/\/awakentheworld.com\/hr\/wp-json\/wp\/v2\/pages\/13495\/revisions"}],"predecessor-version":[{"id":14342,"href":"https:\/\/awakentheworld.com\/hr\/wp-json\/wp\/v2\/pages\/13495\/revisions\/14342"}],"wp:featuredmedia":[{"embeddable":true,"href":"https:\/\/awakentheworld.com\/hr\/wp-json\/wp\/v2\/media\/14039"}],"wp:attachment":[{"href":"https:\/\/awakentheworld.com\/hr\/wp-json\/wp\/v2\/media?parent=13495"}],"curies":[{"name":"wp","href":"https:\/\/api.w.org\/{rel}","templated":true}]}}