{"id":5269,"date":"2019-03-24T19:20:11","date_gmt":"2019-03-24T19:20:11","guid":{"rendered":"https:\/\/awakentheworld-reference.mystagingwebsite.com\/?page_id=5269"},"modified":"2025-03-10T09:50:50","modified_gmt":"2025-03-10T09:50:50","slug":"atw-awaken-the-world-initiative","status":"publish","type":"page","link":"https:\/\/awakentheworld.com\/hr\/","title":{"rendered":"Inicijativa Probudimo svijet"},"content":{"rendered":"\n<div class=\"wp-block-cover alignfull is-light home-hero-block is-style-small-1030 has-white-color has-text-color has-link-color wp-elements-bcb70a77b569a17fb708ba7c29774abc\"><span aria-hidden=\"true\" class=\"wp-block-cover__background has-background-dim-0 has-background-dim\" style=\"background-color:#779a9c\"><\/span><video class=\"wp-block-cover__video-background intrinsic-ignore\" autoplay muted loop playsinline src=\"https:\/\/awakentheworld.com\/wp-content\/uploads\/2025\/03\/ATW-EYE-World-Nebula.mp4\" data-object-fit=\"cover\"><\/video><div class=\"wp-block-cover__inner-container is-layout-flow wp-block-cover-is-layout-flow\">\n<h1 class=\"wp-block-heading alignfull has-text-align-center\" id=\"awaken-the-world-initiative\" style=\"font-size:68px\">Inicijativa Probudimo svijet<\/h1>\n\n\n\n<div style=\"height:430px\" aria-hidden=\"true\" class=\"wp-block-spacer is-style-small-1030\"><\/div>\n\n\n\n<div class=\"wp-block-buttons is-horizontal is-content-justification-center is-layout-flex wp-container-core-buttons-is-layout-499968f5 wp-block-buttons-is-layout-flex\">\n<div class=\"wp-block-button\"><a class=\"wp-block-button__link wp-element-button\" href=\"https:\/\/awakentheworld.com\/hr\/films\/\">Gledajte dokumentarce<\/a><\/div>\n<\/div>\n<\/div><\/div>\n\n\n\n<h2 class=\"wp-block-heading alignfull has-text-align-center has-large-font-size\">Filmovi i medijski sadr\u017eaj za bu\u0111enje ljudske svijesti.<\/h2>\n\n\n\n<div class=\"wp-block-group featured-film-hero has-no-padding\"><div class=\"wp-block-group__inner-container is-layout-flow wp-block-group-is-layout-flow\">\n<div class=\"wp-block-columns is-layout-flex wp-container-core-columns-is-layout-9d6595d7 wp-block-columns-is-layout-flex\">\n<div class=\"wp-block-column is-layout-flow wp-block-column-is-layout-flow\" style=\"flex-basis:66.66%\">\n<h2 class=\"wp-block-heading h4 has-brown-color has-text-color\" id=\"h-meditacije\">Meditacije<\/h2>\n\n\n\n<h2 class=\"wp-block-heading alt has-purple-color has-text-color\" id=\"h-meditirajte-z-nami\"><a href=\"https:\/\/awakentheworld.com\/meditations\/\"><\/a><a href=\"https:\/\/awakentheworld.com\/meditations\/\">Meditirajte z nami<\/a><\/h2>\n\n\n\n<p class=\"has-dark-color has-text-color\">Satovi meditacije u\u017eivo i vo\u0111ene snimke na engleskom za pobolj\u0161avanje koncentracije i smirenosti.<\/p>\n\n\n\n<p class=\"has-small-font-size\">** Bit \u0107ete preusmjereni na englesku verziju web stranice<\/p>\n<\/div>\n\n\n\n<div class=\"wp-block-column is-layout-flow wp-block-column-is-layout-flow\" style=\"flex-basis:33.33%\"><div class=\"wp-block-image is-style-rounded\">\n<figure class=\"aligncenter size-large is-resized\"><a href=\"https:\/\/awakentheworld.com\/film\/invitation-to-stillness\/\"><img decoding=\"async\" src=\"https:\/\/awakentheworld.com\/it\/wp-content\/uploads\/sites\/4\/2021\/05\/invitation-to-stillness-circle.jpg\" alt=\"\" class=\"wp-image-14380\" style=\"width:196px;height:196px\"\/><\/a><\/figure>\n<\/div><\/div>\n<\/div>\n\n\n<style>.kb-row-layout-id5269_0599e2-a1 > .kt-row-column-wrap{align-content:start;}:where(.kb-row-layout-id5269_0599e2-a1 > .kt-row-column-wrap) > .wp-block-kadence-column{justify-content:start;}.kb-row-layout-id5269_0599e2-a1 > .kt-row-column-wrap{column-gap:var(--global-kb-gap-md, 2rem);row-gap:var(--global-kb-gap-md, 2rem);padding-top:15px;padding-bottom:25px;grid-template-columns:minmax(0, 1fr);}.kb-row-layout-id5269_0599e2-a1 > .kt-row-layout-overlay{opacity:0.30;}@media all and (max-width: 1024px){.kb-row-layout-id5269_0599e2-a1 > .kt-row-column-wrap{grid-template-columns:minmax(0, 1fr);}}@media all and (max-width: 767px){.kb-row-layout-id5269_0599e2-a1 > .kt-row-column-wrap{grid-template-columns:minmax(0, 1fr);}}<\/style><div class=\"kb-row-layout-wrap kb-row-layout-id5269_0599e2-a1 alignnone wp-block-kadence-rowlayout\"><div class=\"kt-row-column-wrap kt-has-1-columns kt-row-layout-equal kt-tab-layout-inherit kt-mobile-layout-row kt-row-valign-top\">\n<style>.kadence-column5269_0ca8bf-7e > .kt-inside-inner-col,.kadence-column5269_0ca8bf-7e > .kt-inside-inner-col:before{border-top-left-radius:0px;border-top-right-radius:0px;border-bottom-right-radius:0px;border-bottom-left-radius:0px;}.kadence-column5269_0ca8bf-7e > .kt-inside-inner-col{column-gap:var(--global-kb-gap-sm, 1rem);}.kadence-column5269_0ca8bf-7e > .kt-inside-inner-col{flex-direction:column;}.kadence-column5269_0ca8bf-7e > .kt-inside-inner-col > .aligncenter{width:100%;}.kadence-column5269_0ca8bf-7e > .kt-inside-inner-col{background-image:url('https:\/\/awakentheworld.com\/it\/wp-content\/uploads\/sites\/4\/2020\/06\/blue-pattern-bg.png');background-size:cover;background-position:center center;background-attachment:scroll;background-repeat:no-repeat;}.kadence-column5269_0ca8bf-7e > .kt-inside-inner-col:before{opacity:0.3;}.kadence-column5269_0ca8bf-7e{position:relative;}@media all and (max-width: 1024px){.kadence-column5269_0ca8bf-7e > .kt-inside-inner-col{flex-direction:column;justify-content:center;}}@media all and (max-width: 767px){.kadence-column5269_0ca8bf-7e > .kt-inside-inner-col{flex-direction:column;justify-content:center;}}<\/style>\n<div class=\"wp-block-kadence-column kadence-column5269_0ca8bf-7e inner-column-1\"><div class=\"kt-inside-inner-col\"><style>.kb-row-layout-id5269_3ebd28-80 > .kt-row-column-wrap{align-content:start;}:where(.kb-row-layout-id5269_3ebd28-80 > .kt-row-column-wrap) > .wp-block-kadence-column{justify-content:start;}.kb-row-layout-id5269_3ebd28-80 > .kt-row-column-wrap{column-gap:var(--global-kb-gap-md, 2rem);row-gap:var(--global-kb-gap-md, 2rem);padding-top:25px;padding-right:5px;padding-bottom:25px;padding-left:5px;}.kb-row-layout-id5269_3ebd28-80 > .kt-row-column-wrap > div:not(.added-for-specificity){grid-column:initial;}.kb-row-layout-id5269_3ebd28-80 > .kt-row-column-wrap{grid-template-columns:repeat(3, minmax(0, 1fr));}.kb-row-layout-id5269_3ebd28-80 > .kt-row-layout-overlay{opacity:0.30;}@media all and (max-width: 1024px){.kb-row-layout-id5269_3ebd28-80 > .kt-row-column-wrap > div:not(.added-for-specificity){grid-column:initial;}}@media all and (max-width: 1024px){.kb-row-layout-id5269_3ebd28-80 > .kt-row-column-wrap{grid-template-columns:repeat(3, minmax(0, 1fr));}}@media all and (max-width: 767px){.kb-row-layout-id5269_3ebd28-80 > .kt-row-column-wrap > div:not(.added-for-specificity){grid-column:initial;}.kb-row-layout-id5269_3ebd28-80 > .kt-row-column-wrap{grid-template-columns:minmax(0, 1fr);}}<\/style><div class=\"kb-row-layout-wrap kb-row-layout-id5269_3ebd28-80 alignnone wp-block-kadence-rowlayout\"><div class=\"kt-row-column-wrap kt-has-3-columns kt-row-layout-equal kt-tab-layout-inherit kt-mobile-layout-row kt-row-valign-top\">\n<style>.kadence-column5269_09ea80-b4 > .kt-inside-inner-col,.kadence-column5269_09ea80-b4 > .kt-inside-inner-col:before{border-top-left-radius:0px;border-top-right-radius:0px;border-bottom-right-radius:0px;border-bottom-left-radius:0px;}.kadence-column5269_09ea80-b4 > .kt-inside-inner-col{column-gap:var(--global-kb-gap-sm, 1rem);}.kadence-column5269_09ea80-b4 > .kt-inside-inner-col{flex-direction:column;}.kadence-column5269_09ea80-b4 > .kt-inside-inner-col > .aligncenter{width:100%;}.kadence-column5269_09ea80-b4 > .kt-inside-inner-col:before{opacity:0.3;}.kadence-column5269_09ea80-b4{position:relative;}@media all and (max-width: 1024px){.kadence-column5269_09ea80-b4 > .kt-inside-inner-col{flex-direction:column;justify-content:center;}}@media all and (max-width: 767px){.kadence-column5269_09ea80-b4 > .kt-inside-inner-col{flex-direction:column;justify-content:center;}}<\/style>\n<div class=\"wp-block-kadence-column kadence-column5269_09ea80-b4 inner-column-1\"><div class=\"kt-inside-inner-col\"><div class=\"wp-block-image is-style-default\">\n<figure class=\"aligncenter size-large is-resized\"><img loading=\"lazy\" decoding=\"async\" width=\"79\" height=\"68\" data-attachment-id=\"13810\" data-permalink=\"https:\/\/awakentheworld.com\/hr\/atw-awaken-the-world-initiative\/meditating-people-icon\/\" data-orig-file=\"https:\/\/awakentheworld.com\/hr\/wp-content\/uploads\/sites\/22\/2020\/06\/meditating-people-icon.svg\" data-orig-size=\"79,68\" data-comments-opened=\"1\" data-image-meta=\"[]\" data-image-title=\"meditating-people-icon\" data-image-description=\"\" data-image-caption=\"\" data-large-file=\"https:\/\/awakentheworld.com\/hr\/wp-content\/uploads\/sites\/22\/2020\/06\/meditating-people-icon.svg\" src=\"https:\/\/awakentheworld.com\/it\/wp-content\/uploads\/sites\/4\/2020\/06\/meditating-people-icon.svg\" alt=\"\" class=\"wp-image-13810\" style=\"height:75px\"\/><\/figure>\n<\/div>\n\n\n<p class=\"has-text-align-center has-purple-color has-text-color has-small-font-size\"><a rel=\"noreferrer noopener\" href=\"https:\/\/awakentheworld.com\/atw-drop-in-meditations\/\" target=\"_blank\">Tihe i vo\u0111ene meditacije<\/a><br>(Besplatne, dnevne meditacije u\u017eivo na mre\u017ei.)<\/p>\n<\/div><\/div>\n\n\n<style>.kadence-column5269_8401ff-41 > .kt-inside-inner-col,.kadence-column5269_8401ff-41 > .kt-inside-inner-col:before{border-top-left-radius:0px;border-top-right-radius:0px;border-bottom-right-radius:0px;border-bottom-left-radius:0px;}.kadence-column5269_8401ff-41 > .kt-inside-inner-col{column-gap:var(--global-kb-gap-sm, 1rem);}.kadence-column5269_8401ff-41 > .kt-inside-inner-col{flex-direction:column;}.kadence-column5269_8401ff-41 > .kt-inside-inner-col > .aligncenter{width:100%;}.kadence-column5269_8401ff-41 > .kt-inside-inner-col:before{opacity:0.3;}.kadence-column5269_8401ff-41{position:relative;}@media all and (max-width: 1024px){.kadence-column5269_8401ff-41 > .kt-inside-inner-col{flex-direction:column;justify-content:center;}}@media all and (max-width: 767px){.kadence-column5269_8401ff-41 > .kt-inside-inner-col{flex-direction:column;justify-content:center;}}<\/style>\n<div class=\"wp-block-kadence-column kadence-column5269_8401ff-41 inner-column-2\"><div class=\"kt-inside-inner-col\"><div class=\"wp-block-image is-style-default\">\n<figure class=\"aligncenter size-large is-resized\"><img loading=\"lazy\" decoding=\"async\" width=\"170\" height=\"109\" data-attachment-id=\"13515\" data-permalink=\"https:\/\/awakentheworld.com\/hr\/?attachment_id=13515\" data-orig-file=\"https:\/\/awakentheworld.com\/hr\/wp-content\/uploads\/sites\/22\/2020\/06\/online-meditation-icon-1.svg\" data-orig-size=\"170,109\" data-comments-opened=\"1\" data-image-meta=\"[]\" data-image-title=\"online-meditation-icon-1\" data-image-description=\"\" data-image-caption=\"\" data-large-file=\"https:\/\/awakentheworld.com\/hr\/wp-content\/uploads\/sites\/22\/2020\/06\/online-meditation-icon-1.svg\" src=\"https:\/\/awakentheworld.com\/it\/wp-content\/uploads\/sites\/4\/2020\/06\/online-meditation-icon-1.svg\" alt=\"\" class=\"wp-image-13515\" style=\"width:120px\"\/><\/figure>\n<\/div>\n\n\n<p class=\"has-text-align-center has-purple-color has-text-color has-small-font-size\"><a href=\"https:\/\/awakentheworld.com\/meditations\/\">Snimci vo\u0111ene meditacije<\/a><br>(Sjednice na engleskom jeziku)<\/p>\n<\/div><\/div>\n\n\n<style>.kadence-column5269_0e034b-c1 > .kt-inside-inner-col,.kadence-column5269_0e034b-c1 > .kt-inside-inner-col:before{border-top-left-radius:0px;border-top-right-radius:0px;border-bottom-right-radius:0px;border-bottom-left-radius:0px;}.kadence-column5269_0e034b-c1 > .kt-inside-inner-col{column-gap:var(--global-kb-gap-sm, 1rem);}.kadence-column5269_0e034b-c1 > .kt-inside-inner-col{flex-direction:column;}.kadence-column5269_0e034b-c1 > .kt-inside-inner-col > .aligncenter{width:100%;}.kadence-column5269_0e034b-c1 > .kt-inside-inner-col:before{opacity:0.3;}.kadence-column5269_0e034b-c1{position:relative;}@media all and (max-width: 1024px){.kadence-column5269_0e034b-c1 > .kt-inside-inner-col{flex-direction:column;justify-content:center;}}@media all and (max-width: 767px){.kadence-column5269_0e034b-c1 > .kt-inside-inner-col{flex-direction:column;justify-content:center;}}<\/style>\n<div class=\"wp-block-kadence-column kadence-column5269_0e034b-c1 inner-column-3\"><div class=\"kt-inside-inner-col\"><div class=\"wp-block-image is-style-default\">\n<figure class=\"aligncenter size-large is-resized\"><img loading=\"lazy\" decoding=\"async\" width=\"99\" height=\"90\" data-attachment-id=\"13535\" data-permalink=\"https:\/\/awakentheworld.com\/hr\/?attachment_id=13535\" data-orig-file=\"https:\/\/awakentheworld.com\/hr\/wp-content\/uploads\/sites\/22\/2020\/06\/1466264.svg\" data-orig-size=\"99,90\" data-comments-opened=\"1\" data-image-meta=\"[]\" data-image-title=\"1466264\" data-image-description=\"\" data-image-caption=\"\" data-large-file=\"https:\/\/awakentheworld.com\/hr\/wp-content\/uploads\/sites\/22\/2020\/06\/1466264.svg\" src=\"https:\/\/awakentheworld.com\/it\/wp-content\/uploads\/sites\/4\/2020\/06\/1466264.svg\" alt=\"peace sign\" class=\"wp-image-13535\" style=\"width:84px\"\/><\/figure>\n<\/div>\n\n\n<p class=\"has-text-align-center has-purple-color has-text-color has-small-font-size\"><a href=\"https:\/\/awakentheworld.com\/news-programs-and-retreats\/\">Povla\u010denje meditacije u Kanadi<\/a><br>(predaje se na engleskom)<\/p>\n<\/div><\/div>\n\n<\/div><\/div><\/div><\/div>\n\n<\/div><\/div>\n\n\n<div class=\"wp-block-columns is-style-vertical-center-flip is-layout-flex wp-container-core-columns-is-layout-9d6595d7 wp-block-columns-is-layout-flex\">\n<div class=\"wp-block-column is-layout-flow wp-block-column-is-layout-flow\" style=\"flex-basis:33.33%\"><div class=\"wp-block-image is-style-rounded\">\n<figure class=\"aligncenter size-full\"><a href=\"https:\/\/awakentheworld.com\/film\/samadhi-film-part-3-the-pathless-path\/\" target=\"_blank\" rel=\"noreferrer noopener\"><img decoding=\"async\" src=\"https:\/\/awakentheworld.com\/nl\/wp-content\/uploads\/sites\/17\/2022\/07\/Square-Samadhi-3.jpg\" alt=\"\" class=\"wp-image-14594\"\/><\/a><\/figure>\n<\/div><\/div>\n\n\n\n<div class=\"wp-block-column is-layout-flow wp-block-column-is-layout-flow\" style=\"flex-basis:66.66%\">\n<h2 class=\"wp-block-heading h4 has-brown-color has-text-color\" id=\"h-novo-pokretanje\"><br>NOVO POKRETANJE<\/h2>\n\n\n\n<h2 class=\"wp-block-heading alt has-purple-color has-text-color\" id=\"h-samadhi-3-besputni-put\"><a href=\"https:\/\/awakentheworld.com\/film\/samadhi-film-part-3-the-pathless-path\/\" target=\"_blank\" rel=\"noreferrer noopener\">Samadhi 3 (Besputni put)<\/a><\/h2>\n\n\n\n<p>Zahvalni smo \u0161to mo\u017eemo predstaviti na\u0161 novi film, Samadhi 3. dio, &#8220;The Pathless Path&#8221;. Tranzicija kroz koju \u010dovje\u010danstvo upravo sada prolazi nudi priliku za duboku unutarnju transformaciju i bu\u0111enje na\u0161e prave prirode.<\/p>\n\n\n\n<p class=\"wp-block-coblocks-highlight\"><mark class=\"wp-block-coblocks-highlight__content\">** Tra\u017eimo volontere za prijevod titlova za film. Kontaktirajte nas ako ste zainteresirani<\/mark><\/p>\n<\/div>\n<\/div>\n<\/div><\/div>\n\n\n\n<h2 class=\"wp-block-heading\" id=\"h-nas-cilj\">Na\u0161 cilj<\/h2>\n\n\n\n<p class=\"has-text-align-left blue has-large-font-size\"><span style=\"font-weight: 400\">Inicijativa Probudimo svijet stvorena je kako bi ponizno slu\u017eila osvje\u0161tavanju istinske prirode u \u010dovjeku. Svi na\u0161i filmovi i vo\u0111ene meditacije besplatni su i prevedeni na mnoge jezike kako bi ova vje\u010dna u\u010denja bila svima potpuno dostupna.<\/span><\/p>\n\n\n\n<h2 class=\"wp-block-heading\" id=\"h-sudjelujte\">Sudjelujte<\/h2>\n\n\n\n<p class=\"has-large-font-size\">Neizmjerno smo zahvalni na svim svojim pomaga\u010dima, bez kojih inicijativa Probudimo svijet ne bi postojala.  <br><br><strong>Mo\u017eete se uklju\u010diti na vi\u0161e na\u010dina. <\/strong><\/p>\n\n\n\n<div class=\"wp-block-coblocks-features coblocks-features-1027144715634\"><div class=\"wp-block-coblocks-features__inner has-columns has-3-columns has-responsive-columns has-center-content has-medium-gutter\">\n\n<div class=\"wp-block-coblocks-feature coblocks-feature-1027144715938\"><div class=\"wp-block-coblocks-feature__inner has-no-padding\">\n<div class=\"wp-block-image\">\n<figure class=\"aligncenter size-large is-resized\"><img loading=\"lazy\" decoding=\"async\" data-attachment-id=\"13829\" data-permalink=\"https:\/\/awakentheworld.com\/hr\/?attachment_id=13829\" data-orig-file=\"https:\/\/awakentheworld.com\/hr\/wp-content\/uploads\/sites\/22\/2020\/06\/meditation-plus-signs.svg\" data-orig-size=\"195,136\" data-comments-opened=\"1\" data-image-meta=\"[]\" data-image-title=\"meditation-plus-signs\" data-image-description=\"\" data-image-caption=\"\" data-large-file=\"https:\/\/awakentheworld.com\/hr\/wp-content\/uploads\/sites\/22\/2020\/06\/meditation-plus-signs.svg\" src=\"https:\/\/awakentheworld.com\/it\/wp-content\/uploads\/sites\/4\/2020\/06\/meditation-plus-signs.svg\" alt=\"\" class=\"wp-image-13829\" width=\"146\" height=\"102\" \/><\/figure>\n<\/div>\n\n<h4 class=\"has-text-align-center wp-block-heading\" id=\"h-kreativni-doprinos\"><strong>Kreativni doprinos<\/strong><\/h4>\n\n\n<p class=\"has-text-align-left has-small-font-size\">Uvijek smo u potrazi za vizionarskom umjetnosti, animacijama, videozapisima i glazbom za predstoje\u0107e projekte. Ako \u017eelite donirati svoje radove inicijativi Probudimo svijet, <a href=\"https:\/\/awakentheworld.com\/hr\/kontaktirajte-s-nama\/\">po\u0161aljite nam poruku na engleskom ovdje<\/a>.<\/p>\n\n<\/div><\/div>\n\n\n<div class=\"wp-block-coblocks-feature coblocks-feature-1027144715949\"><div class=\"wp-block-coblocks-feature__inner has-no-padding\">\n<div class=\"wp-block-image\">\n<figure class=\"aligncenter size-large is-resized\"><img loading=\"lazy\" decoding=\"async\" data-attachment-id=\"13516\" data-permalink=\"https:\/\/awakentheworld.com\/hr\/?attachment_id=13516\" data-orig-file=\"https:\/\/awakentheworld.com\/hr\/wp-content\/uploads\/sites\/22\/2020\/06\/heart-in-hands-icon.svg\" data-orig-size=\"153,139\" data-comments-opened=\"1\" data-image-meta=\"[]\" data-image-title=\"heart-in-hands-icon\" data-image-description=\"\" data-image-caption=\"\" data-large-file=\"https:\/\/awakentheworld.com\/hr\/wp-content\/uploads\/sites\/22\/2020\/06\/heart-in-hands-icon.svg\" src=\"https:\/\/awakentheworld.com\/it\/wp-content\/uploads\/sites\/4\/2020\/06\/heart-in-hands-icon.svg\" alt=\"\" class=\"wp-image-13516\" width=\"115\" height=\"104\" \/><\/figure>\n<\/div>\n\n<h4 class=\"has-text-align-center wp-block-heading\" id=\"h-financijski-doprinos\"><strong>Financijski doprinos<\/strong><\/h4>\n\n\n<p class=\"has-text-align-left has-small-font-size\"><a href=\"https:\/\/awakentheworld.com\/hr\/film\/o-inicijativa-probudimo-svijet\/\">Poruka od Dana i Tanje (na engleskom)<\/a><\/p>\n\n\n<p class=\"has-text-align-left has-small-font-size\"><a rel=\"noreferrer noopener\" href=\"https:\/\/awakentheworld.com\/atw-store\/\" target=\"_blank\">Posjetite na\u0161u trgovinu<\/a>  i preuzmite videozapise visoke kvalitete ili kupite DVD &#8211; BlueRay verzije.<\/p>\n\n\n<p class=\"has-text-align-left has-small-font-size\"><a rel=\"noreferrer noopener\" href=\"https:\/\/www.patreon.com\/awakentheworld\" target=\"_blank\">Registrirajte se na Patreon<\/a>  ili  <a rel=\"noreferrer noopener\" href=\"https:\/\/www.paypal.com\/donate\/?cmd=_s-xclick&amp;hosted_button_id=P8ZEAJRPHTH56&amp;source=url\" target=\"_blank\">po\u0161aljite jednokratnu donaciju putem PayPala.<\/a> <\/p>\n\n<\/div><\/div>\n\n\n<div class=\"wp-block-coblocks-feature coblocks-feature-102715194802\"><div class=\"wp-block-coblocks-feature__inner has-no-padding\">\n<div class=\"wp-block-image\">\n<figure class=\"aligncenter size-large is-resized\"><img loading=\"lazy\" decoding=\"async\" src=\"https:\/\/awakentheworld.com\/ko\/wp-content\/uploads\/sites\/23\/2020\/06\/translation-head-icon.svg\" alt=\"\" width=\"129\" height=\"125\" \/><\/figure>\n<\/div>\n\n<h4 class=\"has-text-align-center wp-block-heading\" id=\"h-pomozite-nam-u-prevodenju\"><strong><strong><strong>Pomozite nam u prevo\u0111enju.<\/strong><\/strong><\/strong><\/h4>\n\n\n<p class=\"has-text-align-left has-small-font-size\">Cilj nam je prevesti filmove, web-stranicu i ostale projekte na \u0161to vi\u0161e stranih jezika. <\/p>\n\n\n<p class=\"has-text-align-left has-small-font-size\">Ako posjedujete prevoditeljske vje\u0161tine i dobro poznajete sadr\u017eaj, bili bismo vam zahvalni na pomo\u0107i!<\/p>\n\n<\/div><\/div>\n\n<\/div><\/div>\n\n\n\n<h2 class=\"wp-block-heading has-text-align-center\" id=\"h-hvala\">Hvala!<\/h2>\n\n\n\n<p class=\"has-text-align-center\">Zaista cijenimo va\u0161u potporu, i zapamtite: iako nam je va\u0161 doprinos od velike pomo\u0107i, jo\u0161 je vrjednija va\u0161a predanost praksi.<\/p>\n","protected":false},"excerpt":{"rendered":"<p>Filmovi i medijski sadr\u017eaj za bu\u0111enje ljudske svijesti. Meditacije Meditirajte z nami Satovi meditacije u\u017eivo i vo\u0111ene snimke na engleskom za pobolj\u0161avanje koncentracije i smirenosti. ** Bit \u0107ete preusmjereni na englesku verziju web stranice Tihe i vo\u0111ene meditacije(Besplatne, dnevne meditacije u\u017eivo na mre\u017ei.) Snimci vo\u0111ene meditacije(Sjednice na engleskom jeziku) Povla\u010denje meditacije u Kanadi(predaje se na [&hellip;]<\/p>\n","protected":false},"author":5,"featured_media":0,"parent":0,"menu_order":0,"comment_status":"closed","ping_status":"closed","template":"template-regularhome.php","meta":{"_acf_changed":false,"_kad_blocks_custom_css":"","_kad_blocks_head_custom_js":"","_kad_blocks_body_custom_js":"","_kad_blocks_footer_custom_js":"","footnotes":""},"class_list":["post-5269","page","type-page","status-publish","hentry"],"acf":[],"taxonomy_info":[],"featured_image_src_large":false,"author_info":{"display_name":"alitardo","author_link":"https:\/\/awakentheworld.com\/hr\/blog\/author\/alitardo\/"},"comment_info":0,"jetpack_sharing_enabled":true,"_links":{"self":[{"href":"https:\/\/awakentheworld.com\/hr\/wp-json\/wp\/v2\/pages\/5269","targetHints":{"allow":["GET"]}}],"collection":[{"href":"https:\/\/awakentheworld.com\/hr\/wp-json\/wp\/v2\/pages"}],"about":[{"href":"https:\/\/awakentheworld.com\/hr\/wp-json\/wp\/v2\/types\/page"}],"author":[{"embeddable":true,"href":"https:\/\/awakentheworld.com\/hr\/wp-json\/wp\/v2\/users\/5"}],"replies":[{"embeddable":true,"href":"https:\/\/awakentheworld.com\/hr\/wp-json\/wp\/v2\/comments?post=5269"}],"version-history":[{"count":80,"href":"https:\/\/awakentheworld.com\/hr\/wp-json\/wp\/v2\/pages\/5269\/revisions"}],"predecessor-version":[{"id":15125,"href":"https:\/\/awakentheworld.com\/hr\/wp-json\/wp\/v2\/pages\/5269\/revisions\/15125"}],"wp:attachment":[{"href":"https:\/\/awakentheworld.com\/hr\/wp-json\/wp\/v2\/media?parent=5269"}],"curies":[{"name":"wp","href":"https:\/\/api.w.org\/{rel}","templated":true}]}}