{"id":10351,"date":"2019-09-30T21:42:19","date_gmt":"2019-09-30T21:42:19","guid":{"rendered":"https:\/\/awakentheworld-reference.mystagingwebsite.com\/?page_id=10351"},"modified":"2021-08-13T22:57:54","modified_gmt":"2021-08-13T22:57:54","slug":"tyliosios-ir-vadovaujamos-meditacijos","status":"publish","type":"page","link":"https:\/\/awakentheworld.com\/lt\/tyliosios-ir-vadovaujamos-meditacijos\/","title":{"rendered":"Tyliosios ir vadovaujamos meditacijos"},"content":{"rendered":"\n<div class=\"wp-block-group alignfull has-dark-background-color has-background\"><div class=\"wp-block-group__inner-container is-layout-flow wp-block-group-is-layout-flow\">\n<div class=\"wp-block-columns is-layout-flex wp-container-core-columns-is-layout-9d6595d7 wp-block-columns-is-layout-flex\">\n<div class=\"wp-block-column is-layout-flow wp-block-column-is-layout-flow\">\n<figure class=\"wp-block-image size-large\"><img loading=\"lazy\" decoding=\"async\" width=\"1000\" height=\"562\" data-attachment-id=\"13545\" data-permalink=\"https:\/\/awakentheworld.com\/lt\/tyliosios-ir-vadovaujamos-meditacijos\/zoom-guided-meditations\/\" data-orig-file=\"https:\/\/awakentheworld.com\/lt\/wp-content\/uploads\/sites\/39\/2020\/06\/zoom-guided-meditations.jpg\" data-orig-size=\"1000,562\" data-comments-opened=\"1\" data-image-meta=\"{&quot;aperture&quot;:&quot;0&quot;,&quot;credit&quot;:&quot;&quot;,&quot;camera&quot;:&quot;&quot;,&quot;caption&quot;:&quot;&quot;,&quot;created_timestamp&quot;:&quot;0&quot;,&quot;copyright&quot;:&quot;&quot;,&quot;focal_length&quot;:&quot;0&quot;,&quot;iso&quot;:&quot;0&quot;,&quot;shutter_speed&quot;:&quot;0&quot;,&quot;title&quot;:&quot;&quot;,&quot;orientation&quot;:&quot;0&quot;}\" data-image-title=\"zoom-guided-meditations\" data-image-description=\"\" data-image-caption=\"\" data-large-file=\"https:\/\/awakentheworld.com\/lt\/wp-content\/uploads\/sites\/39\/2020\/06\/zoom-guided-meditations.jpg\" src=\"https:\/\/awakentheworld.com\/es\/wp-content\/uploads\/sites\/7\/2020\/06\/zoom-guided-meditations.jpg\" alt=\"meditations on zoom\" class=\"wp-image-13545\" \/><\/figure>\n\n\n\n<p class=\"has-dark-gold-color has-text-color\">Kasdien po dvi tylos meditacijas, i\u0161skyrus tas dienas, kai si\u016blome vedam\u0105 sesij\u0105.<\/p>\n\n\n\n<p class=\"has-dark-gold-color has-text-color\">Viena valanda vadovaujam\u0173 meditacij\u0173<br>Nedvipus\u0117 praktika, po kurios vyks susikaupimo laikotarpis (vadovaus Danas arba Tanya).<\/p>\n\n\n\n<p class=\"has-dark-gold-color has-text-color\">30 minu\u010di\u0173 trukm\u0117s nukreiptos meditacijos:<br>S\u0105moningumo technikos, kuriomis daugiausia d\u0117mesio skiriama d\u0117mesio koncentracijai, ramybei ir ramumui ugdyti, po kuri\u0173 seka bendravimo laikotarpis. (veda Tanya)<\/p>\n\n\n\n<p class=\"has-dark-gold-color has-text-color\"><a href=\"https:\/\/awakentheworld.com\/atw-drop-in-meditations\/\" target=\"_blank\" rel=\"noreferrer noopener\">Tvarkara\u0161tis ir daugiau informacijos m\u016bs\u0173 svetain\u0117je angl\u0173 kalba.<\/a><\/p>\n\n\n\n<p class=\"has-text-align-center has-light-light-gold-color has-text-color\">Mes naudojame \u201eZoom\u201c susitikimo ID: 613 111 7777 \u0161e\u0161tadieniams ir tylioms meditacijoms, o 613 111 3333 &#8211; vedamoms Tanya sesijoms.<\/p>\n\n\n\n<div style=\"height:23px\" aria-hidden=\"true\" class=\"wp-block-spacer\"><\/div>\n\n\n\n<p class=\"has-text-align-right has-light-light-gold-color has-text-color\"><strong>Prieiga prie meditacij\u0173 kambario<\/strong><br><a href=\"https:\/\/zoom.us\/j\/6131117777\" target=\"_blank\" rel=\"noreferrer noopener\">Tyliosios ir \u0161e\u0161tadienin\u0117s meditacijos<\/a> &gt;&gt;<br><a href=\"https:\/\/zoom.us\/j\/6131113333\" target=\"_blank\" rel=\"noreferrer noopener\">Antradienio, tre\u010diadienio ir sekmadienio meditacijos<\/a> &gt;&gt;<\/p>\n<\/div>\n\n\n\n<div class=\"wp-block-column is-layout-flow wp-block-column-is-layout-flow\">\n<h4 class=\"has-text-align-left has-light-gold-color has-text-color wp-block-heading\">Si\u016bloma Nemokamai<\/h4>\n\n\n\n<p class=\"has-light-light-gold-color has-text-color\">Kvie\u010diame visus prisijungti prie m\u016bs\u0173 internetin\u0117s bendruomen\u0117s. Be meditacij\u0173 su vadovu, kasdien si\u016blome tyli\u0105sias meditacijas pradedantiesiems (be vadov\u0173). Kadangi praktikuojame tyloje, dalyvauti gali kiekvienas: kalba neb\u0117ra kli\u016btis.<\/p>\n\n\n\n<p class=\"has-light-light-gold-color has-text-color\">Per kasdienes valandos trukm\u0117s tylos meditacijas joki\u0173 nurodym\u0173 neteikiame, tik prad\u017eioje ir pabaigoje skambinama varpeliu. Susitikimuose suteikiama erdv\u0117 s\u0117d\u0117ti tyloje, klausytis meditacijos, \u012fra\u0161ytos &#8220;Awaken the World&#8221;, arba bet kokio kito \u012fra\u0161o, kuris geriausiai tinka j\u016bs\u0173 praktikai.<\/p>\n\n\n\n<p class=\"has-light-light-gold-color has-text-color\">Pra\u0161ome i\u0161likti kuo ramiau ir klausytis garso \u012fra\u0161o tyliai. Susitinkame beveik kasdien dviem tylos sesijoms, i\u0161skyrus datas, kai si\u016blome savo draugams kassavaitines meditacijas su vadovu, kurias vedame angl\u0173 kalba.<\/p>\n\n\n\n<p class=\"has-text-align-center has-white-color has-text-color\"><strong>Jums nereikia patvirtinti savo dalyvavimo,<br>tiesiog prisijunkite prie m\u016bs\u0173!<\/strong><\/p>\n\n\n\n<hr class=\"wp-block-separator has-text-color has-background has-dark-gold-background-color has-dark-gold-color is-style-wide\" \/>\n\n\n\n<div style=\"height:23px\" aria-hidden=\"true\" class=\"wp-block-spacer\"><\/div>\n\n\n\n<p class=\"has-text-align-center has-dark-gold-color has-text-color\">Kita meditacijos sesija prasideda<\/p>\n\n\n\n<div class=\"eb-countdown-wrapper\" style=\"margin-top:0px;margin-right:0px;margin-bottom:0px;margin-left:0px;padding-top:0px;padding-right:0px;padding-bottom:0px;padding-left:0px\"><div class=\"eb-countdown-container\"><ul class=\"eb-countdown-items\" style=\"justify-content:center\"><div class=\"eb-countdown-get-date\" data-date=\"\" data-nextevent=\"true\"><\/div><li class=\"eb-countdown-item\" style=\"height:120px;width:120px;margin:0px 10px;padding:0px 0px 0px 0px;border:0px solid #000000;border-radius:5% 5% 5% 5%;background-color:#7967ff\"><div class=\"eb-countdown-days\" style=\"margin-top:0px;margin-right:0px;margin-bottom:0px;margin-left:0px;text-align:center\"><span class=\"eb-countdown-digits eb-countdown-digits-days\" style=\"font-size:48px;font-weight:400;color:#ffffff\">0<\/span><span class=\"eb-countdown-label\" style=\"font-size:14px;text-transform:none;font-style:normal;text-decoration:initial;line-height:100%;padding-left:0px;color:#ffffff\">Days<\/span><\/div><\/li><li class=\"eb-countdown-item\" style=\"height:120px;width:120px;margin:0px 10px;padding:0px 0px 0px 0px;border:0px solid #000000;border-radius:5% 5% 5% 5%;background-color:#7967ff\"><div class=\"eb-countdown-hours\" style=\"margin-top:0px;margin-right:0px;margin-bottom:0px;margin-left:0px;text-align:center\"><span class=\"eb-countdown-digits eb-countdown-digits-hours\" style=\"font-size:48px;font-weight:400;color:#ffffff\">0<\/span><span class=\"eb-countdown-label\" style=\"font-size:14px;text-transform:none;font-style:normal;text-decoration:initial;line-height:100%;padding-left:0px;color:#ffffff\">Valandos<\/span><\/div><\/li><li class=\"eb-countdown-item\" style=\"height:120px;width:120px;margin:0px 10px;padding:0px 0px 0px 0px;border:0px solid #000000;border-radius:5% 5% 5% 5%;background-color:#7967ff\"><div class=\"eb-countdown-minutes\" style=\"margin-top:0px;margin-right:0px;margin-bottom:0px;margin-left:0px;text-align:center\"><span class=\"eb-countdown-digits eb-countdown-digits-minutes\" style=\"font-size:48px;font-weight:400;color:#ffffff\">0<\/span><span class=\"eb-countdown-label\" style=\"font-size:14px;text-transform:none;font-style:normal;text-decoration:initial;line-height:100%;padding-left:0px;color:#ffffff\">Minut\u0117s<\/span><\/div><\/li><li class=\"eb-countdown-item\" style=\"height:120px;width:120px;margin:0px 10px;padding:0px 0px 0px 0px;border:0px solid #000000;border-radius:5% 5% 5% 5%;background-color:#7967ff\"><div class=\"eb-countdown-seconds\" style=\"margin-top:0px;margin-right:0px;margin-bottom:0px;margin-left:0px;text-align:center\"><span class=\"eb-countdown-digits eb-countdown-digits-seconds\" style=\"font-size:48px;font-weight:400;color:#ffffff\">0<\/span><span class=\"eb-countdown-label\" style=\"font-size:14px;text-transform:none;font-style:normal;text-decoration:initial;line-height:100%;padding-left:0px;color:#ffffff\">Sekund\u017ei\u0173<\/span><\/div><\/li><\/ul><\/div><\/div>\n<\/div>\n<\/div>\n\n\n\n<div class=\"wp-block-buttons alignwide is-content-justification-center is-layout-flex wp-block-buttons-is-layout-flex\">\n<div class=\"wp-block-button\"><a class=\"wp-block-button__link\" href=\"https:\/\/awakentheworld.com\/guided-meditation-schedule\/\">2021 M. Meditacij\u0173 Kalendorius<\/a><\/div>\n\n\n\n<p class=\"has-text-align-center has-dark-gold-color has-text-color\" style=\"font-size:11px\">(B\u016bsite nukreipti \u012f angli\u0161k\u0105 svetain\u0117s versij\u0105)<\/p>\n<\/div>\n\n\n\n<div class=\"wp-block-group drop-in-reminders\"><div class=\"wp-block-group__inner-container is-layout-flow wp-block-group-is-layout-flow\">\n<h4 class=\"has-text-align-center has-beige-color has-text-color wp-block-heading\"><strong>Prenumeruokite priminimus el. Pa\u0161tu<\/strong><\/h4>\n\n\n<p>[mc4wp_form id=&#8221;13987&#8243;]<\/p>\n\n\n\n<p><\/p>\n<\/div><\/div>\n<\/div><\/div>\n\n\n\n<p class=\"has-text-align-center has-light-light-grey-background-color has-background has-small-font-size\">Zoom yra nemokama, lengvai naudojama vaizdo konferencij\u0173 sistema, kuria galima naudotis bet kuriame \u012frenginyje. <a rel=\"noreferrer noopener\" href=\"https:\/\/zoom.us\/\" target=\"_blank\">https:\/\/zoom.us\/<\/a>      Prie\u0161 prasidedant susitikimui atsisi\u0173skite ir i\u0161bandykite j\u0105 adresu: <a rel=\"noreferrer noopener\" href=\"https:\/\/zoom.us\/j\/6131117777\" target=\"_blank\">https:\/\/zoom.us\/j\/6131117777<\/a><\/p>\n","protected":false},"excerpt":{"rendered":"<p>Kasdien po dvi tylos meditacijas, i\u0161skyrus tas dienas, kai si\u016blome vedam\u0105 sesij\u0105. Viena valanda vadovaujam\u0173 meditacij\u0173Nedvipus\u0117 praktika, po kurios vyks susikaupimo laikotarpis (vadovaus Danas arba Tanya). 30 minu\u010di\u0173 trukm\u0117s nukreiptos meditacijos:S\u0105moningumo technikos, kuriomis daugiausia d\u0117mesio skiriama d\u0117mesio koncentracijai, ramybei ir ramumui ugdyti, po kuri\u0173 seka bendravimo laikotarpis. (veda Tanya) Tvarkara\u0161tis ir daugiau informacijos m\u016bs\u0173 svetain\u0117je [&hellip;]<\/p>\n","protected":false},"author":5,"featured_media":13543,"parent":0,"menu_order":0,"comment_status":"closed","ping_status":"closed","template":"template-dropin.php","meta":{"_acf_changed":false,"_kad_blocks_custom_css":"","_kad_blocks_head_custom_js":"","_kad_blocks_body_custom_js":"","_kad_blocks_footer_custom_js":"","footnotes":""},"class_list":["post-10351","page","type-page","status-publish","has-post-thumbnail","hentry"],"acf":[],"taxonomy_info":[],"featured_image_src_large":["https:\/\/awakentheworld.com\/lt\/wp-content\/uploads\/sites\/39\/2020\/06\/meditation-sitting-pose.png",640,168,false],"author_info":{"display_name":"alitardo","author_link":"https:\/\/awakentheworld.com\/lt\/blog\/author\/alitardo\/"},"comment_info":0,"jetpack_sharing_enabled":true,"_links":{"self":[{"href":"https:\/\/awakentheworld.com\/lt\/wp-json\/wp\/v2\/pages\/10351","targetHints":{"allow":["GET"]}}],"collection":[{"href":"https:\/\/awakentheworld.com\/lt\/wp-json\/wp\/v2\/pages"}],"about":[{"href":"https:\/\/awakentheworld.com\/lt\/wp-json\/wp\/v2\/types\/page"}],"author":[{"embeddable":true,"href":"https:\/\/awakentheworld.com\/lt\/wp-json\/wp\/v2\/users\/5"}],"replies":[{"embeddable":true,"href":"https:\/\/awakentheworld.com\/lt\/wp-json\/wp\/v2\/comments?post=10351"}],"version-history":[{"count":34,"href":"https:\/\/awakentheworld.com\/lt\/wp-json\/wp\/v2\/pages\/10351\/revisions"}],"predecessor-version":[{"id":14615,"href":"https:\/\/awakentheworld.com\/lt\/wp-json\/wp\/v2\/pages\/10351\/revisions\/14615"}],"wp:featuredmedia":[{"embeddable":true,"href":"https:\/\/awakentheworld.com\/lt\/wp-json\/wp\/v2\/media\/13543"}],"wp:attachment":[{"href":"https:\/\/awakentheworld.com\/lt\/wp-json\/wp\/v2\/media?parent=10351"}],"curies":[{"name":"wp","href":"https:\/\/api.w.org\/{rel}","templated":true}]}}