{"id":11095,"date":"2019-10-30T21:44:01","date_gmt":"2019-10-30T21:44:01","guid":{"rendered":"https:\/\/awakentheworld-reference.mystagingwebsite.com\/?page_id=11095"},"modified":"2020-10-23T11:48:56","modified_gmt":"2020-10-23T11:48:56","slug":"atw-faq","status":"publish","type":"page","link":"https:\/\/awakentheworld.com\/pl\/atw-faq\/","title":{"rendered":"FAQ"},"content":{"rendered":"\n<div class=\"wp-block-coblocks-accordion faq-questions-section\">\n<div class=\"wp-block-coblocks-accordion-item\"><details><summary class=\"wp-block-coblocks-accordion-item__title\">Pytanie: Gdzie mog\u0119 kupi\u0107 DVD lub Blu-ray Samadhi \/ \u201e\u015awiaty wewn\u0119trzne i zewn\u0119trzne\u201d lub pobra\u0107 je w wysokiej jako\u015bci w kompresji H.264?<\/summary><div class=\"wp-block-coblocks-accordion-item__content\">\n<p>Odpowied\u017a: Filmy te mo\u017cna kupi\u0107 lub pobra\u0107 tutaj<\/p>\n\n\n\n<p><a href=\"https:\/\/awakentheworld.com\/pl\/atw-store\/\">https:\/\/awakentheworld.com\/pl\/atw-store\/<\/a><\/p>\n<\/div><\/details><\/div>\n\n\n\n<div class=\"wp-block-coblocks-accordion-item\"><details><summary class=\"wp-block-coblocks-accordion-item__title\">Pytanie: Jestem zainteresowany wspieraniem waszej pracy, jak mog\u0119 to zrobi\u0107?<br><\/summary><div class=\"wp-block-coblocks-accordion-item__content\">\n<p>Odpowied\u017a: Ka\u017cdy projekt filmowy Awaken the World jest finansowany z darowizn (przede wszystkim osobi\u015bcie ze strony Daniela), a Daniel i Tanya z potrzeby serca i bez \u017cadnego wynagrodzenia po\u015bwi\u0119caj\u0105 wiele tysi\u0119cy godzin na ka\u017cdy projekt. Dzi\u0119ki temu mo\u017cliwe jest wypuszczanie tych film\u00f3w na \u015bwiat za darmo, a my jeste\u015bmy niezmiernie wdzi\u0119czni za ka\u017cd\u0105 podarowan\u0105 wp\u0142at\u0119 \u2013 bez wzgl\u0119du na jej wysoko\u015b\u0107 \u2013 na wsparcie tej inicjatywy. Na platformie Patreon mamy wspania\u0142\u0105 spo\u0142eczno\u015b\u0107 os\u00f3b, kt\u00f3re pragn\u0105 wspiera\u0107 nas comiesi\u0119czn\u0105 darowizn\u0105 w wysoko\u015bci zaledwie 1 dolara (co naprawd\u0119 w sumie daje pot\u0119\u017cne kwoty!) Jako wyraz uznania za nieustaj\u0105ce wsparcie nasi Patroni otrzymuj\u0105 zaproszenia na organizowane przez nas wydarzenia on-line, a tak\u017ce bezp\u0142atne prezenty, jak na przyk\u0142ad oryginalne utwory muzyczne Daniela i tapety tematycznie odwo\u0142uj\u0105ce si\u0119 do \u015bwi\u0119tej geometrii. Mo\u017cemy tak\u017ce otrzymywa\u0107 jednorazowe darowizny za po\u015brednictwem serwisu Paypal.<\/p>\n\n\n\n<p>Jeste\u015b artyst\u0105-wizjonerem? Nieustannie poszukujemy r\u00f3wnie\u017c \u015bwiatowej klasy sztuki, animacji, film\u00f3w oraz muzyki do naszych przysz\u0142ych produkcji filmowych. Je\u015bli chcesz przekaza\u0107 swoj\u0105 grafik\u0119 do pe\u0142nego wykorzystania przez Awaken the World, skontaktuj si\u0119 z nami po adresem e-mail <a href=\"mailto:contact@awakentheworld.com\">contact@awakentheworld.com<\/a>. <\/p>\n<\/div><\/details><\/div>\n\n\n\n<div class=\"wp-block-coblocks-accordion-item\"><details><summary class=\"wp-block-coblocks-accordion-item__title\">Pytanie: Chc\u0119 dowiedzie\u0107 si\u0119 wi\u0119cej o osi\u0105gni\u0119ciu Samadhi. Jak mog\u0119 nauczy\u0107 si\u0119 medytacji lub pog\u0142\u0119bi\u0107 swoje obecne praktyki medytacyjne?<\/summary><div class=\"wp-block-coblocks-accordion-item__content\">\n<p>Odpowied\u017a: Stworzyli\u015bmy 4-cz\u0119\u015bciow\u0105 seri\u0119 medytacji prowadzonej, kt\u00f3ra jest dost\u0119pna bezp\u0142atnie on-line na kanale Youtube. W sekcji medytacji prowadzonej na stronie awakentheworld.com dost\u0119pne s\u0105 pliki MP3.<\/p>\n\n\n\n<p><\/p>\n\n\n\n<p> <a rel=\"noreferrer noopener\" href=\"https:\/\/www.patreon.com\/awakentheworld\" target=\"_blank\">wonderful Patreon Community<\/a> for those who wish to support us with a monthly donation as small as $1 (which really adds up!)&nbsp; Our Patrons receive invitations to our on-line events as well as free gifts such as Daniel&#8217;s original music tracks and sacred geometry wallpapers, as a show of appreciation for their ongoing support.&nbsp; We can also receive <a rel=\"noreferrer noopener\" href=\"https:\/\/www.paypal.com\/donate\/?token=ujcTxM7nWzHMPfpqdoaz1TCNC2cWBlcKEi7vyXvnTdWZsL5jNO0wOJC3NannWpO8zGk3am&amp;fromUL=true&amp;country.x=CA&amp;locale.x=en_US\" target=\"_blank\">one-time donations via Paypal<\/a>.<\/p>\n\n\n\n<p>\u00bfEres un artista visionario? Siempre buscamos arte, animaci\u00f3n, videos y m\u00fasica de primer nivel para las pr\u00f3ximas pel\u00edculas. Si deseas contribuir con tu arte para un uso totalmente acreditado por Awaken the World, cont\u00e1ctenos en <a href=\"mailto:contact@awakentheworld.com\">contact@awakentheworld.com<\/a>.<\/p>\n<\/div><\/details><\/div>\n\n\n\n<div class=\"wp-block-coblocks-accordion-item\"><details><summary class=\"wp-block-coblocks-accordion-item__title\">Pytanie: Chcia\u0142bym po\u0142\u0105czy\u0107 si\u0119 z innymi osobami na \u015bcie\u017cce przebudzenia. W jaki spos\u00f3b mog\u0119 skontaktowa\u0107 si\u0119 z wami oraz tymi, kt\u00f3rzy s\u0105 na podobnej \u015bcie\u017cce?<\/summary><div class=\"wp-block-coblocks-accordion-item__content\">\n<p>Odpowied\u017a: Prowadzimy bezp\u0142atne medytacje on-line (w co drug\u0105 sobot\u0119 o godz. 8:00 EDT, a tak\u017ce w co drugi czwartek o godz. 20:00 EDT). B\u0119dziemy medytowa\u0107 w podanym czasie, po czym nast\u0105pi sesja pyta\u0144 i odpowiedzi, podczas kt\u00f3rej ludzie mog\u0105 si\u0119 kontaktowa\u0107, zadawa\u0107 pytania i dzieli\u0107 informacjami. Buduje si\u0119 cudowna spo\u0142eczno\u015b\u0107 internetowa! Spotkania odbywaj\u0105 si\u0119 za po\u015brednictwem platformy konferencyjnej Zoom, dost\u0119p do kt\u00f3rej mo\u017cna pobra\u0107 bezp\u0142atnie. Szczeg\u00f3\u0142owe informacje oraz najbli\u017csze terminy mo\u017cna znale\u017a\u0107 tutaj<\/p>\n<\/div><\/details><\/div>\n\n\n\n<div class=\"wp-block-coblocks-accordion-item\"><details><summary class=\"wp-block-coblocks-accordion-item__title\">Pytanie: Szukam konkretnego utworu muzycznego z jednego z film\u00f3w. Jak mog\u0119 go znale\u017a\u0107?<\/summary><div class=\"wp-block-coblocks-accordion-item__content\">\n<p><\/p>\n\n\n\n<p>Odpowied\u017a: \u015acie\u017cki d\u017awi\u0119kowe z film\u00f3w \u201e\u015awiaty wewn\u0119trzne i zewn\u0119trzne\u201d (Inner Worlds Outer Worlds) oraz \u201eSamadhi\u201d zosta\u0142y skompilowane w soundtrack pt. \u201eInner Worlds Music\u201d. Linki do r\u00f3\u017cnych opcji, takich jak iTunes, Google Play i Spotify, mo\u017cna znale\u017a\u0107 w sklepie ATW. Niestety nie ka\u017cdy utw\u00f3r z tych film\u00f3w znalaz\u0142 si\u0119 na wspomnianej kompilacji, je\u015bli wi\u0119c tam go nie ma, to nie mamy mo\u017cliwo\u015bci udost\u0119pnienia takiego utworu.<\/p>\n<\/div><\/details><\/div>\n<\/div>\n","protected":false},"excerpt":{"rendered":"","protected":false},"author":8,"featured_media":0,"parent":0,"menu_order":0,"comment_status":"closed","ping_status":"closed","template":"","meta":{"_acf_changed":false,"_kad_blocks_custom_css":"","_kad_blocks_head_custom_js":"","_kad_blocks_body_custom_js":"","_kad_blocks_footer_custom_js":"","footnotes":""},"class_list":["post-11095","page","type-page","status-publish","hentry"],"acf":[],"taxonomy_info":[],"featured_image_src_large":false,"author_info":{"display_name":"danielschmidt","author_link":"https:\/\/awakentheworld.com\/pl\/author\/danielschmidt\/"},"comment_info":0,"jetpack_sharing_enabled":true,"_links":{"self":[{"href":"https:\/\/awakentheworld.com\/pl\/wp-json\/wp\/v2\/pages\/11095","targetHints":{"allow":["GET"]}}],"collection":[{"href":"https:\/\/awakentheworld.com\/pl\/wp-json\/wp\/v2\/pages"}],"about":[{"href":"https:\/\/awakentheworld.com\/pl\/wp-json\/wp\/v2\/types\/page"}],"author":[{"embeddable":true,"href":"https:\/\/awakentheworld.com\/pl\/wp-json\/wp\/v2\/users\/8"}],"replies":[{"embeddable":true,"href":"https:\/\/awakentheworld.com\/pl\/wp-json\/wp\/v2\/comments?post=11095"}],"version-history":[{"count":15,"href":"https:\/\/awakentheworld.com\/pl\/wp-json\/wp\/v2\/pages\/11095\/revisions"}],"predecessor-version":[{"id":15167,"href":"https:\/\/awakentheworld.com\/pl\/wp-json\/wp\/v2\/pages\/11095\/revisions\/15167"}],"wp:attachment":[{"href":"https:\/\/awakentheworld.com\/pl\/wp-json\/wp\/v2\/media?parent=11095"}],"curies":[{"name":"wp","href":"https:\/\/api.w.org\/{rel}","templated":true}]}}