{"id":12386,"date":"2020-01-27T23:29:47","date_gmt":"2020-01-27T23:29:47","guid":{"rendered":"https:\/\/awakentheworld-reference.mystagingwebsite.com\/?page_id=12386"},"modified":"2020-10-23T11:57:03","modified_gmt":"2020-10-23T11:57:03","slug":"zaangazuj-sie","status":"publish","type":"page","link":"https:\/\/awakentheworld.com\/pl\/zaangazuj-sie\/","title":{"rendered":"Zaanga\u017cuj si\u0119"},"content":{"rendered":"\n<div class=\"wp-block-columns is-style-vertical-center is-layout-flex wp-container-core-columns-is-layout-9d6595d7 wp-block-columns-is-layout-flex\">\n<div class=\"wp-block-column is-layout-flow wp-block-column-is-layout-flow\">\n<div class=\"wp-block-image\"><figure class=\"aligncenter size-large is-resized\"><img loading=\"lazy\" decoding=\"async\" src=\"https:\/\/awakentheworld.com\/wp-content\/uploads\/2020\/06\/online-meditation-icon.svg\" alt=\"\" class=\"wp-image-13513\" width=\"170\" height=\"109\" \/><\/figure><\/div>\n<\/div>\n\n\n\n<div class=\"wp-block-column is-layout-flow wp-block-column-is-layout-flow\">\n<h2 class=\"wp-block-heading\"><strong>Medytacja on-line<\/strong><\/h2>\n\n\n\n<p class=\"has-large-font-size\">Je\u015bli rozumiesz angielski, zapraszamy do przy\u0142\u0105czenia si\u0119 do naszych bezp\u0142atnych, \u017cywych medytacji ZOOM. Zapraszamy wszystkich do naszej internetowej wsp\u00f3lnoty na godzinn\u0105 medytacj\u0119 wraz z sesj\u0105 pyta\u0144 i odpowiedzi na koniec.<\/p>\n\n\n\n<div class=\"wp-block-buttons is-layout-flex wp-block-buttons-is-layout-flex\">\n<div class=\"wp-block-button\"><a class=\"wp-block-button__link\" href=\"https:\/\/awakentheworld.com\/pl\/zoom-meditations\/\">Sprawd\u017a Harmonogram<\/a><\/div>\n<\/div>\n\n\n\n<p class=\"has-text-align-left\" style=\"font-size:12px\">(Ser\u00e1s redirigido a informaci\u00f3n y horarios en la versi\u00f3n del sitio en Ingl\u00e9s) <\/p>\n\n\n\n<p class=\"has-regular-font-size\">Nie dasz rady do\u0142\u0105czy\u0107 do grupy na \u017cywo? Dost\u0119pna jest darmowa 4-cz\u0119\u015bciowa sesja medytacji, aby\u015b nie wypa\u015b\u0107 z rytmu.&nbsp;<a href=\"https:\/\/awakentheworld.com\/meditation-series\/zoom-meditations\/\">Nagrania medytacji prowadzonej<\/a><br> <span class=\"has-text-align-left\" style=\"font-size:12px\">(Przekierowanie na stron\u0119 internetow\u0105 w j\u0119zyku angielskim). <\/span><\/p>\n<\/div>\n<\/div>\n\n\n<p><!-- \/wp:post-content --><\/p>\n<p><!-- wp:columns {\"className\":\"is-style-vertical-center-flip\"} --><\/p>\n<div class=\"wp-block-columns is-style-vertical-center-flip\"><!-- wp:column --><p><\/p>\n<div class=\"wp-block-column\"><!-- wp:heading --><p><\/p>\n<h2>Pom\u00f3\u017c nam t\u0142umaczy\u0107.<\/h2>\n<p><!-- \/wp:heading --><\/p>\n<p><!-- wp:paragraph {\"fontSize\":\"large\"} --><\/p>\n<p class=\"has-large-font-size\">Naszym celem jest tworzenie film\u00f3w, strony internetowej i innych materia\u0142\u00f3w w mo\u017cliwie jak najwi\u0119kszej liczbie j\u0119zyk\u00f3w. Je\u015bli t\u0142umaczenia nie s\u0105 ci obce i rozumiesz g\u0142\u0119bi\u0119 prezentowanych zagadnie\u0144, b\u0119dziemy wdzi\u0119czni za twoj\u0105 pomoc!<\/p>\n<p><!-- \/wp:paragraph --><\/p>\n<p><!-- wp:paragraph {\"fontSize\":\"regular\"} --><\/p>\n<div class=\"wp-block-buttons\">\n<div class=\"wp-block-button\"><a class=\"wp-block-button__link\" href=\"https:\/\/awakentheworld.com\/pl\/kontakt\/\">Kontakt Dla T\u0142umaczy<\/a><\/div>\n<p><!-- \/wp:paragraph --><\/p>\n<\/div>\n<p><!-- \/wp:column --><\/p>\n<\/div>\n<p><!-- \/wp:columns --><\/p>\n<p><!-- wp:column --><\/p>\n<div class=\"wp-block-column\"><!-- wp:image {\"align\":\"center\",\"id\":13514,\"sizeSlug\":\"large\"} --><p><\/p>\n<div class=\"wp-block-image\">\n<figure class=\"aligncenter size-large\"><img loading=\"lazy\" decoding=\"async\" width=\"192\" height=\"167\" class=\"wp-image-13514\" src=\"https:\/\/awakentheworld.com\/es\/wp-content\/uploads\/2020\/06\/translation-head-icon.svg\" alt=\"\"><\/figure>\n<\/div>\n<p><!-- \/wp:image --><\/p>\n<\/div>\n<p><!-- \/wp:column --><\/p>\n<\/div>\n<p><!-- \/wp:columns --><\/p>\n<p><!-- wp:columns {\"className\":\"is-style-vertical-center\"} --><\/p>\n<div class=\"wp-block-columns is-style-vertical-center\"><!-- wp:column --><p><\/p>\n<div class=\"wp-block-column\"><!-- wp:image {\"align\":\"center\",\"id\":13829,\"width\":195,\"height\":136,\"sizeSlug\":\"large\"} --><p><\/p>\n<div class=\"wp-block-image\">\n<figure class=\"aligncenter size-large is-resized\"><img loading=\"lazy\" decoding=\"async\" class=\"wp-image-13829\" src=\"https:\/\/awakentheworld.com\/es\/wp-content\/uploads\/2020\/06\/meditation-plus-signs.svg\" alt=\"\" width=\"195\" height=\"136\"><\/figure>\n<\/div>\n<p><!-- \/wp:image --><\/p>\n<\/div>\n<p><!-- \/wp:column --><\/p>\n<p><!-- wp:column --><\/p>\n<div class=\"wp-block-column\"><!-- wp:heading --><p><\/p>\n<h2>Wsp\u00f3\u0142tworzenie film\u00f3w.<\/h2>\n<p><!-- \/wp:heading --><\/p>\n<p><!-- wp:paragraph {\"fontSize\":\"large\"} --><\/p>\n<p class=\"has-large-font-size\">Nieustannie poszukujemy \u015bwiatowej klasy obraz\u00f3w, animacji 3D, film\u00f3w oraz muzyki do naszych produkcji filmowych.<\/p>\n<p><!-- \/wp:paragraph --><\/p>\n<p><!-- wp:paragraph {\"fontSize\":\"regular\"} --><\/p>\n<p class=\"has-regular-font-size\"><u><a href=\"https:\/\/awakentheworld.com\/es\/contact\/\">Je\u015bli uwa\u017casz, \u017ce sztuka, kt\u00f3r\u0105 tworzysz, powinna znale\u017a\u0107 si\u0119 w naszych filmach, daj nam zna\u0107.por favor cont\u00e1ctanos.<\/a><\/u><\/p>\n<p><!-- \/wp:paragraph --><\/p>\n<p><!-- wp:buttons --><\/p>\n<div class=\"wp-block-buttons\"><!-- wp:button --><p><\/p>\n<div class=\"wp-block-button\"><a class=\"wp-block-button__link\" href=\"https:\/\/awakentheworld.com\/pl\/kontakt\/\">Kontakt Dla Artyst\u00f3w<\/a><\/div>\n<p><!-- \/wp:button --><\/p>\n<\/div>\n<p><!-- \/wp:buttons --><\/p>\n<\/div>\n<p><!-- \/wp:column --><\/p>\n<\/div>\n<p><!-- \/wp:columns --><\/p>\n<p><!-- wp:columns {\"className\":\"is-style-vertical-center-flip\"} --><\/p>\n<div class=\"wp-block-columns is-style-vertical-center-flip\"><!-- wp:column --><p><\/p>\n<div class=\"wp-block-column\"><!-- wp:heading --><p><\/p>\n<h2>Darowizny finansowe<\/h2>\n<p><!-- \/wp:heading --><\/p>\n<p><!-- wp:paragraph {\"fontSize\":\"large\"} --><\/p>\n<p class=\"has-large-font-size\">Zawsze jeste\u015bmy wdzi\u0119czni za wszelkie dary w postaci wsparcia finansowego naszych projekt\u00f3w. Dotychczas (dane na rok 2020) nasze filmy obejrza\u0142o ponad 25 milion\u00f3w os\u00f3b w 30 j\u0119zykach. Wyobra\u017a sobie, co byliby\u015bmy w stanie zdzia\u0142a\u0107, gdyby ka\u017cdy przekaza\u0142 tylko 1 dolara!<\/p>\n<p><!-- \/wp:paragraph --><\/p>\n<p><!-- wp:paragraph {\"fontSize\":\"regular\"} --><\/p>\n<p class=\"has-regular-font-size\">Mo\u017cesz nas wesprze\u0107 poprzez <a href=\"http:\/\/www.patreon.com\/awakentheworld\">comiesi\u0119czn\u0105 darowizn\u0119 na Patreon<\/a> lub <a href=\"http:\/\/www.paypal.me\/samadhicenter\">dokona\u0107 tutaj jednorazowej wp\u0142aty przez Paypal<\/a>.&nbsp;<\/p>\n<div class=\"wp-block-buttons\">\n<div class=\"wp-block-button\"><a class=\"wp-block-button__link\" href=\"https:\/\/awakentheworld.com\/pl\/wesprzyj-nas\/\">Opcje Przekazania Darowizny<\/a><\/div>\n<p><!-- \/wp:button --><\/p>\n<\/div>\n<p><!-- \/wp:buttons --><\/p>\n<\/div>\n<p><!-- \/wp:column --><\/p>\n<p><!-- wp:column --><\/p>\n<div class=\"wp-block-column\"><!-- wp:image {\"align\":\"center\",\"id\":13516,\"sizeSlug\":\"large\"} --><p><\/p>\n<div class=\"wp-block-image\">\n<figure class=\"aligncenter size-large\"><img loading=\"lazy\" decoding=\"async\" width=\"153\" height=\"139\" class=\"wp-image-13516\" src=\"https:\/\/awakentheworld.com\/wp-content\/uploads\/2020\/06\/heart-in-hands-icon.svg\" alt=\"\"><\/figure>\n<\/div>\n<p><!-- \/wp:image --><\/p>\n<\/div>\n<p><!-- \/wp:column --><\/p>\n<\/div>\n<p><!-- \/wp:columns --><\/p>\n<p><!-- wp:paragraph --><\/p>\n<p><!-- \/wp:paragraph --><\/p>","protected":false},"excerpt":{"rendered":"<p>Medytacja on-line Je\u015bli rozumiesz angielski, zapraszamy do przy\u0142\u0105czenia si\u0119 do naszych bezp\u0142atnych, \u017cywych medytacji ZOOM. Zapraszamy wszystkich do naszej internetowej wsp\u00f3lnoty na godzinn\u0105 medytacj\u0119 wraz z sesj\u0105 pyta\u0144 i odpowiedzi na koniec. (Ser\u00e1s redirigido a informaci\u00f3n y horarios en la versi\u00f3n del sitio en Ingl\u00e9s) Nie dasz rady do\u0142\u0105czy\u0107 do grupy na \u017cywo? Dost\u0119pna jest [&hellip;]<\/p>\n","protected":false},"author":5,"featured_media":0,"parent":0,"menu_order":0,"comment_status":"closed","ping_status":"closed","template":"","meta":{"_acf_changed":false,"_kad_blocks_custom_css":"","_kad_blocks_head_custom_js":"","_kad_blocks_body_custom_js":"","_kad_blocks_footer_custom_js":"","footnotes":""},"class_list":["post-12386","page","type-page","status-publish","hentry"],"acf":[],"taxonomy_info":[],"featured_image_src_large":false,"author_info":{"display_name":"alitardo","author_link":"https:\/\/awakentheworld.com\/pl\/author\/alitardo\/"},"comment_info":0,"jetpack_sharing_enabled":true,"_links":{"self":[{"href":"https:\/\/awakentheworld.com\/pl\/wp-json\/wp\/v2\/pages\/12386","targetHints":{"allow":["GET"]}}],"collection":[{"href":"https:\/\/awakentheworld.com\/pl\/wp-json\/wp\/v2\/pages"}],"about":[{"href":"https:\/\/awakentheworld.com\/pl\/wp-json\/wp\/v2\/types\/page"}],"author":[{"embeddable":true,"href":"https:\/\/awakentheworld.com\/pl\/wp-json\/wp\/v2\/users\/5"}],"replies":[{"embeddable":true,"href":"https:\/\/awakentheworld.com\/pl\/wp-json\/wp\/v2\/comments?post=12386"}],"version-history":[{"count":55,"href":"https:\/\/awakentheworld.com\/pl\/wp-json\/wp\/v2\/pages\/12386\/revisions"}],"predecessor-version":[{"id":15033,"href":"https:\/\/awakentheworld.com\/pl\/wp-json\/wp\/v2\/pages\/12386\/revisions\/15033"}],"wp:attachment":[{"href":"https:\/\/awakentheworld.com\/pl\/wp-json\/wp\/v2\/media?parent=12386"}],"curies":[{"name":"wp","href":"https:\/\/api.w.org\/{rel}","templated":true}]}}