{"id":13495,"date":"2020-06-11T03:04:30","date_gmt":"2020-06-11T03:04:30","guid":{"rendered":"https:\/\/awakentheworld.com\/?page_id=13495"},"modified":"2020-10-17T12:19:54","modified_gmt":"2020-10-17T12:19:54","slug":"films","status":"publish","type":"page","link":"https:\/\/awakentheworld.com\/pl\/films\/","title":{"rendered":"Filmy"},"content":{"rendered":"\n<p>Seria \u015awiaty Wewn\u0119trzne i Zewn\u0119trzne oraz filmy Samadhi s\u0105 dost\u0119pne w 30 wersjach j\u0119zykowych z napisami i w wersjach z lektorem w 7 najpopularniejszych j\u0119zykach \u015bwiata. Niekt\u00f3re filmy mog\u0105 by\u0107 dalej niedost\u0119pne w wybranym j\u0119zyku, ci\u0105gle dodajemy nowe wersje j\u0119zykowe do naszej biblioteki filmowej. Nie byliby\u015bmy w stanie tego osi\u0105gn\u0105c bez pomocy ze strony naszych wsp\u00f3\u0142tw\u00f3rc\u00f3w YouTube, kt\u00f3rzy pomagaj\u0105 nam dodawa\u0107 i redagowa\u0107 napisy by upewni\u0107 si\u0119, \u017ce odwieczne nauki s\u0105 swobodnie dost\u0119pne dla wszystkich.<\/p>\n","protected":false},"excerpt":{"rendered":"<p>Seria \u015awiaty Wewn\u0119trzne i Zewn\u0119trzne oraz filmy Samadhi s\u0105 dost\u0119pne w 30 wersjach j\u0119zykowych z napisami i w wersjach z lektorem w 7 najpopularniejszych j\u0119zykach \u015bwiata. Niekt\u00f3re filmy mog\u0105 by\u0107 dalej niedost\u0119pne w wybranym j\u0119zyku, ci\u0105gle dodajemy nowe wersje j\u0119zykowe do naszej biblioteki filmowej. Nie byliby\u015bmy w stanie tego osi\u0105gn\u0105c bez pomocy ze strony naszych [&hellip;]<\/p>\n","protected":false},"author":3,"featured_media":0,"parent":0,"menu_order":0,"comment_status":"closed","ping_status":"closed","template":"template-films.php","meta":{"_acf_changed":false,"_kad_blocks_custom_css":"","_kad_blocks_head_custom_js":"","_kad_blocks_body_custom_js":"","_kad_blocks_footer_custom_js":"","footnotes":""},"class_list":["post-13495","page","type-page","status-publish","hentry"],"acf":[],"taxonomy_info":[],"featured_image_src_large":false,"author_info":{"display_name":"","author_link":"https:\/\/awakentheworld.com\/pl\/author\/"},"comment_info":0,"jetpack_sharing_enabled":true,"_links":{"self":[{"href":"https:\/\/awakentheworld.com\/pl\/wp-json\/wp\/v2\/pages\/13495","targetHints":{"allow":["GET"]}}],"collection":[{"href":"https:\/\/awakentheworld.com\/pl\/wp-json\/wp\/v2\/pages"}],"about":[{"href":"https:\/\/awakentheworld.com\/pl\/wp-json\/wp\/v2\/types\/page"}],"author":[{"embeddable":true,"href":"https:\/\/awakentheworld.com\/pl\/wp-json\/wp\/v2\/users\/3"}],"replies":[{"embeddable":true,"href":"https:\/\/awakentheworld.com\/pl\/wp-json\/wp\/v2\/comments?post=13495"}],"version-history":[{"count":9,"href":"https:\/\/awakentheworld.com\/pl\/wp-json\/wp\/v2\/pages\/13495\/revisions"}],"predecessor-version":[{"id":14959,"href":"https:\/\/awakentheworld.com\/pl\/wp-json\/wp\/v2\/pages\/13495\/revisions\/14959"}],"wp:attachment":[{"href":"https:\/\/awakentheworld.com\/pl\/wp-json\/wp\/v2\/media?parent=13495"}],"curies":[{"name":"wp","href":"https:\/\/api.w.org\/{rel}","templated":true}]}}