{"id":14809,"date":"2020-09-28T21:14:47","date_gmt":"2020-09-28T21:14:47","guid":{"rendered":"https:\/\/awakentheworld.com\/es\/?page_id=14809"},"modified":"2022-02-03T20:58:23","modified_gmt":"2022-02-03T20:58:23","slug":"medytacje-bez-zapisu","status":"publish","type":"page","link":"https:\/\/awakentheworld.com\/pl\/medytacje-bez-zapisu\/","title":{"rendered":"Medytacje bez zapisu"},"content":{"rendered":"\n<div class=\"wp-block-group alignfull has-dark-background-color has-background\"><div class=\"wp-block-group__inner-container is-layout-flow wp-block-group-is-layout-flow\">\n<div class=\"wp-block-columns is-layout-flex wp-container-core-columns-is-layout-9d6595d7 wp-block-columns-is-layout-flex\">\n<div class=\"wp-block-column is-layout-flow wp-block-column-is-layout-flow\">\n<figure class=\"wp-block-image size-large\"><img loading=\"lazy\" decoding=\"async\" width=\"1000\" height=\"562\" src=\"https:\/\/awakentheworld.com\/es\/wp-content\/uploads\/sites\/7\/2020\/06\/zoom-guided-meditations.jpg\" alt=\"meditations on zoom\" class=\"wp-image-13545\" \/><\/figure>\n\n\n\n<p class=\"has-dark-gold-color has-text-color\">Dwie ciche medytacje ka\u017cdego dnia, z wyj\u0105tkiem dni, w kt\u00f3rych oferujemy sesj\u0119 z przewodnikiem.<\/p>\n\n\n\n<p class=\"has-dark-gold-color has-text-color\">Godzinne medytacje z przewodnikiem<br>Praktyka niedualna, po kt\u00f3rej nast\u0119puje okres \u0142\u0105czenia (prowadzony przez Dana lub Tani\u0119)<\/p>\n\n\n\n<p class=\"has-dark-gold-color has-text-color\">30-minutowe medytacje bezpo\u015brednie:<br>Techniki Mindfulness, kt\u00f3re koncentruj\u0105 si\u0119 na rozwijaniu koncentracji, spokoju i pogody ducha, po kt\u00f3rych nast\u0119puje okres komunikacji. (prowadzony przez Tany\u0119)<\/p>\n\n\n\n<p class=\"has-dark-gold-color has-text-color\">Rozk\u0142ad jazdy i wi\u0119cej informacji na naszej stronie internetowej w j\u0119zyku angielskim.<\/p>\n\n\n\n<p class=\"has-light-light-gold-color has-text-color\">U\u017cywamy zwyk\u0142ego identyfikatora grupy lupy: 613111 7777<\/p>\n\n\n\n<p class=\"has-text-align-right has-light-light-gold-color has-text-color has-large-font-size\"><a href=\"https:\/\/zoom.us\/j\/6131117777\" target=\"_blank\" rel=\"noreferrer noopener\">Dost\u0119p do pokoju medytacyjnego &gt;&gt;<\/a><\/p>\n<\/div>\n\n\n\n<div class=\"wp-block-column is-layout-flow wp-block-column-is-layout-flow\">\n<p class=\"has-light-light-gold-color has-text-color\">Zapraszamy wszystkich do przy\u0142\u0105czenia si\u0119 do naszej internetowej spo\u0142eczno\u015bci. Opr\u00f3cz medytacji z przewodnikiem, oferujemy codzienne ciche medytacje dla pocz\u0105tkuj\u0105cych (bez przewodnika). Poniewa\u017c \u0107wiczymy w ciszy, ka\u017cdy mo\u017ce w tym uczestniczy\u0107: j\u0119zyk nie jest ju\u017c barier\u0105.<\/p>\n\n\n\n<p class=\"has-light-light-gold-color has-text-color\">Podczas naszych godzinnych codziennych medytacji w ciszy nie ma \u017cadnych wskaz\u00f3wek, jest tylko dzwonek na pocz\u0105tku i na ko\u0144cu. Spotkania oferuj\u0105 przestrze\u0144 do siedzenia w ciszy, s\u0142uchania medytacji nagranej przez Awaken the World, lub jakiegokolwiek nagrania najlepiej pasuj\u0105cego do Twojej praktyki.<\/p>\n\n\n\n<p class=\"has-light-light-gold-color has-text-color\">Prosimy o zachowanie maksymalnego spokoju i wyciszenie d\u017awi\u0119ku. Spotykamy si\u0119 prawie codziennie na dw\u00f3ch cichych sesjach, z wyj\u0105tkiem dni, kiedy oferujemy nasze cotygodniowe medytacje z przewodnikiem dla naszych przyjaci\u00f3\u0142, kt\u00f3re obejmuj\u0105 prowadzenie ich w j\u0119zyku angielskim.<\/p>\n\n\n\n<p class=\"has-light-gold-color has-text-color\">Nie ma potrzeby RSVP, po prostu przy\u0142\u0105cz si\u0119!<\/p>\n\n\n\n<div class=\"eb-countdown-wrapper\" style=\"margin-top:0px;margin-right:0px;margin-bottom:0px;margin-left:0px;padding-top:0px;padding-right:0px;padding-bottom:0px;padding-left:0px\"><div class=\"eb-countdown-container\"><ul class=\"eb-countdown-items\" style=\"justify-content:center\"><div class=\"eb-countdown-get-date\" data-date=\"\" data-nextevent=\"true\"><\/div><li class=\"eb-countdown-item\" style=\"height:120px;width:120px;margin:0px 10px;padding:0px 0px 0px 0px;border:0px solid #000000;border-radius:5% 5% 5% 5%;background-color:#7967ff\"><div class=\"eb-countdown-days\" style=\"margin-top:0px;margin-right:0px;margin-bottom:0px;margin-left:0px;text-align:center\"><span class=\"eb-countdown-digits eb-countdown-digits-days\" style=\"font-size:48px;font-weight:400;color:#ffffff\">0<\/span><span class=\"eb-countdown-label\" style=\"font-size:14px;text-transform:none;font-style:normal;text-decoration:initial;line-height:100%;padding-left:0px;color:#ffffff\">Days<\/span><\/div><\/li><li class=\"eb-countdown-item\" style=\"height:120px;width:120px;margin:0px 10px;padding:0px 0px 0px 0px;border:0px solid #000000;border-radius:5% 5% 5% 5%;background-color:#7967ff\"><div class=\"eb-countdown-hours\" style=\"margin-top:0px;margin-right:0px;margin-bottom:0px;margin-left:0px;text-align:center\"><span class=\"eb-countdown-digits eb-countdown-digits-hours\" style=\"font-size:48px;font-weight:400;color:#ffffff\">0<\/span><span class=\"eb-countdown-label\" style=\"font-size:14px;text-transform:none;font-style:normal;text-decoration:initial;line-height:100%;padding-left:0px;color:#ffffff\">Godziny<\/span><\/div><\/li><li class=\"eb-countdown-item\" style=\"height:120px;width:120px;margin:0px 10px;padding:0px 0px 0px 0px;border:0px solid #000000;border-radius:5% 5% 5% 5%;background-color:#7967ff\"><div class=\"eb-countdown-minutes\" style=\"margin-top:0px;margin-right:0px;margin-bottom:0px;margin-left:0px;text-align:center\"><span class=\"eb-countdown-digits eb-countdown-digits-minutes\" style=\"font-size:48px;font-weight:400;color:#ffffff\">0<\/span><span class=\"eb-countdown-label\" style=\"font-size:14px;text-transform:none;font-style:normal;text-decoration:initial;line-height:100%;padding-left:0px;color:#ffffff\">Protok\u00f3\u0142<\/span><\/div><\/li><li class=\"eb-countdown-item\" style=\"height:120px;width:120px;margin:0px 10px;padding:0px 0px 0px 0px;border:0px solid #000000;border-radius:5% 5% 5% 5%;background-color:#7967ff\"><div class=\"eb-countdown-seconds\" style=\"margin-top:0px;margin-right:0px;margin-bottom:0px;margin-left:0px;text-align:center\"><span class=\"eb-countdown-digits eb-countdown-digits-seconds\" style=\"font-size:48px;font-weight:400;color:#ffffff\">0<\/span><span class=\"eb-countdown-label\" style=\"font-size:14px;text-transform:none;font-style:normal;text-decoration:initial;line-height:100%;padding-left:0px;color:#ffffff\">Sekundy<\/span><\/div><\/li><\/ul><\/div><\/div>\n<\/div>\n<\/div>\n\n\n\n<div class=\"wp-block-buttons is-horizontal is-content-justification-center is-layout-flex wp-container-core-buttons-is-layout-499968f5 wp-block-buttons-is-layout-flex\">\n<div class=\"wp-block-button is-style-button-blue\"><a class=\"wp-block-button__link\" href=\"https:\/\/awakentheworld.com\/atw-drop-in-meditations\/\">HARMONOGRAMY I WI\u0118CEJ INFORMACJI<\/a><\/div>\n\n\n\n<p class=\"has-text-align-center has-light-gold-color has-text-color\" style=\"font-size:12px\">(Nast\u0105pi przekierowanie do angielskiej wersji strony internetowej).<\/p>\n<\/div>\n\n\n\n<div class=\"wp-block-group drop-in-reminders\"><div class=\"wp-block-group__inner-container is-layout-flow wp-block-group-is-layout-flow\">\n<h3 class=\"has-text-align-center has-beige-color has-text-color wp-block-heading\" id=\"h-zapisz-si-aby-otrzymywa-przypomnienia-e-mailem\"><strong>Zapisz si\u0119, aby otrzymywa\u0107 przypomnienia e-mailem<\/strong><\/h3>\n\n\n<p>[mc4wp_form id=&#8221;13987&#8243;]<\/p>\n<\/div><\/div>\n<\/div><\/div>\n\n\n\n<div class=\"wp-block-columns is-layout-flex wp-container-core-columns-is-layout-9d6595d7 wp-block-columns-is-layout-flex\">\n<div class=\"wp-block-column is-layout-flow wp-block-column-is-layout-flow\">\n<h3 class=\"wp-block-heading\" id=\"h-nie-mo-esz-uczestniczy-w-sesjach-na-ywo\">Nie mo\u017cesz uczestniczy\u0107 w sesjach na \u017cywo? <\/h3>\n\n\n\n<p>Dost\u0119p do obszernej listy nagra\u0144 z naszych cotygodniowych sesji w Zoomie, w tym<br>wyb\u00f3r medytacji z przewodnikiem dla naszych sponsor\u00f3w w Patreonie.<\/p>\n\n\n\n<div class=\"wp-block-buttons is-layout-flex wp-block-buttons-is-layout-flex\">\n<div class=\"wp-block-button is-style-button-blue\"><a class=\"wp-block-button__link\" href=\"https:\/\/awakentheworld.com\/meditation-series\/zoom-meditations\/\">Medytacje tygodniowe Archiwum<\/a><\/div>\n<\/div>\n\n\n\n<p class=\"has-text-align-left\" style=\"font-size:12px\">(Nast\u0105pi przekierowanie do angielskiej wersji strony internetowej).<\/p>\n<\/div>\n\n\n\n<div class=\"wp-block-column is-layout-flow wp-block-column-is-layout-flow\">\n<figure class=\"wp-block-image size-large\"><img loading=\"lazy\" decoding=\"async\" width=\"1000\" height=\"562\" src=\"https:\/\/awakentheworld.com\/es\/wp-content\/uploads\/sites\/7\/2020\/06\/weekly-zoom-drop-in-meditations.jpg\" alt=\"running zoom meditations\" class=\"wp-image-13544\" \/><\/figure>\n\n\n\n<p><\/p>\n<\/div>\n<\/div>\n","protected":false},"excerpt":{"rendered":"<p>Dwie ciche medytacje ka\u017cdego dnia, z wyj\u0105tkiem dni, w kt\u00f3rych oferujemy sesj\u0119 z przewodnikiem. Godzinne medytacje z przewodnikiemPraktyka niedualna, po kt\u00f3rej nast\u0119puje okres \u0142\u0105czenia (prowadzony przez Dana lub Tani\u0119) 30-minutowe medytacje bezpo\u015brednie:Techniki Mindfulness, kt\u00f3re koncentruj\u0105 si\u0119 na rozwijaniu koncentracji, spokoju i pogody ducha, po kt\u00f3rych nast\u0119puje okres komunikacji. (prowadzony przez Tany\u0119) Rozk\u0142ad jazdy i wi\u0119cej [&hellip;]<\/p>\n","protected":false},"author":5,"featured_media":13543,"parent":0,"menu_order":0,"comment_status":"closed","ping_status":"closed","template":"template-dropin.php","meta":{"_acf_changed":false,"_kad_blocks_custom_css":"","_kad_blocks_head_custom_js":"","_kad_blocks_body_custom_js":"","_kad_blocks_footer_custom_js":"","footnotes":""},"class_list":["post-14809","page","type-page","status-publish","has-post-thumbnail","hentry"],"acf":[],"taxonomy_info":[],"featured_image_src_large":["https:\/\/awakentheworld.com\/pl\/wp-content\/uploads\/sites\/12\/2020\/06\/meditation-sitting-pose.png",640,168,false],"author_info":{"display_name":"alitardo","author_link":"https:\/\/awakentheworld.com\/pl\/author\/alitardo\/"},"comment_info":0,"jetpack_sharing_enabled":true,"_links":{"self":[{"href":"https:\/\/awakentheworld.com\/pl\/wp-json\/wp\/v2\/pages\/14809","targetHints":{"allow":["GET"]}}],"collection":[{"href":"https:\/\/awakentheworld.com\/pl\/wp-json\/wp\/v2\/pages"}],"about":[{"href":"https:\/\/awakentheworld.com\/pl\/wp-json\/wp\/v2\/types\/page"}],"author":[{"embeddable":true,"href":"https:\/\/awakentheworld.com\/pl\/wp-json\/wp\/v2\/users\/5"}],"replies":[{"embeddable":true,"href":"https:\/\/awakentheworld.com\/pl\/wp-json\/wp\/v2\/comments?post=14809"}],"version-history":[{"count":48,"href":"https:\/\/awakentheworld.com\/pl\/wp-json\/wp\/v2\/pages\/14809\/revisions"}],"predecessor-version":[{"id":15131,"href":"https:\/\/awakentheworld.com\/pl\/wp-json\/wp\/v2\/pages\/14809\/revisions\/15131"}],"wp:featuredmedia":[{"embeddable":true,"href":"https:\/\/awakentheworld.com\/pl\/wp-json\/wp\/v2\/media\/13543"}],"wp:attachment":[{"href":"https:\/\/awakentheworld.com\/pl\/wp-json\/wp\/v2\/media?parent=14809"}],"curies":[{"name":"wp","href":"https:\/\/api.w.org\/{rel}","templated":true}]}}