{"id":2563,"date":"2019-01-02T14:11:11","date_gmt":"2019-01-02T14:11:11","guid":{"rendered":"https:\/\/awakentheworld-reference.mystagingwebsite.com\/?page_id=2563"},"modified":"2021-10-01T13:05:55","modified_gmt":"2021-10-01T13:05:55","slug":"programy-i-warsztaty","status":"publish","type":"page","link":"https:\/\/awakentheworld.com\/pl\/programy-i-warsztaty\/","title":{"rendered":"Programy i warsztaty"},"content":{"rendered":"\n<div style=\"height:19px\" aria-hidden=\"true\" class=\"wp-block-spacer mb-0 mt-0\"><\/div>\n\n\n\n<div class=\"wp-block-group is-style-blue-border\"><div class=\"wp-block-group__inner-container is-layout-flow wp-block-group-is-layout-flow\">\n<div class=\"wp-block-columns is-layout-flex wp-container-core-columns-is-layout-9d6595d7 wp-block-columns-is-layout-flex\">\n<div class=\"wp-block-column is-layout-flow wp-block-column-is-layout-flow\">\n<p class=\"has-text-align-center has-large-font-size\">Wszystkie odosobnienia w Centrum Samadhi odbywaj\u0105 si\u0119 tylko w j\u0119zyku angielskim.<br><a href=\"https:\/\/awakentheworld.com\/news-programs-and-retreats\/\">Szczeg\u00f3\u0142y znajdziesz na angielskiej stronie.<\/a><\/p>\n\n\n\n<div class=\"wp-block-buttons is-content-justification-center is-layout-flex wp-block-buttons-is-layout-flex\">\n<div class=\"wp-block-button is-style-button-blue\"><a class=\"wp-block-button__link\" href=\"https:\/\/awakentheworld.com\/news-programs-and-retreats\/\" target=\"_blank\" rel=\"noreferrer noopener\"> Centrum Samadhi <\/a><\/div>\n<\/div>\n<\/div>\n<\/div>\n<\/div><\/div>\n\n\n\n<div style=\"height:19px\" aria-hidden=\"true\" class=\"wp-block-spacer\"><\/div>\n","protected":false},"excerpt":{"rendered":"<p>Wszystkie odosobnienia w Centrum Samadhi odbywaj\u0105 si\u0119 tylko w j\u0119zyku angielskim.Szczeg\u00f3\u0142y znajdziesz na angielskiej stronie.<\/p>\n","protected":false},"author":5,"featured_media":13524,"parent":0,"menu_order":0,"comment_status":"closed","ping_status":"closed","template":"template-programs.php","meta":{"_acf_changed":false,"_kad_blocks_custom_css":"","_kad_blocks_head_custom_js":"","_kad_blocks_body_custom_js":"","_kad_blocks_footer_custom_js":"","footnotes":""},"class_list":["post-2563","page","type-page","status-publish","has-post-thumbnail","hentry"],"acf":[],"taxonomy_info":[],"featured_image_src_large":["https:\/\/awakentheworld.com\/pl\/wp-content\/uploads\/sites\/12\/2020\/06\/house-hero.png",640,168,false],"author_info":{"display_name":"alitardo","author_link":"https:\/\/awakentheworld.com\/pl\/author\/alitardo\/"},"comment_info":0,"jetpack_sharing_enabled":true,"_links":{"self":[{"href":"https:\/\/awakentheworld.com\/pl\/wp-json\/wp\/v2\/pages\/2563","targetHints":{"allow":["GET"]}}],"collection":[{"href":"https:\/\/awakentheworld.com\/pl\/wp-json\/wp\/v2\/pages"}],"about":[{"href":"https:\/\/awakentheworld.com\/pl\/wp-json\/wp\/v2\/types\/page"}],"author":[{"embeddable":true,"href":"https:\/\/awakentheworld.com\/pl\/wp-json\/wp\/v2\/users\/5"}],"replies":[{"embeddable":true,"href":"https:\/\/awakentheworld.com\/pl\/wp-json\/wp\/v2\/comments?post=2563"}],"version-history":[{"count":25,"href":"https:\/\/awakentheworld.com\/pl\/wp-json\/wp\/v2\/pages\/2563\/revisions"}],"predecessor-version":[{"id":15099,"href":"https:\/\/awakentheworld.com\/pl\/wp-json\/wp\/v2\/pages\/2563\/revisions\/15099"}],"wp:featuredmedia":[{"embeddable":true,"href":"https:\/\/awakentheworld.com\/pl\/wp-json\/wp\/v2\/media\/13524"}],"wp:attachment":[{"href":"https:\/\/awakentheworld.com\/pl\/wp-json\/wp\/v2\/media?parent=2563"}],"curies":[{"name":"wp","href":"https:\/\/api.w.org\/{rel}","templated":true}]}}