{"id":15153,"date":"2022-05-13T20:01:07","date_gmt":"2022-05-13T20:01:07","guid":{"rendered":"https:\/\/awakentheworld.com\/pl\/?post_type=product&#038;p=15153"},"modified":"2022-05-13T20:01:07","modified_gmt":"2022-05-13T20:01:07","slug":"medytacje-prowadzace-bez-sciezki-darmowe-sciagniecie-dzwieku","status":"publish","type":"product","link":"https:\/\/awakentheworld.com\/pl\/product\/medytacje-prowadzace-bez-sciezki-darmowe-sciagniecie-dzwieku\/","title":{"rendered":"Medytacje Prowadz\u0105ce Bez \u015acie\u017cki &#8211; DARMOWE \u015aCI\u0104GNI\u0118CIE D\u0179WI\u0118KU"},"content":{"rendered":"","protected":false},"excerpt":{"rendered":"<p>Darmowe pliki audio MP3 z medytacjami dla pocz\u0105tkuj\u0105cych &#8220;Bezdro\u017ca&#8221;.<\/p>\n<p>**** <strong>Uwaga:<\/strong> <a href=\"https:\/\/dl.dropbox.com\/s\/ehjj2ghv0tsvoi8\/Samadhi%20Core%20Guided%20Meditation%20MP3s.zip?dl=1\">Pobieraj pliki st\u0105d.<\/a> Nie musisz przechodzi\u0107 przez proces zakupu.<\/p>\n<p>Pliki zaczn\u0105 si\u0119 pobiera\u0107 natychmiast, sprawd\u017a sw\u00f3j folder z plikami do pobrania.<\/p>\n","protected":false},"featured_media":15137,"template":"","meta":{"_acf_changed":false,"_kad_blocks_custom_css":"","_kad_blocks_head_custom_js":"","_kad_blocks_body_custom_js":"","_kad_blocks_footer_custom_js":""},"product_brand":[],"product_cat":[84],"product_tag":[],"class_list":{"0":"post-15153","1":"product","2":"type-product","3":"status-publish","4":"has-post-thumbnail","6":"product_cat-medytacje-z-przewodnikiem","8":"first","9":"instock","10":"downloadable","11":"virtual","12":"purchasable","13":"product-type-simple"},"acf":[],"taxonomy_info":{"product_cat":[{"value":84,"label":"Medytacje z przewodnikiem"}]},"featured_image_src_large":["https:\/\/awakentheworld.com\/pl\/wp-content\/uploads\/sites\/12\/2022\/05\/EN-ATW-Audio-Downloads-The-Pathless-Path-Meditations.jpg",640,640,false],"author_info":[],"comment_info":"","jetpack_sharing_enabled":true,"_links":{"self":[{"href":"https:\/\/awakentheworld.com\/pl\/wp-json\/wp\/v2\/product\/15153","targetHints":{"allow":["GET"]}}],"collection":[{"href":"https:\/\/awakentheworld.com\/pl\/wp-json\/wp\/v2\/product"}],"about":[{"href":"https:\/\/awakentheworld.com\/pl\/wp-json\/wp\/v2\/types\/product"}],"wp:featuredmedia":[{"embeddable":true,"href":"https:\/\/awakentheworld.com\/pl\/wp-json\/wp\/v2\/media\/15137"}],"wp:attachment":[{"href":"https:\/\/awakentheworld.com\/pl\/wp-json\/wp\/v2\/media?parent=15153"}],"wp:term":[{"taxonomy":"product_brand","embeddable":true,"href":"https:\/\/awakentheworld.com\/pl\/wp-json\/wp\/v2\/product_brand?post=15153"},{"taxonomy":"product_cat","embeddable":true,"href":"https:\/\/awakentheworld.com\/pl\/wp-json\/wp\/v2\/product_cat?post=15153"},{"taxonomy":"product_tag","embeddable":true,"href":"https:\/\/awakentheworld.com\/pl\/wp-json\/wp\/v2\/product_tag?post=15153"}],"curies":[{"name":"wp","href":"https:\/\/api.w.org\/{rel}","templated":true}]}}