{"id":2994,"date":"2019-01-12T23:17:39","date_gmt":"2019-01-12T23:17:39","guid":{"rendered":"https:\/\/awakentheworld-reference.mystagingwebsite.com\/?post_type=product&#038;p=2994"},"modified":"2025-12-22T15:50:35","modified_gmt":"2025-12-22T15:50:35","slug":"samadhi-czesc-1-maja-iluzja-jazni","status":"publish","type":"product","link":"https:\/\/awakentheworld.com\/pl\/product\/samadhi-czesc-1-maja-iluzja-jazni\/","title":{"rendered":"Samadhi Cz\u0119\u015b\u0107 1 &#8211; \u201cMaja, Iluzja Ja\u017ani\u201d"},"content":{"rendered":"&nbsp;\r\n\r\n\r\n<h4>Samadhi Cz\u0119\u015b\u0107 1 &#8211; \u201cMaja, Iluzja Ja\u017ani\u201d<\/h4>\r\nSamadhi to staro\u017cytne sanskryckie s\u0142owo dla kt\u00f3rego nie ma wsp\u00f3\u0142czesnego odpowiednika. Stworzenie filmu o Samadhi stanowi istotne wyzwanie. Samadhi odnosi si\u0119 do czego\u015b czego nie mo\u017cna opisa\u0107 na poziomie umys\u0142u.<!-- \/wp:post-content -->","protected":false},"excerpt":{"rendered":"<p>Ca\u0142y film w formacie MP4 h.264<br \/>\n<u><a href=\"https:\/\/www.dropbox.com\/s\/p7jowqz27v2xq54\/Samadhi-Part1-Maya-ClosedCaptionSRTs.zip?dl=0\" target=\"_blank\" rel=\"noopener noreferrer\">Pobierz napisy w formacie .zip w 23 j\u0119zykach<\/a><\/u>.<\/p>\n","protected":false},"featured_media":15020,"template":"","meta":{"_acf_changed":false,"_kad_blocks_custom_css":"","_kad_blocks_head_custom_js":"","_kad_blocks_body_custom_js":"","_kad_blocks_footer_custom_js":""},"product_brand":[],"product_cat":[36],"product_tag":[],"class_list":{"0":"post-2994","1":"product","2":"type-product","3":"status-publish","4":"has-post-thumbnail","6":"product_cat-awaken-the-world-pobieranie-filmow","8":"first","9":"instock","10":"featured","11":"downloadable","12":"virtual","13":"purchasable","14":"product-type-simple"},"acf":[],"taxonomy_info":{"product_cat":[{"value":36,"label":"Filmy"}]},"featured_image_src_large":["https:\/\/awakentheworld.com\/pl\/wp-content\/uploads\/sites\/12\/2019\/01\/PL__H264-Maja-Iluzja-Jazni.jpg",640,640,false],"author_info":[],"comment_info":"","jetpack_sharing_enabled":true,"_links":{"self":[{"href":"https:\/\/awakentheworld.com\/pl\/wp-json\/wp\/v2\/product\/2994","targetHints":{"allow":["GET"]}}],"collection":[{"href":"https:\/\/awakentheworld.com\/pl\/wp-json\/wp\/v2\/product"}],"about":[{"href":"https:\/\/awakentheworld.com\/pl\/wp-json\/wp\/v2\/types\/product"}],"wp:featuredmedia":[{"embeddable":true,"href":"https:\/\/awakentheworld.com\/pl\/wp-json\/wp\/v2\/media\/15020"}],"wp:attachment":[{"href":"https:\/\/awakentheworld.com\/pl\/wp-json\/wp\/v2\/media?parent=2994"}],"wp:term":[{"taxonomy":"product_brand","embeddable":true,"href":"https:\/\/awakentheworld.com\/pl\/wp-json\/wp\/v2\/product_brand?post=2994"},{"taxonomy":"product_cat","embeddable":true,"href":"https:\/\/awakentheworld.com\/pl\/wp-json\/wp\/v2\/product_cat?post=2994"},{"taxonomy":"product_tag","embeddable":true,"href":"https:\/\/awakentheworld.com\/pl\/wp-json\/wp\/v2\/product_tag?post=2994"}],"curies":[{"name":"wp","href":"https:\/\/api.w.org\/{rel}","templated":true}]}}