{"id":2995,"date":"2019-01-12T23:53:18","date_gmt":"2019-01-12T23:53:18","guid":{"rendered":"https:\/\/awakentheworld-reference.mystagingwebsite.com\/?post_type=product&#038;p=2995"},"modified":"2025-12-22T15:54:33","modified_gmt":"2025-12-22T15:54:33","slug":"samadhi-parte-2-no-es-lo-que-piensas","status":"publish","type":"product","link":"https:\/\/awakentheworld.com\/pl\/product\/samadhi-parte-2-no-es-lo-que-piensas\/","title":{"rendered":"Samadhi Cze\u015b\u0107 2 (To nie jest tak jak my\u015blisz)"},"content":{"rendered":"<div class=\"wp-block-image\">\r\n<figure class=\"alignleft size-medium\"><img loading=\"lazy\" decoding=\"async\" width=\"600\" height=\"336\" class=\"wp-image-3183\" src=\"https:\/\/awakentheworld.com\/wp-content\/uploads\/sites\/12\/2019\/01\/Samadhi-2-download.jpg\" alt=\"\" \/><\/figure>\r\n<\/div>\r\n<h4>Samadhi Cze\u015b\u0107 2 (To nie jest tak jak my\u015blisz)<\/h4>\r\n<p>Najwi\u0119ksi nauczyciele duchowi od staro\u017cytno\u015bci po czasy wsp\u00f3\u0142czesne wsp\u00f3\u0142dziel\u0105 punkt widzenia, \u017ce najg\u0142\u0119bsza prawda naszego istnienia nie jest w\u0142asno\u015bci\u0105 jednej, konkretnej religii lub tradycji duchowej, lecz \u017ce mo\u017ce by\u0107 odnaleziona w sercu ka\u017cdego cz\u0142owieka.<\/p>","protected":false},"excerpt":{"rendered":"<p>Ca\u0142y film w formacie MP4 h.264<\/p>\n<p>Napisy dost\u0119pne wkr\u00f3tce&#8230;<\/p>\n","protected":false},"featured_media":15022,"template":"","meta":{"_acf_changed":false,"_kad_blocks_custom_css":"","_kad_blocks_head_custom_js":"","_kad_blocks_body_custom_js":"","_kad_blocks_footer_custom_js":""},"product_brand":[],"product_cat":[36],"product_tag":[],"class_list":{"0":"post-2995","1":"product","2":"type-product","3":"status-publish","4":"has-post-thumbnail","6":"product_cat-awaken-the-world-pobieranie-filmow","8":"first","9":"instock","10":"featured","11":"downloadable","12":"virtual","13":"purchasable","14":"product-type-simple"},"acf":[],"taxonomy_info":{"product_cat":[{"value":36,"label":"Filmy"}]},"featured_image_src_large":["https:\/\/awakentheworld.com\/pl\/wp-content\/uploads\/sites\/12\/2019\/01\/PL__H264-To-nie-jest-tak-jak-myslisz.jpg",640,640,false],"author_info":[],"comment_info":"","jetpack_sharing_enabled":true,"_links":{"self":[{"href":"https:\/\/awakentheworld.com\/pl\/wp-json\/wp\/v2\/product\/2995","targetHints":{"allow":["GET"]}}],"collection":[{"href":"https:\/\/awakentheworld.com\/pl\/wp-json\/wp\/v2\/product"}],"about":[{"href":"https:\/\/awakentheworld.com\/pl\/wp-json\/wp\/v2\/types\/product"}],"wp:featuredmedia":[{"embeddable":true,"href":"https:\/\/awakentheworld.com\/pl\/wp-json\/wp\/v2\/media\/15022"}],"wp:attachment":[{"href":"https:\/\/awakentheworld.com\/pl\/wp-json\/wp\/v2\/media?parent=2995"}],"wp:term":[{"taxonomy":"product_brand","embeddable":true,"href":"https:\/\/awakentheworld.com\/pl\/wp-json\/wp\/v2\/product_brand?post=2995"},{"taxonomy":"product_cat","embeddable":true,"href":"https:\/\/awakentheworld.com\/pl\/wp-json\/wp\/v2\/product_cat?post=2995"},{"taxonomy":"product_tag","embeddable":true,"href":"https:\/\/awakentheworld.com\/pl\/wp-json\/wp\/v2\/product_tag?post=2995"}],"curies":[{"name":"wp","href":"https:\/\/api.w.org\/{rel}","templated":true}]}}