{"id":12386,"date":"2020-01-27T23:29:47","date_gmt":"2020-01-27T23:29:47","guid":{"rendered":"https:\/\/awakentheworld-reference.mystagingwebsite.com\/?page_id=12386"},"modified":"2021-05-25T21:59:02","modified_gmt":"2021-05-25T21:59:02","slug":"participe","status":"publish","type":"page","link":"https:\/\/awakentheworld.com\/pt\/participe\/","title":{"rendered":"Participe"},"content":{"rendered":"\n<div class=\"wp-block-columns is-style-vertical-center is-layout-flex wp-container-core-columns-is-layout-9d6595d7 wp-block-columns-is-layout-flex\">\n<div class=\"wp-block-column is-layout-flow wp-block-column-is-layout-flow\">\n<div class=\"wp-block-image\"><figure class=\"aligncenter size-large is-resized\"><img loading=\"lazy\" decoding=\"async\" src=\"https:\/\/awakentheworld.com\/wp-content\/uploads\/2020\/06\/online-meditation-icon.svg\" alt=\"\" class=\"wp-image-13513\" width=\"170\" height=\"109\"\/><\/figure><\/div>\n<\/div>\n\n\n\n<div class=\"wp-block-column is-layout-flow wp-block-column-is-layout-flow\">\n<h2 class=\"wp-block-heading\"><strong>Medita\u00e7\u00e3o Online<\/strong><\/h2>\n\n\n\n<p class=\"has-regular-font-size\"><strong>Se voc\u00ea entende ingl\u00eas, <\/strong>n\u00f3s o convidamos a participar de nossas medita\u00e7\u00f5es ZOOM ao vivo e gratuitas. Todos s\u00e3o bem-vindos a esta comunidade online de apoio para as nossas medita\u00e7\u00f5es guiadas de uma hora, seguidas de um per\u00edodo de Perguntas e Respostas.<\/p>\n\n\n\n<div class=\"wp-block-buttons is-layout-flex wp-block-buttons-is-layout-flex\">\n<div class=\"wp-block-button\"><a class=\"wp-block-button__link\" href=\"https:\/\/awakentheworld.com\/atw-drop-in-meditations\/\">Ver o calend\u00e1rio<\/a><\/div>\n<\/div>\n\n\n\n<p class=\"has-text-align-left\" style=\"font-size:12px\">(Ser\u00e1s redirigido a informaci\u00f3n y horarios en la versi\u00f3n del sitio en Ingl\u00e9s) <\/p>\n\n\n\n<p class=\"has-regular-font-size\"><br>N\u00e3o pode participar dos encontros ao vivo? A nossa s\u00e9rie gratuita de medita\u00e7\u00f5es em 4 partes est\u00e1 sempre dispon\u00edvel para ajudar a mant\u00ea-lo no bom caminho com a sua pr\u00e1tica. <a href=\"https:\/\/awakentheworld.com\/meditation-series\/zoom-meditations\/\">Grava\u00e7\u00f5es de medita\u00e7\u00f5es guiadas<\/a><br> <span class=\"has-text-align-left\" style=\"font-size:12px\">(Redirecionamento para a \u00e1rea de medita\u00e7\u00f5es guiadas em ingl\u00eas.) <\/span><\/p>\n<\/div>\n<\/div>\n\n\n<p><!-- \/wp:post-content --><\/p>\n<p><!-- wp:columns {\"className\":\"is-style-vertical-center-flip\"} --><\/p>\n<div class=\"wp-block-columns is-style-vertical-center-flip\"><!-- wp:column --><p><\/p>\n<div class=\"wp-block-column\"><!-- wp:heading --><p><\/p>\n<h2><strong>Ajude-nos a traduzir.<\/strong><\/h2>\n<p><!-- \/wp:heading --><\/p>\n<p><!-- wp:paragraph {\"fontSize\":\"regular\"} --><\/p>\n<p class=\"has-large-font-size\">\u00c9 nossa inten\u00e7\u00e3o tornar os filmes, website e outros projetos dispon\u00edveis no maior n\u00famero de idiomas poss\u00edvel. Se tiver capacidades de tradu\u00e7\u00e3o e uma profunda compreens\u00e3o do conte\u00fado, ficar\u00edamos gratos pela sua ajuda!<\/p>\n<p><!-- \/wp:paragraph --><\/p>\n<p><!-- wp:paragraph {\"fontSize\":\"regular\"} --><\/p>\n<p><!-- \/wp:paragraph --><\/p>\n<p><!-- wp:buttons --><\/p>\n<div class=\"wp-block-buttons\"><!-- wp:button --><p><\/p>\n<div class=\"wp-block-button\"><a class=\"wp-block-button__link\" href=\"https:\/\/awakentheworld.com\/pt\/contacte-nos\/\">Contacte-nos para tradu\u00e7\u00f5es<\/a><\/div>\n<p><!-- \/wp:button --><\/p>\n<\/div>\n<p><!-- \/wp:buttons --><\/p>\n<\/div>\n<p><!-- \/wp:column --><\/p>\n<p><!-- wp:column --><\/p>\n<div class=\"wp-block-column\"><!-- wp:image {\"align\":\"center\",\"id\":13514,\"sizeSlug\":\"regular\"} --><p><\/p>\n<div class=\"wp-block-image\">\n<figure class=\"aligncenter size-large\"><img loading=\"lazy\" decoding=\"async\" width=\"192\" height=\"167\" class=\"wp-image-13514\" src=\"https:\/\/awakentheworld.com\/pt\/wp-content\/uploads\/2020\/06\/translation-head-icon.svg\" alt=\"\"><\/figure>\n<\/div>\n<p><!-- \/wp:image --><\/p>\n<\/div>\n<p><!-- \/wp:column --><\/p>\n<\/div>\n<p><!-- \/wp:columns --><\/p>\n<p><!-- wp:columns {\"className\":\"is-style-vertical-center\"} --><\/p>\n<div class=\"wp-block-columns is-style-vertical-center\"><!-- wp:column --><p><\/p>\n<div class=\"wp-block-column\"><!-- wp:image {\"align\":\"center\",\"id\":13829,\"width\":195,\"height\":136,\"sizeSlug\":\"regular\"} --><p><\/p>\n<div class=\"wp-block-image\">\n<figure class=\"aligncenter size-large is-resized\"><img loading=\"lazy\" decoding=\"async\" class=\"wp-image-13829\" src=\"https:\/\/awakentheworld.com\/pt\/wp-content\/uploads\/2020\/06\/meditation-plus-signs.svg\" alt=\"\" width=\"195\" height=\"136\"><\/figure>\n<\/div>\n<p><!-- \/wp:image --><\/p>\n<\/div>\n<p><!-- \/wp:column --><\/p>\n<p><!-- wp:column --><\/p>\n<div class=\"wp-block-column\"><!-- wp:heading --><p><\/p>\n<h2><strong>Contribua para os filmes.<\/strong><\/h2>\n<p><!-- \/wp:heading --><\/p>\n<p><!-- wp:paragraph {\"fontSize\":\"regular\"} --><\/p>\n<p class=\"has-large-font-size\">Estamos sempre em busca de arte, anima\u00e7\u00e3o, v\u00eddeo e m\u00fasica vision\u00e1rias de classe mundial para os pr\u00f3ximos projetos.<\/p>\n<p><!-- \/wp:paragraph --><\/p>\n<p><!-- wp:paragraph {\"fontSize\":\"regular\"} --><\/p>\n<p class=\"has-regular-font-size\">Se voc\u00ea acha que sua arte est\u00e1 destinada a aparecer em um de nossos filmes, <u><a href=\"https:\/\/awakentheworld.com\/pt\/contacte-nos\/\">por favor contacte-nos.<\/a><\/u><\/p>\n<p><!-- \/wp:paragraph --><\/p>\n<p><!-- wp:buttons --><\/p>\n<div class=\"wp-block-buttons\"><!-- wp:button --><p><\/p>\n<div class=\"wp-block-button\"><a class=\"wp-block-button__link\" href=\"https:\/\/awakentheworld.com\/pt\/contacte-nos\/\">Contacte-nos para contribui\u00e7\u00f5es<\/a><\/div>\n<p><!-- \/wp:button --><\/p>\n<\/div>\n<p><!-- \/wp:buttons --><\/p>\n<\/div>\n<p><!-- \/wp:column --><\/p>\n<\/div>\n<p><!-- \/wp:columns --><\/p>\n<p><!-- wp:columns {\"className\":\"is-style-vertical-center-flip\"} --><\/p>\n<div class=\"wp-block-columns is-style-vertical-center-flip\"><!-- wp:column --><p><\/p>\n<div class=\"wp-block-column\"><!-- wp:heading --><p><\/p>\n<h2><strong>Contribui\u00e7\u00e3o financeira<\/strong><\/h2>\n<p><!-- \/wp:heading --><\/p>\n<p><!-- wp:paragraph {\"fontSize\":\"regular\"} --><\/p>\n<p class=\"has-large-font-size\">Agradecemos sempre qualquer presente de apoio financeiro para os nossos projectos. Desde 2020, os nossos filmes foram vistos por mais de 25 milh\u00f5es de pessoas em 30 l\u00ednguas. Imaginem o que poder\u00edamos fazer se cada pessoa tivesse dado apenas $1,00!<\/p>\n<p><!-- \/wp:paragraph --><\/p>\n<p><!-- wp:paragraph {\"fontSize\":\"regular\"} --><\/p>\n<p class=\"has-regular-font-size\"><u><a href=\"http:\/\/www.patreon.com\/awakentheworld\" target=\"_blank\" rel=\"noopener noreferrer\"> Pode apoiar-nos atrav\u00e9s de doa\u00e7\u00f5es mensais no Patreon <\/a><\/u> ou <u><a href=\"http:\/\/www.paypal.me\/samadhicenter\" target=\"_blank\" rel=\"noopener noreferrer\"> por uma doa\u00e7\u00e3o \u00fanica via Paypal.<\/a><\/u><\/p>\n<p><!-- \/wp:paragraph --><\/p>\n<p><!-- wp:buttons --><\/p>\n<div class=\"wp-block-buttons\"><!-- wp:button --><p><\/p>\n<div class=\"wp-block-button\"><a class=\"wp-block-button__link\" href=\"https:\/\/awakentheworld.com\/pt\/apoie-nos\/\">Op\u00e7\u00f5es de doa\u00e7\u00f5es<\/a><\/div>\n<p><!-- \/wp:button --><\/p>\n<\/div>\n<p><!-- \/wp:buttons --><\/p>\n<\/div>\n<p><!-- \/wp:column --><\/p>\n<p><!-- wp:column --><\/p>\n<div class=\"wp-block-column\"><!-- wp:image {\"align\":\"center\",\"id\":13516,\"sizeSlug\":\"regular\"} --><p><\/p>\n<div class=\"wp-block-image\">\n<figure class=\"aligncenter size-large\"><img loading=\"lazy\" decoding=\"async\" width=\"153\" height=\"139\" class=\"wp-image-13516\" src=\"https:\/\/awakentheworld.com\/wp-content\/uploads\/2020\/06\/heart-in-hands-icon.svg\" alt=\"\"><\/figure>\n<\/div>\n<p><!-- \/wp:image --><\/p>\n<\/div>\n<p><!-- \/wp:column --><\/p>\n<\/div>\n<p><!-- \/wp:columns --><\/p>","protected":false},"excerpt":{"rendered":"<p>Medita\u00e7\u00e3o Online Se voc\u00ea entende ingl\u00eas, n\u00f3s o convidamos a participar de nossas medita\u00e7\u00f5es ZOOM ao vivo e gratuitas. Todos s\u00e3o bem-vindos a esta comunidade online de apoio para as nossas medita\u00e7\u00f5es guiadas de uma hora, seguidas de um per\u00edodo de Perguntas e Respostas. (Ser\u00e1s redirigido a informaci\u00f3n y horarios en la versi\u00f3n del sitio [&hellip;]<\/p>\n","protected":false},"author":5,"featured_media":0,"parent":0,"menu_order":0,"comment_status":"closed","ping_status":"closed","template":"","meta":{"_acf_changed":false,"_kad_blocks_custom_css":"","_kad_blocks_head_custom_js":"","_kad_blocks_body_custom_js":"","_kad_blocks_footer_custom_js":"","footnotes":""},"class_list":["post-12386","page","type-page","status-publish","hentry"],"acf":[],"taxonomy_info":[],"featured_image_src_large":false,"author_info":{"display_name":"alitardo","author_link":"https:\/\/awakentheworld.com\/pt\/author\/alitardo\/"},"comment_info":0,"jetpack_sharing_enabled":true,"_links":{"self":[{"href":"https:\/\/awakentheworld.com\/pt\/wp-json\/wp\/v2\/pages\/12386","targetHints":{"allow":["GET"]}}],"collection":[{"href":"https:\/\/awakentheworld.com\/pt\/wp-json\/wp\/v2\/pages"}],"about":[{"href":"https:\/\/awakentheworld.com\/pt\/wp-json\/wp\/v2\/types\/page"}],"author":[{"embeddable":true,"href":"https:\/\/awakentheworld.com\/pt\/wp-json\/wp\/v2\/users\/5"}],"replies":[{"embeddable":true,"href":"https:\/\/awakentheworld.com\/pt\/wp-json\/wp\/v2\/comments?post=12386"}],"version-history":[{"count":57,"href":"https:\/\/awakentheworld.com\/pt\/wp-json\/wp\/v2\/pages\/12386\/revisions"}],"predecessor-version":[{"id":15071,"href":"https:\/\/awakentheworld.com\/pt\/wp-json\/wp\/v2\/pages\/12386\/revisions\/15071"}],"wp:attachment":[{"href":"https:\/\/awakentheworld.com\/pt\/wp-json\/wp\/v2\/media?parent=12386"}],"curies":[{"name":"wp","href":"https:\/\/api.w.org\/{rel}","templated":true}]}}