{"id":15269,"date":"2022-09-15T23:59:15","date_gmt":"2022-09-15T23:59:15","guid":{"rendered":"https:\/\/awakentheworld.com\/pt\/?page_id=15269"},"modified":"2022-09-15T23:59:19","modified_gmt":"2022-09-15T23:59:19","slug":"samadhi-parte-4-sadhana","status":"publish","type":"page","link":"https:\/\/awakentheworld.com\/pt\/samadhi-parte-4-sadhana\/","title":{"rendered":"Samadhi Parte 4 &#8220;Sadhana&#8221;"},"content":{"rendered":"<style>#kt-layout-id_73d31e-c6 > .kt-row-column-wrap{align-content:start;}:where(#kt-layout-id_73d31e-c6 > .kt-row-column-wrap) > .wp-block-kadence-column{justify-content:start;}#kt-layout-id_73d31e-c6 > .kt-row-column-wrap{column-gap:var(--global-kb-gap-md, 2rem);row-gap:var(--global-kb-gap-md, 2rem);padding-top:var( --global-kb-row-default-top, 25px );padding-bottom:var( --global-kb-row-default-bottom, 25px );padding-top:var(--global-kb-spacing-sm, 1.5rem);padding-bottom:var(--global-kb-spacing-sm, 1.5rem);grid-template-columns:repeat(2, minmax(0, 1fr));}#kt-layout-id_73d31e-c6 > .kt-row-layout-overlay{opacity:0.30;}@media all and (max-width: 1024px){#kt-layout-id_73d31e-c6 > .kt-row-column-wrap{grid-template-columns:repeat(2, minmax(0, 1fr));}}@media all and (max-width: 767px){#kt-layout-id_73d31e-c6 > .kt-row-column-wrap{grid-template-columns:minmax(0, 1fr);}}<\/style>\n<div class=\"wp-block-kadence-rowlayout alignwide\"><div id=\"kt-layout-id_73d31e-c6\" class=\"kt-row-layout-inner kt-layout-id_73d31e-c6\"><div class=\"kt-row-column-wrap kt-has-2-columns kt-gutter-default kt-v-gutter-default kt-row-valign-top kt-row-layout-equal kt-tab-layout-inherit kt-m-colapse-left-to-right kt-mobile-layout-row\"><style>.kadence-column_b664c6-b3 > .kt-inside-inner-col{border-top-width:0px;border-right-width:0px;border-bottom-width:0px;border-left-width:0px;}.kadence-column_b664c6-b3 > .kt-inside-inner-col,.kadence-column_b664c6-b3 > .kt-inside-inner-col:before{border-top-left-radius:0px;border-top-right-radius:0px;border-bottom-right-radius:0px;border-bottom-left-radius:0px;}.kadence-column_b664c6-b3 > .kt-inside-inner-col{column-gap:var(--global-kb-gap-sm, 1rem);}.kadence-column_b664c6-b3 > .kt-inside-inner-col{flex-direction:column;}.kadence-column_b664c6-b3 > .kt-inside-inner-col > .aligncenter{width:100%;}.kadence-column_b664c6-b3 > .kt-inside-inner-col:before{opacity:0.3;}.kadence-column_b664c6-b3{text-align:center;}.kadence-column_b664c6-b3{position:relative;}@media all and (max-width: 1024px){.kadence-column_b664c6-b3 > .kt-inside-inner-col{flex-direction:column;justify-content:center;}}@media all and (max-width: 767px){.kadence-column_b664c6-b3 > .kt-inside-inner-col{flex-direction:column;justify-content:center;}}<\/style>\n<div class=\"wp-block-kadence-column inner-column-1 kadence-column_b664c6-b3\"><div class=\"kt-inside-inner-col\">\n<p class=\"has-text-align-left has-large-font-size\">A quarta parte da s\u00e9rie Samadhi \u00e9 sobre as pr\u00e1ticas espirituais que levam ao Samadhi (uni\u00e3o) no qual se realiza a Prajna (sabedoria de sua verdadeira natureza).<\/p>\n\n\n\n<p class=\"has-text-align-left has-large-font-size\">Este filme vai explorar a forma mais direta de criar condi\u00e7\u00f5es de n\u00e3o fuga para o ego. Com a mente limitada, n\u00e3o podemos fazer o despertar acontecer, mas podemos criar as condi\u00e7\u00f5es para torn\u00e1-lo mais prov\u00e1vel.<\/p>\n\n\n\n<p class=\"has-text-align-left has-large-font-size\">Sadhana tamb\u00e9m inclui as pr\u00e1ticas de recabeamento para tornar Samadhi est\u00e1vel dentro da estrutura do ego, permitindo que o l\u00f3tus interno se desdobre.<\/p>\n\n\n\n<p class=\"has-text-align-left has-large-font-size\">No Samadhi Center n\u00f3s temos reinventado ferramentas antigas e descobrindo outras novas, que podem ajudar a catalisar o processo de despertar. Agora n\u00f3s estamos planejando compartilhar as descobertas com o mundo. Ainda n\u00e3o temos uma linha do tempo para o filme, mas manteremos voc\u00ea informado sobre o seu desenvolvimento.<\/p>\n<\/div><\/div>\n\n\n<style>.kadence-column_378cf0-73 > .kt-inside-inner-col{display:flex;}.kadence-column_378cf0-73 > .kt-inside-inner-col{border-top-width:0px;border-right-width:0px;border-bottom-width:0px;border-left-width:0px;}.kadence-column_378cf0-73 > .kt-inside-inner-col,.kadence-column_378cf0-73 > .kt-inside-inner-col:before{border-top-left-radius:0px;border-top-right-radius:0px;border-bottom-right-radius:0px;border-bottom-left-radius:0px;}.kadence-column_378cf0-73 > .kt-inside-inner-col{column-gap:var(--global-kb-gap-sm, 1rem);}.kadence-column_378cf0-73 > .kt-inside-inner-col{flex-direction:column;justify-content:center;}.kadence-column_378cf0-73 > .kt-inside-inner-col > .aligncenter{width:100%;}.kt-row-column-wrap > .kadence-column_378cf0-73{align-self:center;}.kt-inner-column-height-full:not(.kt-has-1-columns) > .wp-block-kadence-column.kadence-column_378cf0-73{align-self:auto;}.kt-inner-column-height-full:not(.kt-has-1-columns) > .wp-block-kadence-column.kadence-column_378cf0-73 > .kt-inside-inner-col{flex-direction:column;justify-content:center;}.kadence-column_378cf0-73 > .kt-inside-inner-col:before{opacity:0.3;}.kadence-column_378cf0-73{text-align:center;}.kadence-column_378cf0-73{position:relative;}@media all and (max-width: 1024px){.kt-row-column-wrap > .kadence-column_378cf0-73{align-self:center;}}@media all and (max-width: 1024px){.kt-inner-column-height-full:not(.kt-has-1-columns) > .wp-block-kadence-column.kadence-column_378cf0-73{align-self:auto;}}@media all and (max-width: 1024px){.kt-inner-column-height-full:not(.kt-has-1-columns) > .wp-block-kadence-column.kadence-column_378cf0-73 > .kt-inside-inner-col{flex-direction:column;justify-content:center;}}@media all and (max-width: 1024px){.kadence-column_378cf0-73 > .kt-inside-inner-col{flex-direction:column;justify-content:center;}}@media all and (max-width: 767px){.kt-row-column-wrap > .kadence-column_378cf0-73{align-self:center;}.kt-inner-column-height-full:not(.kt-has-1-columns) > .wp-block-kadence-column.kadence-column_378cf0-73{align-self:auto;}.kt-inner-column-height-full:not(.kt-has-1-columns) > .wp-block-kadence-column.kadence-column_378cf0-73 > .kt-inside-inner-col{flex-direction:column;justify-content:center;}.kadence-column_378cf0-73 > .kt-inside-inner-col{flex-direction:column;justify-content:center;}}<\/style>\n<div class=\"wp-block-kadence-column inner-column-2 kadence-column_378cf0-73\"><div class=\"kt-inside-inner-col\"><div class=\"wp-block-image is-style-default\">\n<figure class=\"aligncenter size-large is-resized\"><img loading=\"lazy\" decoding=\"async\" src=\"https:\/\/awakentheworld.com\/wp-content\/uploads\/2022\/06\/Samadhi-Part-4-2-683x1024.jpg\" alt=\"\" class=\"wp-image-35175\" width=\"342\" height=\"512\"\/><\/figure>\n<\/div><\/div><\/div>\n<\/div><\/div><\/div>\n","protected":false},"excerpt":{"rendered":"<p>A quarta parte da s\u00e9rie Samadhi \u00e9 sobre as pr\u00e1ticas espirituais que levam ao Samadhi (uni\u00e3o) no qual se realiza a Prajna (sabedoria de sua verdadeira natureza). Este filme vai explorar a forma mais direta de criar condi\u00e7\u00f5es de n\u00e3o fuga para o ego. Com a mente limitada, n\u00e3o podemos fazer o despertar acontecer, mas [&hellip;]<\/p>\n","protected":false},"author":5,"featured_media":0,"parent":0,"menu_order":0,"comment_status":"closed","ping_status":"closed","template":"","meta":{"_acf_changed":false,"_kad_blocks_custom_css":"","_kad_blocks_head_custom_js":"","_kad_blocks_body_custom_js":"","_kad_blocks_footer_custom_js":"","footnotes":""},"class_list":["post-15269","page","type-page","status-publish","hentry"],"acf":[],"taxonomy_info":[],"featured_image_src_large":false,"author_info":{"display_name":"alitardo","author_link":"https:\/\/awakentheworld.com\/pt\/author\/alitardo\/"},"comment_info":0,"jetpack_sharing_enabled":true,"_links":{"self":[{"href":"https:\/\/awakentheworld.com\/pt\/wp-json\/wp\/v2\/pages\/15269","targetHints":{"allow":["GET"]}}],"collection":[{"href":"https:\/\/awakentheworld.com\/pt\/wp-json\/wp\/v2\/pages"}],"about":[{"href":"https:\/\/awakentheworld.com\/pt\/wp-json\/wp\/v2\/types\/page"}],"author":[{"embeddable":true,"href":"https:\/\/awakentheworld.com\/pt\/wp-json\/wp\/v2\/users\/5"}],"replies":[{"embeddable":true,"href":"https:\/\/awakentheworld.com\/pt\/wp-json\/wp\/v2\/comments?post=15269"}],"version-history":[{"count":3,"href":"https:\/\/awakentheworld.com\/pt\/wp-json\/wp\/v2\/pages\/15269\/revisions"}],"predecessor-version":[{"id":15272,"href":"https:\/\/awakentheworld.com\/pt\/wp-json\/wp\/v2\/pages\/15269\/revisions\/15272"}],"wp:attachment":[{"href":"https:\/\/awakentheworld.com\/pt\/wp-json\/wp\/v2\/media?parent=15269"}],"curies":[{"name":"wp","href":"https:\/\/api.w.org\/{rel}","templated":true}]}}