{"id":2563,"date":"2019-01-02T14:11:11","date_gmt":"2019-01-02T14:11:11","guid":{"rendered":"https:\/\/awakentheworld-reference.mystagingwebsite.com\/?page_id=2563"},"modified":"2021-05-27T00:06:46","modified_gmt":"2021-05-27T00:06:46","slug":"programas-e-retiros","status":"publish","type":"page","link":"https:\/\/awakentheworld.com\/pt\/programas-e-retiros\/","title":{"rendered":"Programas e Retiros"},"content":{"rendered":"\n<h2 class=\"has-dark-color has-text-color wp-block-heading\">O Centro Samadhi&nbsp;<\/h2>\n\n\n\n<div style=\"height:25px\" aria-hidden=\"true\" class=\"wp-block-spacer mb-0 mt-0\"><\/div>\n\n\n\n<p><strong>UM T\u00c9RMINO<\/strong><br>Dan concluiu a constru\u00e7\u00e3o do Samadhi Center em Bancroft em 2015 e, desde ent\u00e3o, oferecemos cinco anos de retiros de medita\u00e7\u00e3o no local. Foi uma experi\u00eancia incr\u00edvel para n\u00f3s, envolvendo muitas oportunidades de crescimento, conex\u00e3o e pr\u00e1tica. Operar um centro como este exige muito trabalho, seja durante os retiros ou entre eles. E em 2020 ficou claro para Dan que era tempo de deixar o Centro para dedicar mais tempo aos filmes e ao desenvolvimento de um modelo de retiro online. Queremos agradecer a todos: \u00e0 maravilhosa equipe, aos participantes e a todos os visitantes que ajudaram a tornar o Centro Samadhi num lugar muito especial. Prevemos continuar a oferecer retiros presenciais no futuro em locais a serem determinados. Por favor, assegurem-se de que est\u00e3o na nossa lista de e-mail e n\u00f3s os manteremos informados. Entregamos as chaves \u00e0 Bwiti Life, que pretende continuar a operar o espa\u00e7o como centro de retiro, incluindo as suas pr\u00f3prias ofertas \u00fanicas.<\/p>\n\n\n\n<div style=\"height:25px\" aria-hidden=\"true\" class=\"wp-block-spacer mb-0 mt-0\"><\/div>\n\n\n\n<p><strong>UM IN\u00cdCIO<\/strong><br>Apesar de j\u00e1 n\u00e3o termos uma base f\u00edsica para retiros de medita\u00e7\u00e3o, agora oferecemos medita\u00e7\u00f5es di\u00e1rias, abertas, silenciosas (n\u00e3o guiadas) e pretendemos oferec\u00ea-las indefinidamente. O valor de nos reunirmos como uma comunidade solid\u00e1ria e inclusiva para uma pr\u00e1tica sustentada n\u00e3o pode ser exagerado. Porque estamos sentados em sil\u00eancio, todos podem participar &#8211; a linguagem j\u00e1 n\u00e3o \u00e9 uma barreira. Os praticantes podem optar por sentar-se em sil\u00eancio, usar uma das nossas medita\u00e7\u00f5es gravadas ou BYOP (trazer a sua pr\u00f3pria pr\u00e1tica). Duas sess\u00f5es silenciosas ocorrem na maioria dos dias, com excep\u00e7\u00f5es nos dias em que oferecemos as nossas medita\u00e7\u00f5es semanais guiadas. Todas as nossas medita\u00e7\u00f5es online s\u00e3o gratuitas e entregues via Zoom, <a href=\"https:\/\/awakentheworld.com\/pt\/meditacoes-abertas-no-zoom\/\">consulte o calend\u00e1rio de medita\u00e7\u00f5es<\/a> para mais detalhes.<\/p>\n\n\n\n<div style=\"height:25px\" aria-hidden=\"true\" class=\"wp-block-spacer mb-0 mt-0\"><\/div>\n\n\n\n<div class=\"wp-block-group is-style-blue-border\"><div class=\"wp-block-group__inner-container is-layout-flow wp-block-group-is-layout-flow\">\n<div class=\"wp-block-columns is-layout-flex wp-container-core-columns-is-layout-9d6595d7 wp-block-columns-is-layout-flex\">\n<div class=\"wp-block-column is-layout-flow wp-block-column-is-layout-flow\">\n<h2 class=\"wp-block-heading\">Medita\u00e7\u00f5es di\u00e1rias em Zoom<\/h2>\n\n\n\n<p>Junte-se a nossas medita\u00e7\u00f5es di\u00e1rias silenciosas, ou programadas medita\u00e7\u00f5es guiadas e sess\u00f5es de perguntas e respostas.<\/p>\n\n\n\n<div class=\"wp-block-buttons is-layout-flex wp-block-buttons-is-layout-flex\">\n<div class=\"wp-block-button is-style-button-blue\"><a class=\"wp-block-button__link\" href=\"https:\/\/awakentheworld.com\/guided-meditation-schedule\/\" target=\"_blank\" rel=\"noreferrer noopener\">Calend\u00e1rio de Medita\u00e7\u00e3o com Zoom<\/a><\/div>\n<\/div>\n<\/div>\n\n\n\n<div class=\"wp-block-column is-layout-flow wp-block-column-is-layout-flow\">\n<h3 class=\"has-purple-color has-text-color wp-block-heading\">Pr\u00f3ximas datas de retiro<\/h3>\n\n\n\n<p>A ser anunciado\u2026<\/p>\n<\/div>\n<\/div>\n<\/div><\/div>\n\n\n\n<p><\/p>\n","protected":false},"excerpt":{"rendered":"<p>O Centro Samadhi&nbsp; UM T\u00c9RMINODan concluiu a constru\u00e7\u00e3o do Samadhi Center em Bancroft em 2015 e, desde ent\u00e3o, oferecemos cinco anos de retiros de medita\u00e7\u00e3o no local. Foi uma experi\u00eancia incr\u00edvel para n\u00f3s, envolvendo muitas oportunidades de crescimento, conex\u00e3o e pr\u00e1tica. Operar um centro como este exige muito trabalho, seja durante os retiros ou entre [&hellip;]<\/p>\n","protected":false},"author":5,"featured_media":13524,"parent":0,"menu_order":0,"comment_status":"closed","ping_status":"closed","template":"template-programs.php","meta":{"_acf_changed":false,"_kad_blocks_custom_css":"","_kad_blocks_head_custom_js":"","_kad_blocks_body_custom_js":"","_kad_blocks_footer_custom_js":"","footnotes":""},"class_list":["post-2563","page","type-page","status-publish","has-post-thumbnail","hentry"],"acf":[],"taxonomy_info":[],"featured_image_src_large":["https:\/\/awakentheworld.com\/pt\/wp-content\/uploads\/sites\/36\/2020\/06\/house-hero.png",640,168,false],"author_info":{"display_name":"alitardo","author_link":"https:\/\/awakentheworld.com\/pt\/author\/alitardo\/"},"comment_info":0,"jetpack_sharing_enabled":true,"_links":{"self":[{"href":"https:\/\/awakentheworld.com\/pt\/wp-json\/wp\/v2\/pages\/2563","targetHints":{"allow":["GET"]}}],"collection":[{"href":"https:\/\/awakentheworld.com\/pt\/wp-json\/wp\/v2\/pages"}],"about":[{"href":"https:\/\/awakentheworld.com\/pt\/wp-json\/wp\/v2\/types\/page"}],"author":[{"embeddable":true,"href":"https:\/\/awakentheworld.com\/pt\/wp-json\/wp\/v2\/users\/5"}],"replies":[{"embeddable":true,"href":"https:\/\/awakentheworld.com\/pt\/wp-json\/wp\/v2\/comments?post=2563"}],"version-history":[{"count":26,"href":"https:\/\/awakentheworld.com\/pt\/wp-json\/wp\/v2\/pages\/2563\/revisions"}],"predecessor-version":[{"id":15129,"href":"https:\/\/awakentheworld.com\/pt\/wp-json\/wp\/v2\/pages\/2563\/revisions\/15129"}],"wp:featuredmedia":[{"embeddable":true,"href":"https:\/\/awakentheworld.com\/pt\/wp-json\/wp\/v2\/media\/13524"}],"wp:attachment":[{"href":"https:\/\/awakentheworld.com\/pt\/wp-json\/wp\/v2\/media?parent=2563"}],"curies":[{"name":"wp","href":"https:\/\/api.w.org\/{rel}","templated":true}]}}