{"id":15225,"date":"2022-06-27T23:40:28","date_gmt":"2022-06-27T23:40:28","guid":{"rendered":"https:\/\/awakentheworld.com\/pt\/?post_type=product&#038;p=15225"},"modified":"2022-06-27T23:42:29","modified_gmt":"2022-06-27T23:42:29","slug":"meditaciones-guiadas-del-centro-samadhi-descarga-de-audio-gratis","status":"publish","type":"product","link":"https:\/\/awakentheworld.com\/pt\/product\/meditaciones-guiadas-del-centro-samadhi-descarga-de-audio-gratis\/","title":{"rendered":"Meditaciones Guiadas del Centro Samadhi &#8211; Descarga de Audio GRATIS"},"content":{"rendered":"<p>Ficheiros \u00e1udio MP3 gr\u00e1tis das Medita\u00e7\u00f5es Guiadas para Principiantes &#8216;The Pathless Path&#8217;.<\/p>\n<p><strong>**** Por favor Nota:<\/strong> <a href=\"https:\/\/dl.dropbox.com\/s\/ehjj2ghv0tsvoi8\/Samadhi%20Core%20Guided%20Meditation%20MP3s.zip?dl=1\">Descarregar ficheiros a partir daqui<\/a> \u00a0<strong>N\u00e3o precisas de passar pelo processo de checkout.<\/strong><\/p>\n<p>Os ficheiros come\u00e7ar\u00e3o a ser descarregados imediatamente, por favor verifica a tua pasta de downloads.<\/p>\n","protected":false},"excerpt":{"rendered":"<p>Ficheiros \u00e1udio MP3 gr\u00e1tis das Medita\u00e7\u00f5es Guiadas para Principiantes &#8216;The Pathless Path&#8217;. **** Por favor Nota: Descarregar ficheiros a partir daqui \u00a0N\u00e3o precisas de passar pelo processo de checkout. Os ficheiros come\u00e7ar\u00e3o a ser descarregados imediatamente, por favor verifica a tua pasta de downloads.<\/p>\n","protected":false},"featured_media":15213,"template":"","meta":{"_acf_changed":false,"_kad_blocks_custom_css":"","_kad_blocks_head_custom_js":"","_kad_blocks_body_custom_js":"","_kad_blocks_footer_custom_js":""},"product_brand":[],"product_cat":[85],"product_tag":[],"class_list":{"0":"post-15225","1":"product","2":"type-product","3":"status-publish","4":"has-post-thumbnail","6":"product_cat-meditacoes-guiadas","8":"first","9":"instock","10":"featured","11":"downloadable","12":"virtual","13":"purchasable","14":"product-type-simple"},"acf":[],"taxonomy_info":{"product_cat":[{"value":85,"label":"MEDITA\u00c7\u00d5ES GUIADAS"}]},"featured_image_src_large":["https:\/\/awakentheworld.com\/pt\/wp-content\/uploads\/sites\/36\/2022\/06\/EN-ATW-Audio-Downloads-Core-Gudied-Meditations.jpg",640,640,false],"author_info":[],"comment_info":"","jetpack_sharing_enabled":true,"_links":{"self":[{"href":"https:\/\/awakentheworld.com\/pt\/wp-json\/wp\/v2\/product\/15225","targetHints":{"allow":["GET"]}}],"collection":[{"href":"https:\/\/awakentheworld.com\/pt\/wp-json\/wp\/v2\/product"}],"about":[{"href":"https:\/\/awakentheworld.com\/pt\/wp-json\/wp\/v2\/types\/product"}],"wp:featuredmedia":[{"embeddable":true,"href":"https:\/\/awakentheworld.com\/pt\/wp-json\/wp\/v2\/media\/15213"}],"wp:attachment":[{"href":"https:\/\/awakentheworld.com\/pt\/wp-json\/wp\/v2\/media?parent=15225"}],"wp:term":[{"taxonomy":"product_brand","embeddable":true,"href":"https:\/\/awakentheworld.com\/pt\/wp-json\/wp\/v2\/product_brand?post=15225"},{"taxonomy":"product_cat","embeddable":true,"href":"https:\/\/awakentheworld.com\/pt\/wp-json\/wp\/v2\/product_cat?post=15225"},{"taxonomy":"product_tag","embeddable":true,"href":"https:\/\/awakentheworld.com\/pt\/wp-json\/wp\/v2\/product_tag?post=15225"}],"curies":[{"name":"wp","href":"https:\/\/api.w.org\/{rel}","templated":true}]}}