{"id":2995,"date":"2019-01-12T23:53:18","date_gmt":"2019-01-12T23:53:18","guid":{"rendered":"https:\/\/awakentheworld-reference.mystagingwebsite.com\/?post_type=product&#038;p=2995"},"modified":"2025-12-22T15:54:40","modified_gmt":"2025-12-22T15:54:40","slug":"samadhi-parte-2-no-es-lo-que-piensas","status":"publish","type":"product","link":"https:\/\/awakentheworld.com\/pt\/product\/samadhi-parte-2-no-es-lo-que-piensas\/","title":{"rendered":"Samadhi Parte 2 (N\u00e3o \u00e9 o que voc\u00ea pensa)"},"content":{"rendered":"<div class=\"wp-block-image\">\r\n<figure class=\"alignleft size-medium\"><img loading=\"lazy\" decoding=\"async\" width=\"600\" height=\"336\" class=\"wp-image-3183\" src=\"https:\/\/awakentheworld.com\/wp-content\/uploads\/sites\/7\/2019\/01\/Samadhi-2-download.jpg\" alt=\"\" \/><\/figure>\r\n<\/div>\r\n<h4>Samadhi Parte 2 (N\u00e3o \u00e9 o que voc\u00ea pensa)<\/h4>\r\n<p>Os maiores professores espirituais do mundo desde a antiguidade at\u00e9 aos tempos modernos partilharam a opini\u00e3o de que a verdade mais profunda do nosso ser n\u00e3o \u00e9 propriedade de uma determinada religi\u00e3o ou tradi\u00e7\u00e3o espiritual, mas pode ser encontrada dentro do cora\u00e7\u00e3o de cada pessoa.<\/p>","protected":false},"excerpt":{"rendered":"<p>Filme completo em formato h.264 (MP4). (Narrado em ingl\u00eas)<\/p>\n","protected":false},"featured_media":3360,"template":"","meta":{"_acf_changed":false,"_kad_blocks_custom_css":"","_kad_blocks_head_custom_js":"","_kad_blocks_body_custom_js":"","_kad_blocks_footer_custom_js":""},"product_brand":[],"product_cat":[36],"product_tag":[],"class_list":{"0":"post-2995","1":"product","2":"type-product","3":"status-publish","4":"has-post-thumbnail","6":"product_cat-awaken-the-world-documentaries","8":"first","9":"instock","10":"featured","11":"downloadable","12":"virtual","13":"purchasable","14":"product-type-simple"},"acf":[],"taxonomy_info":{"product_cat":[{"value":36,"label":"FILMES"}]},"featured_image_src_large":["https:\/\/awakentheworld.com\/pt\/wp-content\/uploads\/sites\/36\/2019\/01\/H264-Samadhi-2-2.jpg",640,640,false],"author_info":[],"comment_info":"","jetpack_sharing_enabled":true,"_links":{"self":[{"href":"https:\/\/awakentheworld.com\/pt\/wp-json\/wp\/v2\/product\/2995","targetHints":{"allow":["GET"]}}],"collection":[{"href":"https:\/\/awakentheworld.com\/pt\/wp-json\/wp\/v2\/product"}],"about":[{"href":"https:\/\/awakentheworld.com\/pt\/wp-json\/wp\/v2\/types\/product"}],"wp:featuredmedia":[{"embeddable":true,"href":"https:\/\/awakentheworld.com\/pt\/wp-json\/wp\/v2\/media\/3360"}],"wp:attachment":[{"href":"https:\/\/awakentheworld.com\/pt\/wp-json\/wp\/v2\/media?parent=2995"}],"wp:term":[{"taxonomy":"product_brand","embeddable":true,"href":"https:\/\/awakentheworld.com\/pt\/wp-json\/wp\/v2\/product_brand?post=2995"},{"taxonomy":"product_cat","embeddable":true,"href":"https:\/\/awakentheworld.com\/pt\/wp-json\/wp\/v2\/product_cat?post=2995"},{"taxonomy":"product_tag","embeddable":true,"href":"https:\/\/awakentheworld.com\/pt\/wp-json\/wp\/v2\/product_tag?post=2995"}],"curies":[{"name":"wp","href":"https:\/\/api.w.org\/{rel}","templated":true}]}}