{"id":3006,"date":"2019-01-13T14:14:55","date_gmt":"2019-01-13T14:14:55","guid":{"rendered":"https:\/\/awakentheworld-reference.mystagingwebsite.com\/?post_type=product&#038;p=3006"},"modified":"2022-05-01T16:15:01","modified_gmt":"2022-05-01T16:15:01","slug":"serie-completa-mundos-internos-mundos-externos","status":"publish","type":"product","link":"https:\/\/awakentheworld.com\/pt\/product\/serie-completa-mundos-internos-mundos-externos\/","title":{"rendered":"S\u00e9rie completa &#8216;Mundos Internos, Mundos Externos&#8217;"},"content":{"rendered":"<h4>Parte 1 \u2013 &#8220;Akasha&#8221;<\/h4>\r\n<p>Akasha \u00e9 o n\u00e3o manifestado, o &#8220;nada&#8221; ou o vazio que preenche o v\u00e1cuo do espa\u00e7o.<\/p>\r\n<p>&nbsp;<\/p>\r\n<div class=\"wp-block-image\">\r\n<figure class=\"alignleft size-medium\"><img loading=\"lazy\" decoding=\"async\" class=\"wp-image-3139\" src=\"https:\/\/awakentheworld.com\/wp-content\/uploads\/sites\/7\/2019\/01\/akasha-dvd_sm.png\" alt=\"\" width=\"200\" height=\"200\" \/><\/figure>\r\n<\/div>\r\n\r\n<div class=\"wp-block-image\">\r\n<figure class=\"alignleft size-medium\"><img loading=\"lazy\" decoding=\"async\" class=\"wp-image-3174\" src=\"https:\/\/awakentheworld.com\/wp-content\/uploads\/sites\/7\/2019\/01\/spiral-dvd_sm.png\" alt=\"\" width=\"200\" height=\"200\" \/><\/figure>\r\n<\/div>\r\n\r\n<div class=\"wp-block-image\">\r\n<figure class=\"alignleft size-medium\"><img loading=\"lazy\" decoding=\"async\" class=\"wp-image-3167\" src=\"https:\/\/awakentheworld.com\/wp-content\/uploads\/sites\/7\/2019\/01\/serpent-dvd_sm.png\" alt=\"\" width=\"200\" height=\"200\" \/><\/figure>\r\n<\/div>\r\n\r\n<div class=\"wp-block-image\">\r\n<figure class=\"alignleft size-medium\"><img loading=\"lazy\" decoding=\"async\" class=\"wp-image-3146\" src=\"https:\/\/awakentheworld.com\/wp-content\/uploads\/sites\/7\/2019\/01\/beyond-thinking-dvd_sm.png\" alt=\"\" width=\"200\" height=\"200\" \/><\/figure>\r\n<\/div>\r\n<h4>Parte 2 \u2013 &#8220;A Espiral&#8221;.<\/h4>\r\n<p>O fil\u00f3sofo pitag\u00f3rico Plat\u00e3o sugeriu enigmaticamente que havia uma chave de ouro que unificava todos os mist\u00e9rios do universo.<\/p>\r\n<h4>Parte 3 \u2013 &#8220;A Serpente e o L\u00f3tus&#8221;<\/h4>\r\n<p>A espiral tem sido frequentemente representada pela serpente, a corrente descendente, enquanto a ave ou flor de l\u00f3tus tem representado a corrente ascendente ou transcend\u00eancia.<\/p>\r\n<h4>Part 4 \u2013 &#8220;Al\u00e9m do Pensamento&#8221;.<\/h4>\r\n<p>A vida, a liberdade e a busca da felicidade. Vivemos a nossa vida em busca da felicidade &#8220;l\u00e1 fora&#8221; como se ela fosse uma mercadoria. N\u00f3s nos tornamos escravos dos nossos pr\u00f3prios desejos e anseios.<\/p>","protected":false},"excerpt":{"rendered":"<p><strong>Download digital: <\/strong><\/p>\n<p>S\u00e9rie completa em formato h.264 (MP4). (Narrado em ingl\u00eas)\u00a0<br \/><strong>Comprimento:<\/strong> 02 hr : 01 min : 42 seg.<br \/><strong>Legendas:<\/strong> <u><a href=\"https:\/\/www.dropbox.com\/s\/l578opfto2ymgdi\/InnerWorldsOuterWorldsSubtitles-SRT%20Files.zip?dl=0\" target=\"_blank\" rel=\"noopener noreferrer\">Download das legendas em 23 idiomas<\/a><\/u>.<\/p>\n","protected":false},"featured_media":3367,"template":"","meta":{"_acf_changed":false,"_kad_blocks_custom_css":"","_kad_blocks_head_custom_js":"","_kad_blocks_body_custom_js":"","_kad_blocks_footer_custom_js":""},"product_brand":[],"product_cat":[36],"product_tag":[],"class_list":{"0":"post-3006","1":"product","2":"type-product","3":"status-publish","4":"has-post-thumbnail","6":"product_cat-awaken-the-world-documentaries","8":"first","9":"instock","10":"featured","11":"downloadable","12":"virtual","13":"purchasable","14":"product-type-simple"},"acf":[],"taxonomy_info":{"product_cat":[{"value":36,"label":"FILMES"}]},"featured_image_src_large":["https:\/\/awakentheworld.com\/pt\/wp-content\/uploads\/sites\/36\/2019\/01\/H264-Inner-Worlds-Outer-Worlds-2.jpg",640,640,false],"author_info":[],"comment_info":"","jetpack_sharing_enabled":true,"_links":{"self":[{"href":"https:\/\/awakentheworld.com\/pt\/wp-json\/wp\/v2\/product\/3006","targetHints":{"allow":["GET"]}}],"collection":[{"href":"https:\/\/awakentheworld.com\/pt\/wp-json\/wp\/v2\/product"}],"about":[{"href":"https:\/\/awakentheworld.com\/pt\/wp-json\/wp\/v2\/types\/product"}],"wp:featuredmedia":[{"embeddable":true,"href":"https:\/\/awakentheworld.com\/pt\/wp-json\/wp\/v2\/media\/3367"}],"wp:attachment":[{"href":"https:\/\/awakentheworld.com\/pt\/wp-json\/wp\/v2\/media?parent=3006"}],"wp:term":[{"taxonomy":"product_brand","embeddable":true,"href":"https:\/\/awakentheworld.com\/pt\/wp-json\/wp\/v2\/product_brand?post=3006"},{"taxonomy":"product_cat","embeddable":true,"href":"https:\/\/awakentheworld.com\/pt\/wp-json\/wp\/v2\/product_cat?post=3006"},{"taxonomy":"product_tag","embeddable":true,"href":"https:\/\/awakentheworld.com\/pt\/wp-json\/wp\/v2\/product_tag?post=3006"}],"curies":[{"name":"wp","href":"https:\/\/api.w.org\/{rel}","templated":true}]}}