{"id":13495,"date":"2020-06-11T03:04:30","date_gmt":"2020-06-11T03:04:30","guid":{"rendered":"https:\/\/awakentheworld.com\/?page_id=13495"},"modified":"2021-02-08T21:37:41","modified_gmt":"2021-02-08T21:37:41","slug":"filme-subtitrate","status":"publish","type":"page","link":"https:\/\/awakentheworld.com\/ro\/filme-subtitrate\/","title":{"rendered":"Filme subtitrate"},"content":{"rendered":"\n<p class=\"has-regular-font-size\">Prima noastr\u0103 serie premiat\u0103 de filme documentare, Lumi interioare, lumi exterioare, a necesitat cinci ani pentru a fi finalizat\u0103, iar de la lansarea sa \u00een 2012, a ajuns la peste 30 de milioane de oameni \u00een peste 30 de limbi. Filmele Samadhi, cea mai recent\u0103 serie a noastr\u0103, se bucur\u0103 de aceea\u0219i aten\u021bie larg r\u0103sp\u00e2ndit\u0103, iar alte c\u00e2teva proiecte sunt \u00een lucru.<\/p>\n\n\n\n<p class=\"has-text-align-center has-small-font-size\"><strong>Pentru a vizualiza subtitr\u0103rile \u00een <strong>limba rom\u00e2n\u0103<\/strong>, <\/strong>accesa\u021bi comenzile CC, care se afl\u0103 \u00een partea dreapt\u0103 jos a playerului YouTube ** ** Unele texte sunt traduse de Google, <a href=\"https:\/\/awakentheworld.com\/ro\/contactati-ne\/\">v\u0103 rug\u0103m s\u0103 aduce\u021bi corec\u021bii sau sugestii.<\/a><\/p>\n","protected":false},"excerpt":{"rendered":"<p>Prima noastr\u0103 serie premiat\u0103 de filme documentare, Lumi interioare, lumi exterioare, a necesitat cinci ani pentru a fi finalizat\u0103, iar de la lansarea sa \u00een 2012, a ajuns la peste 30 de milioane de oameni \u00een peste 30 de limbi. Filmele Samadhi, cea mai recent\u0103 serie a noastr\u0103, se bucur\u0103 de aceea\u0219i aten\u021bie larg r\u0103sp\u00e2ndit\u0103, [&hellip;]<\/p>\n","protected":false},"author":3,"featured_media":14039,"parent":0,"menu_order":0,"comment_status":"closed","ping_status":"closed","template":"template-films.php","meta":{"_acf_changed":false,"_kad_blocks_custom_css":"","_kad_blocks_head_custom_js":"","_kad_blocks_body_custom_js":"","_kad_blocks_footer_custom_js":"","footnotes":""},"class_list":["post-13495","page","type-page","status-publish","has-post-thumbnail","hentry"],"acf":[],"taxonomy_info":[],"featured_image_src_large":["https:\/\/awakentheworld.com\/ro\/wp-content\/uploads\/sites\/24\/2020\/08\/Header-Inner-Worlds-Outer-Worlds.jpg",640,141,false],"author_info":{"display_name":"","author_link":"https:\/\/awakentheworld.com\/ro\/blog\/author\/"},"comment_info":0,"jetpack_sharing_enabled":true,"_links":{"self":[{"href":"https:\/\/awakentheworld.com\/ro\/wp-json\/wp\/v2\/pages\/13495","targetHints":{"allow":["GET"]}}],"collection":[{"href":"https:\/\/awakentheworld.com\/ro\/wp-json\/wp\/v2\/pages"}],"about":[{"href":"https:\/\/awakentheworld.com\/ro\/wp-json\/wp\/v2\/types\/page"}],"author":[{"embeddable":true,"href":"https:\/\/awakentheworld.com\/ro\/wp-json\/wp\/v2\/users\/3"}],"replies":[{"embeddable":true,"href":"https:\/\/awakentheworld.com\/ro\/wp-json\/wp\/v2\/comments?post=13495"}],"version-history":[{"count":29,"href":"https:\/\/awakentheworld.com\/ro\/wp-json\/wp\/v2\/pages\/13495\/revisions"}],"predecessor-version":[{"id":14348,"href":"https:\/\/awakentheworld.com\/ro\/wp-json\/wp\/v2\/pages\/13495\/revisions\/14348"}],"wp:featuredmedia":[{"embeddable":true,"href":"https:\/\/awakentheworld.com\/ro\/wp-json\/wp\/v2\/media\/14039"}],"wp:attachment":[{"href":"https:\/\/awakentheworld.com\/ro\/wp-json\/wp\/v2\/media?parent=13495"}],"curies":[{"name":"wp","href":"https:\/\/api.w.org\/{rel}","templated":true}]}}