{"id":10351,"date":"2019-09-30T21:42:19","date_gmt":"2019-09-30T21:42:19","guid":{"rendered":"https:\/\/awakentheworld-reference.mystagingwebsite.com\/?page_id=10351"},"modified":"2021-08-13T22:50:40","modified_gmt":"2021-08-13T22:50:40","slug":"tihe-in-vodene-meditacije","status":"publish","type":"page","link":"https:\/\/awakentheworld.com\/sl\/tihe-in-vodene-meditacije\/","title":{"rendered":"Tihe in vodene meditacije"},"content":{"rendered":"\n<div class=\"wp-block-group alignfull has-dark-background-color has-background\"><div class=\"wp-block-group__inner-container is-layout-flow wp-block-group-is-layout-flow\">\n<div class=\"wp-block-columns is-layout-flex wp-container-core-columns-is-layout-9d6595d7 wp-block-columns-is-layout-flex\">\n<div class=\"wp-block-column is-layout-flow wp-block-column-is-layout-flow\">\n<figure class=\"wp-block-image size-large\"><img loading=\"lazy\" decoding=\"async\" width=\"1000\" height=\"562\" data-attachment-id=\"13545\" data-permalink=\"https:\/\/awakentheworld.com\/sl\/tihe-in-vodene-meditacije\/zoom-guided-meditations\/\" data-orig-file=\"https:\/\/awakentheworld.com\/sl\/wp-content\/uploads\/sites\/40\/2020\/06\/zoom-guided-meditations.jpg\" data-orig-size=\"1000,562\" data-comments-opened=\"1\" data-image-meta=\"{&quot;aperture&quot;:&quot;0&quot;,&quot;credit&quot;:&quot;&quot;,&quot;camera&quot;:&quot;&quot;,&quot;caption&quot;:&quot;&quot;,&quot;created_timestamp&quot;:&quot;0&quot;,&quot;copyright&quot;:&quot;&quot;,&quot;focal_length&quot;:&quot;0&quot;,&quot;iso&quot;:&quot;0&quot;,&quot;shutter_speed&quot;:&quot;0&quot;,&quot;title&quot;:&quot;&quot;,&quot;orientation&quot;:&quot;0&quot;}\" data-image-title=\"zoom-guided-meditations\" data-image-description=\"\" data-image-caption=\"\" data-large-file=\"https:\/\/awakentheworld.com\/sl\/wp-content\/uploads\/sites\/40\/2020\/06\/zoom-guided-meditations.jpg\" src=\"https:\/\/awakentheworld.com\/es\/wp-content\/uploads\/sites\/7\/2020\/06\/zoom-guided-meditations.jpg\" alt=\"meditations on zoom\" class=\"wp-image-13545\" \/><\/figure>\n\n\n\n<p class=\"has-dark-gold-color has-text-color\">Vsak dan po dve meditaciji v ti\u0161ini, razen ob dnevih, ko ponujamo vodene seanse.<\/p>\n\n\n\n<p class=\"has-dark-gold-color has-text-color\"><strong>Ena ura vodenih meditacij<\/strong><br>Nedualna praksa, ki ji sledi obdobje povezovanja (pod vodstvom Dana ali Tanye)<\/p>\n\n\n\n<p class=\"has-dark-gold-color has-text-color\">30-minutne <strong>usmerjene meditacije:<\/strong><br>Tehnike \u010duje\u010dnosti, ki se osredoto\u010dajo na razvijanje koncentracije, umirjenosti in vedrine, ki jim sledi obdobje komunikacije. (vodi Tanya)<\/p>\n\n\n\n<p class=\"has-dark-gold-color has-text-color\"><a href=\"https:\/\/awakentheworld.com\/atw-drop-in-meditations\/\">Urnik in ve\u010d informacij najdete na na\u0161i spletni strani v angle\u0161\u010dini.<\/a><\/p>\n\n\n\n<p class=\"has-text-align-center has-light-grey-color has-text-color\">Zoom ID sestanka: 613 111 7777 uporabljamo za sobotno in tiho meditacijo in 613 111 3333 za Tanjine vodene seje.<\/p>\n\n\n\n<div style=\"height:13px\" aria-hidden=\"true\" class=\"wp-block-spacer\"><\/div>\n\n\n\n<p class=\"has-text-align-right has-light-light-gold-color has-text-color\"><strong>P\u00e4\u00e4sy meditaatiohuoneeseen<br><\/strong><a href=\"https:\/\/zoom.us\/j\/6131117777\" target=\"_blank\" rel=\"noreferrer noopener\">Hiljaiset ja lauantaimeditaatiot<\/a> &gt;&gt;<br><a href=\"https:\/\/zoom.us\/j\/6131113333\" target=\"_blank\" rel=\"noreferrer noopener\">Tiistai, keskiviikko ja sunnuntai<\/a> &gt;&gt;<\/p>\n<\/div>\n\n\n\n<div class=\"wp-block-column is-layout-flow wp-block-column-is-layout-flow\">\n<h4 class=\"has-text-align-left has-light-gold-color has-text-color wp-block-heading\">Na voljo brezpla\u010dno<\/h4>\n\n\n\n<p class=\"has-light-light-gold-color has-text-color\">Vsakdo je vedno dobrodo\u0161el, da se pridru\u017ei na\u0161i spletni skupnosti. Poleg vodenih meditacij ponujamo tudi vsakodnevne tihe (nevodene) meditacije za za\u010detnike. Ker vadimo v ti\u0161ini, lahko sodeluje vsakdo &#8211; jezik ni ve\u010d ovira.<\/p>\n\n\n\n<p class=\"has-light-light-gold-color has-text-color\">Med na\u0161imi vsakodnevnimi enournimi tihimi meditacijami ni nobenih navodil, na za\u010detku in koncu je le zvonec. Sre\u010danja ponujajo prostor za sedenje v ti\u0161ini, poslu\u0161anje posnete meditacije iz zbirke Prebudimo svet ali katerega koli posnetka, ki najbolj ustreza va\u0161i praksi.<\/p>\n\n\n\n<p class=\"has-light-light-gold-color has-text-color\">Prosimo vas, da ste \u010dim bolj mirni in da je zvok izklopljen. Skoraj vsak dan se sre\u010damo na dveh sejah v ti\u0161ini, z izjemo datumov, ko ponujamo tedenske vodene meditacije, namenjene na\u0161im prijateljem, ki razumejo angle\u0161ko vodenje.<\/p>\n\n\n\n<p class=\"has-text-align-center has-light-light-gold-color has-text-color\"><strong>Svoje prisotnosti vam ni treba potrditi,<br>samo pridru\u017eite se nam!<\/strong><\/p>\n\n\n\n<hr class=\"wp-block-separator has-text-color has-background has-dark-gold-background-color has-dark-gold-color is-style-wide\" \/>\n\n\n\n<div style=\"height:13px\" aria-hidden=\"true\" class=\"wp-block-spacer\"><\/div>\n\n\n\n<p class=\"has-text-align-center has-dark-gold-color has-text-color\"><strong>Naslednja meditacijska seja se za\u010dne v<\/strong><\/p>\n\n\n\n<div class=\"eb-countdown-wrapper\" style=\"margin-top:0px;margin-right:0px;margin-bottom:0px;margin-left:0px;padding-top:0px;padding-right:0px;padding-bottom:0px;padding-left:0px\"><div class=\"eb-countdown-container\"><ul class=\"eb-countdown-items\" style=\"justify-content:center\"><div class=\"eb-countdown-get-date\" data-date=\"\" data-nextevent=\"true\"><\/div><li class=\"eb-countdown-item\" style=\"height:120px;width:120px;margin:0px 10px;padding:0px 0px 0px 0px;border:0px solid #000000;border-radius:5% 5% 5% 5%;background-color:#7967ff\"><div class=\"eb-countdown-days\" style=\"margin-top:0px;margin-right:0px;margin-bottom:0px;margin-left:0px;text-align:center\"><span class=\"eb-countdown-digits eb-countdown-digits-days\" style=\"font-size:48px;font-weight:400;color:#ffffff\">0<\/span><span class=\"eb-countdown-label\" style=\"font-size:14px;text-transform:none;font-style:normal;text-decoration:initial;line-height:100%;padding-left:0px;color:#ffffff\">Days<\/span><\/div><\/li><li class=\"eb-countdown-item\" style=\"height:120px;width:120px;margin:0px 10px;padding:0px 0px 0px 0px;border:0px solid #000000;border-radius:5% 5% 5% 5%;background-color:#7967ff\"><div class=\"eb-countdown-hours\" style=\"margin-top:0px;margin-right:0px;margin-bottom:0px;margin-left:0px;text-align:center\"><span class=\"eb-countdown-digits eb-countdown-digits-hours\" style=\"font-size:48px;font-weight:400;color:#ffffff\">0<\/span><span class=\"eb-countdown-label\" style=\"font-size:14px;text-transform:none;font-style:normal;text-decoration:initial;line-height:100%;padding-left:0px;color:#ffffff\">Ure<\/span><\/div><\/li><li class=\"eb-countdown-item\" style=\"height:120px;width:120px;margin:0px 10px;padding:0px 0px 0px 0px;border:0px solid #000000;border-radius:5% 5% 5% 5%;background-color:#7967ff\"><div class=\"eb-countdown-minutes\" style=\"margin-top:0px;margin-right:0px;margin-bottom:0px;margin-left:0px;text-align:center\"><span class=\"eb-countdown-digits eb-countdown-digits-minutes\" style=\"font-size:48px;font-weight:400;color:#ffffff\">0<\/span><span class=\"eb-countdown-label\" style=\"font-size:14px;text-transform:none;font-style:normal;text-decoration:initial;line-height:100%;padding-left:0px;color:#ffffff\">Minut<\/span><\/div><\/li><li class=\"eb-countdown-item\" style=\"height:120px;width:120px;margin:0px 10px;padding:0px 0px 0px 0px;border:0px solid #000000;border-radius:5% 5% 5% 5%;background-color:#7967ff\"><div class=\"eb-countdown-seconds\" style=\"margin-top:0px;margin-right:0px;margin-bottom:0px;margin-left:0px;text-align:center\"><span class=\"eb-countdown-digits eb-countdown-digits-seconds\" style=\"font-size:48px;font-weight:400;color:#ffffff\">0<\/span><span class=\"eb-countdown-label\" style=\"font-size:14px;text-transform:none;font-style:normal;text-decoration:initial;line-height:100%;padding-left:0px;color:#ffffff\">Sekunde<\/span><\/div><\/li><\/ul><\/div><\/div>\n<\/div>\n<\/div>\n\n\n\n<div class=\"wp-block-buttons alignfull is-content-justification-center is-layout-flex wp-block-buttons-is-layout-flex\">\n<div class=\"wp-block-button\"><a class=\"wp-block-button__link\" href=\"https:\/\/awakentheworld.com\/guided-meditation-schedule\/\">KOLEDAR MEDITACIJ ZA LETO 2021<\/a><\/div>\n\n\n\n<p class=\"has-dark-gold-color has-text-color\" style=\"font-size:11px\">(preusmerjeni boste na angle\u0161ko razli\u010dico spletnega mesta) <\/p>\n<\/div>\n\n\n\n<div class=\"wp-block-group drop-in-reminders\"><div class=\"wp-block-group__inner-container is-layout-flow wp-block-group-is-layout-flow\">\n<h4 class=\"has-text-align-center has-beige-color has-text-color wp-block-heading\"><strong>Naro\u010dite se na e-po\u0161tne opomnike<\/strong><\/h4>\n\n\n<p>[mc4wp_form id=&#8221;13987&#8243;]<\/p>\n\n\n\n<p><\/p>\n<\/div><\/div>\n<\/div><\/div>\n\n\n\n<p class=\"has-text-align-center has-light-light-grey-background-color has-background has-small-font-size\">Zoom je brezpla\u010den, enostaven za uporabo sistem za videokonference, ki ga lahko uporabljate na kateri koli napravi. <a rel=\"noreferrer noopener\" href=\"https:\/\/zoom.us\/\" target=\"_blank\">https:\/\/zoom.us\/<\/a>   Pred za\u010detkom sre\u010danja ga prenesite in preizkusite na: <a rel=\"noreferrer noopener\" href=\"https:\/\/zoom.us\/j\/6131117777\" target=\"_blank\">https:\/\/zoom.us\/j\/6131117777<\/a><\/p>\n","protected":false},"excerpt":{"rendered":"<p>Vsak dan po dve meditaciji v ti\u0161ini, razen ob dnevih, ko ponujamo vodene seanse. Ena ura vodenih meditacijNedualna praksa, ki ji sledi obdobje povezovanja (pod vodstvom Dana ali Tanye) 30-minutne usmerjene meditacije:Tehnike \u010duje\u010dnosti, ki se osredoto\u010dajo na razvijanje koncentracije, umirjenosti in vedrine, ki jim sledi obdobje komunikacije. (vodi Tanya) Urnik in ve\u010d informacij najdete na [&hellip;]<\/p>\n","protected":false},"author":5,"featured_media":13543,"parent":0,"menu_order":0,"comment_status":"closed","ping_status":"closed","template":"template-dropin.php","meta":{"_acf_changed":false,"_kad_blocks_custom_css":"","_kad_blocks_head_custom_js":"","_kad_blocks_body_custom_js":"","_kad_blocks_footer_custom_js":"","footnotes":""},"class_list":["post-10351","page","type-page","status-publish","has-post-thumbnail","hentry"],"acf":[],"taxonomy_info":[],"featured_image_src_large":["https:\/\/awakentheworld.com\/sl\/wp-content\/uploads\/sites\/40\/2020\/06\/meditation-sitting-pose.png",640,168,false],"author_info":{"display_name":"alitardo","author_link":"https:\/\/awakentheworld.com\/sl\/blog\/author\/alitardo\/"},"comment_info":0,"jetpack_sharing_enabled":true,"_links":{"self":[{"href":"https:\/\/awakentheworld.com\/sl\/wp-json\/wp\/v2\/pages\/10351","targetHints":{"allow":["GET"]}}],"collection":[{"href":"https:\/\/awakentheworld.com\/sl\/wp-json\/wp\/v2\/pages"}],"about":[{"href":"https:\/\/awakentheworld.com\/sl\/wp-json\/wp\/v2\/types\/page"}],"author":[{"embeddable":true,"href":"https:\/\/awakentheworld.com\/sl\/wp-json\/wp\/v2\/users\/5"}],"replies":[{"embeddable":true,"href":"https:\/\/awakentheworld.com\/sl\/wp-json\/wp\/v2\/comments?post=10351"}],"version-history":[{"count":35,"href":"https:\/\/awakentheworld.com\/sl\/wp-json\/wp\/v2\/pages\/10351\/revisions"}],"predecessor-version":[{"id":14628,"href":"https:\/\/awakentheworld.com\/sl\/wp-json\/wp\/v2\/pages\/10351\/revisions\/14628"}],"wp:featuredmedia":[{"embeddable":true,"href":"https:\/\/awakentheworld.com\/sl\/wp-json\/wp\/v2\/media\/13543"}],"wp:attachment":[{"href":"https:\/\/awakentheworld.com\/sl\/wp-json\/wp\/v2\/media?parent=10351"}],"curies":[{"name":"wp","href":"https:\/\/api.w.org\/{rel}","templated":true}]}}