{"id":5269,"date":"2019-03-24T19:20:11","date_gmt":"2019-03-24T19:20:11","guid":{"rendered":"https:\/\/awakentheworld-reference.mystagingwebsite.com\/?page_id=5269"},"modified":"2025-03-10T10:11:09","modified_gmt":"2025-03-10T10:11:09","slug":"pobuda-prebudimo-svet","status":"publish","type":"page","link":"https:\/\/awakentheworld.com\/sl\/","title":{"rendered":"Pobuda Prebudimo svet"},"content":{"rendered":"\n<div class=\"wp-block-cover alignfull is-light home-hero-block is-style-small-1030 has-white-color has-text-color has-link-color wp-elements-c097ad04ddc88cad5e8e692d0ef4655e\"><span aria-hidden=\"true\" class=\"wp-block-cover__background has-background-dim-0 has-background-dim\" style=\"background-color:#779a9c\"><\/span><video class=\"wp-block-cover__video-background intrinsic-ignore\" autoplay muted loop playsinline src=\"https:\/\/awakentheworld.com\/wp-content\/uploads\/2025\/03\/ATW-EYE-World-Nebula.mp4\" data-object-fit=\"cover\"><\/video><div class=\"wp-block-cover__inner-container is-layout-flow wp-block-cover-is-layout-flow\">\n<h1 class=\"wp-block-heading alignfull has-text-align-center\" id=\"awaken-the-world-initiative\" style=\"font-size:68px\">Pobuda Prebudimo svet<\/h1>\n\n\n\n<div style=\"height:430px\" aria-hidden=\"true\" class=\"wp-block-spacer is-style-small-1030\"><\/div>\n\n\n\n<div class=\"wp-block-buttons is-horizontal is-content-justification-center is-layout-flex wp-container-core-buttons-is-layout-499968f5 wp-block-buttons-is-layout-flex\">\n<div class=\"wp-block-button\"><a class=\"wp-block-button__link wp-element-button\" href=\"https:\/\/awakentheworld.com\/sl\/filmi-s-podnapisi\/\">OGLEJTE SI NA\u0160E DOKUMENTARNE FILME<\/a><\/div>\n<\/div>\n<\/div><\/div>\n\n\n\n<h2 class=\"wp-block-heading alignfull has-text-align-center has-large-font-size\">Filmi in mediji za prebujanje \u010dlove\u0161ke zavesti.<\/h2>\n\n\n\n<div class=\"wp-block-group featured-film-hero has-no-padding\"><div class=\"wp-block-group__inner-container is-layout-flow wp-block-group-is-layout-flow\">\n<div class=\"wp-block-columns is-layout-flex wp-container-core-columns-is-layout-9d6595d7 wp-block-columns-is-layout-flex\">\n<div class=\"wp-block-column is-layout-flow wp-block-column-is-layout-flow\" style=\"flex-basis:66.66%\">\n<h2 class=\"wp-block-heading h4 has-brown-color has-text-color\">Meditacijska praksa<\/h2>\n\n\n\n<h2 class=\"wp-block-heading alt has-purple-color has-text-color\"><a href=\"https:\/\/awakentheworld.com\/meditations\/\"> <\/a><a href=\"https:\/\/awakentheworld.com\/sl\/tihe-in-vodene-meditacije\/\">Meditirajte z nami<\/a> <\/h2>\n\n\n\n<p class=\"has-dark-color has-text-color\"> Meditiramo iz ne\u0161tetih razlogov in na ne\u0161teto na\u010dinov. Meditacija nas lahko naredi bolj zdrave, sre\u010dnej\u0161e, pomaga pa nam lahko tudi spoznati na\u0161o resni\u010dno naravo onkraj omejenega jaza.<br> <\/p>\n\n\n\n<p class=\"has-text-align-center has-regular-font-size\"><a href=\"https:\/\/awakentheworld.com\/sl\/film\/povabilo-k-tisini\/\">Povabilo k ti\u0161ini<\/a><\/p>\n<\/div>\n\n\n\n<div class=\"wp-block-column is-layout-flow wp-block-column-is-layout-flow\" style=\"flex-basis:33.33%\"><div class=\"wp-block-image is-style-rounded\">\n<figure class=\"aligncenter size-large is-resized\"><a href=\"https:\/\/awakentheworld.com\/film\/invitation-to-stillness\/\"><img loading=\"lazy\" decoding=\"async\" width=\"568\" height=\"568\" data-attachment-id=\"14380\" data-permalink=\"https:\/\/awakentheworld.com\/sl\/pobuda-prebudimo-svet\/invitation-to-stillness-circle\/\" data-orig-file=\"https:\/\/awakentheworld.com\/sl\/wp-content\/uploads\/sites\/40\/2021\/05\/invitation-to-stillness-circle.jpg\" data-orig-size=\"568,568\" data-comments-opened=\"1\" data-image-meta=\"{&quot;aperture&quot;:&quot;0&quot;,&quot;credit&quot;:&quot;&quot;,&quot;camera&quot;:&quot;&quot;,&quot;caption&quot;:&quot;&quot;,&quot;created_timestamp&quot;:&quot;0&quot;,&quot;copyright&quot;:&quot;&quot;,&quot;focal_length&quot;:&quot;0&quot;,&quot;iso&quot;:&quot;0&quot;,&quot;shutter_speed&quot;:&quot;0&quot;,&quot;title&quot;:&quot;&quot;,&quot;orientation&quot;:&quot;0&quot;}\" data-image-title=\"invitation-to-stillness-circle\" data-image-description=\"\" data-image-caption=\"\" data-large-file=\"https:\/\/awakentheworld.com\/sl\/wp-content\/uploads\/sites\/40\/2021\/05\/invitation-to-stillness-circle.jpg\" src=\"https:\/\/awakentheworld.com\/it\/wp-content\/uploads\/sites\/4\/2021\/05\/invitation-to-stillness-circle.jpg\" alt=\"\" class=\"wp-image-14380\" style=\"width:196px;height:196px\" srcset=\"https:\/\/awakentheworld.com\/sl\/wp-content\/uploads\/sites\/40\/2021\/05\/invitation-to-stillness-circle.jpg 568w, https:\/\/awakentheworld.com\/sl\/wp-content\/uploads\/sites\/40\/2021\/05\/invitation-to-stillness-circle-300x300.jpg 300w\" sizes=\"auto, (max-width: 568px) 100vw, 568px\" \/><\/a><\/figure>\n<\/div><\/div>\n<\/div>\n\n\n<style>.kb-row-layout-id5269_6c2425-ed > .kt-row-column-wrap{align-content:start;}:where(.kb-row-layout-id5269_6c2425-ed > .kt-row-column-wrap) > .wp-block-kadence-column{justify-content:start;}.kb-row-layout-id5269_6c2425-ed > .kt-row-column-wrap{column-gap:var(--global-kb-gap-md, 2rem);row-gap:var(--global-kb-gap-md, 2rem);padding-top:15px;padding-bottom:25px;grid-template-columns:minmax(0, 1fr);}.kb-row-layout-id5269_6c2425-ed > .kt-row-layout-overlay{opacity:0.30;}@media all and (max-width: 1024px){.kb-row-layout-id5269_6c2425-ed > .kt-row-column-wrap{grid-template-columns:minmax(0, 1fr);}}@media all and (max-width: 767px){.kb-row-layout-id5269_6c2425-ed > .kt-row-column-wrap{grid-template-columns:minmax(0, 1fr);}}<\/style><div class=\"kb-row-layout-wrap kb-row-layout-id5269_6c2425-ed alignnone wp-block-kadence-rowlayout\"><div class=\"kt-row-column-wrap kt-has-1-columns kt-row-layout-equal kt-tab-layout-inherit kt-mobile-layout-row kt-row-valign-top\">\n<style>.kadence-column5269_57f716-da > .kt-inside-inner-col,.kadence-column5269_57f716-da > .kt-inside-inner-col:before{border-top-left-radius:0px;border-top-right-radius:0px;border-bottom-right-radius:0px;border-bottom-left-radius:0px;}.kadence-column5269_57f716-da > .kt-inside-inner-col{column-gap:var(--global-kb-gap-sm, 1rem);}.kadence-column5269_57f716-da > .kt-inside-inner-col{flex-direction:column;}.kadence-column5269_57f716-da > .kt-inside-inner-col > .aligncenter{width:100%;}.kadence-column5269_57f716-da > .kt-inside-inner-col{background-image:url('https:\/\/awakentheworld.com\/it\/wp-content\/uploads\/sites\/4\/2020\/06\/blue-pattern-bg.png');background-size:cover;background-position:center center;background-attachment:scroll;background-repeat:no-repeat;}.kadence-column5269_57f716-da > .kt-inside-inner-col:before{opacity:0.3;}.kadence-column5269_57f716-da{position:relative;}@media all and (max-width: 1024px){.kadence-column5269_57f716-da > .kt-inside-inner-col{flex-direction:column;justify-content:center;}}@media all and (max-width: 767px){.kadence-column5269_57f716-da > .kt-inside-inner-col{flex-direction:column;justify-content:center;}}<\/style>\n<div class=\"wp-block-kadence-column kadence-column5269_57f716-da inner-column-1\"><div class=\"kt-inside-inner-col\"><style>.kb-row-layout-id5269_890cae-f4 > .kt-row-column-wrap{align-content:start;}:where(.kb-row-layout-id5269_890cae-f4 > .kt-row-column-wrap) > .wp-block-kadence-column{justify-content:start;}.kb-row-layout-id5269_890cae-f4 > .kt-row-column-wrap{column-gap:var(--global-kb-gap-md, 2rem);row-gap:var(--global-kb-gap-md, 2rem);padding-top:25px;padding-right:5px;padding-bottom:25px;padding-left:5px;}.kb-row-layout-id5269_890cae-f4 > .kt-row-column-wrap > div:not(.added-for-specificity){grid-column:initial;}.kb-row-layout-id5269_890cae-f4 > .kt-row-column-wrap{grid-template-columns:repeat(3, minmax(0, 1fr));}.kb-row-layout-id5269_890cae-f4 > .kt-row-layout-overlay{opacity:0.30;}@media all and (max-width: 1024px){.kb-row-layout-id5269_890cae-f4 > .kt-row-column-wrap > div:not(.added-for-specificity){grid-column:initial;}}@media all and (max-width: 1024px){.kb-row-layout-id5269_890cae-f4 > .kt-row-column-wrap{grid-template-columns:repeat(3, minmax(0, 1fr));}}@media all and (max-width: 767px){.kb-row-layout-id5269_890cae-f4 > .kt-row-column-wrap > div:not(.added-for-specificity){grid-column:initial;}.kb-row-layout-id5269_890cae-f4 > .kt-row-column-wrap{grid-template-columns:minmax(0, 1fr);}}<\/style><div class=\"kb-row-layout-wrap kb-row-layout-id5269_890cae-f4 alignnone wp-block-kadence-rowlayout\"><div class=\"kt-row-column-wrap kt-has-3-columns kt-row-layout-equal kt-tab-layout-inherit kt-mobile-layout-row kt-row-valign-top\">\n<style>.kadence-column5269_276dce-04 > .kt-inside-inner-col,.kadence-column5269_276dce-04 > .kt-inside-inner-col:before{border-top-left-radius:0px;border-top-right-radius:0px;border-bottom-right-radius:0px;border-bottom-left-radius:0px;}.kadence-column5269_276dce-04 > .kt-inside-inner-col{column-gap:var(--global-kb-gap-sm, 1rem);}.kadence-column5269_276dce-04 > .kt-inside-inner-col{flex-direction:column;}.kadence-column5269_276dce-04 > .kt-inside-inner-col > .aligncenter{width:100%;}.kadence-column5269_276dce-04 > .kt-inside-inner-col:before{opacity:0.3;}.kadence-column5269_276dce-04{position:relative;}@media all and (max-width: 1024px){.kadence-column5269_276dce-04 > .kt-inside-inner-col{flex-direction:column;justify-content:center;}}@media all and (max-width: 767px){.kadence-column5269_276dce-04 > .kt-inside-inner-col{flex-direction:column;justify-content:center;}}<\/style>\n<div class=\"wp-block-kadence-column kadence-column5269_276dce-04 inner-column-1\"><div class=\"kt-inside-inner-col\"><div class=\"wp-block-image is-style-default\">\n<figure class=\"aligncenter size-large is-resized\"><img loading=\"lazy\" decoding=\"async\" width=\"79\" height=\"68\" data-attachment-id=\"13810\" data-permalink=\"https:\/\/awakentheworld.com\/sl\/pobuda-prebudimo-svet\/meditating-people-icon\/\" data-orig-file=\"https:\/\/awakentheworld.com\/sl\/wp-content\/uploads\/sites\/40\/2020\/06\/meditating-people-icon.svg\" data-orig-size=\"79,68\" data-comments-opened=\"1\" data-image-meta=\"[]\" data-image-title=\"meditating-people-icon\" data-image-description=\"\" data-image-caption=\"\" data-large-file=\"https:\/\/awakentheworld.com\/sl\/wp-content\/uploads\/sites\/40\/2020\/06\/meditating-people-icon.svg\" src=\"https:\/\/awakentheworld.com\/it\/wp-content\/uploads\/sites\/4\/2020\/06\/meditating-people-icon.svg\" alt=\"\" class=\"wp-image-13810\" style=\"height:75px\"\/><\/figure>\n<\/div>\n\n\n<p class=\"has-text-align-center has-purple-color has-text-color has-small-font-size\"><a rel=\"noreferrer noopener\" href=\"https:\/\/awakentheworld.com\/it\/pratiche-di-meditazione-dal-vivo\/\" target=\"_blank\">Tylios ir vedamos meditacijos<\/a><br>(Nemokamos kasdienin\u0117s meditacijos tiesiogiai internete.)<\/p>\n<\/div><\/div>\n\n\n<style>.kadence-column5269_e6d1e1-ca > .kt-inside-inner-col,.kadence-column5269_e6d1e1-ca > .kt-inside-inner-col:before{border-top-left-radius:0px;border-top-right-radius:0px;border-bottom-right-radius:0px;border-bottom-left-radius:0px;}.kadence-column5269_e6d1e1-ca > .kt-inside-inner-col{column-gap:var(--global-kb-gap-sm, 1rem);}.kadence-column5269_e6d1e1-ca > .kt-inside-inner-col{flex-direction:column;}.kadence-column5269_e6d1e1-ca > .kt-inside-inner-col > .aligncenter{width:100%;}.kadence-column5269_e6d1e1-ca > .kt-inside-inner-col:before{opacity:0.3;}.kadence-column5269_e6d1e1-ca{position:relative;}@media all and (max-width: 1024px){.kadence-column5269_e6d1e1-ca > .kt-inside-inner-col{flex-direction:column;justify-content:center;}}@media all and (max-width: 767px){.kadence-column5269_e6d1e1-ca > .kt-inside-inner-col{flex-direction:column;justify-content:center;}}<\/style>\n<div class=\"wp-block-kadence-column kadence-column5269_e6d1e1-ca inner-column-2\"><div class=\"kt-inside-inner-col\"><div class=\"wp-block-image is-style-default\">\n<figure class=\"aligncenter size-large is-resized\"><img loading=\"lazy\" decoding=\"async\" width=\"170\" height=\"109\" data-attachment-id=\"13515\" data-permalink=\"https:\/\/awakentheworld.com\/sl\/?attachment_id=13515\" data-orig-file=\"https:\/\/awakentheworld.com\/sl\/wp-content\/uploads\/sites\/40\/2020\/06\/online-meditation-icon-1.svg\" data-orig-size=\"170,109\" data-comments-opened=\"1\" data-image-meta=\"[]\" data-image-title=\"online-meditation-icon-1\" data-image-description=\"\" data-image-caption=\"\" data-large-file=\"https:\/\/awakentheworld.com\/sl\/wp-content\/uploads\/sites\/40\/2020\/06\/online-meditation-icon-1.svg\" src=\"https:\/\/awakentheworld.com\/it\/wp-content\/uploads\/sites\/4\/2020\/06\/online-meditation-icon-1.svg\" alt=\"\" class=\"wp-image-13515\" style=\"width:120px\"\/><\/figure>\n<\/div>\n\n\n<p class=\"has-text-align-center has-purple-color has-text-color has-small-font-size\"><a href=\"https:\/\/awakentheworld.com\/meditations\/\">Vadovaujami meditacijos \u012fra\u0161ai<\/a><br>(Sesijos angl\u0173 kalba)<\/p>\n<\/div><\/div>\n\n\n<style>.kadence-column5269_70b735-4c > .kt-inside-inner-col,.kadence-column5269_70b735-4c > .kt-inside-inner-col:before{border-top-left-radius:0px;border-top-right-radius:0px;border-bottom-right-radius:0px;border-bottom-left-radius:0px;}.kadence-column5269_70b735-4c > .kt-inside-inner-col{column-gap:var(--global-kb-gap-sm, 1rem);}.kadence-column5269_70b735-4c > .kt-inside-inner-col{flex-direction:column;}.kadence-column5269_70b735-4c > .kt-inside-inner-col > .aligncenter{width:100%;}.kadence-column5269_70b735-4c > .kt-inside-inner-col:before{opacity:0.3;}.kadence-column5269_70b735-4c{position:relative;}@media all and (max-width: 1024px){.kadence-column5269_70b735-4c > .kt-inside-inner-col{flex-direction:column;justify-content:center;}}@media all and (max-width: 767px){.kadence-column5269_70b735-4c > .kt-inside-inner-col{flex-direction:column;justify-content:center;}}<\/style>\n<div class=\"wp-block-kadence-column kadence-column5269_70b735-4c inner-column-3\"><div class=\"kt-inside-inner-col\"><div class=\"wp-block-image is-style-default\">\n<figure class=\"aligncenter size-large is-resized\"><img loading=\"lazy\" decoding=\"async\" width=\"99\" height=\"90\" data-attachment-id=\"13535\" data-permalink=\"https:\/\/awakentheworld.com\/sl\/?attachment_id=13535\" data-orig-file=\"https:\/\/awakentheworld.com\/sl\/wp-content\/uploads\/sites\/40\/2020\/06\/1466264.svg\" data-orig-size=\"99,90\" data-comments-opened=\"1\" data-image-meta=\"[]\" data-image-title=\"1466264\" data-image-description=\"\" data-image-caption=\"\" data-large-file=\"https:\/\/awakentheworld.com\/sl\/wp-content\/uploads\/sites\/40\/2020\/06\/1466264.svg\" src=\"https:\/\/awakentheworld.com\/it\/wp-content\/uploads\/sites\/4\/2020\/06\/1466264.svg\" alt=\"peace sign\" class=\"wp-image-13535\" style=\"width:84px\"\/><\/figure>\n<\/div>\n\n\n<p class=\"has-text-align-center has-purple-color has-text-color has-small-font-size\"><a href=\"https:\/\/awakentheworld.com\/news-programs-and-retreats\/\">Meditacijos rekolekcijos Kanadoje<\/a><br>(d\u0117stoma angl\u0173 kalba)<\/p>\n<\/div><\/div>\n\n<\/div><\/div><\/div><\/div>\n\n<\/div><\/div>\n\n\n<div class=\"wp-block-columns is-style-vertical-center-flip is-layout-flex wp-container-core-columns-is-layout-9d6595d7 wp-block-columns-is-layout-flex\">\n<div class=\"wp-block-column is-layout-flow wp-block-column-is-layout-flow\" style=\"flex-basis:33.33%\"><div class=\"wp-block-image is-style-rounded\">\n<figure class=\"aligncenter size-full\"><a href=\"https:\/\/awakentheworld.com\/film\/samadhi-film-part-3-the-pathless-path\/\" target=\"_blank\" rel=\"noreferrer noopener\"><img decoding=\"async\" src=\"https:\/\/awakentheworld.com\/nl\/wp-content\/uploads\/sites\/17\/2022\/07\/Square-Samadhi-3.jpg\" alt=\"\" class=\"wp-image-14594\"\/><\/a><\/figure>\n<\/div><\/div>\n\n\n\n<div class=\"wp-block-column is-layout-flow wp-block-column-is-layout-flow\" style=\"flex-basis:66.66%\">\n<h2 class=\"wp-block-heading h4 has-brown-color has-text-color\" id=\"h-nov-zagon\">NOV ZAGON<\/h2>\n\n\n\n<h2 class=\"wp-block-heading alt has-purple-color has-text-color\" id=\"h-samadhi-3-pot-brez-poti\"><a href=\"https:\/\/awakentheworld.com\/film\/samadhi-film-part-3-the-pathless-path\/\" target=\"_blank\" rel=\"noreferrer noopener\">Samadhi 3 (Pot brez poti)<\/a><\/h2>\n\n\n\n<p>Hvale\u017eni smo, da lahko predstavljamo na\u0161 novi film, Samadhi Part 3, &#8220;The Pathless Path&#8221;. Tranzicija, skozi katero gre \u010dlove\u0161tvo prav zdaj, ponuja prilo\u017enost za globoko notranjo preobrazbo in prebujenje k na\u0161i pravi naravi.<\/p>\n\n\n\n<p class=\"wp-block-coblocks-highlight\"><mark class=\"wp-block-coblocks-highlight__content\">** Samadhi 3 je pripovedovan in preveden v nekaj jezikov, upamo, da ga bomo lahko kmalu objavili v va\u0161em jeziku.<\/mark><\/p>\n<\/div>\n<\/div>\n<\/div><\/div>\n\n\n\n<h2 class=\"wp-block-heading\" id=\"tw-target-text\">Zahvaljujemo se vam za obisk slovenske razli\u010dice na\u0161ega spletnega mesta.<\/h2>\n\n\n\n<p class=\"has-text-align-left blue has-large-font-size\"><span style=\"font-weight: 400\">Vse <strong>filmske podnapise<\/strong> in transkripcije na tem spletnem mestu so ustvarili in preverili prevajalci, ki so sodelovali pri na\u0161em projektu. Vsa preostala besedila (vklju\u010dno s tem) pa so bila prevedena samodejno. Ker ne moremo dokazati to\u010dnosti rezultatov orodja za samodejno prevajanje, bi vam bili zelo hvale\u017eni, \u010de bi nas na morebitne predlagane popravke opozorili tako, da nam tukaj po\u0161ljete sporo\u010dilo.<\/span><\/p>\n\n\n\n<h2 class=\"wp-block-heading\">Na\u0161 namen<\/h2>\n\n\n\n<p class=\"has-text-align-left blue has-large-font-size\"><span style=\"font-weight: 400\">Pobuda Prebudimo svet je bila ustanovljena z namenom, da bi poni\u017eno slu\u017eila prebujanju \u010dlove\u0161tva v njegovo pravo naravo. Vsi na\u0161i filmi in vodene meditacije so na voljo brezpla\u010dno in so prevedeni v \u010dim ve\u010d jezikov, da bi bili ve\u010dni nauki prosto dostopni vsem.<\/span><\/p>\n\n\n\n<h2 class=\"wp-block-heading\">Sodelujte<\/h2>\n\n\n\n<p class=\"has-large-font-size\">Globoko smo hvale\u017eni vsem na\u0161im podpornikom, brez katerih Pobuda ATW ne bi obstajala.  <br><br><strong>Sodelujete lahko na ve\u010d na\u010dinov.<\/strong><\/p>\n\n\n\n<div class=\"wp-block-coblocks-features coblocks-features-1027144715634\"><div class=\"wp-block-coblocks-features__inner has-columns has-3-columns has-responsive-columns has-center-content has-medium-gutter\">\n\n<div class=\"wp-block-coblocks-feature coblocks-feature-1027144715938\"><div class=\"wp-block-coblocks-feature__inner has-no-padding\">\n<div class=\"wp-block-image\">\n<figure class=\"aligncenter size-large is-resized\"><img loading=\"lazy\" decoding=\"async\" data-attachment-id=\"13829\" data-permalink=\"https:\/\/awakentheworld.com\/sl\/?attachment_id=13829\" data-orig-file=\"https:\/\/awakentheworld.com\/sl\/wp-content\/uploads\/sites\/40\/2020\/06\/meditation-plus-signs.svg\" data-orig-size=\"195,136\" data-comments-opened=\"1\" data-image-meta=\"[]\" data-image-title=\"meditation-plus-signs\" data-image-description=\"\" data-image-caption=\"\" data-large-file=\"https:\/\/awakentheworld.com\/sl\/wp-content\/uploads\/sites\/40\/2020\/06\/meditation-plus-signs.svg\" src=\"https:\/\/awakentheworld.com\/it\/wp-content\/uploads\/sites\/4\/2020\/06\/meditation-plus-signs.svg\" alt=\"\" class=\"wp-image-13829\" width=\"146\" height=\"102\" \/><\/figure>\n<\/div>\n\n<h4 class=\"has-text-align-center wp-block-heading\"><strong>Ustvarjalni Prispevki<\/strong><\/h4>\n\n\n<p class=\"has-text-align-left has-small-font-size\">Za prihajajo\u010de projekte vedno i\u0161\u010demo vrhunske vizionarske umetni\u0161ke izdelke, animacijo, video in glasbo. \u010ce bi \u017eeleli Iniciativi ATW podariti uporabo svojega umetni\u0161kega dela. <a href=\"https:\/\/awakentheworld.com\/sl\/pisite-nam\/\">Po\u0161ljite nam sporo\u010dilo tukaj.<\/a><\/p>\n\n<\/div><\/div>\n\n\n<div class=\"wp-block-coblocks-feature coblocks-feature-1027144715949\"><div class=\"wp-block-coblocks-feature__inner has-no-padding\">\n<div class=\"wp-block-image\">\n<figure class=\"aligncenter size-large is-resized\"><img loading=\"lazy\" decoding=\"async\" data-attachment-id=\"13516\" data-permalink=\"https:\/\/awakentheworld.com\/sl\/?attachment_id=13516\" data-orig-file=\"https:\/\/awakentheworld.com\/sl\/wp-content\/uploads\/sites\/40\/2020\/06\/heart-in-hands-icon.svg\" data-orig-size=\"153,139\" data-comments-opened=\"1\" data-image-meta=\"[]\" data-image-title=\"heart-in-hands-icon\" data-image-description=\"\" data-image-caption=\"\" data-large-file=\"https:\/\/awakentheworld.com\/sl\/wp-content\/uploads\/sites\/40\/2020\/06\/heart-in-hands-icon.svg\" src=\"https:\/\/awakentheworld.com\/it\/wp-content\/uploads\/sites\/4\/2020\/06\/heart-in-hands-icon.svg\" alt=\"\" class=\"wp-image-13516\" width=\"115\" height=\"104\" \/><\/figure>\n<\/div>\n\n<h4 class=\"has-text-align-center wp-block-heading\"><strong>Finan\u010dni Prispevki<\/strong><\/h4>\n\n\n<p class=\"has-text-align-left has-small-font-size\"><a href=\"https:\/\/awakentheworld.com\/sl\/film\/o-projektu-prebudimo-svet\/\">Sporo\u010dilo Dana in Tanye (v angle\u0161\u010dini)<\/a><\/p>\n\n\n<p class=\"has-text-align-left has-small-font-size\"><a href=\"https:\/\/awakentheworld.com\/atw-store\/\">Obi\u0161\u010dite na\u0161o trgovino in prenesite<\/a> visokokakovostne videoposnetke ali kupite celove\u010derne razli\u010dice DVD \/ BlueRay.<\/p>\n\n\n<p class=\"has-text-align-left has-small-font-size\"><a href=\"https:\/\/www.patreon.com\/awakentheworld\">Naro\u010dite se na Patreon<\/a> ali po\u0161ljite enkratno <a href=\"https:\/\/www.paypal.com\/donate\/?cmd=_s-xclick&amp;hosted_button_id=P8ZEAJRPHTH56&amp;source=url\">donacijo prek sistema PayPal<\/a>.<\/p>\n\n<\/div><\/div>\n\n\n<div class=\"wp-block-coblocks-feature coblocks-feature-102715194802\"><div class=\"wp-block-coblocks-feature__inner has-no-padding\">\n<div class=\"wp-block-image\">\n<figure class=\"aligncenter size-large is-resized\"><img loading=\"lazy\" decoding=\"async\" src=\"https:\/\/awakentheworld.com\/ko\/wp-content\/uploads\/sites\/23\/2020\/06\/translation-head-icon.svg\" alt=\"\" width=\"129\" height=\"125\" \/><\/figure>\n<\/div>\n\n<h4 class=\"has-text-align-center wp-block-heading\"><strong>Pomagajte Nam Prevajati<\/strong><\/h4>\n\n\n<p class=\"has-text-align-left has-small-font-size\">Na\u0161 namen je, da bi bili filmi, spletno mesto in drugi projekti na voljo v \u010dim ve\u010d jezikih.<\/p>\n\n\n<p class=\"has-text-align-left has-small-font-size\">\u010ce imate prevajalske sposobnosti in dobro razumete vsebino, <a href=\"https:\/\/awakentheworld.com\/sl\/pisite-nam\/\">bomo hvale\u017eni za va\u0161o pomo\u010d!<\/a><\/p>\n\n<\/div><\/div>\n\n<\/div><\/div>\n\n\n\n<h2 class=\"wp-block-heading has-text-align-center\">Hvala!<\/h2>\n\n\n\n<p class=\"has-text-align-center\">Iskreno cenimo va\u0161o podporo in ne pozabite, da so prispevki zelo koristni, vendar je va\u0161a predanost \u0161tudiju \u0161e bolj dragocena.<\/p>\n","protected":false},"excerpt":{"rendered":"<p>Filmi in mediji za prebujanje \u010dlove\u0161ke zavesti. Meditacijska praksa Meditirajte z nami Meditiramo iz ne\u0161tetih razlogov in na ne\u0161teto na\u010dinov. Meditacija nas lahko naredi bolj zdrave, sre\u010dnej\u0161e, pomaga pa nam lahko tudi spoznati na\u0161o resni\u010dno naravo onkraj omejenega jaza. Povabilo k ti\u0161ini Tylios ir vedamos meditacijos(Nemokamos kasdienin\u0117s meditacijos tiesiogiai internete.) Vadovaujami meditacijos \u012fra\u0161ai(Sesijos angl\u0173 kalba) [&hellip;]<\/p>\n","protected":false},"author":5,"featured_media":0,"parent":0,"menu_order":0,"comment_status":"closed","ping_status":"closed","template":"template-regularhome.php","meta":{"_acf_changed":false,"_kad_blocks_custom_css":"","_kad_blocks_head_custom_js":"","_kad_blocks_body_custom_js":"","_kad_blocks_footer_custom_js":"","footnotes":""},"class_list":["post-5269","page","type-page","status-publish","hentry"],"acf":[],"taxonomy_info":[],"featured_image_src_large":false,"author_info":{"display_name":"alitardo","author_link":"https:\/\/awakentheworld.com\/sl\/blog\/author\/alitardo\/"},"comment_info":0,"jetpack_sharing_enabled":true,"_links":{"self":[{"href":"https:\/\/awakentheworld.com\/sl\/wp-json\/wp\/v2\/pages\/5269","targetHints":{"allow":["GET"]}}],"collection":[{"href":"https:\/\/awakentheworld.com\/sl\/wp-json\/wp\/v2\/pages"}],"about":[{"href":"https:\/\/awakentheworld.com\/sl\/wp-json\/wp\/v2\/types\/page"}],"author":[{"embeddable":true,"href":"https:\/\/awakentheworld.com\/sl\/wp-json\/wp\/v2\/users\/5"}],"replies":[{"embeddable":true,"href":"https:\/\/awakentheworld.com\/sl\/wp-json\/wp\/v2\/comments?post=5269"}],"version-history":[{"count":89,"href":"https:\/\/awakentheworld.com\/sl\/wp-json\/wp\/v2\/pages\/5269\/revisions"}],"predecessor-version":[{"id":15255,"href":"https:\/\/awakentheworld.com\/sl\/wp-json\/wp\/v2\/pages\/5269\/revisions\/15255"}],"wp:attachment":[{"href":"https:\/\/awakentheworld.com\/sl\/wp-json\/wp\/v2\/media?parent=5269"}],"curies":[{"name":"wp","href":"https:\/\/api.w.org\/{rel}","templated":true}]}}