{"id":10351,"date":"2019-09-30T21:42:19","date_gmt":"2019-09-30T21:42:19","guid":{"rendered":"https:\/\/awakentheworld-reference.mystagingwebsite.com\/?page_id=10351"},"modified":"2021-08-13T15:05:54","modified_gmt":"2021-08-13T15:05:54","slug":"praktikat-e-meditimit-te-drejtperdrejte","status":"publish","type":"page","link":"https:\/\/awakentheworld.com\/sq\/praktikat-e-meditimit-te-drejtperdrejte\/","title":{"rendered":"Praktikat e Meditimit t\u00eb Drejtp\u00ebrdrejt\u00eb"},"content":{"rendered":"\n<div class=\"wp-block-group alignfull has-dark-background-color has-background\"><div class=\"wp-block-group__inner-container is-layout-flow wp-block-group-is-layout-flow\">\n<div class=\"wp-block-columns is-layout-flex wp-container-core-columns-is-layout-9d6595d7 wp-block-columns-is-layout-flex\">\n<div class=\"wp-block-column is-layout-flow wp-block-column-is-layout-flow\">\n<figure class=\"wp-block-image size-large\"><img loading=\"lazy\" decoding=\"async\" width=\"1000\" height=\"562\" data-attachment-id=\"13545\" data-permalink=\"https:\/\/awakentheworld.com\/sq\/praktikat-e-meditimit-te-drejtperdrejte\/zoom-guided-meditations\/\" data-orig-file=\"https:\/\/awakentheworld.com\/sq\/wp-content\/uploads\/sites\/37\/2020\/06\/zoom-guided-meditations.jpg\" data-orig-size=\"1000,562\" data-comments-opened=\"1\" data-image-meta=\"{&quot;aperture&quot;:&quot;0&quot;,&quot;credit&quot;:&quot;&quot;,&quot;camera&quot;:&quot;&quot;,&quot;caption&quot;:&quot;&quot;,&quot;created_timestamp&quot;:&quot;0&quot;,&quot;copyright&quot;:&quot;&quot;,&quot;focal_length&quot;:&quot;0&quot;,&quot;iso&quot;:&quot;0&quot;,&quot;shutter_speed&quot;:&quot;0&quot;,&quot;title&quot;:&quot;&quot;,&quot;orientation&quot;:&quot;0&quot;}\" data-image-title=\"zoom-guided-meditations\" data-image-description=\"\" data-image-caption=\"\" data-large-file=\"https:\/\/awakentheworld.com\/sq\/wp-content\/uploads\/sites\/37\/2020\/06\/zoom-guided-meditations.jpg\" src=\"https:\/\/awakentheworld.com\/es\/wp-content\/uploads\/sites\/7\/2020\/06\/zoom-guided-meditations.jpg\" alt=\"meditations on zoom\" class=\"wp-image-13545\" \/><\/figure>\n\n\n\n<p class=\"has-dark-gold-color has-text-color\">Dy meditime t\u00eb heshtura \u00e7do dit\u00eb, p\u00ebrve\u00e7 dit\u00ebve kur ne ofrojm\u00eb nj\u00eb sesion t\u00eb drejtuar<\/p>\n\n\n\n<p class=\"has-dark-gold-color has-text-color\"><strong>Nj\u00eb or\u00eb meditime t\u00eb drejtuara:<br><\/strong>Praktik\u00eb jo-dyshe, e ndjekur nga nj\u00eb periudh\u00eb p\u00ebr t&#8217;u lidhur (Dan ose Tanya kryeson)<\/p>\n\n\n\n<p class=\"has-dark-gold-color has-text-color\"><strong>Meditime t\u00eb drejtuara 30 minut\u00ebshe:<br><\/strong>Teknikat e nd\u00ebrgjegjes q\u00eb p\u00ebrqendrohen n\u00eb kultivimin e qet\u00ebsis\u00eb dhe qet\u00ebsis\u00eb, pasuar nga nj\u00eb periudh\u00eb p\u00ebr tu lidhur. (Udh\u00ebhequr nga Tanya)<\/p>\n\n\n\n<p class=\"has-dark-gold-color has-text-color\"><a href=\"https:\/\/awakentheworld.com\/atw-drop-in-meditations\/\">Oraret dhe m\u00eb shum\u00eb informacion n\u00eb faqen ton\u00eb n\u00eb anglisht<\/a><\/p>\n\n\n\n<div style=\"height:26px\" aria-hidden=\"true\" class=\"wp-block-spacer\"><\/div>\n\n\n\n<p class=\"has-text-align-center has-light-grey-color has-text-color\"><strong>Ne p\u00ebrdorim ID-n\u00eb ton\u00eb t\u00eb zakonshme t\u00eb mbledhjes s\u00eb zmadhuar: 613 111 7777<\/strong><\/p>\n\n\n\n<hr class=\"wp-block-separator has-text-color has-background has-dark-gold-background-color has-dark-gold-color is-style-wide\" \/>\n\n\n\n<p class=\"has-text-align-right has-light-light-gold-color has-text-color has-large-font-size\"><a href=\"https:\/\/zoom.us\/j\/6131117777\" target=\"_blank\" rel=\"noreferrer noopener\">Hyni n\u00eb dhom\u00ebn e meditimit<\/a> &gt;&gt;<\/p>\n<\/div>\n\n\n\n<div class=\"wp-block-column is-layout-flow wp-block-column-is-layout-flow\">\n<h4 class=\"has-text-align-left has-light-gold-color has-text-color wp-block-heading\">Ofrohet Falas<\/h4>\n\n\n\n<p class=\"has-light-gold-color has-text-color\">T\u00eb gjith\u00eb jan\u00eb gjithmon\u00eb t\u00eb mir\u00ebpritur t\u00eb bashkohen n\u00eb komunitetin ton\u00eb online. P\u00ebrve\u00e7 meditimeve t\u00eb drejtuara, ne ofrojm\u00eb \u00e7do dit\u00eb, meditime t\u00eb heshtura (t\u00eb drejtuara) t\u00eb fillestar\u00ebve. Meqen\u00ebse praktikojm\u00eb n\u00eb heshtje, t\u00eb gjith\u00eb mund t\u00eb marrin pjes\u00eb &#8211; gjuha nuk \u00ebsht\u00eb m\u00eb penges\u00eb.<\/p>\n\n\n\n<p class=\"has-light-gold-color has-text-color\">Asnj\u00eb udh\u00ebzim nuk ofrohet gjat\u00eb meditimeve tona t\u00eb p\u00ebrditshme t\u00eb heshtura nj\u00eb or\u00ebshe, ka vet\u00ebm nj\u00eb zile n\u00eb fillim dhe n\u00eb fund. Takimet ofrojn\u00eb nj\u00eb hap\u00ebsir\u00eb \u200b\u200bp\u00ebr t&#8217;u ulur n\u00eb heshtje, p\u00ebr t\u00eb d\u00ebgjuar nj\u00eb meditim t\u00eb regjistruar nga Awaken the World, ose \u00e7far\u00ebdo q\u00eb regjistrimi i p\u00ebrshtatet m\u00eb mir\u00eb praktik\u00ebs suaj.<\/p>\n\n\n\n<p class=\"has-light-gold-color has-text-color\">Ne ju k\u00ebrkojm\u00eb q\u00eb t\u00eb jeni sa m\u00eb pa l\u00ebvizur dhe ta mbani audion n\u00eb heshtje. Pothuajse \u00e7do dit\u00eb takohemi p\u00ebr dy seanca n\u00eb heshtje, me p\u00ebrjashtim t\u00eb datave kur ne ofrojm\u00eb meditime tona t\u00eb p\u00ebrjavshme, t\u00eb dedikuara p\u00ebr miqt\u00eb tan\u00eb q\u00eb e kuptojn\u00eb anglishten.<\/p>\n\n\n\n<p class=\"has-light-gold-color has-text-color\">Ju nuk keni nevoj\u00eb t\u00eb konfirmoni pjes\u00ebmarrjen tuaj,<\/p>\n\n\n\n<p class=\"has-text-align-center has-light-gold-color has-text-color\">thjesht bashkohuni me ne!<\/p>\n\n\n\n<div style=\"height:38px\" aria-hidden=\"true\" class=\"wp-block-spacer\"><\/div>\n\n\n\n<p class=\"has-text-align-center has-dark-gold-color has-text-color\"><strong>Sesioni tjet\u00ebr i meditimit fillon n\u00eb<\/strong><\/p>\n\n\n\n<div class=\"eb-countdown-wrapper\" style=\"margin-top:0px;margin-right:0px;margin-bottom:0px;margin-left:0px;padding-top:0px;padding-right:0px;padding-bottom:0px;padding-left:0px\"><div class=\"eb-countdown-container\"><ul class=\"eb-countdown-items\" style=\"justify-content:center\"><div class=\"eb-countdown-get-date\" data-date=\"\" data-nextevent=\"true\"><\/div><li class=\"eb-countdown-item\" style=\"height:120px;width:120px;margin:0px 10px;padding:0px 0px 0px 0px;border:0px solid #000000;border-radius:5% 5% 5% 5%;background-color:#7967ff\"><div class=\"eb-countdown-days\" style=\"margin-top:0px;margin-right:0px;margin-bottom:0px;margin-left:0px;text-align:center\"><span class=\"eb-countdown-digits eb-countdown-digits-days\" style=\"font-size:48px;font-weight:400;color:#ffffff\">0<\/span><span class=\"eb-countdown-label\" style=\"font-size:14px;text-transform:none;font-style:normal;text-decoration:initial;line-height:100%;padding-left:0px;color:#ffffff\">Days<\/span><\/div><\/li><li class=\"eb-countdown-item\" style=\"height:120px;width:120px;margin:0px 10px;padding:0px 0px 0px 0px;border:0px solid #000000;border-radius:5% 5% 5% 5%;background-color:#7967ff\"><div class=\"eb-countdown-hours\" style=\"margin-top:0px;margin-right:0px;margin-bottom:0px;margin-left:0px;text-align:center\"><span class=\"eb-countdown-digits eb-countdown-digits-hours\" style=\"font-size:48px;font-weight:400;color:#ffffff\">0<\/span><span class=\"eb-countdown-label\" style=\"font-size:14px;text-transform:none;font-style:normal;text-decoration:initial;line-height:100%;padding-left:0px;color:#ffffff\">Or\u00ebt<\/span><\/div><\/li><li class=\"eb-countdown-item\" style=\"height:120px;width:120px;margin:0px 10px;padding:0px 0px 0px 0px;border:0px solid #000000;border-radius:5% 5% 5% 5%;background-color:#7967ff\"><div class=\"eb-countdown-minutes\" style=\"margin-top:0px;margin-right:0px;margin-bottom:0px;margin-left:0px;text-align:center\"><span class=\"eb-countdown-digits eb-countdown-digits-minutes\" style=\"font-size:48px;font-weight:400;color:#ffffff\">0<\/span><span class=\"eb-countdown-label\" style=\"font-size:14px;text-transform:none;font-style:normal;text-decoration:initial;line-height:100%;padding-left:0px;color:#ffffff\">Procesverbal<\/span><\/div><\/li><li class=\"eb-countdown-item\" style=\"height:120px;width:120px;margin:0px 10px;padding:0px 0px 0px 0px;border:0px solid #000000;border-radius:5% 5% 5% 5%;background-color:#7967ff\"><div class=\"eb-countdown-seconds\" style=\"margin-top:0px;margin-right:0px;margin-bottom:0px;margin-left:0px;text-align:center\"><span class=\"eb-countdown-digits eb-countdown-digits-seconds\" style=\"font-size:48px;font-weight:400;color:#ffffff\">0<\/span><span class=\"eb-countdown-label\" style=\"font-size:14px;text-transform:none;font-style:normal;text-decoration:initial;line-height:100%;padding-left:0px;color:#ffffff\">Sekonda<\/span><\/div><\/li><\/ul><\/div><\/div>\n<\/div>\n<\/div>\n\n\n\n<div class=\"wp-block-buttons alignwide is-content-justification-center is-layout-flex wp-block-buttons-is-layout-flex\">\n<div class=\"wp-block-button\"><a class=\"wp-block-button__link\" href=\"https:\/\/awakentheworld.com\/guided-meditation-schedule\/\">Kalendari I meditimit p forr 2021<\/a><\/div>\n\n\n\n<p class=\"has-text-align-center has-dark-gold-color has-text-color\" style=\"font-size:11px\">(Do t\u00eb ridrejtoheni n\u00eb versionin anglisht t\u00eb faqes)<\/p>\n<\/div>\n\n\n\n<div class=\"wp-block-group drop-in-reminders\"><div class=\"wp-block-group__inner-container is-layout-flow wp-block-group-is-layout-flow\">\n<h4 class=\"has-text-align-center has-beige-color has-text-color wp-block-heading\"><strong>Abonohuni n\u00eb kujtesat me email<\/strong><\/h4>\n\n\n<p>[mc4wp_form id=&#8221;13987&#8243;]<\/p>\n\n\n\n<p><\/p>\n<\/div><\/div>\n<\/div><\/div>\n\n\n\n<p class=\"has-text-align-center has-light-light-grey-background-color has-background has-small-font-size\">Zoom \u00ebsht\u00eb nj\u00eb sistem video konferencash falas, i leht\u00eb p\u00ebr t\u2019u p\u00ebrdorur, i p\u00ebrdorsh\u00ebm n\u00eb \u00e7do pajisje. <a href=\"https:\/\/zoom.us\/\" target=\"_blank\" rel=\"noreferrer noopener\">https:\/\/zoom.us\/<\/a><br>Ju lutemi shkarkojeni dhe provojeni para se t\u00eb filloj\u00eb takimi n\u00eb: <a href=\"https:\/\/zoom.us\/j\/6131117777\" target=\"_blank\" rel=\"noreferrer noopener\">https:\/\/zoom.us\/j\/6131117777<\/a><\/p>\n","protected":false},"excerpt":{"rendered":"<p>Dy meditime t\u00eb heshtura \u00e7do dit\u00eb, p\u00ebrve\u00e7 dit\u00ebve kur ne ofrojm\u00eb nj\u00eb sesion t\u00eb drejtuar Nj\u00eb or\u00eb meditime t\u00eb drejtuara:Praktik\u00eb jo-dyshe, e ndjekur nga nj\u00eb periudh\u00eb p\u00ebr t&#8217;u lidhur (Dan ose Tanya kryeson) Meditime t\u00eb drejtuara 30 minut\u00ebshe:Teknikat e nd\u00ebrgjegjes q\u00eb p\u00ebrqendrohen n\u00eb kultivimin e qet\u00ebsis\u00eb dhe qet\u00ebsis\u00eb, pasuar nga nj\u00eb periudh\u00eb p\u00ebr tu lidhur. [&hellip;]<\/p>\n","protected":false},"author":5,"featured_media":13543,"parent":0,"menu_order":0,"comment_status":"closed","ping_status":"closed","template":"template-dropin.php","meta":{"_acf_changed":false,"_kad_blocks_custom_css":"","_kad_blocks_head_custom_js":"","_kad_blocks_body_custom_js":"","_kad_blocks_footer_custom_js":"","footnotes":""},"class_list":["post-10351","page","type-page","status-publish","has-post-thumbnail","hentry"],"acf":[],"taxonomy_info":[],"featured_image_src_large":["https:\/\/awakentheworld.com\/sq\/wp-content\/uploads\/sites\/37\/2020\/06\/meditation-sitting-pose.png",640,168,false],"author_info":{"display_name":"alitardo","author_link":"https:\/\/awakentheworld.com\/sq\/blog\/author\/alitardo\/"},"comment_info":0,"jetpack_sharing_enabled":true,"_links":{"self":[{"href":"https:\/\/awakentheworld.com\/sq\/wp-json\/wp\/v2\/pages\/10351","targetHints":{"allow":["GET"]}}],"collection":[{"href":"https:\/\/awakentheworld.com\/sq\/wp-json\/wp\/v2\/pages"}],"about":[{"href":"https:\/\/awakentheworld.com\/sq\/wp-json\/wp\/v2\/types\/page"}],"author":[{"embeddable":true,"href":"https:\/\/awakentheworld.com\/sq\/wp-json\/wp\/v2\/users\/5"}],"replies":[{"embeddable":true,"href":"https:\/\/awakentheworld.com\/sq\/wp-json\/wp\/v2\/comments?post=10351"}],"version-history":[{"count":35,"href":"https:\/\/awakentheworld.com\/sq\/wp-json\/wp\/v2\/pages\/10351\/revisions"}],"predecessor-version":[{"id":14644,"href":"https:\/\/awakentheworld.com\/sq\/wp-json\/wp\/v2\/pages\/10351\/revisions\/14644"}],"wp:featuredmedia":[{"embeddable":true,"href":"https:\/\/awakentheworld.com\/sq\/wp-json\/wp\/v2\/media\/13543"}],"wp:attachment":[{"href":"https:\/\/awakentheworld.com\/sq\/wp-json\/wp\/v2\/media?parent=10351"}],"curies":[{"name":"wp","href":"https:\/\/api.w.org\/{rel}","templated":true}]}}